{"id":616770,"date":"2021-09-09T08:13:42","date_gmt":"2021-09-09T07:13:42","guid":{"rendered":"https:\/\/fitnfemale.com\/?post_type=product&#038;p=616770"},"modified":"2026-04-24T18:01:04","modified_gmt":"2026-04-24T17:01:04","slug":"pms-balance","status":"publish","type":"product","link":"https:\/\/fitnfemale.com\/fr\/produit\/pms-balance\/","title":{"rendered":"PMS Balance"},"content":{"rendered":"<div class=\"img has-hover img-details x md-x lg-x y md-y lg-y\" id=\"image_1046867631\">\n\t\t\t\t\t\t\t\t<div class=\"img-inner dark\" >\n\t\t\t<img decoding=\"async\" width=\"1020\" height=\"569\" src=\"https:\/\/fitnfemale.com\/wp-content\/uploads\/pms-closeup-11.webp\" class=\"attachment-large size-large\" alt=\"Gros plan sur le syndrome pr\u00e9menstruel\" srcset=\"https:\/\/fitnfemale.com\/wp-content\/uploads\/pms-closeup-11.webp 1376w, https:\/\/fitnfemale.com\/wp-content\/uploads\/pms-closeup-11-717x400.webp 717w, https:\/\/fitnfemale.com\/wp-content\/uploads\/pms-closeup-11-768x429.webp 768w, https:\/\/fitnfemale.com\/wp-content\/uploads\/pms-closeup-11-18x10.webp 18w, https:\/\/fitnfemale.com\/wp-content\/uploads\/pms-closeup-11-1000x558.webp 1000w\" sizes=\"(max-width: 1020px) 100vw, 1020px\" \/>\t\t\t\t\t\t\n\t\t\t\t\t<\/div>\n\t\t\t\t\t\t\t\t\n<style>\n#image_1046867631 {\n  width: 100%;\n}\n<\/style>\n\t<\/div>\n\t\n<p>Facile \u00e0 utiliser : Prendre 4 g\u00e9lules par jour \u00e0 partir de l'ovulation pendant 5 \u00e0 7 jours.<\/p>\n<p>Souffres-tu aussi du syndrome pr\u00e9menstruel (SPM) ? Tu peux soutenir ton corps avec des micronutriments essentiels qui jouent un r\u00f4le important pour ton bien-\u00eatre. Ces micronutriments contribuent \u00e0 un \u00e9quilibre hormonal.<\/p>\n<p>De nombreuses femmes souffrent de leurs r\u00e8gles. Il s'agit du syndrome pr\u00e9menstruel (SPM). Celui-ci n'est effectivement pas rare, mais on estime qu'il touche jusqu'\u00e0 80% des femmes en \u00e2ge de procr\u00e9er. L'intensit\u00e9 des sympt\u00f4mes et la dur\u00e9e du syndrome pr\u00e9menstruel varient fortement d'une femme \u00e0 l'autre.<\/p>\n<p>Pour tenir compte de cette situation et t'aider \u00e0 faire face au syndrome pr\u00e9menstruel, nous avons d\u00e9velopp\u00e9 une formule sp\u00e9ciale pour le SPM. Celle-ci est compos\u00e9e d'ingr\u00e9dients naturels qui peuvent \u00e9galement avoir un effet positif sur le traitement du SPM.<\/p>\n<div class=\"accordion\">\n\t<div id=\"accordion-1864266780\" class=\"accordion-item\">\n\t\t<a id=\"accordion-1864266780-label\" class=\"accordion-title plain\" href=\"#accordion-item-typische-symptome-des-pr\u00e4menstruellen-syndroms\" aria-expanded=\"false\" aria-controls=\"accordion-1864266780-content\">\n\t\t\t<button class=\"toggle\" aria-label=\"Basculer\"><i class=\"icon-angle-down\" aria-hidden=\"true\"><\/i><\/button>\n\t\t\t<span>Sympt\u00f4mes typiques du syndrome pr\u00e9menstruel<\/span>\n\t\t<\/a>\n\t\t<div id=\"accordion-1864266780-content\" class=\"accordion-inner\" aria-labelledby=\"accordion-1864266780-label\">\n\t\t\t\n<p>Les sympt\u00f4mes du SPM sont vari\u00e9s et se r\u00e9partissent en sympt\u00f4mes physiques et psychiques. En raison de la diversit\u00e9 des sympt\u00f4mes, la plupart des femmes ne d\u00e9veloppent qu'une partie des troubles. Il est tout \u00e0 fait courant que certaines femmes soient plut\u00f4t sujettes \u00e0 des sympt\u00f4mes physiques, d'autres \u00e0 des sympt\u00f4mes psychiques. Dans le pire des cas, tu auras malheureusement un m\u00e9lange des deux spectres de sympt\u00f4mes. Il est donc d'autant plus important que tu connaisses les sympt\u00f4mes typiques du SPM.<\/p>\n<p>Sympt\u00f4mes physiques du syndrome pr\u00e9menstruel\u00a0:<br \/>\nCommen\u00e7ons par les sympt\u00f4mes physiques particuli\u00e8rement fr\u00e9quents qui peuvent t'affecter. Tu connais \u00e7a ? Juste avant tes r\u00e8gles, ton app\u00e9tit et ton comportement alimentaire deviennent compl\u00e8tement fous ? Il s'agit alors tr\u00e8s probablement d'un effet du syndrome pr\u00e9menstruel. Celui-ci a en effet une influence \u00e9norme sur l'app\u00e9tit et la digestion.<\/p>\n<p>L'\u00e9ventail des sympt\u00f4mes va ici de la prise de poids (surtout due \u00e0 la r\u00e9tention d'eau) aux naus\u00e9es et au d\u00e9veloppement d'un ballonnement abdominal, en passant par les fringales et la sensation de sati\u00e9t\u00e9. D'autres signes physiques tels que des douleurs ou des tensions dans la poitrine sont \u00e9galement des sympt\u00f4mes possibles.<\/p>\n<p>Cela est souvent d\u00fb \u00e0 une r\u00e9tention d'eau dans le tissu mammaire sous l'effet des hormones. Les maux de t\u00eate, qui apparaissent g\u00e9n\u00e9ralement au milieu de la t\u00eate, sont \u00e9galement typiques. Chez certaines femmes, ces maux de t\u00eate se transforment m\u00eame en migraines, y compris la sensibilit\u00e9 \u00e0 la lumi\u00e8re et au bruit. A cela s'ajoutent d'autres sympt\u00f4mes physiques du SPM, notamment<\/p>\n<ul>\n<li>Boutons<\/li>\n<li>peau impure<\/li>\n<li>Bouff\u00e9es de chaleur<\/li>\n<li>Transpiration<\/li>\n<li>Maux de dos<\/li>\n<li>Vertiges<\/li>\n<li>Troubles circulatoires<\/li>\n<li>Douleurs abdominales<\/li>\n<li>Sensation de pression en sous-utilisation<\/li>\n<li>Diarrh\u00e9e<\/li>\n<li>Bouchons<\/li>\n<\/ul>\n\t\t<\/div>\n\t<\/div>\n\t\n\t<div id=\"accordion-2982568565\" class=\"accordion-item\">\n\t\t<a id=\"accordion-2982568565-label\" class=\"accordion-title plain\" aria-expanded=\"false\" aria-controls=\"accordion-2982568565-content\">\n\t\t\t<button class=\"toggle\" aria-label=\"Basculer\"><i class=\"icon-angle-down\" aria-hidden=\"true\"><\/i><\/button>\n\t\t\t<span>Syndrome pr\u00e9menstruel : sympt\u00f4mes psychiques<\/span>\n\t\t<\/a>\n\t\t<div id=\"accordion-2982568565-content\" class=\"accordion-inner\" aria-labelledby=\"accordion-2982568565-label\">\n\t\t\t\n<p>Dans la plupart des cas, les sympt\u00f4mes ne se limitent pas \u00e0 des sympt\u00f4mes physiques. Ils sont souvent accompagn\u00e9s de sympt\u00f4mes psychiques vari\u00e9s. Selon des enqu\u00eates, les femmes concern\u00e9es se sentent souvent plus irritables, plus vite d\u00e9pass\u00e9es et plus inqui\u00e8tes avant le d\u00e9but des r\u00e8gles. Le sentiment d'une perte de contr\u00f4le et d'une fatigue plus rapide, ainsi qu'un besoin accru de sommeil, sont \u00e9galement tr\u00e8s r\u00e9pandus.<\/p>\n<p>Dans des cas plus rares, les sautes d'humeur connues sont nettement plus violentes et peuvent m\u00eame \u00e9voluer vers une humeur d\u00e9pressive. Les sympt\u00f4mes psychiques typiques du syndrome pr\u00e9menstruel sont en outre les suivants<\/p>\n<ul>\n<li class=\"bullet-arrow\">Manque de motivation<\/li>\n<li class=\"bullet-arrow\">Hyperactivit\u00e9<\/li>\n<li class=\"bullet-arrow\">changements d&#039;humeur inexpliqu\u00e9s<\/li>\n<li class=\"bullet-arrow\">Troubles de l'endormissement et du sommeil<\/li>\n<li class=\"bullet-arrow\">Troubles de la concentration<\/li>\n<li class=\"bullet-arrow\">agitation int\u00e9rieure<\/li>\n<li class=\"bullet-arrow\">Manque d'int\u00e9r\u00eat<\/li>\n<li class=\"bullet-arrow\">Tendance \u00e0 une plus grande anxi\u00e9t\u00e9<\/li>\n<li class=\"bullet-arrow\">humeur d\u00e9pressive<\/li>\n<li class=\"bullet-arrow\">Irritabilit\u00e9 et col\u00e8res soudaines<\/li>\n<\/ul>\n\t\t<\/div>\n\t<\/div>\n\t\n\t<div id=\"accordion-1180781074\" class=\"accordion-item\">\n\t\t<a id=\"accordion-1180781074-label\" class=\"accordion-title plain\" href=\"#accordion-item-diese-ursachen-stecken-hinter-pms\" aria-expanded=\"false\" aria-controls=\"accordion-1180781074-content\">\n\t\t\t<button class=\"toggle\" aria-label=\"Basculer\"><i class=\"icon-angle-down\" aria-hidden=\"true\"><\/i><\/button>\n\t\t\t<span>Les causes du syndrome pr\u00e9menstruel<\/span>\n\t\t<\/a>\n\t\t<div id=\"accordion-1180781074-content\" class=\"accordion-inner\" aria-labelledby=\"accordion-1180781074-label\">\n\t\t\t\n<p>M\u00eame si la cause ultime du syndrome pr\u00e9menstruel n'a pas encore \u00e9t\u00e9 \u00e9lucid\u00e9e dans les moindres d\u00e9tails, les m\u00e9decins sont d'accord sur un point : les hormones en sont les principales responsables. Les hormones sexuelles f\u00e9minines, \u00e0 savoir l'\u0153strog\u00e8ne et la progest\u00e9rone, sont les principales responsables.<\/p>\n<p>Les changements hormonaux qui pr\u00e9c\u00e8dent les r\u00e8gles entra\u00eenent toutes sortes de modifications dans le corps, notamment au niveau de l'\u00e9quilibre hydrique et \u00e9lectrolytique. Ces deux facteurs sont \u00e0 l'origine de troubles physiques notamment. Comme ces influences sur le taux d'hormones perturbent \u00e9galement d'autres hormones, comme la s\u00e9rotonine, l'hormone du bonheur, divers sympt\u00f4mes psychiques apparaissent \u00e9galement. Il existe en outre d'autres facteurs qui peuvent contribuer \u00e0 l'apparition du syndrome pr\u00e9menstruel :<\/p>\n<ul>\n<li class=\"bullet-arrow\">Stress<\/li>\n<li class=\"bullet-arrow\">une consommation accrue de nicotine<\/li>\n<li class=\"bullet-arrow\">un taux de m\u00e9latonine trop faible dans le sang<\/li>\n<li class=\"bullet-arrow\">Hypothyro\u00efdie (insuffisance de la glande thyro\u00efde)<\/li>\n<li class=\"bullet-arrow\">Probl\u00e8mes dans la relation<\/li>\n<li class=\"bullet-arrow\">trop peu d'exercice<\/li>\n<li class=\"bullet-arrow\">alimentation malsaine<\/li>\n<li class=\"bullet-arrow\">Utilisation de (certains) contraceptifs hormonaux<\/li>\n<li class=\"bullet-arrow\">Troubles du syst\u00e8me nerveux v\u00e9g\u00e9tatif<\/li>\n<li class=\"bullet-arrow\">ant\u00e9c\u00e9dents familiaux<\/li>\n<li class=\"bullet-arrow\">maladies psychiques (surtout d\u00e9pression et humeur d\u00e9pressive)<\/li>\n<\/ul>\n\t\t<\/div>\n\t<\/div>\n\t\n\t<div id=\"accordion-2321387898\" class=\"accordion-item\">\n\t\t<a id=\"accordion-2321387898-label\" class=\"accordion-title plain\" href=\"#accordion-item-was-hilft-bei-pms?\" aria-expanded=\"false\" aria-controls=\"accordion-2321387898-content\">\n\t\t\t<button class=\"toggle\" aria-label=\"Basculer\"><i class=\"icon-angle-down\" aria-hidden=\"true\"><\/i><\/button>\n\t\t\t<span>Qu'est-ce qui aide \u00e0 soulager le syndrome pr\u00e9menstruel (SPM) ?<\/span>\n\t\t<\/a>\n\t\t<div id=\"accordion-2321387898-content\" class=\"accordion-inner\" aria-labelledby=\"accordion-2321387898-label\">\n\t\t\t\n<p>En fonction de la diversit\u00e9 des sympt\u00f4mes et des causes sous-jacentes, tu peux trouver un soulagement gr\u00e2ce \u00e0 diff\u00e9rentes mesures.<\/p>\n<p>Dans ce contexte, les m\u00e9decins parlent par exemple du tabagisme, de l'ob\u00e9sit\u00e9, d'une alimentation d\u00e9s\u00e9quilibr\u00e9e ainsi que du manque de sommeil et d'activit\u00e9 physique comme de grands facteurs de risque qui favorisent l'apparition d'une symptomatologie prononc\u00e9e. La recette du succ\u00e8s pourrait donc se r\u00e9sumer grossi\u00e8rement comme suit :<\/p>\n<ul>\n<li class=\"bullet-arrow\">Arr\u00eate de fumer.<\/li>\n<li class=\"bullet-arrow\">Essaie de r\u00e9duire le surpoids \u00e9ventuel.<\/li>\n<li class=\"bullet-arrow\">Mange de mani\u00e8re \u00e9quilibr\u00e9e avec beaucoup de prot\u00e9ines et de l\u00e9gumes.<\/li>\n<li class=\"bullet-arrow\">Dors au moins sept \u00e0 huit heures par jour<\/li>\n<li class=\"bullet-arrow\">Fais suffisamment d'exercice au quotidien.<\/li>\n<li class=\"bullet-arrow\">Fais du sport trois fois par semaine pendant au moins 45 minutes \u00e0 chaque fois.<\/li>\n<\/ul>\n\t\t<\/div>\n\t<\/div>\n\t\n\t<div id=\"accordion-532867131\" class=\"accordion-item\">\n\t\t<a id=\"accordion-532867131-label\" class=\"accordion-title plain\" href=\"#accordion-item-wirkstoffe\" aria-expanded=\"false\" aria-controls=\"accordion-532867131-content\">\n\t\t\t<button class=\"toggle\" aria-label=\"Basculer\"><i class=\"icon-angle-down\" aria-hidden=\"true\"><\/i><\/button>\n\t\t\t<span>Ingr\u00e9dients actifs<\/span>\n\t\t<\/a>\n\t\t<div id=\"accordion-532867131-content\" class=\"accordion-inner\" aria-labelledby=\"accordion-532867131-label\">\n\t\t\t\n<ul>\n<li class=\"bullet-star translation-block\">Chaque portion de notre formule pour le SPM contient 20 mg de gattilier.<\/li>\n<li class=\"bullet-star translation-block\"><strong>Ginkgo biloba<\/strong> : Le ginkgo est une esp\u00e8ce d'arbre originaire de Chine, mais d\u00e9sormais cultiv\u00e9e dans le monde entier. Divers extraits de ginkgo sont utilis\u00e9s dans la m\u00e9decine asiatique depuis des si\u00e8cles.<\/li>\n<li class=\"bullet-star translation-block\"><strong>Fer<\/strong> : Dans l'organisme humain, l'oligo-\u00e9l\u00e9ment fer est impliqu\u00e9 dans de nombreux processus tels que le transport de l'oxyg\u00e8ne.<\/li>\n<li class=\"bullet-star\"><strong>acide folique<\/strong>L&#039;acide folique est une vitamine du groupe B. \u00c9galement connue sous le nom de vitamine B9, cette substance ne peut \u00eatre produite par l&#039;organisme. L&#039;acide folique contribue \u00e0 la formation normale du sang et \u00e0 la r\u00e9duction de la fatigue.<\/li>\n<li class=\"bullet-star translation-block\"><strong>Biotine<\/strong> : La biotine fait partie des vitamines B importantes pour l'homme et est \u00e9galement connue sous le nom de vitamine B7. En tant que composant du groupe prosth\u00e9tique, elle joue un r\u00f4le important dans le m\u00e9tabolisme enzymatique.<\/li>\n<li class=\"bullet-star\"><strong>Vitamine D<\/strong>La vitamine D, aussi appel\u00e9e \u201a vitamine du soleil \u2018, contribue au fonctionnement normal du syst\u00e8me immunitaire et favorise le maintien d&#039;une ossature et d&#039;une dentition normales.<\/li>\n<li class=\"bullet-star translation-block\"><strong>Magn\u00e9sium<\/strong> : Le magn\u00e9sium contribue \u00e0 un m\u00e9tabolisme \u00e9nerg\u00e9tique normal.<\/li>\n<li class=\"bullet-star translation-block\"><strong>Calcium<\/strong> : Le calcium est le min\u00e9ral le plus abondant pour l'homme. Il contribue au maintien des os et des dents normaux.<\/li>\n<li class=\"bullet-star translation-block\"><strong>Zinc<\/strong> : Le zinc fait partie des oligo-\u00e9l\u00e9ments essentiels que le corps ne peut pas produire lui-m\u00eame. Il contribue \u00e0 la fonction normale du syst\u00e8me immunitaire et \u00e0 la protection des cellules contre le stress oxydatif.<\/li>\n<li class=\"bullet-star translation-block\"><strong>Vitamine K2<\/strong> : La vitamine K2 joue un r\u00f4le important dans le corps en contribuant au maintien des os normaux et \u00e0 une coagulation sanguine normale.<\/li>\n<li class=\"bullet-star\"><strong>100%<\/strong> vegan<\/li>\n<\/ul>\n\t\t<\/div>\n\t<\/div>\n\t\n\t<div id=\"accordion-2627232696\" class=\"accordion-item\">\n\t\t<a id=\"accordion-2627232696-label\" class=\"accordion-title plain\" href=\"#accordion-item-einnahme-von-pms-balance\" aria-expanded=\"false\" aria-controls=\"accordion-2627232696-content\">\n\t\t\t<button class=\"toggle\" aria-label=\"Basculer\"><i class=\"icon-angle-down\" aria-hidden=\"true\"><\/i><\/button>\n\t\t\t<span>Prise de PMS Balance<\/span>\n\t\t<\/a>\n\t\t<div id=\"accordion-2627232696-content\" class=\"accordion-inner\" aria-labelledby=\"accordion-2627232696-label\">\n\t\t\t\n<p>4 g\u00e9lules, tous les jours \u00e0 partir de l'ovulation pendant 5 \u00e0 7 jours.<\/p>\n\t\t<\/div>\n\t<\/div>\n\t\n\t<div id=\"accordion-3350093697\" class=\"accordion-item\">\n\t\t<a id=\"accordion-3350093697-label\" class=\"accordion-title plain\" href=\"#accordion-item-inhaltsstoffe\" aria-expanded=\"false\" aria-controls=\"accordion-3350093697-content\">\n\t\t\t<button class=\"toggle\" aria-label=\"Basculer\"><i class=\"icon-angle-down\" aria-hidden=\"true\"><\/i><\/button>\n\t\t\t<span>Ingr\u00e9dients<\/span>\n\t\t<\/a>\n\t\t<div id=\"accordion-3350093697-content\" class=\"accordion-inner\" aria-labelledby=\"accordion-3350093697-label\">\n\t\t\t\n<table class=\"ffnf-clean-table\">\n<thead>\n<tr>\n<th>Ingr\u00e9dients<\/th>\n<th>Portion (4 capsules)<\/th>\n<th>% NRV*<\/th>\n<\/tr>\n<\/thead>\n<tbody>\n<tr>\n<td>extrait de gattilier<\/td>\n<td>20,0 mg<\/td>\n<td>\u2013<\/td>\n<\/tr>\n<tr>\n<td>extrait de Ginkgo Biloba<\/td>\n<td>60,0 mg<\/td>\n<td>\u2013<\/td>\n<\/tr>\n<tr>\n<td>Fer<\/td>\n<td>12,0 mg<\/td>\n<td>86 %<\/td>\n<\/tr>\n<tr>\n<td>zinc<\/td>\n<td>10,0 mg<\/td>\n<td>100 %<\/td>\n<\/tr>\n<tr>\n<td>Calcium<\/td>\n<td>400,0 mg<\/td>\n<td>50 %<\/td>\n<\/tr>\n<tr>\n<td>magn\u00e9sium<\/td>\n<td>56,0 mg<\/td>\n<td>15 %<\/td>\n<\/tr>\n<tr>\n<td>Vitamine B1 (Thiamine)<\/td>\n<td>0,6 mg<\/td>\n<td>55 %<\/td>\n<\/tr>\n<tr>\n<td>Vitamine B6 (pyridoxine)<\/td>\n<td>1,4 mg<\/td>\n<td>100 %<\/td>\n<\/tr>\n<tr>\n<td>Vitamine B7 (Biotine)<\/td>\n<td>25,0 \u00b5g<\/td>\n<td>50 %<\/td>\n<\/tr>\n<tr>\n<td>Vitamine B9 (acide folique)<\/td>\n<td>200,0 \u00b5g<\/td>\n<td>100 %<\/td>\n<\/tr>\n<tr>\n<td>Vitamine C (acide ascorbique)<\/td>\n<td>100,0 mg<\/td>\n<td>125 %<\/td>\n<\/tr>\n<tr>\n<td>Vitamine D (calcif\u00e9rol)<\/td>\n<td>2,5 \u00b5g<\/td>\n<td>50 %<\/td>\n<\/tr>\n<tr>\n<td>Vitamine E (alpha-tocoph\u00e9rol)<\/td>\n<td>8,0 mg<\/td>\n<td>67 %<\/td>\n<\/tr>\n<tr>\n<td>Vitamine K2 (M\u00e9naquinone)<\/td>\n<td>56,0 \u00b5g<\/td>\n<td>75 %<\/td>\n<\/tr>\n<\/tbody>\n<\/table>\n\t\t<\/div>\n\t<\/div>\n\t\n<\/div>\n\t<div class=\"img has-hover x md-x lg-x y md-y lg-y\" id=\"image_595138490\">\n\t\t\t\t\t\t\t\t<div class=\"img-inner dark\" >\n\t\t\t<img decoding=\"async\" width=\"1020\" height=\"569\" src=\"https:\/\/fitnfemale.com\/wp-content\/uploads\/pms-closeup04.webp\" class=\"attachment-large size-large\" alt=\"Gros plan Pms04\" srcset=\"https:\/\/fitnfemale.com\/wp-content\/uploads\/pms-closeup04.webp 1376w, https:\/\/fitnfemale.com\/wp-content\/uploads\/pms-closeup04-717x400.webp 717w, https:\/\/fitnfemale.com\/wp-content\/uploads\/pms-closeup04-768x429.webp 768w, https:\/\/fitnfemale.com\/wp-content\/uploads\/pms-closeup04-18x10.webp 18w, https:\/\/fitnfemale.com\/wp-content\/uploads\/pms-closeup04-1000x558.webp 1000w\" sizes=\"(max-width: 1020px) 100vw, 1020px\" \/>\t\t\t\t\t\t\n\t\t\t\t\t<\/div>\n\t\t\t\t\t\t\t\t\n<style>\n#image_595138490 {\n  width: 100%;\n}\n<\/style>\n\t<\/div>","protected":false},"excerpt":{"rendered":"<h2>Ne laisse pas ton cycle te d\u00e9stabiliser !<\/h2>\n<h4>Ne laissez pas le SPM perturber votre quotidien ! Avec notre formule sp\u00e9cialement con\u00e7ue pour le SPM, nous offrons une combinaison soigneusement s\u00e9lectionn\u00e9e de micronutriments visant \u00e0 soutenir le bien-\u00eatre tout au long du cycle. Notre formule a \u00e9t\u00e9 d\u00e9velopp\u00e9e en tenant compte de l\u2019importance des micronutriments pour le corps. Les ingr\u00e9dients naturels ont \u00e9t\u00e9 sp\u00e9cifiquement choisis pour soutenir votre bien-\u00eatre g\u00e9n\u00e9ral.<\/h4>","protected":false},"featured_media":943269,"comment_status":"open","ping_status":"closed","template":"","meta":{"slim_seo":{"title":"\u00c9quilibre du syndrome pr\u00e9menstruel - FitNFemale\u00ae","description":"Ne laissez pas vos r\u00e8gles vous d\u00e9stabiliser ! Ne laissez pas le syndrome pr\u00e9menstruel vous g\u00e2cher la vie ! Gr\u00e2ce \u00e0 notre formule sp\u00e9cialement con\u00e7ue pour le syndrome pr\u00e9menstruel, nous vous offrons"}},"product_brand":[],"product_cat":[6364,401,6671],"product_tag":[],"class_list":{"0":"post-616770","1":"product","2":"type-product","3":"status-publish","4":"has-post-thumbnail","6":"product_cat-promo-30","7":"product_cat-health","8":"product_cat-topdeals","9":"pa_marke-fitnfemale","10":"pa_nutritionfactinfo-no-sweetener","11":"pa_nutritionfactinfo-nocarbs","12":"pa_nutritionfactinfo-nosugar","13":"pa_schwangerschaft-nicht-geeignet","14":"pa_stillzeit-geeignet","15":"pa_vegan-ja","17":"first","18":"instock","19":"taxable","20":"shipping-taxable","21":"purchasable","22":"product-type-simple"},"bundled_by":["627259","956599"],"bundle_stock_status":"instock","bundle_stock_quantity":294,"bundle_virtual":false,"bundle_layout":"","bundle_add_to_cart_form_location":"","bundle_editable_in_cart":false,"bundle_sold_individually_context":"","bundle_item_grouping":"","bundle_min_size":"","bundle_max_size":"","bundle_price":[],"bundled_items":[],"bundle_sell_ids":[],"gallery_images":[953753,953754,953757,911640,953755,953758,814956,953756,661811,953759],"_links":{"self":[{"href":"https:\/\/fitnfemale.com\/fr\/wp-json\/wp\/v2\/product\/616770","targetHints":{"allow":["GET"]}}],"collection":[{"href":"https:\/\/fitnfemale.com\/fr\/wp-json\/wp\/v2\/product"}],"about":[{"href":"https:\/\/fitnfemale.com\/fr\/wp-json\/wp\/v2\/types\/product"}],"replies":[{"embeddable":true,"href":"https:\/\/fitnfemale.com\/fr\/wp-json\/wp\/v2\/comments?post=616770"}],"wp:featuredmedia":[{"embeddable":true,"href":"https:\/\/fitnfemale.com\/fr\/wp-json\/wp\/v2\/media\/943269"}],"wp:attachment":[{"href":"https:\/\/fitnfemale.com\/fr\/wp-json\/wp\/v2\/media?parent=616770"}],"wp:term":[{"taxonomy":"product_brand","embeddable":true,"href":"https:\/\/fitnfemale.com\/fr\/wp-json\/wp\/v2\/product_brand?post=616770"},{"taxonomy":"product_cat","embeddable":true,"href":"https:\/\/fitnfemale.com\/fr\/wp-json\/wp\/v2\/product_cat?post=616770"},{"taxonomy":"product_tag","embeddable":true,"href":"https:\/\/fitnfemale.com\/fr\/wp-json\/wp\/v2\/product_tag?post=616770"}],"curies":[{"name":"wp","href":"https:\/\/api.w.org\/{rel}","templated":true}]}}