{"id":606937,"date":"2021-07-12T12:22:08","date_gmt":"2021-07-12T11:22:08","guid":{"rendered":"https:\/\/fitnfemale.com\/?post_type=product&#038;p=606937"},"modified":"2022-11-20T08:20:56","modified_gmt":"2022-11-20T07:20:56","slug":"strong-workout-set","status":"publish","type":"product","link":"https:\/\/fitnfemale.com\/fr\/produit\/strong-workout-set\/","title":{"rendered":"Set d'entra\u00eenement Strong"},"content":{"rendered":"<p><strong>Avec ce kit, tu es parfaitement \u00e9quip\u00e9 avant, pendant et apr\u00e8s ton entra\u00eenement.<br \/>\n<\/strong><\/p>\n<p><strong>Avant l'entra\u00eenement - Pre-Workout Kick<\/strong><br \/>\nPINK RUSH est un booster pr\u00e9-entra\u00eenement de derni\u00e8re g\u00e9n\u00e9ration avec la formule Muscle-Tone. Tu veux tirer le maximum de ton entra\u00eenement ? Alors le PINK RUSH est exactement ce qu'il te faut. Avec des ingr\u00e9dients de pointe hautement dos\u00e9s comme la b\u00eata-alanine, la caf\u00e9ine, la cr\u00e9atine, les c\u00e9tones de framboise, la L-tyrosine, l'extrait d'orange am\u00e8re et la L-arginine, le PINK RUSH donne un coup de fouet parfait \u00e0 ton entra\u00eenement ! Un m\u00e9lange de vitamines, de min\u00e9raux et un dosage de cr\u00e9atine adapt\u00e9 aux femmes garantissent un r\u00e9sultat optimal.<\/p>\n<p><strong>Pendant l'entra\u00eenement - Intra Workout<br \/>\n<\/strong>Train est la d\u00e9licieuse boisson d'entra\u00eenement tout-en-un pour l'effort physique et donne \u00e0 la femme exactement ce dont elle a besoin pendant l'entra\u00eenement. Des EAA de haute qualit\u00e9 sous forme ultramicronis\u00e9e, combin\u00e9s \u00e0 de la L-carnitine pour la production d'\u00e9nergie par les acides gras. De plus, TRAIN est enrichi en magn\u00e9sium hautement assimilable, en fer et en riboflavine (vitamine B2). TRAIN peut \u00eatre facilement consomm\u00e9 pendant un r\u00e9gime mais aussi lors d'une phase de constitution pendant l'entra\u00eenement. Le d\u00e9licieux go\u00fbt de th\u00e9 glac\u00e9 \u00e0 la p\u00eache compl\u00e8te ce produit.<\/p>\n<p><strong>Apr\u00e8s l'entra\u00eenement ou pour le matin au r\u00e9veil<br \/>\n<\/strong>est une prot\u00e9ine de lactos\u00e9rum isol\u00e9e contenant 97% de prot\u00e9ines. Avec une tr\u00e8s faible teneur en mati\u00e8res grasses, en glucides et en lactose, c'est le nec plus ultra des produits prot\u00e9in\u00e9s et il convient \u00e9galement aux personnes intol\u00e9rantes au lactose.<\/p>","protected":false},"excerpt":{"rendered":"<p>Mit diesem Set bist du optimal versorgt vor, w\u00e4hrend und nach deinem Training. Vor dem Training &#8211; Pre-Workout Kick PINK RUSH ist ein Pre-Workout Booster der neusten Generation mit Muscle-Tone Formula. M\u00f6chtest du das Maximum aus deinem Training rausholen? Dann ist der PINK RUSH genau das Richtige f\u00fcr dich. Mit hochdosierten Top-Inhaltsstoffen wie Beta-Alanin, Koffein, [&#8230;]\n","protected":false},"featured_media":606940,"comment_status":"closed","ping_status":"closed","template":"","meta":{"slim_seo":{"title":"Strong Workout Set - FitNFemale\u00ae","description":"Ce kit vous offre un soutien optimal avant, pendant et apr\u00e8s votre entra\u00eenement. Avant votre s\u00e9ance\u00a0: Pre-Workout Kick PINK RUSH est un nouveau booster pr\u00e9-entra\u00eenement."}},"product_brand":[],"product_cat":[6364,6290],"product_tag":[],"class_list":{"0":"post-606937","1":"product","2":"type-product","3":"status-publish","4":"has-post-thumbnail","6":"product_cat-promo-30","7":"product_cat-set","9":"first","10":"instock","11":"virtual","12":"taxable","13":"purchasable","14":"product-type-bundle"},"bundled_by":[],"bundle_stock_status":"insufficientstock","bundle_stock_quantity":0,"bundle_virtual":false,"bundle_layout":"default","bundle_add_to_cart_form_location":"default","bundle_editable_in_cart":false,"bundle_sold_individually_context":"product","bundle_item_grouping":"parent","bundle_min_size":"","bundle_max_size":"","bundle_price":{"price":{"min":{"incl_tax":"73.6","excl_tax":"71.734893"},"max":{"incl_tax":"73.6","excl_tax":"71.734893"}},"regular_price":{"min":{"incl_tax":"73.6","excl_tax":"71.734893"},"max":{"incl_tax":"73.6","excl_tax":"71.734893"}}},"bundled_items":[{"bundled_item_id":307,"product_id":5079,"menu_order":0,"quantity_min":1,"quantity_max":1,"quantity_default":1,"priced_individually":false,"shipped_individually":false,"override_title":false,"title":"Pink Rush (Muscle Tone Booster)","override_description":false,"description":"","optional":false,"hide_thumbnail":false,"discount":"","override_variations":false,"allowed_variations":[],"override_default_variation_attributes":false,"default_variation_attributes":[],"single_product_visibility":"visible","cart_visibility":"visible","order_visibility":"visible","single_product_price_visibility":"visible","cart_price_visibility":"visible","order_price_visibility":"visible","stock_status":"in_stock"},{"bundled_item_id":308,"product_id":217135,"menu_order":1,"quantity_min":1,"quantity_max":1,"quantity_default":1,"priced_individually":false,"shipped_individually":false,"override_title":false,"title":"TRAIN - plus efficace","override_description":false,"description":"","optional":false,"hide_thumbnail":false,"discount":"","override_variations":false,"allowed_variations":[],"override_default_variation_attributes":false,"default_variation_attributes":[],"single_product_visibility":"visible","cart_visibility":"visible","order_visibility":"visible","single_product_price_visibility":"visible","cart_price_visibility":"visible","order_price_visibility":"visible","stock_status":"out_of_stock"},{"bundled_item_id":309,"product_id":33575,"menu_order":2,"quantity_min":1,"quantity_max":1,"quantity_default":1,"priced_individually":false,"shipped_individually":false,"override_title":false,"title":"Isolat de lactos\u00e9rum","override_description":false,"description":"","optional":false,"hide_thumbnail":false,"discount":"","override_variations":false,"allowed_variations":[],"override_default_variation_attributes":false,"default_variation_attributes":[],"single_product_visibility":"visible","cart_visibility":"visible","order_visibility":"visible","single_product_price_visibility":"visible","cart_price_visibility":"visible","order_price_visibility":"visible","stock_status":"in_stock"},{"bundled_item_id":310,"product_id":552595,"menu_order":3,"quantity_min":1,"quantity_max":1,"quantity_default":1,"priced_individually":false,"shipped_individually":false,"override_title":false,"title":"Black is beautiful Shaker","override_description":false,"description":"","optional":false,"hide_thumbnail":false,"discount":"","override_variations":false,"allowed_variations":[],"override_default_variation_attributes":false,"default_variation_attributes":[],"single_product_visibility":"visible","cart_visibility":"visible","order_visibility":"visible","single_product_price_visibility":"visible","cart_price_visibility":"visible","order_price_visibility":"visible","stock_status":"out_of_stock"}],"bundle_sell_ids":[],"gallery_images":[408161,605619,570889,567963,583664],"_links":{"self":[{"href":"https:\/\/fitnfemale.com\/fr\/wp-json\/wp\/v2\/product\/606937","targetHints":{"allow":["GET"]}}],"collection":[{"href":"https:\/\/fitnfemale.com\/fr\/wp-json\/wp\/v2\/product"}],"about":[{"href":"https:\/\/fitnfemale.com\/fr\/wp-json\/wp\/v2\/types\/product"}],"replies":[{"embeddable":true,"href":"https:\/\/fitnfemale.com\/fr\/wp-json\/wp\/v2\/comments?post=606937"}],"wp:featuredmedia":[{"embeddable":true,"href":"https:\/\/fitnfemale.com\/fr\/wp-json\/wp\/v2\/media\/606940"}],"wp:attachment":[{"href":"https:\/\/fitnfemale.com\/fr\/wp-json\/wp\/v2\/media?parent=606937"}],"wp:term":[{"taxonomy":"product_brand","embeddable":true,"href":"https:\/\/fitnfemale.com\/fr\/wp-json\/wp\/v2\/product_brand?post=606937"},{"taxonomy":"product_cat","embeddable":true,"href":"https:\/\/fitnfemale.com\/fr\/wp-json\/wp\/v2\/product_cat?post=606937"},{"taxonomy":"product_tag","embeddable":true,"href":"https:\/\/fitnfemale.com\/fr\/wp-json\/wp\/v2\/product_tag?post=606937"}],"curies":[{"name":"wp","href":"https:\/\/api.w.org\/{rel}","templated":true}]}}