{"id":59813,"date":"2018-09-21T12:48:52","date_gmt":"2018-09-21T11:48:52","guid":{"rendered":"https:\/\/fitnfemale.com\/?post_type=product&#038;p=59813"},"modified":"2026-04-07T18:01:45","modified_gmt":"2026-04-07T17:01:45","slug":"teamselflove-shaker","status":"publish","type":"product","link":"https:\/\/fitnfemale.com\/fr\/produit\/teamselflove-shaker\/","title":{"rendered":"#teamselflove Shaker"},"content":{"rendered":"<p>Le shaker #teamselflove menthe se distingue par son \u00e9l\u00e9gance sobre et convient particuli\u00e8rement bien pour m\u00e9langer des shakes prot\u00e9in\u00e9s, des shakes de glucides, des boissons min\u00e9rales, des shakes de petit-lait, des shakes de lait et bien plus encore.<\/p>\n<h4>L'essentiel en bref<\/h4>\n<ul>\n<li class=\"bullet-arrow\">Couvercle avec fermeture \u00e0 vis s\u00e9curis\u00e9e<\/li>\n<li class=\"bullet-arrow\">Mat\u00e9riau de tr\u00e8s haute qualit\u00e9<\/li>\n<li class=\"bullet-arrow\">Qualit\u00e9 allemande - Made in Germany<\/li>\n<li class=\"bullet-arrow\">100 % convient pour les aliments et 100 % ne contient pas de plastifiants dangereux<\/li>\n<li class=\"bullet-arrow\">Plus jamais de fuite de liquide<\/li>\n<\/ul>","protected":false},"excerpt":{"rendered":"<p>Der #teamselflove Shaker in mint sticht durch seine schlichte Eleganz hervor und eignet sich besonders gut zum Mixen von Eiwei\u00df- bzw. Protein-Shakes, Kohlenhydrate-Shakes, Mineral-Drinks, Molke-Shakes, Milch-Shakes uvm. Das Wichtigste im \u00dcberblick Deckel mit sicherem Schraubverschluss Sehr hochwertiges Material Deutsche Qualit\u00e4t &#8211; Made in Germany 100\u202f% Lebensmittelgeeignet und 100\u202f% frei von gef\u00e4hrlichen Weichmachern Nie wieder ein [&#8230;]\n","protected":false},"featured_media":719530,"comment_status":"open","ping_status":"closed","template":"","meta":{"slim_seo":{"title":"Shaker #eamselflove - FitNFemale\u00ae","description":"Le shaker #eamselflove couleur menthe se distingue par son \u00e9l\u00e9gance sobre et est particuli\u00e8rement adapt\u00e9 au m\u00e9lange de boissons prot\u00e9in\u00e9es et de glucides."}},"product_brand":[],"product_cat":[283,6215],"product_tag":[],"class_list":{"0":"post-59813","1":"product","2":"type-product","3":"status-publish","4":"has-post-thumbnail","6":"product_cat-equipment","7":"product_cat-shaker-equipment","8":"pa_anwendungsbereiche-shaking","9":"pa_marke-fitnfemale","10":"pa_misc-bpafree","12":"first","13":"outofstock","14":"taxable","15":"shipping-taxable","16":"purchasable","17":"product-type-simple"},"bundled_by":["89922"],"bundle_stock_status":"outofstock","bundle_stock_quantity":0,"bundle_virtual":false,"bundle_layout":"","bundle_add_to_cart_form_location":"","bundle_editable_in_cart":false,"bundle_sold_individually_context":"","bundle_item_grouping":"","bundle_min_size":"","bundle_max_size":"","bundle_price":[],"bundled_items":[],"bundle_sell_ids":[],"gallery_images":[149489,408147],"_links":{"self":[{"href":"https:\/\/fitnfemale.com\/fr\/wp-json\/wp\/v2\/product\/59813","targetHints":{"allow":["GET"]}}],"collection":[{"href":"https:\/\/fitnfemale.com\/fr\/wp-json\/wp\/v2\/product"}],"about":[{"href":"https:\/\/fitnfemale.com\/fr\/wp-json\/wp\/v2\/types\/product"}],"replies":[{"embeddable":true,"href":"https:\/\/fitnfemale.com\/fr\/wp-json\/wp\/v2\/comments?post=59813"}],"wp:featuredmedia":[{"embeddable":true,"href":"https:\/\/fitnfemale.com\/fr\/wp-json\/wp\/v2\/media\/719530"}],"wp:attachment":[{"href":"https:\/\/fitnfemale.com\/fr\/wp-json\/wp\/v2\/media?parent=59813"}],"wp:term":[{"taxonomy":"product_brand","embeddable":true,"href":"https:\/\/fitnfemale.com\/fr\/wp-json\/wp\/v2\/product_brand?post=59813"},{"taxonomy":"product_cat","embeddable":true,"href":"https:\/\/fitnfemale.com\/fr\/wp-json\/wp\/v2\/product_cat?post=59813"},{"taxonomy":"product_tag","embeddable":true,"href":"https:\/\/fitnfemale.com\/fr\/wp-json\/wp\/v2\/product_tag?post=59813"}],"curies":[{"name":"wp","href":"https:\/\/api.w.org\/{rel}","templated":true}]}}