{"id":58627,"date":"2018-09-13T08:44:22","date_gmt":"2018-09-13T07:44:22","guid":{"rendered":"https:\/\/fitnfemale.com\/?post_type=product&#038;p=58627"},"modified":"2024-01-12T15:05:49","modified_gmt":"2024-01-12T14:05:49","slug":"shape-express-bundle","status":"publish","type":"product","link":"https:\/\/fitnfemale.com\/fr\/produit\/shape-express-bundle\/","title":{"rendered":"Bundle Shape Express"},"content":{"rendered":"<div class=\"message-box relative dark\" style=\"padding-top:15px;padding-bottom:15px;\"><div class=\"message-box-bg-image bg-fill fill\" ><\/div><div class=\"message-box-bg-overlay bg-fill fill\" style=\"background-color:rgb(194, 156, 160);\"><\/div><div class=\"container relative\"><div class=\"inner last-reset\">\n<div class=\"row align-middle align-center\"  id=\"row-174960244\">\n\n\t<div id=\"col-930659285\" class=\"col small-12 large-12\"  >\n\t\t\t\t<div class=\"col-inner\"  >\n\t\t\t\n\t\t\t\n<p>Imm\u00e9diatement apr\u00e8s l'achat, tu recevras automatiquement une liste de questions par e-mail. Merci de nous y r\u00e9pondre le plus rapidement possible afin que nous puissions \u00e9tablir un plan personnalis\u00e9 pour toi.<\/p>\n\t\t<\/div>\n\t\t\t\t\t<\/div>\n\n\t\n<\/div>\n<\/div><\/div><\/div>\n\t<div id=\"gap-370685453\" class=\"gap-element clearfix\" style=\"display:block; height:auto;\">\n\t\t\n<style>\n#gap-370685453 {\n  padding-top: 11px;\n}\n<\/style>\n\t<\/div>\n\t\n<div class=\"accordion\">\n\t<div id=\"accordion-920051974\" class=\"accordion-item\">\n\t\t<a id=\"accordion-920051974-label\" class=\"accordion-title plain\" href=\"#accordion-item-zus\u00e4tzliche-informationen\" aria-expanded=\"false\" aria-controls=\"accordion-920051974-content\">\n\t\t\t<button class=\"toggle\" aria-label=\"Basculer\"><i class=\"icon-angle-down\" aria-hidden=\"true\"><\/i><\/button>\n\t\t\t<span>Informations compl\u00e9mentaires<\/span>\n\t\t<\/a>\n\t\t<div id=\"accordion-920051974-content\" class=\"accordion-inner\" aria-labelledby=\"accordion-920051974-label\">\n\t\t\t\n<ul>\n<li>Le plan te sera envoy\u00e9 par voie \u00e9lectronique apr\u00e8s que tu nous auras fait parvenir tes coordonn\u00e9es. Les plans et les livres \u00e9lectroniques sont exclus du droit de r\u00e9tractation.<\/li>\n<li>Le plan n'est actuellement disponible qu'en allemand.<\/li>\n<li>Si tu souhaites annuler l'achat des produits du bikini bundle apr\u00e8s les avoir re\u00e7us, nous te facturerons tout de m\u00eame 40.00 euros\/francs suisses pour le plan, qui ne sont pas remboursables.<\/li>\n<li>Imm\u00e9diatement apr\u00e8s l'achat, tu re\u00e7ois un e-mail avec des questions sur ta situation de d\u00e9part, qui sont n\u00e9cessaires pour d\u00e9terminer tes besoins \u00e9nerg\u00e9tiques.<\/li>\n<li>Le paquet contient une m\u00e9thode (solution) pour obtenir des r\u00e9sultats le plus rapidement possible. Pour un plan d'alimentation et\/ou un plan d'entra\u00eenement complet, nous vous recommandons les produits \".<a href=\"\/fr\/shop\/votre-nutrition-plan\/\">Ton plan alimentaire<\/a>\" ou \"<a href=\"\/fr\/shop\/get-maigre-formation-nutrition-plan\/\">Obtenir le plan Lean<\/a>\u201e&quot;.<\/li>\n<\/ul>\n\t\t<\/div>\n\t<\/div>\n\t\n\t<div id=\"accordion-889345647\" class=\"accordion-item\">\n\t\t<a id=\"accordion-889345647-label\" class=\"accordion-title plain\" href=\"#accordion-item-ziele\" aria-expanded=\"false\" aria-controls=\"accordion-889345647-content\">\n\t\t\t<button class=\"toggle\" aria-label=\"Basculer\"><i class=\"icon-angle-down\" aria-hidden=\"true\"><\/i><\/button>\n\t\t\t<span>Objectifs<\/span>\n\t\t<\/a>\n\t\t<div id=\"accordion-889345647-content\" class=\"accordion-inner\" aria-labelledby=\"accordion-889345647-label\">\n\t\t\t\n<p>est de se sentir bien dans son corps. Le d\u00e9lai de 3 \u00e0 4 semaines est court, selon la situation de d\u00e9part, mais tu seras certainement (encore) plus en forme qu'avant. Le plan est con\u00e7u pour que tu puisses le suivre en plus de ton travail. Pas de comptage obstin\u00e9 des calories, mais il est important que tu respectes les heures de prise et d'entra\u00eenement indiqu\u00e9es pendant cette p\u00e9riode. Tu ne dois pas t'affamer, mais manger consciemment et sainement est obligatoire, \u00e0 l'exception du cheatday (1x par semaine).<\/p>\n\t\t<\/div>\n\t<\/div>\n\t\n\t<div id=\"accordion-2945229711\" class=\"accordion-item\">\n\t\t<a id=\"accordion-2945229711-label\" class=\"accordion-title plain\" href=\"#accordion-item-individueller-plan-in-pdf-form\" aria-expanded=\"false\" aria-controls=\"accordion-2945229711-content\">\n\t\t\t<button class=\"toggle\" aria-label=\"Basculer\"><i class=\"icon-angle-down\" aria-hidden=\"true\"><\/i><\/button>\n\t\t\t<span>Plan individuel sous forme de PDF<\/span>\n\t\t<\/a>\n\t\t<div id=\"accordion-2945229711-content\" class=\"accordion-inner\" aria-labelledby=\"accordion-2945229711-label\">\n\t\t\t\n<p>Tu re\u00e7ois les documents par mail (PDF), donc sous forme \u00e9lectronique. Comme le plan contient des parties individuelles, tu recevras le plan au plus tard 12h apr\u00e8s la r\u00e9ception des produits.<\/p>\n\t\t<\/div>\n\t<\/div>\n\t\n<\/div>\n<div class=\"container section-title-container\" style=\"margin-bottom:-10px;\"><h3 class=\"section-title section-title-center\"><b aria-hidden=\"true\"><\/b><span class=\"section-title-main\" ><i class=\"icon-heart\" aria-hidden=\"true\"><\/i>Histoires de r\u00e9ussite<\/span><b aria-hidden=\"true\"><\/b><\/h3><\/div>\n\t<div id=\"text-1483517958\" class=\"text\">\n\t\t\n<p>Embrace Your Unique Beauty - obtiens ta silhouette personnelle de bien-\u00eatre avec FitNFemale.<\/p>\n\t\t\n<style>\n#text-1483517958 {\n  text-align: center;\n}\n<\/style>\n\t<\/div>\n\t\n<div class=\"row row-collapse\"  id=\"row-1037521409\">\n\n\n\t<div id=\"col-1471404869\" class=\"col small-12 large-12\"  >\n\t\t\t\t<div class=\"col-inner\"  >\n\t\t\t\n\t\t\t\n\n<div class=\"slider-wrapper relative\" id=\"slider-1279155684\" >\n    <div class=\"slider slider-nav-dots-dashes-spaced slider-nav-circle slider-nav-large slider-nav-dark slider-style-normal\"\n        data-flickity-options='{            \"cellAlign\": \"center\",            \"imagesLoaded\": true,            \"lazyLoad\": 1,            \"freeScroll\": false,            \"wrapAround\": true,            \"autoPlay\": 6000,            \"pauseAutoPlayOnHover\" : true,            \"prevNextButtons\": true,            \"contain\" : true,            \"adaptiveHeight\" : true,            \"dragThreshold\" : 10,            \"percentPosition\": true,            \"pageDots\": true,            \"rightToLeft\": false,            \"draggable\": true,            \"selectedAttraction\": 0.1,            \"parallax\" : 0,            \"friction\": 0.6        }'\n        >\n        \n\n<div class=\"row row-small row-full-width align-center row-divided\"  id=\"row-1653212844\">\n\n\n\t<div id=\"col-94632023\" class=\"col medium-6 small-12 large-6\"  >\n\t\t\t\t<div class=\"col-inner\" style=\"background-color:rgb(255,255,255);\" >\n\t\t\t\n\t\t\t\n\n\t<div class=\"box has-hover   has-hover box-text-bottom\" >\n\n\t\t<div class=\"box-image\" >\n\t\t\t\t\t\t<div class=\"\" >\n\t\t\t\t<img decoding=\"async\" width=\"768\" height=\"768\" src=\"https:\/\/fitnfemale.com\/wp-content\/uploads\/tanja-768x768.jpg\" class=\"attachment-medium_large size-medium_large\" alt=\"Tanja\" srcset=\"https:\/\/fitnfemale.com\/wp-content\/uploads\/tanja-768x768.jpg 768w, https:\/\/fitnfemale.com\/wp-content\/uploads\/tanja-200x200.jpg 200w, https:\/\/fitnfemale.com\/wp-content\/uploads\/tanja-1000x1000.jpg 1000w, https:\/\/fitnfemale.com\/wp-content\/uploads\/tanja-400x400.jpg 400w, https:\/\/fitnfemale.com\/wp-content\/uploads\/tanja-800x800.jpg 800w, https:\/\/fitnfemale.com\/wp-content\/uploads\/tanja-280x280.jpg 280w, https:\/\/fitnfemale.com\/wp-content\/uploads\/tanja-12x12.jpg 12w, https:\/\/fitnfemale.com\/wp-content\/uploads\/tanja.jpg 1024w\" sizes=\"(max-width: 768px) 100vw, 768px\" \/>\t\t\t\t\t\t\t\t\t\t\t<\/div>\n\t\t\t\t\t<\/div>\n\n\t\t<div class=\"box-text text-center\" >\n\t\t\t<div class=\"box-text-inner\">\n\t\t\t\t\n\n<h4><strong>Tanja<\/strong><\/h4>\n<p>Succ\u00e8s personnel : -8kg<\/p>\n\n\t\t\t<\/div>\n\t\t<\/div>\n\t<\/div>\n\t\n\n\t\t<\/div>\n\t\t\t\t\n<style>\n#col-94632023 > .col-inner {\n  margin: 10px 0px 10px 0px;\n}\n<\/style>\n\t<\/div>\n\n\t\n\n<\/div>\n<div class=\"row row-small row-full-width align-center row-divided\"  id=\"row-618337925\">\n\n\n\t<div id=\"col-1131588173\" class=\"col medium-6 small-12 large-6\"  >\n\t\t\t\t<div class=\"col-inner\"  >\n\t\t\t\n\t\t\t\n\n\t<div class=\"box has-hover   has-hover box-text-bottom\" >\n\n\t\t<div class=\"box-image\" >\n\t\t\t\t\t\t<div class=\"\" >\n\t\t\t\t<img decoding=\"async\" width=\"768\" height=\"768\" src=\"https:\/\/fitnfemale.com\/wp-content\/uploads\/ana-tranformation-fnf-768x768.jpg\" class=\"attachment-medium_large size-medium_large\" alt=\"Transformation Ana fnf\" srcset=\"https:\/\/fitnfemale.com\/wp-content\/uploads\/ana-tranformation-fnf-768x768.jpg 768w, https:\/\/fitnfemale.com\/wp-content\/uploads\/ana-tranformation-fnf-200x200.jpg 200w, https:\/\/fitnfemale.com\/wp-content\/uploads\/ana-tranformation-fnf-1000x1000.jpg 1000w, https:\/\/fitnfemale.com\/wp-content\/uploads\/ana-tranformation-fnf-400x400.jpg 400w, https:\/\/fitnfemale.com\/wp-content\/uploads\/ana-tranformation-fnf-800x800.jpg 800w, https:\/\/fitnfemale.com\/wp-content\/uploads\/ana-tranformation-fnf-280x280.jpg 280w, https:\/\/fitnfemale.com\/wp-content\/uploads\/ana-tranformation-fnf-12x12.jpg 12w, https:\/\/fitnfemale.com\/wp-content\/uploads\/ana-tranformation-fnf.jpg 1024w\" sizes=\"(max-width: 768px) 100vw, 768px\" \/>\t\t\t\t\t\t\t\t\t\t\t<\/div>\n\t\t\t\t\t<\/div>\n\n\t\t<div class=\"box-text text-center\" >\n\t\t\t<div class=\"box-text-inner\">\n\t\t\t\t\n\n<h4><strong>Ana<\/strong><\/h4>\n<p>Succ\u00e8s personnel -5kg<\/p>\n\n\n\t\t\t<\/div>\n\t\t<\/div>\n\t<\/div>\n\t\n\n\t\t<\/div>\n\t\t\t\t\n<style>\n#col-1131588173 > .col-inner {\n  margin: 10px 0px 10px 0px;\n}\n<\/style>\n\t<\/div>\n\n\t\n\n\n<style>\n#row-618337925 > .col > .col-inner {\n  background-color: rgb(255, 255, 255);\n}\n<\/style>\n<\/div>\n<div class=\"row row-small row-full-width align-center row-divided\"  id=\"row-1336757826\">\n\n\n\t<div id=\"col-858284174\" class=\"col medium-6 small-12 large-6\"  >\n\t\t\t\t<div class=\"col-inner\"  >\n\t\t\t\n\t\t\t\n\n\t<div class=\"box has-hover   has-hover box-text-bottom\" >\n\n\t\t<div class=\"box-image\" >\n\t\t\t\t\t\t<div class=\"\" >\n\t\t\t\t<img decoding=\"async\" width=\"768\" height=\"768\" src=\"https:\/\/fitnfemale.com\/wp-content\/uploads\/Unbenannt-10-768x768.jpg\" class=\"attachment-medium_large size-medium_large\" alt=\"Anonyme\" srcset=\"https:\/\/fitnfemale.com\/wp-content\/uploads\/Unbenannt-10-768x768.jpg 768w, https:\/\/fitnfemale.com\/wp-content\/uploads\/Unbenannt-10-200x200.jpg 200w, https:\/\/fitnfemale.com\/wp-content\/uploads\/Unbenannt-10-1000x1000.jpg 1000w, https:\/\/fitnfemale.com\/wp-content\/uploads\/Unbenannt-10-400x400.jpg 400w, https:\/\/fitnfemale.com\/wp-content\/uploads\/Unbenannt-10-800x800.jpg 800w, https:\/\/fitnfemale.com\/wp-content\/uploads\/Unbenannt-10-280x280.jpg 280w, https:\/\/fitnfemale.com\/wp-content\/uploads\/Unbenannt-10-12x12.jpg 12w, https:\/\/fitnfemale.com\/wp-content\/uploads\/Unbenannt-10.jpg 1024w\" sizes=\"(max-width: 768px) 100vw, 768px\" \/>\t\t\t\t\t\t\t\t\t\t\t<\/div>\n\t\t\t\t\t<\/div>\n\n\t\t<div class=\"box-text text-center\" >\n\t\t\t<div class=\"box-text-inner\">\n\t\t\t\t\n\n<h4><strong>Sarah<\/strong><\/h4>\n<p>Succ\u00e8s personnel : -10kg<\/p>\n\n\t\t\t<\/div>\n\t\t<\/div>\n\t<\/div>\n\t\n\n\t\t<\/div>\n\t\t\t\t\n<style>\n#col-858284174 > .col-inner {\n  margin: 10px 0px 10px 0px;\n}\n<\/style>\n\t<\/div>\n\n\t\n\n\n<style>\n#row-1336757826 > .col > .col-inner {\n  padding: 0px 0px 0px 0px;\n  background-color: rgb(255, 255, 255);\n}\n<\/style>\n<\/div>\n<div class=\"row row-small row-full-width align-center row-divided\"  id=\"row-1626518987\">\n\n\n\t<div id=\"col-2047395404\" class=\"col medium-6 small-12 large-6\"  >\n\t\t\t\t<div class=\"col-inner\" style=\"background-color:rgb(255, 255, 255);\" >\n\t\t\t\n\t\t\t\n\n\t<div class=\"box has-hover   has-hover box-text-bottom\" >\n\n\t\t<div class=\"box-image\" >\n\t\t\t\t\t\t<div class=\"\" >\n\t\t\t\t<img decoding=\"async\" width=\"768\" height=\"768\" src=\"https:\/\/fitnfemale.com\/wp-content\/uploads\/denisa-768x768.jpg\" class=\"attachment-medium_large size-medium_large\" alt=\"Denisa\" srcset=\"https:\/\/fitnfemale.com\/wp-content\/uploads\/denisa-768x768.jpg 768w, https:\/\/fitnfemale.com\/wp-content\/uploads\/denisa-200x200.jpg 200w, https:\/\/fitnfemale.com\/wp-content\/uploads\/denisa-1000x1000.jpg 1000w, https:\/\/fitnfemale.com\/wp-content\/uploads\/denisa-400x400.jpg 400w, https:\/\/fitnfemale.com\/wp-content\/uploads\/denisa-800x800.jpg 800w, https:\/\/fitnfemale.com\/wp-content\/uploads\/denisa-280x280.jpg 280w, https:\/\/fitnfemale.com\/wp-content\/uploads\/denisa-12x12.jpg 12w, https:\/\/fitnfemale.com\/wp-content\/uploads\/denisa.jpg 1024w\" sizes=\"(max-width: 768px) 100vw, 768px\" \/>\t\t\t\t\t\t\t\t\t\t\t<\/div>\n\t\t\t\t\t<\/div>\n\n\t\t<div class=\"box-text text-center\" >\n\t\t\t<div class=\"box-text-inner\">\n\t\t\t\t\n\n<h4><strong>Denisa<\/strong><\/h4>\n<p>Succ\u00e8s personnel -6kg<\/p>\n\n\t\t\t<\/div>\n\t\t<\/div>\n\t<\/div>\n\t\n\n\t\t<\/div>\n\t\t\t\t\n<style>\n#col-2047395404 > .col-inner {\n  margin: 10px 0px 10px 0px;\n}\n<\/style>\n\t<\/div>\n\n\t\n\n\n<style>\n#row-1626518987 > .col > .col-inner {\n  padding: 0px 0px 0px 0px;\n  background-color: rgb(255, 255, 255);\n}\n<\/style>\n<\/div>\n\n     <\/div>\n\n     <div class=\"loading-spin dark large centered\"><\/div>\n\n\t<\/div>\n\n\n\n\t\t<\/div>\n\t\t\t\t\t<\/div>\n\n\t\n\n\n<style>\n#row-1037521409 > .col > .col-inner {\n  background-color: rgb(245, 245, 245);\n}\n<\/style>\n<\/div>","protected":false},"excerpt":{"rendered":"<h2>Tu es motiv\u00e9(e) et tu souhaites te lancer imm\u00e9diatement ? Alors ce pack est fait pour toi !<\/h2>\n<h4>Le nom est tout un programme et a \u00e9t\u00e9 sp\u00e9cialement compos\u00e9 pour la p\u00e9riode estivale.<\/h4>\n<ul>\n<li class=\"bullet-star\">Des produits adapt\u00e9s les uns aux autres, combin\u00e9s \u00e0 des directives nutritionnelles individuelles<\/li>\n<li class=\"bullet-star\">Plan calorique, sp\u00e9cialement con\u00e7u pour toi<\/li>\n<li class=\"bullet-star\">Plan de recettes, y compris directives alimentaires<\/li>\n<li class=\"bullet-star\">Conseils d'entra\u00eenement efficaces (effort minimal, r\u00e9sultat maximal) ax\u00e9s sur la combustion des graisses, les fesses et le ventre<\/li>\n<\/ul>","protected":false},"featured_media":712781,"comment_status":"open","ping_status":"closed","template":"","meta":{"slim_seo":{"title":"Ensemble Shape Express - FitNFemale\u00ae","description":"Vous \u00eates motiv\u00e9(e) et impatient(e) de commencer sans attendre\u00a0? Alors ce pack est fait pour vous\u00a0! Son nom est explicite et il a \u00e9t\u00e9 sp\u00e9cialement con\u00e7u pour\u2026"}},"product_brand":[],"product_cat":[6629,311],"product_tag":[],"class_list":{"0":"post-58627","1":"product","2":"type-product","3":"status-publish","4":"has-post-thumbnail","6":"product_cat-basic","7":"product_cat-bundle","8":"pa_anwendungsbereiche-for-your-workout","9":"pa_anwendungsbereiche-weightloss","10":"pa_anwendungsbereiche-shaping","11":"pa_anwendungsbereiche-metabolism","12":"pa_marke-fitnfemale","13":"pa_schwangerschaft-nicht-geeignet","14":"pa_stillzeit-nicht-geeignet","16":"first","17":"instock","18":"sale","19":"featured","20":"downloadable","21":"taxable","22":"shipping-taxable","23":"purchasable","24":"product-type-bundle"},"bundled_by":[],"bundle_stock_status":"insufficientstock","bundle_stock_quantity":0,"bundle_virtual":false,"bundle_layout":"default","bundle_add_to_cart_form_location":"default","bundle_editable_in_cart":false,"bundle_sold_individually_context":"product","bundle_item_grouping":"noindent","bundle_min_size":"","bundle_max_size":"","bundle_price":{"price":{"min":{"incl_tax":"96.8","excl_tax":"94.346979"},"max":{"incl_tax":"96.8","excl_tax":"94.346979"}},"regular_price":{"min":{"incl_tax":"121","excl_tax":"117.933723"},"max":{"incl_tax":"121","excl_tax":"117.933723"}}},"bundled_items":[{"bundled_item_id":101,"product_id":58626,"menu_order":0,"quantity_min":1,"quantity_max":1,"quantity_default":1,"priced_individually":false,"shipped_individually":true,"override_title":false,"title":"Plan Shape Express","override_description":true,"description":"Partie alimentation &amp; entra\u00eenement avec un plan calorique personnel, sp\u00e9cialement con\u00e7u pour toi. De nombreux conseils et un syst\u00e8me \u00e9labor\u00e9 que tu peux facilement mettre en pratique au quotidien.","optional":false,"hide_thumbnail":false,"discount":"","override_variations":false,"allowed_variations":[],"override_default_variation_attributes":false,"default_variation_attributes":[],"single_product_visibility":"visible","cart_visibility":"hidden","order_visibility":"visible","single_product_price_visibility":"visible","cart_price_visibility":"visible","order_price_visibility":"visible","stock_status":"in_stock"},{"bundled_item_id":94,"product_id":5032,"menu_order":1,"quantity_min":1,"quantity_max":1,"quantity_default":1,"priced_individually":false,"shipped_individually":false,"override_title":false,"title":"Pink Burn (2 en 1)","override_description":true,"description":"","optional":false,"hide_thumbnail":false,"discount":"","override_variations":false,"allowed_variations":[46426,46425,11072,26510],"override_default_variation_attributes":false,"default_variation_attributes":[],"single_product_visibility":"visible","cart_visibility":"hidden","order_visibility":"visible","single_product_price_visibility":"visible","cart_price_visibility":"visible","order_price_visibility":"visible","stock_status":"in_stock"},{"bundled_item_id":483,"product_id":678396,"menu_order":2,"quantity_min":1,"quantity_max":1,"quantity_default":1,"priced_individually":false,"shipped_individually":false,"override_title":false,"title":"All you need Shake","override_description":true,"description":"","optional":false,"hide_thumbnail":false,"discount":"","override_variations":false,"allowed_variations":[],"override_default_variation_attributes":false,"default_variation_attributes":[],"single_product_visibility":"visible","cart_visibility":"hidden","order_visibility":"visible","single_product_price_visibility":"visible","cart_price_visibility":"visible","order_price_visibility":"visible","stock_status":"in_stock"},{"bundled_item_id":484,"product_id":43303,"menu_order":3,"quantity_min":1,"quantity_max":1,"quantity_default":1,"priced_individually":false,"shipped_individually":false,"override_title":false,"title":"Shape Me Shake","override_description":true,"description":"","optional":false,"hide_thumbnail":false,"discount":"","override_variations":false,"allowed_variations":[],"override_default_variation_attributes":false,"default_variation_attributes":[],"single_product_visibility":"visible","cart_visibility":"hidden","order_visibility":"visible","single_product_price_visibility":"visible","cart_price_visibility":"visible","order_price_visibility":"visible","stock_status":"in_stock"},{"bundled_item_id":482,"product_id":545706,"menu_order":4,"quantity_min":10,"quantity_max":10,"quantity_default":10,"priced_individually":false,"shipped_individually":false,"override_title":false,"title":"Shape Bar - Croustillant au caramel","override_description":true,"description":"","optional":false,"hide_thumbnail":false,"discount":"","override_variations":false,"allowed_variations":[],"override_default_variation_attributes":false,"default_variation_attributes":[],"single_product_visibility":"visible","cart_visibility":"visible","order_visibility":"visible","single_product_price_visibility":"visible","cart_price_visibility":"visible","order_price_visibility":"visible","stock_status":"out_of_stock"},{"bundled_item_id":462,"product_id":4994,"menu_order":5,"quantity_min":1,"quantity_max":1,"quantity_default":1,"priced_individually":false,"shipped_individually":false,"override_title":false,"title":"Om\u00e9ga 3","override_description":true,"description":"","optional":false,"hide_thumbnail":false,"discount":"","override_variations":false,"allowed_variations":[],"override_default_variation_attributes":false,"default_variation_attributes":[],"single_product_visibility":"visible","cart_visibility":"hidden","order_visibility":"visible","single_product_price_visibility":"visible","cart_price_visibility":"visible","order_price_visibility":"visible","stock_status":"in_stock"},{"bundled_item_id":528,"product_id":5004,"menu_order":6,"quantity_min":1,"quantity_max":1,"quantity_default":1,"priced_individually":false,"shipped_individually":false,"override_title":false,"title":"Shaker Black Beauty","override_description":false,"description":"","optional":false,"hide_thumbnail":false,"discount":"","override_variations":false,"allowed_variations":[],"override_default_variation_attributes":false,"default_variation_attributes":[],"single_product_visibility":"visible","cart_visibility":"hidden","order_visibility":"visible","single_product_price_visibility":"visible","cart_price_visibility":"visible","order_price_visibility":"visible","stock_status":"in_stock"}],"bundle_sell_ids":[],"gallery_images":[],"_links":{"self":[{"href":"https:\/\/fitnfemale.com\/fr\/wp-json\/wp\/v2\/product\/58627","targetHints":{"allow":["GET"]}}],"collection":[{"href":"https:\/\/fitnfemale.com\/fr\/wp-json\/wp\/v2\/product"}],"about":[{"href":"https:\/\/fitnfemale.com\/fr\/wp-json\/wp\/v2\/types\/product"}],"replies":[{"embeddable":true,"href":"https:\/\/fitnfemale.com\/fr\/wp-json\/wp\/v2\/comments?post=58627"}],"wp:featuredmedia":[{"embeddable":true,"href":"https:\/\/fitnfemale.com\/fr\/wp-json\/wp\/v2\/media\/712781"}],"wp:attachment":[{"href":"https:\/\/fitnfemale.com\/fr\/wp-json\/wp\/v2\/media?parent=58627"}],"wp:term":[{"taxonomy":"product_brand","embeddable":true,"href":"https:\/\/fitnfemale.com\/fr\/wp-json\/wp\/v2\/product_brand?post=58627"},{"taxonomy":"product_cat","embeddable":true,"href":"https:\/\/fitnfemale.com\/fr\/wp-json\/wp\/v2\/product_cat?post=58627"},{"taxonomy":"product_tag","embeddable":true,"href":"https:\/\/fitnfemale.com\/fr\/wp-json\/wp\/v2\/product_tag?post=58627"}],"curies":[{"name":"wp","href":"https:\/\/api.w.org\/{rel}","templated":true}]}}