{"id":552595,"date":"2020-11-24T13:34:04","date_gmt":"2020-11-24T12:34:04","guid":{"rendered":"https:\/\/fitnfemale.com\/?post_type=product&#038;p=552595"},"modified":"2026-05-06T18:01:23","modified_gmt":"2026-05-06T17:01:23","slug":"mini-shaker-premium-2","status":"publish","type":"product","link":"https:\/\/fitnfemale.com\/fr\/produit\/mini-shaker-premium-2\/","title":{"rendered":"Black is beautiful Shaker"},"content":{"rendered":"<p>Le shaker Black is beautiful se distingue par son \u00e9l\u00e9gance sobre et convient particuli\u00e8rement bien pour m\u00e9langer des shakes prot\u00e9in\u00e9s, des shakes \u00e0 base de glucides, des boissons min\u00e9rales, des shakes \u00e0 base de petit-lait, des shakes \u00e0 base de lait et bien plus encore.<\/p>\n<ul>\n<li class=\"bullet-star\">capacit\u00e9 de 500 ml<\/li>\n<li class=\"bullet-star\">Anti-fuite<\/li>\n<li class=\"bullet-star\">plastique sans BPA et sans toxines<\/li>\n<\/ul>","protected":false},"excerpt":{"rendered":"<p>Shaker premium pour tes shakes et boissons.<\/p>","protected":false},"featured_media":719528,"comment_status":"open","ping_status":"closed","template":"","meta":{"slim_seo":{"title":"Black is beautiful Shaker - FitNFemale\u00ae","description":"Shaker premium pour tes shakes et boissons."}},"product_brand":[],"product_cat":[6361,6629,283,6022],"product_tag":[],"class_list":{"0":"post-552595","1":"product","2":"type-product","3":"status-publish","4":"has-post-thumbnail","6":"product_cat-promo-60","7":"product_cat-basic","8":"product_cat-equipment","9":"product_cat-shaker","10":"pa_anwendungsbereiche-shaking","11":"pa_marke-fitnfemale","12":"pa_misc-bpafree","14":"first","15":"outofstock","16":"taxable","17":"shipping-taxable","18":"purchasable","19":"product-type-simple"},"bundled_by":["606937"],"bundle_stock_status":"outofstock","bundle_stock_quantity":0,"bundle_virtual":false,"bundle_layout":"","bundle_add_to_cart_form_location":"","bundle_editable_in_cart":false,"bundle_sold_individually_context":"","bundle_item_grouping":"","bundle_min_size":"","bundle_max_size":"","bundle_price":[],"bundled_items":[],"bundle_sell_ids":[],"gallery_images":[583664,561308,568077],"_links":{"self":[{"href":"https:\/\/fitnfemale.com\/fr\/wp-json\/wp\/v2\/product\/552595","targetHints":{"allow":["GET"]}}],"collection":[{"href":"https:\/\/fitnfemale.com\/fr\/wp-json\/wp\/v2\/product"}],"about":[{"href":"https:\/\/fitnfemale.com\/fr\/wp-json\/wp\/v2\/types\/product"}],"replies":[{"embeddable":true,"href":"https:\/\/fitnfemale.com\/fr\/wp-json\/wp\/v2\/comments?post=552595"}],"wp:featuredmedia":[{"embeddable":true,"href":"https:\/\/fitnfemale.com\/fr\/wp-json\/wp\/v2\/media\/719528"}],"wp:attachment":[{"href":"https:\/\/fitnfemale.com\/fr\/wp-json\/wp\/v2\/media?parent=552595"}],"wp:term":[{"taxonomy":"product_brand","embeddable":true,"href":"https:\/\/fitnfemale.com\/fr\/wp-json\/wp\/v2\/product_brand?post=552595"},{"taxonomy":"product_cat","embeddable":true,"href":"https:\/\/fitnfemale.com\/fr\/wp-json\/wp\/v2\/product_cat?post=552595"},{"taxonomy":"product_tag","embeddable":true,"href":"https:\/\/fitnfemale.com\/fr\/wp-json\/wp\/v2\/product_tag?post=552595"}],"curies":[{"name":"wp","href":"https:\/\/api.w.org\/{rel}","templated":true}]}}