{"id":547016,"date":"2020-10-27T15:35:18","date_gmt":"2020-10-27T14:35:18","guid":{"rendered":"https:\/\/fitnfemale.com\/?post_type=product&#038;p=547016"},"modified":"2024-09-25T19:59:36","modified_gmt":"2024-09-25T18:59:36","slug":"shape-bar-meal-replacement-package","status":"publish","type":"product","link":"https:\/\/fitnfemale.com\/fr\/produit\/shape-bar-meal-replacement-package\/","title":{"rendered":"Shape Bars - Caramel Crisp"},"content":{"rendered":"<h3>D\u00e9couvre la Shape Bar et dis adieu aux repas de r\u00e9gime ennuyeux !<\/h3>\n<p>Avec une Shape Bar par jour, tu peux facilement atteindre un d\u00e9ficit calorique de 400-600 calories. Cela signifie que tu peux perdre du poids facilement et sans trop d'efforts sur une p\u00e9riode prolong\u00e9e. Tu n'as pas besoin de faire des changements drastiques dans ton alimentation ou ton style de vie.<\/p>\n<div class=\"accordion\">\n\t<div id=\"accordion-1459393079\" class=\"accordion-item\">\n\t\t<a id=\"accordion-1459393079-label\" class=\"accordion-title plain\" href=\"#accordion-item-shape-bar-im-vergleich-mit-anderen-riegeln\" aria-expanded=\"false\" aria-controls=\"accordion-1459393079-content\">\n\t\t\t<button class=\"toggle\" aria-label=\"Basculer\"><i class=\"icon-angle-down\" aria-hidden=\"true\"><\/i><\/button>\n\t\t\t<span>Comparaison de Shape Bar avec d'autres barres<\/span>\n\t\t<\/a>\n\t\t<div id=\"accordion-1459393079-content\" class=\"accordion-inner\" aria-labelledby=\"accordion-1459393079-label\">\n\t\t\t\n\t<div class=\"img has-hover x md-x lg-x y md-y lg-y\" id=\"image_457273853\">\n\t\t\t\t\t\t\t\t<div class=\"img-inner dark\" >\n\t\t\t<img decoding=\"async\" width=\"400\" height=\"400\" src=\"https:\/\/fitnfemale.com\/wp-content\/uploads\/shape-bar-vs-standart-3-400x400.jpg\" class=\"attachment-medium size-medium\" alt=\"Barre de forme vs standard\" srcset=\"https:\/\/fitnfemale.com\/wp-content\/uploads\/shape-bar-vs-standart-3-400x400.jpg 400w, https:\/\/fitnfemale.com\/wp-content\/uploads\/shape-bar-vs-standart-3-200x200.jpg 200w, https:\/\/fitnfemale.com\/wp-content\/uploads\/shape-bar-vs-standart-3-510x510.jpg 510w, https:\/\/fitnfemale.com\/wp-content\/uploads\/shape-bar-vs-standart-3-280x280.jpg 280w, https:\/\/fitnfemale.com\/wp-content\/uploads\/shape-bar-vs-standart-3-768x768.jpg 768w, https:\/\/fitnfemale.com\/wp-content\/uploads\/shape-bar-vs-standart-3-12x12.jpg 12w, https:\/\/fitnfemale.com\/wp-content\/uploads\/shape-bar-vs-standart-3-130x130.jpg 130w, https:\/\/fitnfemale.com\/wp-content\/uploads\/shape-bar-vs-standart-3-150x150.jpg 150w, https:\/\/fitnfemale.com\/wp-content\/uploads\/shape-bar-vs-standart-3.jpg 800w\" sizes=\"(max-width: 400px) 100vw, 400px\" \/>\t\t\t\t\t\t\n\t\t\t\t\t<\/div>\n\t\t\t\t\t\t\t\t\n<style>\n#image_457273853 {\n  width: 100%;\n}\n<\/style>\n\t<\/div>\n\t\n\t\t<\/div>\n\t<\/div>\n\t\n\t<div id=\"accordion-1471175205\" class=\"accordion-item\">\n\t\t<a id=\"accordion-1471175205-label\" class=\"accordion-title plain\" href=\"#accordion-item-was-kann-helfen-f\u00fcr-die-umstellung\" aria-expanded=\"false\" aria-controls=\"accordion-1471175205-content\">\n\t\t\t<button class=\"toggle\" aria-label=\"Basculer\"><i class=\"icon-angle-down\" aria-hidden=\"true\"><\/i><\/button>\n\t\t\t<span>Ce qui peut aider \u00e0 la transition<\/span>\n\t\t<\/a>\n\t\t<div id=\"accordion-1471175205-content\" class=\"accordion-inner\" aria-labelledby=\"accordion-1471175205-label\">\n\t\t\t\n<ul>\n<li class=\"bullet-star\">Un bol de l\u00e9gumes frais apr\u00e8s la barre (tomates, concombres, radis,..) peu de calories et on a quand m\u00eame quelque chose \u00e0 croquer<\/li>\n<li class=\"bullet-star\">Passe le week-end.<\/li>\n<\/ul>\n\t\t<\/div>\n\t<\/div>\n\t\n\t<div id=\"accordion-731857243\" class=\"accordion-item\">\n\t\t<a id=\"accordion-731857243-label\" class=\"accordion-title plain\" href=\"#accordion-item-es-ist-simpel-und-f\u00fchrt-schnell-zu-sichtbaren-erfolgen.\" aria-expanded=\"false\" aria-controls=\"accordion-731857243-content\">\n\t\t\t<button class=\"toggle\" aria-label=\"Basculer\"><i class=\"icon-angle-down\" aria-hidden=\"true\"><\/i><\/button>\n\t\t\t<span>C'est simple et cela permet d'obtenir rapidement des r\u00e9sultats visibles.<\/span>\n\t\t<\/a>\n\t\t<div id=\"accordion-731857243-content\" class=\"accordion-inner\" aria-labelledby=\"accordion-731857243-label\">\n\t\t\t\n<p>Perdre du poids rapidement et durablement avec la Shape Bar. Le principe le plus simple et l'alpha et l'om\u00e9ga de la perte de poids est le d\u00e9ficit calorique. Mais il y a beaucoup de choses \u00e0 ne pas faire. Dans le pire des cas, le corps se met en mode de protection et\/ou tombe malade ou se fatigue en raison de sympt\u00f4mes de carence. La Shape Bar veille \u00e0 ce que cela ne se produise pas. La barre est strictement conforme au r\u00e8glement di\u00e9t\u00e9tique de l'UE et contient, entre autres, les valeurs nutritives, les min\u00e9raux et les vitamines qui remplacent enti\u00e8rement un repas.<\/p>\n\t\t<\/div>\n\t<\/div>\n\t\n\t<div id=\"accordion-1540849627\" class=\"accordion-item\">\n\t\t<a id=\"accordion-1540849627-label\" class=\"accordion-title plain\" href=\"#accordion-item-alle-n\u00e4hrwerte-\/-vitamine-und-mineralien\" aria-expanded=\"false\" aria-controls=\"accordion-1540849627-content\">\n\t\t\t<button class=\"toggle\" aria-label=\"Basculer\"><i class=\"icon-angle-down\" aria-hidden=\"true\"><\/i><\/button>\n\t\t\t<span>Toutes les valeurs nutritives \/ vitamines et min\u00e9raux<\/span>\n\t\t<\/a>\n\t\t<div id=\"accordion-1540849627-content\" class=\"accordion-inner\" aria-labelledby=\"accordion-1540849627-label\">\n\t\t\t\n\t<div class=\"img has-hover x md-x lg-x y md-y lg-y\" id=\"image_1501025507\">\n\t\t\t\t\t\t\t\t<div class=\"img-inner dark\" >\n\t\t\t<img decoding=\"async\" width=\"800\" height=\"800\" src=\"https:\/\/fitnfemale.com\/wp-content\/uploads\/shape-bar-specs-800x800.jpg\" class=\"attachment-large size-large\" alt=\"Sp\u00e9cifications de la barre de forme\" srcset=\"https:\/\/fitnfemale.com\/wp-content\/uploads\/shape-bar-specs-800x800.jpg 800w, https:\/\/fitnfemale.com\/wp-content\/uploads\/shape-bar-specs-200x200.jpg 200w, https:\/\/fitnfemale.com\/wp-content\/uploads\/shape-bar-specs-1000x1000.jpg 1000w, https:\/\/fitnfemale.com\/wp-content\/uploads\/shape-bar-specs-400x400.jpg 400w, https:\/\/fitnfemale.com\/wp-content\/uploads\/shape-bar-specs-280x280.jpg 280w, https:\/\/fitnfemale.com\/wp-content\/uploads\/shape-bar-specs-768x768.jpg 768w, https:\/\/fitnfemale.com\/wp-content\/uploads\/shape-bar-specs-12x12.jpg 12w, https:\/\/fitnfemale.com\/wp-content\/uploads\/shape-bar-specs.jpg 1327w\" sizes=\"(max-width: 800px) 100vw, 800px\" \/>\t\t\t\t\t\t\n\t\t\t\t\t<\/div>\n\t\t\t\t\t\t\t\t\n<style>\n#image_1501025507 {\n  width: 100%;\n}\n<\/style>\n\t<\/div>\n\t\n\t\t<\/div>\n\t<\/div>\n\t\n\t<div id=\"accordion-26759922\" class=\"accordion-item\">\n\t\t<a id=\"accordion-26759922-label\" class=\"accordion-title plain\" href=\"#accordion-item-wieso-wurde-die-kalorienanzahl-tief---auf-212-kcal---gehalten?\" aria-expanded=\"false\" aria-controls=\"accordion-26759922-content\">\n\t\t\t<button class=\"toggle\" aria-label=\"Basculer\"><i class=\"icon-angle-down\" aria-hidden=\"true\"><\/i><\/button>\n\t\t\t<span>Pourquoi le nombre de calories est-il rest\u00e9 bas, \u00e0 212 kcal ?<\/span>\n\t\t<\/a>\n\t\t<div id=\"accordion-26759922-content\" class=\"accordion-inner\" aria-labelledby=\"accordion-26759922-label\">\n\t\t\t\n<p>C'est tr\u00e8s simple : si l'on a d\u00e9j\u00e0 la motivation et la volont\u00e9 de remplacer un repas par jour par une barre, cela doit aussi donner des r\u00e9sultats. Les premiers jours, c'est clairement un changement (pour le corps et l'esprit) si l'on \u00e9tait habitu\u00e9 \u00e0 un repas de 400-500kcal. Toutefois, avec cette barre, on a la certitude que le corps continue \u00e0 recevoir suffisamment de glucides, de prot\u00e9ines, de graisses, de vitamines et de min\u00e9raux malgr\u00e9 le d\u00e9ficit calorique. Le corps s'habitue \u00e0 ce changement au bout de quelques jours (en g\u00e9n\u00e9ral 3-4).<\/p>\n\t\t<\/div>\n\t<\/div>\n\t\n<\/div>\n\n\t<section class=\"section\" id=\"section_2001501186\">\n\t\t<div class=\"section-bg fill\" >\n\t\t\t\t\t\t\t\t\t<div class=\"effect-sliding-glass bg-effect fill no-click\"><\/div>\n\t\t\t\n\n\t\t<\/div>\n\n\t\t\t<div class=\"ux-shape-divider ux-shape-divider--top ux-shape-divider--style-triangle-invert\">\n\t\t<svg viewbox=\"0 0 1000 100\" xmlns=\"http:\/\/www.w3.org\/2000\/svg\" preserveaspectratio=\"none\">\n\t<path class=\"ux-shape-fill\" d=\"M500 95.6L0 0V100H1000V0L500 95.6Z\"\/>\n<\/svg>\n\t<\/div>\n\n\t<div class=\"ux-shape-divider ux-shape-divider--bottom ux-shape-divider--style-fan\">\n\t\t<svg viewbox=\"0 0 1000 100\" xmlns=\"http:\/\/www.w3.org\/2000\/svg\" preserveaspectratio=\"none\">\n  <path class=\"ux-shape-fill\" d=\"M500 50L1067.25 102.5H-67.2466L500 50Z\"\/>\n  <path class=\"ux-shape-fill\" opacity=\"0.15\" d=\"M1011 2.70583L500 50.0001L-12 2.61328V105H1011V2.70583Z\"\/>\n  <path class=\"ux-shape-fill\" opacity=\"0.3\" d=\"M-13 50H1010V105H-13V50Z\"\/>\n<\/svg>\n\t<\/div>\n\n\t\t<div class=\"section-content relative\">\n\t\t\t\n\t<div id=\"text-2049316909\" class=\"text\">\n\t\t\n<h2 class=\"uppercase\">Il n'y a pas de meilleures valeurs pour un repas complet.<\/h2>\n\t\t\n<style>\n#text-2049316909 {\n  font-size: 0.85rem;\n  text-align: center;\n  color: rgb(255,255,255);\n}\n#text-2049316909 > * {\n  color: rgb(255,255,255);\n}\n<\/style>\n\t<\/div>\n\t\n\t<div id=\"gap-575354055\" class=\"gap-element clearfix\" style=\"display:block; height:auto;\">\n\t\t\n<style>\n#gap-575354055 {\n  padding-top: 11px;\n}\n@media (min-width:550px) {\n  #gap-575354055 {\n    padding-top: 30px;\n  }\n}\n<\/style>\n\t<\/div>\n\t\n<div class=\"row row-small align-middle align-center row-box-shadow-3 row-box-shadow-5-hover\"  id=\"row-939657047\">\n\n\t<div id=\"col-1959036329\" class=\"col medium-4 small-12 large-4\"  >\n\t\t\t\t<div class=\"col-inner\" style=\"background-color:#F9E7F0;\" >\n\t\t\t\n\t\t\t\n\t<div id=\"text-2246721557\" class=\"text\">\n\t\t\n<h2><span class=\"count-up\">204<\/span>kcal<\/h2>\n<p><small class=\"uppercase\">Calories<\/small><\/p>\n\t\t\n<style>\n#text-2246721557 {\n  font-size: 1.3rem;\n  text-align: center;\n}\n<\/style>\n\t<\/div>\n\t\n\t\t<\/div>\n\t\t\t\t\n<style>\n#col-1959036329 > .col-inner {\n  padding: 20px 0px 0px 0px;\n  margin: 0px 0px 20px 0px;\n  border-radius: 100px;\n}\n@media (min-width:550px) {\n  #col-1959036329 > .col-inner {\n    padding: 30px 0px 20px 0px;\n  }\n}\n<\/style>\n\t<\/div>\n\n\t\n\n\t<div id=\"col-157820221\" class=\"col medium-4 small-12 large-4\"  >\n\t\t\t\t<div class=\"col-inner\" style=\"background-color:#F9E7F0;\" >\n\t\t\t\n\t\t\t\n\t<div id=\"text-406032301\" class=\"text\">\n\t\t\n<h2><span class=\"count-up\">15,0<\/span>g<\/h2>\n<p><small class=\"uppercase\">Prot\u00e9ine<\/small><\/p>\n\t\t\n<style>\n#text-406032301 {\n  font-size: 1.3rem;\n  text-align: center;\n}\n<\/style>\n\t<\/div>\n\t\n\t\t<\/div>\n\t\t\t\t\n<style>\n#col-157820221 > .col-inner {\n  padding: 20px 0px 0px 0px;\n  margin: 0px 0px 20px 0px;\n  border-radius: 100px;\n}\n@media (min-width:550px) {\n  #col-157820221 > .col-inner {\n    padding: 30px 0px 20px 0px;\n  }\n}\n<\/style>\n\t<\/div>\n\n\t\n\n\t<div id=\"col-765278230\" class=\"col medium-4 small-12 large-4\"  >\n\t\t\t\t<div class=\"col-inner\" style=\"background-color:#F9E7F0;\" >\n\t\t\t\n\t\t\t\n\t<div id=\"text-1972170248\" class=\"text\">\n\t\t\n<h2><span class=\"count-up\">19,4<\/span>g<\/h2>\n<p><small class=\"uppercase\">Glucides<\/small><\/p>\n\t\t\n<style>\n#text-1972170248 {\n  font-size: 1.3rem;\n  text-align: center;\n}\n<\/style>\n\t<\/div>\n\t\n\t\t<\/div>\n\t\t\t\t\n<style>\n#col-765278230 > .col-inner {\n  padding: 20px 0px 0px 0px;\n  margin: 0px 0px 0px 0px;\n  border-radius: 100px;\n}\n@media (min-width:550px) {\n  #col-765278230 > .col-inner {\n    padding: 30px 0px 20px 0px;\n  }\n}\n<\/style>\n\t<\/div>\n\n\t\n<\/div>\n\t\t<\/div>\n\n\t\t\n<style>\n#section_2001501186 {\n  padding-top: 30px;\n  padding-bottom: 30px;\n  background-color: #c29ca0;\n}\n#section_2001501186 .ux-shape-divider--top svg {\n  height: 249px;\n  --divider-top-width: 100%;\n}\n#section_2001501186 .ux-shape-divider--top .ux-shape-fill {\n  fill: #c29ca0;\n}\n#section_2001501186 .ux-shape-divider--bottom svg {\n  height: 20px;\n  --divider-width: 100%;\n}\n@media (min-width:550px) {\n  #section_2001501186 .ux-shape-divider--top svg {\n    height: 91px;\n  }\n  #section_2001501186 .ux-shape-divider--bottom svg {\n    height: 56px;\n  }\n}\n<\/style>\n\t<\/section>\n\t\n\t<div id=\"gap-1857539994\" class=\"gap-element clearfix show-for-small\" style=\"display:block; height:auto;\">\n\t\t\n<style>\n#gap-1857539994 {\n  padding-top: 73px;\n}\n<\/style>\n\t<\/div>","protected":false},"excerpt":{"rendered":"<h2>Oui, je veux un d\u00e9licieux en-cas pour perdre du poids !<\/h2>\n<h4>La Shape Bar est une barre de remplacement de repas compl\u00e8te, bourr\u00e9e de vitamines et de min\u00e9raux, de prot\u00e9ines, de glucides et de graisses sains, qui aide \u00e0 contr\u00f4ler le poids. Avec seulement 212 calories par barre, elle constitue un choix id\u00e9al pour ceux qui souhaitent surveiller leur apport calorique. Son d\u00e9licieux go\u00fbt de caramel, associ\u00e9 \u00e0 des crispies croustillantes et \u00e0 un d\u00e9licieux enrobage de chocolat, te ravira.<\/h4>\n<ul>\n<li class=\"bullet-star\">Une combinaison parfaite de saveurs et de nutriments<\/li>\n<li class=\"bullet-star\">24 vitamines et min\u00e9raux pour une alimentation compl\u00e8te<\/li>\n<li class=\"bullet-star\">Conforme au r\u00e8glement di\u00e9t\u00e9tique de l'UE 2016\/1413<\/li>\n<li class=\"bullet-star\">Optimal pour remplacer le petit-d\u00e9jeuner, le d\u00e9jeuner ou le d\u00eener<\/li>\n<li class=\"bullet-star\">Peut contribuer \u00e0 la perte de poids dans le cadre d'une alimentation \u00e9quilibr\u00e9e, tout en apportant des nutriments essentiels \u00e0 l'organisme.<\/li>\n<li class=\"bullet-star\">Simple et pratique - Remplace au maximum un repas par jour.<\/li>\n<\/ul>","protected":false},"featured_media":698343,"comment_status":"open","ping_status":"closed","template":"","meta":{"slim_seo":{"title":"Shape Bars - Caramel Crisp - FitNFemale\u00ae","description":"Oui, je veux une d\u00e9licieuse collation pour perdre du poids ! La barre Shape est un substitut de repas complet, riche en vitamines, min\u00e9raux et prot\u00e9ines."}},"product_brand":[],"product_cat":[6364,317,6629,292,1054],"product_tag":[],"class_list":{"0":"post-547016","1":"product","2":"type-product","3":"status-publish","4":"has-post-thumbnail","6":"product_cat-promo-30","7":"product_cat-abnehmen","8":"product_cat-basic","9":"product_cat-food","10":"product_cat-snacks","11":"pa_anwendungsbereiche-weightloss","12":"pa_anwendungsbereiche-meal-replacement","13":"pa_anwendungsbereiche-shaping","14":"pa_marke-fitnfemale","15":"pa_misc-aspartamfree","16":"pa_misc-glutenfree","17":"pa_product-amount-10-riegel-mahlzeiten","18":"pa_schwangerschaft-nicht-geeignet","19":"pa_stillzeit-geeignet","20":"pa_vegan-nein","22":"first","23":"instock","24":"sale","25":"featured","26":"taxable","27":"shipping-taxable","28":"purchasable","29":"product-type-bundle"},"bundled_by":[],"bundle_stock_status":"insufficientstock","bundle_stock_quantity":0,"bundle_virtual":false,"bundle_layout":"default","bundle_add_to_cart_form_location":"default","bundle_editable_in_cart":false,"bundle_sold_individually_context":"product","bundle_item_grouping":"parent","bundle_min_size":"","bundle_max_size":"","bundle_price":{"price":{"min":{"incl_tax":"20.25","excl_tax":"19.736842"},"max":{"incl_tax":"20.25","excl_tax":"19.736842"}},"regular_price":{"min":{"incl_tax":"28.9","excl_tax":"28.167641"},"max":{"incl_tax":"28.9","excl_tax":"28.167641"}}},"bundled_items":[{"bundled_item_id":275,"product_id":545706,"menu_order":0,"quantity_min":10,"quantity_max":10,"quantity_default":10,"priced_individually":false,"shipped_individually":false,"override_title":false,"title":"Shape Bar - Croustillant au caramel","override_description":true,"description":"","optional":false,"hide_thumbnail":true,"discount":"","override_variations":false,"allowed_variations":[],"override_default_variation_attributes":false,"default_variation_attributes":[],"single_product_visibility":"hidden","cart_visibility":"hidden","order_visibility":"hidden","single_product_price_visibility":"visible","cart_price_visibility":"visible","order_price_visibility":"visible","stock_status":"out_of_stock"}],"bundle_sell_ids":[],"gallery_images":[737401,739475,612934,570981],"_links":{"self":[{"href":"https:\/\/fitnfemale.com\/fr\/wp-json\/wp\/v2\/product\/547016","targetHints":{"allow":["GET"]}}],"collection":[{"href":"https:\/\/fitnfemale.com\/fr\/wp-json\/wp\/v2\/product"}],"about":[{"href":"https:\/\/fitnfemale.com\/fr\/wp-json\/wp\/v2\/types\/product"}],"replies":[{"embeddable":true,"href":"https:\/\/fitnfemale.com\/fr\/wp-json\/wp\/v2\/comments?post=547016"}],"wp:featuredmedia":[{"embeddable":true,"href":"https:\/\/fitnfemale.com\/fr\/wp-json\/wp\/v2\/media\/698343"}],"wp:attachment":[{"href":"https:\/\/fitnfemale.com\/fr\/wp-json\/wp\/v2\/media?parent=547016"}],"wp:term":[{"taxonomy":"product_brand","embeddable":true,"href":"https:\/\/fitnfemale.com\/fr\/wp-json\/wp\/v2\/product_brand?post=547016"},{"taxonomy":"product_cat","embeddable":true,"href":"https:\/\/fitnfemale.com\/fr\/wp-json\/wp\/v2\/product_cat?post=547016"},{"taxonomy":"product_tag","embeddable":true,"href":"https:\/\/fitnfemale.com\/fr\/wp-json\/wp\/v2\/product_tag?post=547016"}],"curies":[{"name":"wp","href":"https:\/\/api.w.org\/{rel}","templated":true}]}}