{"id":540344,"date":"2020-09-22T20:12:00","date_gmt":"2020-09-22T19:12:00","guid":{"rendered":"https:\/\/fitnfemale.com\/?post_type=product&#038;p=540344"},"modified":"2026-04-26T17:12:37","modified_gmt":"2026-04-26T16:12:37","slug":"biotics-supermix","status":"publish","type":"product","link":"https:\/\/fitnfemale.com\/fr\/produit\/biotics-supermix\/","title":{"rendered":"Biotics Supermix"},"content":{"rendered":"<div class=\"img has-hover img-details x md-x lg-x y md-y lg-y\" id=\"image_536744625\">\n\t\t\t\t\t\t\t\t<div class=\"img-inner dark\" >\n\t\t\t<img decoding=\"async\" width=\"1020\" height=\"569\" src=\"https:\/\/fitnfemale.com\/wp-content\/uploads\/biotics-supermix-closeup3.webp\" class=\"attachment-large size-large\" alt=\"Gros plan du supermix biotique 3\" srcset=\"https:\/\/fitnfemale.com\/wp-content\/uploads\/biotics-supermix-closeup3.webp 1376w, https:\/\/fitnfemale.com\/wp-content\/uploads\/biotics-supermix-closeup3-717x400.webp 717w, https:\/\/fitnfemale.com\/wp-content\/uploads\/biotics-supermix-closeup3-768x429.webp 768w, https:\/\/fitnfemale.com\/wp-content\/uploads\/biotics-supermix-closeup3-18x10.webp 18w, https:\/\/fitnfemale.com\/wp-content\/uploads\/biotics-supermix-closeup3-1000x558.webp 1000w\" sizes=\"(max-width: 1020px) 100vw, 1020px\" \/>\t\t\t\t\t\t\n\t\t\t\t\t<\/div>\n\t\t\t\t\t\t\t\t\n<style>\n#image_536744625 {\n  width: 100%;\n}\n<\/style>\n\t<\/div>\n\t\n<p>Pour un r\u00e9sultat optimal, nous recommandons un temps d&#039;activation de 10 minutes. Essayez notre boisson innovante Supermix pour un bien-\u00eatre intestinal optimal.<\/p>\n<div class=\"accordion\">\n\t<div id=\"accordion-3484422799\" class=\"accordion-item\">\n\t\t<a id=\"accordion-3484422799-label\" class=\"accordion-title plain\" href=\"#accordion-item-wie-darmbakterien-unser-k\u00f6rpergewicht-beeinflussen\" aria-expanded=\"false\" aria-controls=\"accordion-3484422799-content\">\n\t\t\t<button class=\"toggle\" aria-label=\"Basculer\"><i class=\"icon-angle-down\" aria-hidden=\"true\"><\/i><\/button>\n\t\t\t<span>Comment les bact\u00e9ries intestinales influencent notre poids corporel<\/span>\n\t\t<\/a>\n\t\t<div id=\"accordion-3484422799-content\" class=\"accordion-inner\" aria-labelledby=\"accordion-3484422799-label\">\n\t\t\t\n\t<div class=\"img has-hover x md-x lg-x y md-y lg-y\" id=\"image_1367141555\">\n\t\t\t\t\t\t\t\t<div class=\"img-inner dark\" >\n\t\t\t<img decoding=\"async\" width=\"400\" height=\"400\" src=\"https:\/\/fitnfemale.com\/wp-content\/uploads\/biotics-back-infai1-1-400x400.webp\" class=\"attachment-medium size-medium\" alt=\"Biotiques retour infai1 (1)\" srcset=\"https:\/\/fitnfemale.com\/wp-content\/uploads\/biotics-back-infai1-1-400x400.webp 400w, https:\/\/fitnfemale.com\/wp-content\/uploads\/biotics-back-infai1-1-801x800.webp 801w, https:\/\/fitnfemale.com\/wp-content\/uploads\/biotics-back-infai1-1-280x280.webp 280w, https:\/\/fitnfemale.com\/wp-content\/uploads\/biotics-back-infai1-1-768x767.webp 768w, https:\/\/fitnfemale.com\/wp-content\/uploads\/biotics-back-infai1-1-12x12.webp 12w, https:\/\/fitnfemale.com\/wp-content\/uploads\/biotics-back-infai1-1-1000x999.webp 1000w, https:\/\/fitnfemale.com\/wp-content\/uploads\/biotics-back-infai1-1-200x200.webp 200w, https:\/\/fitnfemale.com\/wp-content\/uploads\/biotics-back-infai1-1-120x120.webp 120w, https:\/\/fitnfemale.com\/wp-content\/uploads\/biotics-back-infai1-1.webp 1500w\" sizes=\"(max-width: 400px) 100vw, 400px\" \/>\t\t\t\t\t\t\n\t\t\t\t\t<\/div>\n\t\t\t\t\t\t\t\t\n<style>\n#image_1367141555 {\n  width: 100%;\n}\n<\/style>\n\t<\/div>\n\t\n<p>Notre capacit\u00e9 \u00e0 maintenir ou \u00e0 prendre du poids d\u00e9pend \u00e9galement des micro-organismes pr\u00e9sents dans notre intestin. Ces derniers influencent la quantit\u00e9 de calories que nous absorbons et la mani\u00e8re dont cette \u00e9nergie est utilis\u00e9e.<\/p>\n<p>Ce n&#039;est pas seulement la quantit\u00e9 et le type d&#039;aliments que nous consommons qui d\u00e9terminent notre poids. Le devenir de ces aliments dans notre organisme est tout aussi important. Les milliards de microbes pr\u00e9sents dans notre intestin jouent un r\u00f4le crucial dans la digestion.<\/p>\n\t\t<\/div>\n\t<\/div>\n\t\n\t<div id=\"accordion-730926517\" class=\"accordion-item\">\n\t\t<a id=\"accordion-730926517-label\" class=\"accordion-title plain\" href=\"#accordion-item-die-perfekte-einnahme-von-biotics-supermix\" aria-expanded=\"false\" aria-controls=\"accordion-730926517-content\">\n\t\t\t<button class=\"toggle\" aria-label=\"Basculer\"><i class=\"icon-angle-down\" aria-hidden=\"true\"><\/i><\/button>\n\t\t\t<span>La prise parfaite de Biotics Supermix<\/span>\n\t\t<\/a>\n\t\t<div id=\"accordion-730926517-content\" class=\"accordion-inner\" aria-labelledby=\"accordion-730926517-label\">\n\t\t\t\n<ul>\n<li class=\"bullet-arrow\">Biotics Supermix doit toujours \u00eatre pris s\u00e9par\u00e9ment des repas, de pr\u00e9f\u00e9rence le matin, apr\u00e8s le r\u00e9veil, \u00e0 jeun.<\/li>\n<li class=\"bullet-arrow\">Apr\u00e8s la prise, il faut attendre au moins 30 minutes avant le prochain repas.<\/li>\n<li class=\"bullet-arrow\">La prise avant le sommeil est une alternative \u00e0 la prise matinale. Dans ce cas, il faut veiller \u00e0 ce que le dernier repas remonte \u00e0 2 ou 3 heures.<\/li>\n<li class=\"bullet-arrow\">Respecter le temps d'activation de 10 minutes (voir d\u00e9tails ci-dessus)<\/li>\n<\/ul>\n\t\t<\/div>\n\t<\/div>\n\t\n\t<div id=\"accordion-3821787583\" class=\"accordion-item\">\n\t\t<a id=\"accordion-3821787583-label\" class=\"accordion-title plain\" href=\"#accordion-item-was-sind-flohsamenschalen?\" aria-expanded=\"false\" aria-controls=\"accordion-3821787583-content\">\n\t\t\t<button class=\"toggle\" aria-label=\"Basculer\"><i class=\"icon-angle-down\" aria-hidden=\"true\"><\/i><\/button>\n\t\t\t<span>Que sont les enveloppes de psyllium ?<\/span>\n\t\t<\/a>\n\t\t<div id=\"accordion-3821787583-content\" class=\"accordion-inner\" aria-labelledby=\"accordion-3821787583-label\">\n\t\t\t\n<p>Il n'est pas surprenant que les cosses de psyllium soient si populaires. Mais qu'y a-t-il derri\u00e8re tout cela ? En fait, il s'agit des enveloppes des graines des plantes appel\u00e9es <em>Plantago ovata<\/em>. Cette esp\u00e8ce de plantain est apparent\u00e9e, entre autres, au plantain lanc\u00e9ol\u00e9 et au plantain maritime, qui sont bien connus dans ce pays.<\/p>\n<p>\u00c0 l&#039;origine, le <em>Plantago ovata<\/em> Originaires d&#039;Inde et du Pakistan, les graines de psyllium sont souvent vendues sous l&#039;appellation de \u201e graines de psyllium indien \u201c. Leur nom provient de la capsule \u00e0 deux compartiments qui renferme des graines elliptiques ressemblant \u00e0 des puces.<\/p>\n\t\t<\/div>\n\t<\/div>\n\t\n\t<div id=\"accordion-1787389477\" class=\"accordion-item\">\n\t\t<a id=\"accordion-1787389477-label\" class=\"accordion-title plain\" href=\"#accordion-item-was-bewirken-flohsamenschalen?\" aria-expanded=\"false\" aria-controls=\"accordion-1787389477-content\">\n\t\t\t<button class=\"toggle\" aria-label=\"Basculer\"><i class=\"icon-angle-down\" aria-hidden=\"true\"><\/i><\/button>\n\t\t\t<span>Quel est l'effet des enveloppes de psyllium ?<\/span>\n\t\t<\/a>\n\t\t<div id=\"accordion-1787389477-content\" class=\"accordion-inner\" aria-labelledby=\"accordion-1787389477-label\">\n\t\t\t\n<p>Les enveloppes du psyllium ont la propri\u00e9t\u00e9 de gonfler fortement au contact de l'eau. La couche ext\u00e9rieure compos\u00e9e de mol\u00e9cules de sucre \u00e0 longue cha\u00eene retient alors beaucoup d'eau, ce qui multiplie le volume des enveloppes. Contrairement au psyllium entier, dont le volume est multipli\u00e9 par neuf au contact d'un liquide, l'indice de gonflement des enveloppes est de 40.<\/p>\n<p>En outre, la teneur en fibres des enveloppes de psyllium est nettement plus \u00e9lev\u00e9e que celle du psyllium. Parall\u00e8lement, une sorte de mucilage se forme lors du gonflement des enveloppes. Ce dernier se d\u00e9pose comme une couche protectrice sur les muqueuses de la paroi intestinale, ce qui permet entre autres de pr\u00e9venir les irritations.<\/p>\n\t\t<\/div>\n\t<\/div>\n\t\n\t<div id=\"accordion-805828137\" class=\"accordion-item\">\n\t\t<a id=\"accordion-805828137-label\" class=\"accordion-title plain\" href=\"#accordion-item-welche-vorteile-haben-flohsamenschalen?\" aria-expanded=\"false\" aria-controls=\"accordion-805828137-content\">\n\t\t\t<button class=\"toggle\" aria-label=\"Basculer\"><i class=\"icon-angle-down\" aria-hidden=\"true\"><\/i><\/button>\n\t\t\t<span>Quels sont les avantages des enveloppes de psyllium ?<\/span>\n\t\t<\/a>\n\t\t<div id=\"accordion-805828137-content\" class=\"accordion-inner\" aria-labelledby=\"accordion-805828137-label\">\n\t\t\t\n<p>Gr\u00e2ce \u00e0 la combinaison du pouvoir gonflant, de la teneur en fibres et de la formation de mucilage, les enveloppes de psyllium peuvent contribuer au bien-\u00eatre g\u00e9n\u00e9ral du tractus gastro-intestinal. Par exemple, les fibres qu'il contient servent de nourriture aux bact\u00e9ries pr\u00e9sentes dans l'intestin, ce qui peut contribuer \u00e0 maintenir la flore intestinale en bonne sant\u00e9.<\/p>\n<p>En outre, le mucilage s\u00e9cr\u00e9t\u00e9 ne pr\u00e9vient pas seulement les irritations de la muqueuse, mais il contribuerait \u00e9galement \u00e0 lier les substances nocives. En outre, l'utilisation de peaux de psyllium peut contribuer \u00e0 consolider les selles en cas de troubles intestinaux tels que la diarrh\u00e9e. En revanche, les enveloppes de psyllium sont \u00e9galement tr\u00e8s appr\u00e9ci\u00e9es en cas de constipation. Dans ce cas, le gonflement augmente le volume des selles et peut ainsi contribuer \u00e0 favoriser le mouvement naturel de l'intestin.<\/p>\n<p>Comme le psyllium gonfle fortement, tu dois boire beaucoup de liquide tout au long de la journ\u00e9e. Deux \u00e0 trois litres sont n\u00e9cessaires pour que les graines puissent d\u00e9ployer leurs effets.<\/p>\n<p>Remarque : en cas de maladie chronique, il est conseill\u00e9 de consulter un m\u00e9decin avant de prendre du psyllium afin de d\u00e9terminer les interactions possibles avec les m\u00e9dicaments.<\/p>\n\t\t<\/div>\n\t<\/div>\n\t\n\t<div id=\"accordion-3838687590\" class=\"accordion-item\">\n\t\t<a id=\"accordion-3838687590-label\" class=\"accordion-title plain\" href=\"#accordion-item-was-bedeutet-aktivierungszeit?\" aria-expanded=\"false\" aria-controls=\"accordion-3838687590-content\">\n\t\t\t<button class=\"toggle\" aria-label=\"Basculer\"><i class=\"icon-angle-down\" aria-hidden=\"true\"><\/i><\/button>\n\t\t\t<span>Que signifie le temps d'activation ?<\/span>\n\t\t<\/a>\n\t\t<div id=\"accordion-3838687590-content\" class=\"accordion-inner\" aria-labelledby=\"accordion-3838687590-label\">\n\t\t\t\n<p>Il est judicieux de laisser reposer la boisson pr\u00e9par\u00e9e pendant 10 minutes avant de la consommer. Ainsi, les bact\u00e9ries intestinales qu'elle contient peuvent se d\u00e9velopper de mani\u00e8re optimale.<\/p>\n\t\t<\/div>\n\t<\/div>\n\t\n\t<div id=\"accordion-1214131069\" class=\"accordion-item\">\n\t\t<a id=\"accordion-1214131069-label\" class=\"accordion-title plain\" href=\"#accordion-item-allgemeines-zu-darmbakterien\" aria-expanded=\"false\" aria-controls=\"accordion-1214131069-content\">\n\t\t\t<button class=\"toggle\" aria-label=\"Basculer\"><i class=\"icon-angle-down\" aria-hidden=\"true\"><\/i><\/button>\n\t\t\t<span>G\u00e9n\u00e9ralit\u00e9s sur les bact\u00e9ries intestinales<\/span>\n\t\t<\/a>\n\t\t<div id=\"accordion-1214131069-content\" class=\"accordion-inner\" aria-labelledby=\"accordion-1214131069-label\">\n\t\t\t\n<p>De nombreuses personnes associent encore les bact\u00e9ries \u00e0 quelque chose de n\u00e9gatif et pensent que toutes les bact\u00e9ries sans exception sont nocives. Si ces m\u00eames personnes savaient qu'un \u00eatre humain moyen est constitu\u00e9 d'un ensemble d'environ 1,5 kilogramme de bact\u00e9ries, elles auraient probablement l'estomac retourn\u00e9. Ces bact\u00e9ries, qui appartiennent \u00e0 400-500 esp\u00e8ces au total, sont tout sauf nocives pour nous.<\/p>\n<p>Une grande partie de ces bact\u00e9ries vit dans notre intestin et est indispensable \u00e0 notre vie. Connues \u00e9galement sous le nom de flore intestinale, elles effectuent de nombreuses t\u00e2ches importantes, comme la d\u00e9composition des composants alimentaires. Sans notre flore intestinale, nous ne pourrions absorber qu'une fraction des nutriments. En outre, les \"bonnes\" bact\u00e9ries emp\u00eachent les bact\u00e9ries potentiellement nocives de se multiplier de mani\u00e8re incontr\u00f4l\u00e9e dans l'intestin.<\/p>\n<p>C'est pourquoi il est important de maintenir en permanence l'\u00e9quilibre de notre flore intestinale. Il est d'autant plus important de restaurer une flore intestinale endommag\u00e9e apr\u00e8s un traitement antibiotique. Apr\u00e8s tout, les substances actives correspondantes ne font gu\u00e8re d'exception entre les bact\u00e9ries \"utiles\" et \"nuisibles\". Mais avant de te dire ce que tu dois faire, tu dois d'abord reconna\u00eetre les sympt\u00f4mes d'une flore intestinale perturb\u00e9e.<\/p>\n<p>Tu trouveras plus d'informations sur le sujet dans l'article sp\u00e9cialis\u00e9 <a href=\"https:\/\/fitnfemale.com\/fr\/darmgesundheit-die-besten-strategien-fuer-einen-gesunden-darm\/\" target=\"_blank\" rel=\"noopener noreferrer\">Sant\u00e9 intestinale - Les meilleures strat\u00e9gies pour un intestin sain<\/a><\/p>\n<div id=\"tab-ux_custom_tab\" class=\"woocommerce-Tabs-panel woocommerce-Tabs-panel--ux_custom_tab panel entry-contentactive\" role=\"tabpanel\" aria-labelledby=\"tab-title-ux_custom_tab\"><\/div>\n\t\t<\/div>\n\t<\/div>\n\t\n\t<div id=\"accordion-3938711335\" class=\"accordion-item\">\n\t\t<a id=\"accordion-3938711335-label\" class=\"accordion-title plain\" href=\"#accordion-item-biotics-supermix-kombiniert-mit-anderen-produkten\" aria-expanded=\"false\" aria-controls=\"accordion-3938711335-content\">\n\t\t\t<button class=\"toggle\" aria-label=\"Basculer\"><i class=\"icon-angle-down\" aria-hidden=\"true\"><\/i><\/button>\n\t\t\t<span>Biotics Supermix combin\u00e9 avec d'autres produits<\/span>\n\t\t<\/a>\n\t\t<div id=\"accordion-3938711335-content\" class=\"accordion-inner\" aria-labelledby=\"accordion-3938711335-label\">\n\t\t\t\n<p>Biotics Supermix se combine et se prend tr\u00e8s bien avec tous les produits de FitnFemale. Les boosters et les br\u00fbleurs de graisse doivent \u00eatre pris avec un d\u00e9lai d'environ 4-5 heures. Pour une bonne sensation corporelle, nous recommandons en outre la prise de <a href=\"https:\/\/fitnfemale.com\/fr\/shop\/omega-3\/\">OMEGA 3<\/a>, <a href=\"https:\/\/fitnfemale.com\/fr\/shop\/womens-magic-mix\/\">WOMEN'S MAGIC MIX<\/a> (boisson tout-en-un pour la peau, les cheveux, les ongles, le remodelage &amp; le contr\u00f4le de l'app\u00e9tit !) ou<\/p>\n\t\t<\/div>\n\t<\/div>\n\t\n\t<div id=\"accordion-3184079065\" class=\"accordion-item\">\n\t\t<a id=\"accordion-3184079065-label\" class=\"accordion-title plain\" href=\"#accordion-item-inhaltsstoffe\" aria-expanded=\"false\" aria-controls=\"accordion-3184079065-content\">\n\t\t\t<button class=\"toggle\" aria-label=\"Basculer\"><i class=\"icon-angle-down\" aria-hidden=\"true\"><\/i><\/button>\n\t\t\t<span>Ingr\u00e9dients<\/span>\n\t\t<\/a>\n\t\t<div id=\"accordion-3184079065-content\" class=\"accordion-inner\" aria-labelledby=\"accordion-3184079065-label\">\n\t\t\t\n<table class=\"ffnf-clean-table\">\n<thead>\n<tr>\n<th>Ingr\u00e9dients<\/th>\n<th>Portion (12 g)<\/th>\n<th>\u00a0<\/th>\n<th>% NRV*<\/th>\n<\/tr>\n<\/thead>\n<tbody>\n<tr>\n<td>Lactobacillus acidophilus<\/td>\n<td>100 millions d&#039;UFC<\/td>\n<td>\u00a0<\/td>\n<td>\u2013<\/td>\n<\/tr>\n<tr>\n<td>Bifidobacterium lactis<\/td>\n<td>100 millions d&#039;UFC<\/td>\n<td>\u00a0<\/td>\n<td>\u2013<\/td>\n<\/tr>\n<tr>\n<td>enveloppes de psyllium<\/td>\n<td>5 g<\/td>\n<td>\u00a0<\/td>\n<td>\u2013<\/td>\n<\/tr>\n<tr>\n<td>inuline de chicor\u00e9e<\/td>\n<td>5 g<\/td>\n<td>\u00a0<\/td>\n<td>\u2013<\/td>\n<\/tr>\n<tr>\n<td>Vitamine C<\/td>\n<td>80 mg<\/td>\n<td>\u00a0<\/td>\n<td>100 %<\/td>\n<\/tr>\n<\/tbody>\n<\/table>\n\t\t<\/div>\n\t<\/div>\n\t\n\t<div id=\"accordion-3037325588\" class=\"accordion-item\">\n\t\t<a id=\"accordion-3037325588-label\" class=\"accordion-title plain\" href=\"#accordion-item-n\u00e4hrwerte\" aria-expanded=\"false\" aria-controls=\"accordion-3037325588-content\">\n\t\t\t<button class=\"toggle\" aria-label=\"Basculer\"><i class=\"icon-angle-down\" aria-hidden=\"true\"><\/i><\/button>\n\t\t\t<span>Valeurs nutritives<\/span>\n\t\t<\/a>\n\t\t<div id=\"accordion-3037325588-content\" class=\"accordion-inner\" aria-labelledby=\"accordion-3037325588-label\">\n\t\t\t\n<table class=\"ffnf-clean-table\">\n<thead>\n<tr>\n<th>Valeurs nutritives<\/th>\n<th>Portion (6 g)<\/th>\n<th>Portion (12 g)<\/th>\n<\/tr>\n<\/thead>\n<tbody>\n<tr>\n<td>\u00c9nergie<\/td>\n<td>46 kJ \/ 11 kcal<\/td>\n<td>91 kJ \/ 22 kcal<\/td>\n<\/tr>\n<tr>\n<td>Graisse<br \/>- dont acides gras satur\u00e9s<\/td>\n<td>&lt; 0,5 g<br \/>&lt; 0,1 g<\/td>\n<td>&lt; 0,5 g<br \/>&lt; 0,1 g<\/td>\n<\/tr>\n<tr>\n<td class=\"translation-block\">Glucides<br>\u2013 dont sucres<\/td>\n<td>0,7 g<br \/>0,25 g<\/td>\n<td>1,4 g<br \/>0,5 g<\/td>\n<\/tr>\n<tr>\n<td>Fibres alimentaires<\/td>\n<td>4,2 g<\/td>\n<td>8,3 g<\/td>\n<\/tr>\n<tr>\n<td>Prot\u00e9ines<\/td>\n<td>&lt; 0,5 g<\/td>\n<td>&lt; 0,5 g<\/td>\n<\/tr>\n<tr>\n<td>Sel<\/td>\n<td>&lt; 0,01 g<\/td>\n<td>&lt; 0,01 g<\/td>\n<\/tr>\n<\/tbody>\n<\/table>\n\t\t<\/div>\n\t<\/div>\n\t\n<\/div>","protected":false},"excerpt":{"rendered":"<h2>Un super m\u00e9lange pour se sentir bien dans sa peau.<\/h2>\n<h4>Une boisson d\u00e9licieuse et naturelle, compos\u00e9e d&#039;ingr\u00e9dients de haute qualit\u00e9.<\/h4>\n<p>De pr\u00e9cieuses bact\u00e9ries intestinales hautement dos\u00e9es, combin\u00e9es \u00e0 des fibres alimentaires issues du t\u00e9gument de psyllium et de l'inuline de chicor\u00e9e, de la vitamine C, un go\u00fbt naturel de v\u00e9ritable jus de fraise en poudre et l\u00e9g\u00e8rement sucr\u00e9 \u00e0 la st\u00e9via. Un produit qui peut contribuer au bien-\u00eatre du syst\u00e8me digestif.<\/p>\n<ul>\n<li class=\"bullet-star\">Contient 10 milliards de cultures probiotiques par jour<\/li>\n<li class=\"bullet-star\">Avec du jus de fraise naturel en poudre pour un go\u00fbt d\u00e9licieux<\/li>\n<li class=\"bullet-star\">Riche en vitamine C, qui contribue au fonctionnement normal du syst\u00e8me immunitaire.<\/li>\n<li class=\"bullet-star\">100% v\u00e9g\u00e9talien et l\u00e9g\u00e8rement sucr\u00e9 \u00e0 la st\u00e9via<\/li>\n<li class=\"bullet-star\">Contient des fibres de cosse de psyllium et d'inuline de chicor\u00e9e.<\/li>\n<\/ul>","protected":false},"featured_media":943437,"comment_status":"open","ping_status":"closed","template":"","meta":{"slim_seo":{"title":"Biotics Supermix - FitNFemale\u00ae","description":"Un super m\u00e9lange pour un intestin heureux. Une boisson d\u00e9licieuse et naturelle, riche en ingr\u00e9dients de haute qualit\u00e9. Des bact\u00e9ries intestinales pr\u00e9cieuses et hautement concentr\u00e9es.,"}},"product_brand":[],"product_cat":[6363,317,6629,619,401],"product_tag":[],"class_list":{"0":"post-540344","1":"product","2":"type-product","3":"status-publish","4":"has-post-thumbnail","6":"product_cat-promo-40","7":"product_cat-abnehmen","8":"product_cat-basic","9":"product_cat-fitness-drink","10":"product_cat-health","11":"pa_anwendungsbereiche-better-digestion","12":"pa_anwendungsbereiche-energy","13":"pa_anwendungsbereiche-skin-hair-nails","14":"pa_anwendungsbereiche-immune-system","15":"pa_anwendungsbereiche-shaping","16":"pa_marke-fitnfemale","17":"pa_misc-aspartamfree","18":"pa_misc-glutenfree","19":"pa_misc-lactosefree","20":"pa_nutritionfactinfo-high-fiber","21":"pa_schwangerschaft-geeignet","22":"pa_stillzeit-geeignet","23":"pa_vegan-ja","25":"first","26":"outofstock","27":"featured","28":"taxable","29":"shipping-taxable","30":"purchasable","31":"product-type-variable","32":"has-default-attributes"},"bundled_by":["348815","956646"],"bundle_stock_status":"outofstock","bundle_stock_quantity":null,"bundle_virtual":false,"bundle_layout":"","bundle_add_to_cart_form_location":"","bundle_editable_in_cart":false,"bundle_sold_individually_context":"","bundle_item_grouping":"","bundle_min_size":"","bundle_max_size":"","bundle_price":[],"bundled_items":[],"bundle_sell_ids":[],"gallery_images":[584806,953760,953764,953762,754646,953763,754642],"_links":{"self":[{"href":"https:\/\/fitnfemale.com\/fr\/wp-json\/wp\/v2\/product\/540344","targetHints":{"allow":["GET"]}}],"collection":[{"href":"https:\/\/fitnfemale.com\/fr\/wp-json\/wp\/v2\/product"}],"about":[{"href":"https:\/\/fitnfemale.com\/fr\/wp-json\/wp\/v2\/types\/product"}],"replies":[{"embeddable":true,"href":"https:\/\/fitnfemale.com\/fr\/wp-json\/wp\/v2\/comments?post=540344"}],"wp:featuredmedia":[{"embeddable":true,"href":"https:\/\/fitnfemale.com\/fr\/wp-json\/wp\/v2\/media\/943437"}],"wp:attachment":[{"href":"https:\/\/fitnfemale.com\/fr\/wp-json\/wp\/v2\/media?parent=540344"}],"wp:term":[{"taxonomy":"product_brand","embeddable":true,"href":"https:\/\/fitnfemale.com\/fr\/wp-json\/wp\/v2\/product_brand?post=540344"},{"taxonomy":"product_cat","embeddable":true,"href":"https:\/\/fitnfemale.com\/fr\/wp-json\/wp\/v2\/product_cat?post=540344"},{"taxonomy":"product_tag","embeddable":true,"href":"https:\/\/fitnfemale.com\/fr\/wp-json\/wp\/v2\/product_tag?post=540344"}],"curies":[{"name":"wp","href":"https:\/\/api.w.org\/{rel}","templated":true}]}}