{"id":528925,"date":"2020-08-06T20:51:12","date_gmt":"2020-08-06T19:51:12","guid":{"rendered":"https:\/\/fitnfemale.com\/?post_type=product&#038;p=528925"},"modified":"2026-04-16T18:01:18","modified_gmt":"2026-04-16T17:01:18","slug":"collagen-supermix","status":"publish","type":"product","link":"https:\/\/fitnfemale.com\/fr\/produit\/collagen-supermix\/","title":{"rendered":"Collagen Supermix"},"content":{"rendered":"<div class=\"img has-hover img-details x md-x lg-x y md-y lg-y\" id=\"image_326705663\">\n\t\t\t\t\t\t\t\t<div class=\"img-inner dark\" >\n\t\t\t<img decoding=\"async\" width=\"1020\" height=\"569\" src=\"https:\/\/fitnfemale.com\/wp-content\/uploads\/collagen-kollagen-details-rec-1400x781.webp\" class=\"attachment-large size-large\" alt=\"D\u00e9tails sur le collag\u00e8ne rec\" srcset=\"https:\/\/fitnfemale.com\/wp-content\/uploads\/collagen-kollagen-details-rec-1400x781.webp 1400w, https:\/\/fitnfemale.com\/wp-content\/uploads\/collagen-kollagen-details-rec-717x400.webp 717w, https:\/\/fitnfemale.com\/wp-content\/uploads\/collagen-kollagen-details-rec-768x429.webp 768w, https:\/\/fitnfemale.com\/wp-content\/uploads\/collagen-kollagen-details-rec-18x10.webp 18w, https:\/\/fitnfemale.com\/wp-content\/uploads\/collagen-kollagen-details-rec-1000x558.webp 1000w, https:\/\/fitnfemale.com\/wp-content\/uploads\/collagen-kollagen-details-rec.webp 1500w\" sizes=\"(max-width: 1020px) 100vw, 1020px\" \/>\t\t\t\t\t\t\n\t\t\t\t\t<\/div>\n\t\t\t\t\t\t\t\t\n<style>\n#image_326705663 {\n  width: 100%;\n}\n<\/style>\n\t<\/div>\n\t\n<ul>\n<li class=\"bullet-star\">Contient du collag\u00e8ne, essentiel pour le tissu conjonctif, la peau, les cheveux, les articulations et les os.<\/li>\n<li class=\"bullet-star\">Avec des baies d'a\u00e7a\u00ef, traditionnellement utilis\u00e9es pour soutenir le syst\u00e8me immunitaire et la digestion.<\/li>\n<li class=\"bullet-star\">Avec de l&#039;ashwagandha<\/li>\n<li class=\"bullet-star\">Le camu camu contient naturellement une haute teneur en vitamines et en provitamines, contribuant \u00e0 la vitalit\u00e9.<\/li>\n<li class=\"bullet-star\">Le MSM est reconnu pour son r\u00f4le dans le soutien de fonctions essentielles de l'organisme.<\/li>\n<li class=\"bullet-star\">La vitamine C contribue au fonctionnement normal du syst\u00e8me immunitaire.<\/li>\n<li class=\"bullet-star\">Contient 100% de collag\u00e8ne naturel issu d'un \u00e9levage respectueux des animaux.<\/li>\n<li class=\"bullet-star\">Profitez du go\u00fbt doux et naturel de l'a\u00e7a\u00ef.<\/li>\n<\/ul>\n<div class=\"accordion\">\n\t<div id=\"accordion-1895909557\" class=\"accordion-item\">\n\t\t<a id=\"accordion-1895909557-label\" class=\"accordion-title plain\" href=\"#accordion-item-inhaltsstoffe\" aria-expanded=\"false\" aria-controls=\"accordion-1895909557-content\">\n\t\t\t<button class=\"toggle\" aria-label=\"Basculer\"><i class=\"icon-angle-down\" aria-hidden=\"true\"><\/i><\/button>\n\t\t\t<span>Ingr\u00e9dients<\/span>\n\t\t<\/a>\n\t\t<div id=\"accordion-1895909557-content\" class=\"accordion-inner\" aria-labelledby=\"accordion-1895909557-label\">\n\t\t\t\n<table class=\"ffnf-clean-table\">\n<thead>\n<tr>\n<th>Ingr\u00e9dients<\/th>\n<th>100 g<\/th>\n<th>Portion (10 g)<\/th>\n<\/tr>\n<\/thead>\n<tbody>\n<tr>\n<td>Hydrolysat de collag\u00e8ne<\/td>\n<td>70 000 mg<\/td>\n<td>7000 mg<\/td>\n<\/tr>\n<tr>\n<td>M\u00e9thylsulfonylm\u00e9thane (MSM)<\/td>\n<td>10000 mg<\/td>\n<td>1000 mg<\/td>\n<\/tr>\n<tr>\n<td>extrait de fruit d&#039;a\u00e7a\u00ef<\/td>\n<td>2500 mg<\/td>\n<td>250 mg<\/td>\n<\/tr>\n<tr>\n<td>Extrait de camu camu<\/td>\n<td>1000 mg<\/td>\n<td>100 mg<\/td>\n<\/tr>\n<tr>\n<td>extrait d&#039;ashwagandha<\/td>\n<td>500 mg<\/td>\n<td>50 mg<\/td>\n<\/tr>\n<tr>\n<td>Vitamine C<\/td>\n<td>250 mg<\/td>\n<td>25 mg<\/td>\n<\/tr>\n<\/tbody>\n<\/table>\n\t\t<\/div>\n\t<\/div>\n\t\n\t<div id=\"accordion-1518705598\" class=\"accordion-item\">\n\t\t<a id=\"accordion-1518705598-label\" class=\"accordion-title plain\" href=\"#accordion-item-n\u00e4hrwerte\" aria-expanded=\"false\" aria-controls=\"accordion-1518705598-content\">\n\t\t\t<button class=\"toggle\" aria-label=\"Basculer\"><i class=\"icon-angle-down\" aria-hidden=\"true\"><\/i><\/button>\n\t\t\t<span>Valeurs nutritives<\/span>\n\t\t<\/a>\n\t\t<div id=\"accordion-1518705598-content\" class=\"accordion-inner\" aria-labelledby=\"accordion-1518705598-label\">\n\t\t\t\n<table class=\"ffnf-clean-table\">\n<thead>\n<tr>\n<th>Valeurs nutritives<\/th>\n<th>100 g<\/th>\n<th>Portion (10 g)<\/th>\n<\/tr>\n<\/thead>\n<tbody>\n<tr>\n<td>\u00c9nergie<\/td>\n<td>1349 kJ \/ 317 kcal<\/td>\n<td>135 kJ \/ 32 kcal<\/td>\n<\/tr>\n<tr>\n<td>Graisse<br \/>- dont acides gras satur\u00e9s<\/td>\n<td>0,1 g<br \/>&lt; 0,1 g<\/td>\n<td>&lt; 0,1 g<br \/>&lt; 0,1 g<\/td>\n<\/tr>\n<tr>\n<td class=\"translation-block\">Glucides<br>\u2013 dont sucres<\/td>\n<td>8,9 g<br \/>2,5 g<\/td>\n<td>0,9 g<br \/>0,3 g<\/td>\n<\/tr>\n<tr>\n<td>Prot\u00e9ines<\/td>\n<td>69,9 g<\/td>\n<td>7,0 g<\/td>\n<\/tr>\n<tr>\n<td>Sel<\/td>\n<td>0,23 g<\/td>\n<td>0,02 g<\/td>\n<\/tr>\n<\/tbody>\n<\/table>\n\t\t<\/div>\n\t<\/div>\n\t\n\t<div id=\"accordion-231365055\" class=\"accordion-item\">\n\t\t<a id=\"accordion-231365055-label\" class=\"accordion-title plain\" href=\"#accordion-item-was-ist-kollagen?\" aria-expanded=\"false\" aria-controls=\"accordion-231365055-content\">\n\t\t\t<button class=\"toggle\" aria-label=\"Basculer\"><i class=\"icon-angle-down\" aria-hidden=\"true\"><\/i><\/button>\n\t\t\t<span>Qu'est-ce que le collag\u00e8ne ?<\/span>\n\t\t<\/a>\n\t\t<div id=\"accordion-231365055-content\" class=\"accordion-inner\" aria-labelledby=\"accordion-231365055-label\">\n\t\t\t\n<p>Le collag\u00e8ne est la prot\u00e9ine structurale la plus abondante de votre corps. Il conf\u00e8re \u00e0 la peau, aux cheveux, aux ongles, aux os, aux tendons et aux tissus conjonctifs leur r\u00e9sistance et leur \u00e9lasticit\u00e9.<\/p>\n<p>Avec l&#039;\u00e2ge, la production naturelle de ces substances diminue ; c&#039;est pourquoi beaucoup font consciemment appel \u00e0 des compl\u00e9ments alimentaires externes cibl\u00e9s.<\/p>\n\t<div class=\"img has-hover x md-x lg-x y md-y lg-y\" id=\"image_63341203\">\n\t\t\t\t\t\t\t\t<div class=\"img-inner dark\" >\n\t\t\t<img decoding=\"async\" width=\"877\" height=\"800\" src=\"https:\/\/fitnfemale.com\/wp-content\/uploads\/collagen-vorher-nachher-877x800.jpg\" class=\"attachment-large size-large\" alt=\"Collages avant et apr\u00e8s\" srcset=\"https:\/\/fitnfemale.com\/wp-content\/uploads\/collagen-vorher-nachher-877x800.jpg 877w, https:\/\/fitnfemale.com\/wp-content\/uploads\/collagen-vorher-nachher-439x400.jpg 439w, https:\/\/fitnfemale.com\/wp-content\/uploads\/collagen-vorher-nachher-768x700.jpg 768w, https:\/\/fitnfemale.com\/wp-content\/uploads\/collagen-vorher-nachher-13x12.jpg 13w, https:\/\/fitnfemale.com\/wp-content\/uploads\/collagen-vorher-nachher-1000x912.jpg 1000w, https:\/\/fitnfemale.com\/wp-content\/uploads\/collagen-vorher-nachher.jpg 1092w\" sizes=\"(max-width: 877px) 100vw, 877px\" \/>\t\t\t\t\t\t\n\t\t\t\t\t<\/div>\n\t\t\t\t\t\t\t\t\n<style>\n#image_63341203 {\n  width: 100%;\n}\n<\/style>\n\t<\/div>\n\t\n\t\t<\/div>\n\t<\/div>\n\t\n\t<div id=\"accordion-1927435432\" class=\"accordion-item\">\n\t\t<a id=\"accordion-1927435432-label\" class=\"accordion-title plain\" href=\"#accordion-item-was-ist-kollagen-hydrolysat?\" aria-expanded=\"false\" aria-controls=\"accordion-1927435432-content\">\n\t\t\t<button class=\"toggle\" aria-label=\"Basculer\"><i class=\"icon-angle-down\" aria-hidden=\"true\"><\/i><\/button>\n\t\t\t<span>Qu'est-ce que l'hydrolysat de collag\u00e8ne ?<\/span>\n\t\t<\/a>\n\t\t<div id=\"accordion-1927435432-content\" class=\"accordion-inner\" aria-labelledby=\"accordion-1927435432-label\">\n\t\t\t\n<p>Le collag\u00e8ne hydrolys\u00e9 est un collag\u00e8ne d\u00e9compos\u00e9 en peptides particuli\u00e8rement fins, plus facilement absorb\u00e9s par l&#039;organisme. Le traitement enzymatique lui conf\u00e8re une biodisponibilit\u00e9 \u00e9lev\u00e9e et une bonne tol\u00e9rance.<\/p>\n\t\t<\/div>\n\t<\/div>\n\t\n\t<div id=\"accordion-3914190220\" class=\"accordion-item\">\n\t\t<a id=\"accordion-3914190220-label\" class=\"accordion-title plain\" href=\"#accordion-item-f\u00fcr-was-ist-es-gut-und-welche-funktionen-hat-es?\" aria-expanded=\"false\" aria-controls=\"accordion-3914190220-content\">\n\t\t\t<button class=\"toggle\" aria-label=\"Basculer\"><i class=\"icon-angle-down\" aria-hidden=\"true\"><\/i><\/button>\n\t\t\t<span>Pourquoi est-il b\u00e9n\u00e9fique et quelles sont ses fonctions ?<\/span>\n\t\t<\/a>\n\t\t<div id=\"accordion-3914190220-content\" class=\"accordion-inner\" aria-labelledby=\"accordion-3914190220-label\">\n\t\t\t\n<p>La quantit\u00e9 consid\u00e9rable de cette prot\u00e9ine structurale pr\u00e9sente dans le corps t\u00e9moigne de son importance pour notre organisme. Voici un bref aper\u00e7u des principales fonctions du collag\u00e8ne de haute qualit\u00e9 dans votre corps\u00a0:<\/p>\n<ul>\n<li class=\"bullet-star\"><strong>Soutien de la structure cutan\u00e9e \u00b7<\/strong> La quantit\u00e9 de collag\u00e8ne dans la peau diminue avec l&#039;\u00e2ge.<\/li>\n<li class=\"bullet-star translation-block\"><strong>Soutient les ligaments et les tendons \u00b7<\/strong> Le collag\u00e8ne est un composant essentiel des ligaments et des tendons et peut contribuer \u00e0 soutenir leur structure, en particulier lors d'activit\u00e9s physiques.<\/li>\n<li class=\"bullet-star translation-block\"><strong>Soutient la fonction articulaire \u00b7<\/strong> Le collag\u00e8ne est un composant essentiel du cartilage articulaire et peut contribuer au soutien de la fonction articulaire.<\/li>\n<li class=\"bullet-star translation-block\"><strong>Soutient la construction musculaire \u00b7<\/strong> Le collag\u00e8ne est \u00e9galement pr\u00e9sent dans les muscles et peut jouer un r\u00f4le dans le soutien de la construction musculaire.<\/li>\n<\/ul>\n\t\t<\/div>\n\t<\/div>\n\t\n\t<div id=\"accordion-3995148206\" class=\"accordion-item\">\n\t\t<a id=\"accordion-3995148206-label\" class=\"accordion-title plain\" href=\"#accordion-item-wieso-kein-veganes-kollagen?\" aria-expanded=\"false\" aria-controls=\"accordion-3995148206-content\">\n\t\t\t<button class=\"toggle\" aria-label=\"Basculer\"><i class=\"icon-angle-down\" aria-hidden=\"true\"><\/i><\/button>\n\t\t\t<span>Pourquoi pas de collag\u00e8ne v\u00e9g\u00e9talien ?<\/span>\n\t\t<\/a>\n\t\t<div id=\"accordion-3995148206-content\" class=\"accordion-inner\" aria-labelledby=\"accordion-3995148206-label\">\n\t\t\t\n<p>Il y a actuellement <strong>pas de v\u00e9ritable collag\u00e8ne v\u00e9g\u00e9talien<\/strong>. Les v\u00e9ritables peptides de collag\u00e8ne ne peuvent \u00eatre obtenus que de sources animales \u2013 dans notre cas, les types 1 et 3 issus de collag\u00e8ne bovin de haute qualit\u00e9. De nombreux produits dits \u201e\u00a0v\u00e9ganes\u00a0\u201c \u00e0 base de collag\u00e8ne ne contiennent que des activateurs de collag\u00e8ne, et non du collag\u00e8ne lui-m\u00eame.<\/p>\n\t\t<\/div>\n\t<\/div>\n\t\n\t<div id=\"accordion-2640016062\" class=\"accordion-item\">\n\t\t<a id=\"accordion-2640016062-label\" class=\"accordion-title plain\" href=\"#accordion-item-wieso-kein-marine-kollagen?\" aria-expanded=\"false\" aria-controls=\"accordion-2640016062-content\">\n\t\t\t<button class=\"toggle\" aria-label=\"Basculer\"><i class=\"icon-angle-down\" aria-hidden=\"true\"><\/i><\/button>\n\t\t\t<span>Pourquoi pas du collag\u00e8ne marin ?<\/span>\n\t\t<\/a>\n\t\t<div id=\"accordion-2640016062-content\" class=\"accordion-inner\" aria-labelledby=\"accordion-2640016062-label\">\n\t\t\t\n<p><strong>Une id\u00e9e fausse r\u00e9pandue\u00a0:<\/strong> Le collag\u00e8ne marin est meilleur \u2013 voire m\u00eame v\u00e9g\u00e9talien.<br \/>En r\u00e9alit\u00e9, le collag\u00e8ne marin est obtenu \u00e0 partir de la peau, des \u00e9cailles ou des ar\u00eates de poisson. Il n&#039;est donc **pas v\u00e9g\u00e9talien**, mais d&#039;origine animale, tout comme notre collag\u00e8ne bovin.<\/p>\n<p><strong>Ce que beaucoup de gens ignorent\u00a0:<\/strong> L&#039;id\u00e9e que \u201e le poisson est meilleur \u201c repose sur <strong>Marketing \u2013 non ax\u00e9 sur l&#039;impact<\/strong>. La puret\u00e9, la forme peptidique et la biodisponibilit\u00e9 sont essentielles \u2013 et nous les garantissons avec notre collag\u00e8ne bovin de haute qualit\u00e9.<\/p>\n<p><strong>Un autre avantage :<\/strong> Nous \u00e9vitons d\u00e9lib\u00e9r\u00e9ment les sources marines car de nombreux stocks de poissons sont surexploit\u00e9s. Notre collag\u00e8ne provient de collag\u00e8ne bovin issu d&#039;un \u00e9levage responsable. <strong>durable, performante et sans pollution des oc\u00e9ans<\/strong>.<\/p>\n\t\t<\/div>\n\t<\/div>\n\t\n\t<div id=\"accordion-61004897\" class=\"accordion-item\">\n\t\t<a id=\"accordion-61004897-label\" class=\"accordion-title plain\" href=\"#accordion-item-die-kollagen-produktion-nimmt-im-alter-ab.\" aria-expanded=\"false\" aria-controls=\"accordion-61004897-content\">\n\t\t\t<button class=\"toggle\" aria-label=\"Basculer\"><i class=\"icon-angle-down\" aria-hidden=\"true\"><\/i><\/button>\n\t\t\t<span>LA PRODUCTION DE COLLAG\u00c8NE DIMINUE AVEC L'\u00c2GE.<\/span>\n\t\t<\/a>\n\t\t<div id=\"accordion-61004897-content\" class=\"accordion-inner\" aria-labelledby=\"accordion-61004897-label\">\n\t\t\t\n\n  <div class=\"banner has-hover\" id=\"banner-817065443\">\n          <div class=\"banner-inner fill\">\n        <div class=\"banner-bg fill\" >\n                                                \n                    <\/div>\n\t\t\n        <div class=\"banner-layers container\">\n            <div class=\"fill banner-link\"><\/div>            \n   <div id=\"text-box-156499510\" class=\"text-box banner-layer x50 md-x50 lg-x50 y0 md-y0 lg-y0 res-text\">\n                                <div class=\"text-box-content text\">\n              \n              <div class=\"text-inner text-center\">\n                  \n\t<div id=\"text-3829480712\" class=\"text\">\n\t\t\n<p>Avec l'\u00e2ge, la production naturelle de collag\u00e8ne d\u00e9cro\u00eet. D\u00e8s l'\u00e2ge de 20 ans, la production de collag\u00e8ne dans la peau diminue d'environ 1% chaque ann\u00e9e. Pass\u00e9 30 ans, cette baisse s'acc\u00e9l\u00e8re, rendant les cheveux, la peau et les ongles plus fins et vuln\u00e9rables avec le temps.<a href=\"https:\/\/www.ncbi.nlm.nih.gov\/pmc\/articles\/PMC4082169\/\" target=\"_blank\" rel=\"nofollow noopener\">Les effets du vieillissement sur le collag\u00e8ne cutan\u00e9<\/a>, <a href=\"https:\/\/www.health.harvard.edu\/staying-healthy\/foods-that-boost-collagen\" target=\"_blank\" rel=\"nofollow noopener\">Harvard Health Publishing<\/a>).<br \/>\n\t\t\n<style>\n#text-3829480712 {\n  font-size: 0.9rem;\n  line-height: 1.5;\n  text-align: left;\n}\n<\/style>\n\t<\/div>\n\t\n\t<div class=\"img has-hover x md-x lg-x y md-y lg-y\" id=\"image_910975365\">\n\t\t\t\t\t\t\t\t<div class=\"img-inner dark\" >\n\t\t\t<img decoding=\"async\" width=\"661\" height=\"323\" src=\"https:\/\/fitnfemale.com\/wp-content\/uploads\/kollagen-produktion2-1.png\" class=\"attachment-large size-large\" alt=\"Production de collag\u00e8ne2\" srcset=\"https:\/\/fitnfemale.com\/wp-content\/uploads\/kollagen-produktion2-1.png 661w, https:\/\/fitnfemale.com\/wp-content\/uploads\/kollagen-produktion2-1-510x249.png 510w, https:\/\/fitnfemale.com\/wp-content\/uploads\/kollagen-produktion2-1-18x9.png 18w\" sizes=\"(max-width: 661px) 100vw, 661px\" \/>\t\t\t\t\t\t\n\t\t\t\t\t<\/div>\n\t\t\t\t\t\t\t\t\n<style>\n#image_910975365 {\n  width: 100%;\n}\n<\/style>\n\t<\/div>\n\t\n              <\/div>\n           <\/div>\n                            \n<style>\n#text-box-156499510 {\n  width: 89%;\n}\n#text-box-156499510 .text-box-content {\n  font-size: 100%;\n}\n<\/style>\n    <\/div>\n \n        <\/div>\n      <\/div>\n\n            \n<style>\n#banner-817065443 {\n  padding-top: 312px;\n  background-color: rgb(252, 237, 238);\n}\n@media (min-width:550px) {\n  #banner-817065443 {\n    padding-top: 425px;\n  }\n}\n<\/style>\n  <\/div>\n\n\n\t\t<\/div>\n\t<\/div>\n\t\n<\/div>","protected":false},"excerpt":{"rendered":"<h2>Le supermix pour la beaut\u00e9 de l'int\u00e9rieur<\/h2>\n<h4>Une boisson beaut\u00e9-sant\u00e9-fitness avec du collag\u00e8ne, de l'a\u00e7a\u00ef, de l'ashwagandha, du camu camu, du MSM et de la vitamine C, qui peut contribuer \u00e0 soutenir votre bien-\u00eatre. Il contient des ingr\u00e9dients traditionnellement associ\u00e9s au tissu conjonctif, \u00e0 la peau, aux cheveux, aux articulations, aux os, \u00e0 la gestion du stress et \u00e0 la sant\u00e9 g\u00e9n\u00e9rale.<\/h4>","protected":false},"featured_media":943815,"comment_status":"open","ping_status":"closed","template":"","meta":{"slim_seo":{"title":"Supermix de collag\u00e8ne - FitNFemale\u00ae","description":"Le super m\u00e9lange pour une beaut\u00e9 int\u00e9rieure : une boisson beaut\u00e9, sant\u00e9 et forme physique \u00e0 base de collag\u00e8ne, d&#039;a\u00e7a\u00ef, d&#039;ashwagandha, de camu camu, de MSM et de vitamine C qui peut aider \u00e0\u2026,"}},"product_brand":[],"product_cat":[6508,6629,401],"product_tag":[6487,6486,6488],"class_list":{"0":"post-528925","1":"product","2":"type-product","3":"status-publish","4":"has-post-thumbnail","6":"product_cat-promo-25","7":"product_cat-basic","8":"product_cat-health","9":"product_tag-beauty","10":"product_tag-collagen","11":"product_tag-health","12":"pa_anwendungsbereiche-bindegewebe","13":"pa_anwendungsbereiche-gelenke-und-knochen","14":"pa_anwendungsbereiche-health","15":"pa_anwendungsbereiche-skin-hair-nails","16":"pa_anwendungsbereiche-immune-system","17":"pa_marke-fitnfemale","18":"pa_misc-aspartamfree","19":"pa_misc-glutenfree","20":"pa_misc-lactosefree","21":"pa_nutritionfactinfo-nofat","22":"pa_nutritionfactinfo-nocarbs","23":"pa_nutritionfactinfo-nosugar","24":"pa_schwangerschaft-nicht-geeignet","25":"pa_stillzeit-nicht-geeignet","26":"pa_vegan-nein","28":"first","29":"instock","30":"featured","31":"taxable","32":"shipping-taxable","33":"purchasable","34":"product-type-simple"},"bundled_by":["545696","627268","738344","786592","956371"],"bundle_stock_status":"instock","bundle_stock_quantity":43,"bundle_virtual":false,"bundle_layout":"","bundle_add_to_cart_form_location":"","bundle_editable_in_cart":false,"bundle_sold_individually_context":"","bundle_item_grouping":"","bundle_min_size":"","bundle_max_size":"","bundle_price":[],"bundled_items":[],"bundle_sell_ids":[],"gallery_images":[953182,952999,950469,934679,953184,953200,953183,953202],"_links":{"self":[{"href":"https:\/\/fitnfemale.com\/fr\/wp-json\/wp\/v2\/product\/528925","targetHints":{"allow":["GET"]}}],"collection":[{"href":"https:\/\/fitnfemale.com\/fr\/wp-json\/wp\/v2\/product"}],"about":[{"href":"https:\/\/fitnfemale.com\/fr\/wp-json\/wp\/v2\/types\/product"}],"replies":[{"embeddable":true,"href":"https:\/\/fitnfemale.com\/fr\/wp-json\/wp\/v2\/comments?post=528925"}],"wp:featuredmedia":[{"embeddable":true,"href":"https:\/\/fitnfemale.com\/fr\/wp-json\/wp\/v2\/media\/943815"}],"wp:attachment":[{"href":"https:\/\/fitnfemale.com\/fr\/wp-json\/wp\/v2\/media?parent=528925"}],"wp:term":[{"taxonomy":"product_brand","embeddable":true,"href":"https:\/\/fitnfemale.com\/fr\/wp-json\/wp\/v2\/product_brand?post=528925"},{"taxonomy":"product_cat","embeddable":true,"href":"https:\/\/fitnfemale.com\/fr\/wp-json\/wp\/v2\/product_cat?post=528925"},{"taxonomy":"product_tag","embeddable":true,"href":"https:\/\/fitnfemale.com\/fr\/wp-json\/wp\/v2\/product_tag?post=528925"}],"curies":[{"name":"wp","href":"https:\/\/api.w.org\/{rel}","templated":true}]}}