{"id":52560,"date":"2018-08-06T10:15:52","date_gmt":"2018-08-06T09:15:52","guid":{"rendered":"https:\/\/fitnfemale.com\/?post_type=product&#038;p=52560"},"modified":"2026-04-09T18:00:40","modified_gmt":"2026-04-09T17:00:40","slug":"besoins-personnels-determination-nutrition","status":"publish","type":"product","link":"https:\/\/fitnfemale.com\/fr\/produit\/besoins-personnels-determination-nutrition\/","title":{"rendered":"Besoins nutritionnels personnels pour perdre du poids"},"content":{"rendered":"<p>Calculer l'objectif calorique individuel<strong>\u00a0<\/strong>de FitnFemale\u00ae sp\u00e9cialement pour toi ! Sur la base d'un questionnaire (envoy\u00e9 par e-mail), nous \u00e9tablissons ton besoin calorique personnel avec une r\u00e9partition id\u00e9ale des calories pour la journ\u00e9e.<\/p>\n<p>Voici ce que tu recevras :<\/p>\n<ul>\n<li><strong>Besoins personnels en calories et en eau, calcul\u00e9s selon tes indications.<\/strong><\/li>\n<li><strong>Ta r\u00e9partition optimale des nutriments (prot\u00e9ines, glucides, lipides) par repas et par jour<\/strong><\/li>\n<li><strong>R\u00e9partition optimale des calories par jour<\/strong><\/li>\n<\/ul>\n<div class=\"accordion\">\n\t<div id=\"accordion-3943223779\" class=\"accordion-item\">\n\t\t<a id=\"accordion-3943223779-label\" class=\"accordion-title plain\" href=\"#accordion-item-zus\u00e4tzliche-informationen\" aria-expanded=\"false\" aria-controls=\"accordion-3943223779-content\">\n\t\t\t<button class=\"toggle\" aria-label=\"Basculer\"><i class=\"icon-angle-down\" aria-hidden=\"true\"><\/i><\/button>\n\t\t\t<span>Informations compl\u00e9mentaires<\/span>\n\t\t<\/a>\n\t\t<div id=\"accordion-3943223779-content\" class=\"accordion-inner\" aria-labelledby=\"accordion-3943223779-label\">\n\t\t\t\n<p>Tu recevras les documents par e-mail (PDF), donc sous forme \u00e9lectronique.<\/p>\n<p>Le plan te sera envoy\u00e9 par voie \u00e9lectronique apr\u00e8s que tu nous auras fait parvenir tes coordonn\u00e9es. Les plans et les livres \u00e9lectroniques sont exclus du droit de r\u00e9tractation.<\/p>\n<p>Imm\u00e9diatement apr\u00e8s l'achat, tu re\u00e7ois un e-mail avec des questions sur ta situation de d\u00e9part, qui sont n\u00e9cessaires pour d\u00e9terminer tes besoins \u00e9nerg\u00e9tiques.<\/p>\n\t\t<\/div>\n\t<\/div>\n\t\n<\/div>","protected":false},"excerpt":{"rendered":"<p>Des r\u00e9sultats de perte de poids encore plus rapides et plus efficaces garantis.<\/p>","protected":false},"featured_media":52605,"comment_status":"open","ping_status":"closed","template":"","meta":{"slim_seo":{"title":"Besoins nutritionnels personnels pour la perte de poids - FitNFemale\u00ae","description":"Des r\u00e9sultats de perte de poids encore plus rapides et plus efficaces garantis."}},"product_brand":[],"product_cat":[6362,317,428],"product_tag":[],"class_list":{"0":"post-52560","1":"product","2":"type-product","3":"status-publish","4":"has-post-thumbnail","6":"product_cat-promo-50","7":"product_cat-abnehmen","8":"product_cat-plan","9":"pa_anwendungsbereiche-for-your-workout","10":"pa_anwendungsbereiche-health","11":"pa_anwendungsbereiche-weightloss","12":"pa_anwendungsbereiche-shaping","13":"pa_marke-fitnfemale","14":"pa_misc-digital","15":"pa_schwangerschaft-geeignet","16":"pa_stillzeit-geeignet","18":"first","19":"instock","20":"downloadable","21":"virtual","22":"sold-individually","23":"taxable","24":"purchasable","25":"product-type-simple"},"bundled_by":[],"bundle_stock_status":"instock","bundle_stock_quantity":null,"bundle_virtual":false,"bundle_layout":"","bundle_add_to_cart_form_location":"","bundle_editable_in_cart":false,"bundle_sold_individually_context":"","bundle_item_grouping":"","bundle_min_size":"","bundle_max_size":"","bundle_price":[],"bundled_items":[],"bundle_sell_ids":[],"gallery_images":[],"_links":{"self":[{"href":"https:\/\/fitnfemale.com\/fr\/wp-json\/wp\/v2\/product\/52560","targetHints":{"allow":["GET"]}}],"collection":[{"href":"https:\/\/fitnfemale.com\/fr\/wp-json\/wp\/v2\/product"}],"about":[{"href":"https:\/\/fitnfemale.com\/fr\/wp-json\/wp\/v2\/types\/product"}],"replies":[{"embeddable":true,"href":"https:\/\/fitnfemale.com\/fr\/wp-json\/wp\/v2\/comments?post=52560"}],"wp:featuredmedia":[{"embeddable":true,"href":"https:\/\/fitnfemale.com\/fr\/wp-json\/wp\/v2\/media\/52605"}],"wp:attachment":[{"href":"https:\/\/fitnfemale.com\/fr\/wp-json\/wp\/v2\/media?parent=52560"}],"wp:term":[{"taxonomy":"product_brand","embeddable":true,"href":"https:\/\/fitnfemale.com\/fr\/wp-json\/wp\/v2\/product_brand?post=52560"},{"taxonomy":"product_cat","embeddable":true,"href":"https:\/\/fitnfemale.com\/fr\/wp-json\/wp\/v2\/product_cat?post=52560"},{"taxonomy":"product_tag","embeddable":true,"href":"https:\/\/fitnfemale.com\/fr\/wp-json\/wp\/v2\/product_tag?post=52560"}],"curies":[{"name":"wp","href":"https:\/\/api.w.org\/{rel}","templated":true}]}}