{"id":52311,"date":"2018-08-04T11:55:37","date_gmt":"2018-08-04T10:55:37","guid":{"rendered":"https:\/\/fitnfemale.com\/?post_type=product&#038;p=52311"},"modified":"2026-04-20T18:00:44","modified_gmt":"2026-04-20T17:00:44","slug":"plan-express-bikini","status":"publish","type":"product","link":"https:\/\/fitnfemale.com\/fr\/produit\/plan-express-bikini\/","title":{"rendered":"Plan Bikini Express"},"content":{"rendered":"<p><strong>Objectifs du plan Bikini Express :<\/strong><br \/>\n\ud83d\udcaa Se sentir parfaitement bien dans son propre corps<br \/>\n\u23f0 R\u00e9sultats rapides en seulement 3-4 semaines, parfaits pour les mois d'\u00e9t\u00e9<br \/>\n\ud83c\udfcb\ufe0f\u200d\u2640\ufe0f Entra\u00eenement flexible qui s'int\u00e8gre facilement dans ton quotidien<\/p>\n<p>Pas de comptage compliqu\u00e9 des calories - profite plut\u00f4t d'un cheatday hebdomadaire ! Tout ce que tu as \u00e0 faire, c'est de respecter les horaires de prise et d'entra\u00eenement indiqu\u00e9s.<\/p>\n<p><strong>Remarques importantes :<\/strong><br \/>\n\ud83d\udce7 Tu recevras les documents (PDF) par voie \u00e9lectronique par e-mail dans les 24 heures suivant l'achat, d\u00e8s que tu nous auras envoy\u00e9 tes donn\u00e9es personnelles.<br \/>\n\ud83d\udeab Les plans et les eBooks sont exclus du droit de r\u00e9tractation.<\/p>\n<p>Investis d\u00e8s maintenant dans ton plan Bikini Express et lance-toi vers une silhouette de r\u00eave ! \ud83d\udc96<\/p>","protected":false},"excerpt":{"rendered":"<h2>Plan Bikini Express - Ton chemin vers un corps de plage de r\u00eave en seulement 3-4 semaines !<\/h2>\n<h4>Tu veux montrer ton corps en bikini avec assurance cet \u00e9t\u00e9 ? Alors le plan Bikini Express de FitnFemale\u00ae est exactement ce qu'il te faut ! Sp\u00e9cialement con\u00e7u pour la p\u00e9riode estivale, ce plan t'offre tout ce dont tu as besoin pour retrouver la forme rapidement et efficacement.<\/h4>\n<p>Qu'est-ce qui t'attend dans le plan Bikini Express ?<\/p>\n<ul>\n<li class=\"bullet-star\">Plan calorique individuel, con\u00e7u sur mesure pour tes besoins<\/li>\n<li class=\"bullet-star\">Plan de prise d\u00e9taill\u00e9 incluant des directives alimentaires pour des repas sains et conscients<\/li>\n<li class=\"bullet-star\">Conseils d'entra\u00eenement efficaces (peu d'effort, grand effet) ax\u00e9s sur la combustion des graisses, les abdominaux et les fessiers.<\/li>\n<\/ul>","protected":false},"featured_media":738003,"comment_status":"open","ping_status":"closed","template":"","meta":{"slim_seo":{"title":"Bikini Express Plan - FitNFemale\u00ae","description":"Programme Bikini Express \u2013 Un corps de r\u00eave pour la plage en seulement 3 \u00e0 4 semaines\u00a0! Envie d\u2019afficher fi\u00e8rement votre silhouette en bikini cet \u00e9t\u00e9\u00a0? Le Programme Bikini Express est fait pour vous."}},"product_brand":[],"product_cat":[428],"product_tag":[],"class_list":{"0":"post-52311","1":"product","2":"type-product","3":"status-publish","4":"has-post-thumbnail","6":"product_cat-plan","7":"pa_anwendungsbereiche-for-your-workout","8":"pa_anwendungsbereiche-weightloss","9":"pa_anwendungsbereiche-shaping","10":"pa_anwendungsbereiche-metabolism","11":"pa_marke-fitnfemale","12":"pa_misc-digital","13":"pa_schwangerschaft-nicht-geeignet","14":"pa_stillzeit-nicht-geeignet","16":"first","17":"instock","18":"virtual","19":"sold-individually","20":"taxable","21":"purchasable","22":"product-type-simple"},"bundled_by":["43049","663238"],"bundle_stock_status":"instock","bundle_stock_quantity":null,"bundle_virtual":false,"bundle_layout":"","bundle_add_to_cart_form_location":"","bundle_editable_in_cart":false,"bundle_sold_individually_context":"","bundle_item_grouping":"","bundle_min_size":"","bundle_max_size":"","bundle_price":[],"bundled_items":[],"bundle_sell_ids":[],"gallery_images":[],"_links":{"self":[{"href":"https:\/\/fitnfemale.com\/fr\/wp-json\/wp\/v2\/product\/52311","targetHints":{"allow":["GET"]}}],"collection":[{"href":"https:\/\/fitnfemale.com\/fr\/wp-json\/wp\/v2\/product"}],"about":[{"href":"https:\/\/fitnfemale.com\/fr\/wp-json\/wp\/v2\/types\/product"}],"replies":[{"embeddable":true,"href":"https:\/\/fitnfemale.com\/fr\/wp-json\/wp\/v2\/comments?post=52311"}],"wp:featuredmedia":[{"embeddable":true,"href":"https:\/\/fitnfemale.com\/fr\/wp-json\/wp\/v2\/media\/738003"}],"wp:attachment":[{"href":"https:\/\/fitnfemale.com\/fr\/wp-json\/wp\/v2\/media?parent=52311"}],"wp:term":[{"taxonomy":"product_brand","embeddable":true,"href":"https:\/\/fitnfemale.com\/fr\/wp-json\/wp\/v2\/product_brand?post=52311"},{"taxonomy":"product_cat","embeddable":true,"href":"https:\/\/fitnfemale.com\/fr\/wp-json\/wp\/v2\/product_cat?post=52311"},{"taxonomy":"product_tag","embeddable":true,"href":"https:\/\/fitnfemale.com\/fr\/wp-json\/wp\/v2\/product_tag?post=52311"}],"curies":[{"name":"wp","href":"https:\/\/api.w.org\/{rel}","templated":true}]}}