{"id":5117,"date":"2017-10-02T18:11:08","date_gmt":"2017-10-02T18:11:08","guid":{"rendered":"http:\/\/blog.fitnfemale.de\/shop\/protein-pancake\/"},"modified":"2026-04-13T16:14:40","modified_gmt":"2026-04-13T15:14:40","slug":"protein-pancakes","status":"publish","type":"product","link":"https:\/\/fitnfemale.com\/fr\/produit\/protein-pancakes\/","title":{"rendered":"Pancakes prot\u00e9in\u00e9s"},"content":{"rendered":"<p>Le produit est id\u00e9al pour le d\u00e9veloppement musculaire et les phases de r\u00e9gime.<\/p>\n<ul>\n<li class=\"bullet-star\">Pr\u00e9paration rapide et facile<\/li>\n<li class=\"bullet-star\">Go\u00fbt neutre, id\u00e9al pour affiner avec des poudres aromatiques - Flavourite<\/li>\n<li class=\"bullet-star\">Contient jusqu'\u00e0 48% de prot\u00e9ines pures<\/li>\n<li class=\"bullet-star\">Pauvre en sucre gr\u00e2ce \u00e0 l'utilisation de sucralose<\/li>\n<li class=\"bullet-star\">Parfait comme en-cas ou petit repas riche en prot\u00e9ines<\/li>\n<li class=\"bullet-star\">Offre un apport constant en prot\u00e9ines gr\u00e2ce \u00e0 des types de prot\u00e9ines de haute qualit\u00e9 \u00e0 disponibilit\u00e9 lente et rapide<\/li>\n<\/ul>\n<p>Avec le FitNFemale Protein Pancakes Mix, tu peux soutenir ton r\u00e9gime hyperprot\u00e9in\u00e9 pour la construction musculaire tout en savourant un d\u00e9licieux repas sucr\u00e9. Que ce soit avec de la cannelle et de la compote de pommes ou avec des fruits et des flocons de noix de coco, laisse libre cours \u00e0 ta cr\u00e9ativit\u00e9 !<\/p>","protected":false},"excerpt":{"rendered":"<h2>Simple et d\u00e9licieux : le m\u00e9lange de cr\u00eapes prot\u00e9in\u00e9es<\/h2>\n<h4>Donne \u00e0 ton corps ce dont il a besoin sans renoncer au go\u00fbt. Avec le m\u00e9lange de cr\u00eapes prot\u00e9in\u00e9es FitNFemale, tu peux pr\u00e9parer en un tour de main des cr\u00eapes l\u00e9g\u00e8res et savoureuses qui contiennent jusqu'\u00e0 50% de sucre et de graisse en moins par rapport aux cr\u00eapes normales.<\/h4>","protected":false},"featured_media":633988,"comment_status":"open","ping_status":"closed","template":"","meta":{"slim_seo":{"title":"Protein Pancakes - FitNFemale\u00ae","description":"Simple et d\u00e9licieux : le m\u00e9lange \u00e0 pancakes prot\u00e9in\u00e9s. Offrez \u00e0 votre corps ce dont il a besoin sans sacrifier le go\u00fbt. Avec le m\u00e9lange \u00e0 pancakes prot\u00e9in\u00e9s FitNFemale"}},"product_brand":[],"product_cat":[6364,292,303],"product_tag":[],"class_list":{"0":"post-5117","1":"product","2":"type-product","3":"status-publish","4":"has-post-thumbnail","6":"product_cat-promo-30","7":"product_cat-food","8":"product_cat-snack","9":"pa_anwendungsbereiche-gesundes-kochen-backen","10":"pa_marke-fitnfemale","11":"pa_misc-aspartamfree","12":"pa_nutritionfactinfo-lowcarb","13":"pa_nutritionfactinfo-lowfat","14":"pa_nutritionfactinfo-lowsugar","15":"pa_schwangerschaft-geeignet","16":"pa_stillzeit-geeignet","17":"pa_vegan-nein","19":"first","20":"outofstock","21":"featured","22":"taxable","23":"shipping-taxable","24":"purchasable","25":"product-type-variable","26":"has-default-attributes"},"bundled_by":[],"bundle_stock_status":"outofstock","bundle_stock_quantity":0,"bundle_virtual":false,"bundle_layout":"","bundle_add_to_cart_form_location":"","bundle_editable_in_cart":false,"bundle_sold_individually_context":"","bundle_item_grouping":"","bundle_min_size":"","bundle_max_size":"","bundle_price":[],"bundled_items":[],"bundle_sell_ids":[],"gallery_images":[4322,8258,410416,149505,8757],"_links":{"self":[{"href":"https:\/\/fitnfemale.com\/fr\/wp-json\/wp\/v2\/product\/5117","targetHints":{"allow":["GET"]}}],"collection":[{"href":"https:\/\/fitnfemale.com\/fr\/wp-json\/wp\/v2\/product"}],"about":[{"href":"https:\/\/fitnfemale.com\/fr\/wp-json\/wp\/v2\/types\/product"}],"replies":[{"embeddable":true,"href":"https:\/\/fitnfemale.com\/fr\/wp-json\/wp\/v2\/comments?post=5117"}],"wp:featuredmedia":[{"embeddable":true,"href":"https:\/\/fitnfemale.com\/fr\/wp-json\/wp\/v2\/media\/633988"}],"wp:attachment":[{"href":"https:\/\/fitnfemale.com\/fr\/wp-json\/wp\/v2\/media?parent=5117"}],"wp:term":[{"taxonomy":"product_brand","embeddable":true,"href":"https:\/\/fitnfemale.com\/fr\/wp-json\/wp\/v2\/product_brand?post=5117"},{"taxonomy":"product_cat","embeddable":true,"href":"https:\/\/fitnfemale.com\/fr\/wp-json\/wp\/v2\/product_cat?post=5117"},{"taxonomy":"product_tag","embeddable":true,"href":"https:\/\/fitnfemale.com\/fr\/wp-json\/wp\/v2\/product_tag?post=5117"}],"curies":[{"name":"wp","href":"https:\/\/api.w.org\/{rel}","templated":true}]}}