{"id":5116,"date":"2017-10-02T18:11:03","date_gmt":"2017-10-02T18:11:03","guid":{"rendered":"http:\/\/blog.fitnfemale.de\/shop\/dein-ernaehrungsplan\/"},"modified":"2026-04-14T18:00:46","modified_gmt":"2026-04-14T17:00:46","slug":"votre-nutrition-plan","status":"publish","type":"product","link":"https:\/\/fitnfemale.com\/fr\/produit\/votre-nutrition-plan\/","title":{"rendered":"Ton plan alimentaire"},"content":{"rendered":"<div class=\"message-box relative dark\" style=\"padding-top:15px;padding-bottom:15px;\"><div class=\"message-box-bg-image bg-fill fill\" ><\/div><div class=\"message-box-bg-overlay bg-fill fill\" ><\/div><div class=\"container relative\"><div class=\"inner last-reset\">\n<div class=\"row align-middle align-center\"  id=\"row-52212898\">\n\n\t<div id=\"col-1395143908\" class=\"col small-12 large-12\"  >\n\t\t\t\t<div class=\"col-inner\"  >\n\t\t\t\n\t\t\t\n<p>Imm\u00e9diatement apr\u00e8s avoir achet\u00e9 le plan, tu recevras automatiquement une liste de questions par e-mail. Merci de nous y r\u00e9pondre le plus rapidement possible afin que nous puissions personnaliser le plan pour toi.<\/p>\n\t\t<\/div>\n\t\t\t\t\t<\/div>\n\n\t\n<\/div>\n<\/div><\/div><\/div>\n\t<div id=\"gap-425640721\" class=\"gap-element clearfix\" style=\"display:block; height:auto;\">\n\t\t\n<style>\n#gap-425640721 {\n  padding-top: 30px;\n}\n<\/style>\n\t<\/div>\n\t\n<a href=\"https:\/\/m.me\/FitnFemale\" target=\"_blank\" class=\"button primary is-outline is-small\" rel=\"noopener\" >\n\t\t<span>Tu as des questions ? Contacte-nous dans le chat<\/span>\n\t<i class=\"icon-angle-right\" aria-hidden=\"true\"><\/i><\/a>\n\n\t<div id=\"gap-655770699\" class=\"gap-element clearfix\" style=\"display:block; height:auto;\">\n\t\t\n<style>\n#gap-655770699 {\n  padding-top: 30px;\n}\n<\/style>\n\t<\/div>\n\t\n<p><strong><small>Comme ce plan contient des composants individuels adapt\u00e9s \u00e0 tes besoins, tu recevras le plan <u> dans les 48 heures<\/u> par courrier \u00e9lectronique. Ce plan te sera envoy\u00e9 par voie \u00e9lectronique, c'est pourquoi il n'y a pas de frais d'envoi. Les plans et les eBooks sont exclus du droit de r\u00e9tractation.<\/small><\/strong><\/p>","protected":false},"excerpt":{"rendered":"<h2>Ton plan alimentaire de FITNFEMALE\u00ae.<\/h2>\n<h4>Nourris-toi comme une athl\u00e8te ! La bonne alimentation repr\u00e9sente plus de 60% de ton succ\u00e8s.<\/h4>\n<ul>\n<li class=\"bullet-star\">D\u00e9termination individuelle de tes besoins \u00e9nerg\u00e9tiques quotidiens, les jours d'entra\u00eenement comme les jours sans entra\u00eenement !<\/li>\n<li class=\"bullet-star\">Pas de plan alimentaire rigide et monotone ! Tu peux choisir ce dont tu as envie parmi les nombreuses possibilit\u00e9s qui s'offrent \u00e0 toi !<\/li>\n<li class=\"bullet-star\">Chaque dimanche, Cheatday (pour les 4 &amp; 5 jours d'entra\u00eenement).<\/li>\n<li class=\"bullet-star\">Tous les repas\/recettes pour les repas principaux et les snacks avec des images et des informations nutritionnelles.<\/li>\n<li class=\"bullet-star\">Avec des tableaux de valeurs nutritives - adapt\u00e9s \u00e0 tous les repas de la journ\u00e9e.<\/li>\n<li class=\"bullet-star\">Mat\u00e9riel d'information important sur l'alimentation athl\u00e9tique et saine inclus.<\/li>\n<li class=\"bullet-star\">41 pages de repas possibles, d'en-cas et de recettes.<\/li>\n<li class=\"bullet-star\">Adapte simplement ton alimentation semaine apr\u00e8s semaine \u00e0 ton emploi du temps\/programme d'entra\u00eenement.<\/li>\n<li class=\"bullet-star\">Personnalisable.<\/li>\n<\/ul>","protected":false},"featured_media":738432,"comment_status":"open","ping_status":"closed","template":"","meta":{"slim_seo":{"title":"Votre programme nutritionnel - FitNFemale\u00ae","description":"Votre programme nutritionnel FITNFEMALE\u00ae : Mangez comme une athl\u00e8te ! Une nutrition adapt\u00e9e contribue \u00e0 plus de 60 % de votre r\u00e9ussite. \u00c9valuation personnalis\u00e9e de vos besoins."}},"product_brand":[],"product_cat":[428,6671],"product_tag":[],"class_list":{"0":"post-5116","1":"product","2":"type-product","3":"status-publish","4":"has-post-thumbnail","6":"product_cat-plan","7":"product_cat-topdeals","8":"pa_anwendungsbereiche-better-digestion","9":"pa_anwendungsbereiche-gesundes-kochen-backen","10":"pa_anwendungsbereiche-weightloss","11":"pa_anwendungsbereiche-shaping","12":"pa_marke-fitnfemale","13":"pa_misc-digital","14":"pa_schwangerschaft-geeignet","15":"pa_stillzeit-geeignet","17":"first","18":"instock","19":"virtual","20":"sold-individually","21":"taxable","22":"purchasable","23":"product-type-simple"},"bundled_by":[],"bundle_stock_status":"instock","bundle_stock_quantity":null,"bundle_virtual":false,"bundle_layout":"","bundle_add_to_cart_form_location":"","bundle_editable_in_cart":false,"bundle_sold_individually_context":"","bundle_item_grouping":"","bundle_min_size":"","bundle_max_size":"","bundle_price":[],"bundled_items":[],"bundle_sell_ids":[],"gallery_images":[407653],"_links":{"self":[{"href":"https:\/\/fitnfemale.com\/fr\/wp-json\/wp\/v2\/product\/5116","targetHints":{"allow":["GET"]}}],"collection":[{"href":"https:\/\/fitnfemale.com\/fr\/wp-json\/wp\/v2\/product"}],"about":[{"href":"https:\/\/fitnfemale.com\/fr\/wp-json\/wp\/v2\/types\/product"}],"replies":[{"embeddable":true,"href":"https:\/\/fitnfemale.com\/fr\/wp-json\/wp\/v2\/comments?post=5116"}],"wp:featuredmedia":[{"embeddable":true,"href":"https:\/\/fitnfemale.com\/fr\/wp-json\/wp\/v2\/media\/738432"}],"wp:attachment":[{"href":"https:\/\/fitnfemale.com\/fr\/wp-json\/wp\/v2\/media?parent=5116"}],"wp:term":[{"taxonomy":"product_brand","embeddable":true,"href":"https:\/\/fitnfemale.com\/fr\/wp-json\/wp\/v2\/product_brand?post=5116"},{"taxonomy":"product_cat","embeddable":true,"href":"https:\/\/fitnfemale.com\/fr\/wp-json\/wp\/v2\/product_cat?post=5116"},{"taxonomy":"product_tag","embeddable":true,"href":"https:\/\/fitnfemale.com\/fr\/wp-json\/wp\/v2\/product_tag?post=5116"}],"curies":[{"name":"wp","href":"https:\/\/api.w.org\/{rel}","templated":true}]}}