{"id":5079,"date":"2017-10-02T18:10:59","date_gmt":"2017-10-02T17:10:59","guid":{"rendered":"http:\/\/blog.fitnfemale.de\/shop\/pink-rush-muscle-tone\/"},"modified":"2026-04-11T18:14:58","modified_gmt":"2026-04-11T17:14:58","slug":"pink-rush-muscle-tone","status":"publish","type":"product","link":"https:\/\/fitnfemale.com\/fr\/produit\/pink-rush-muscle-tone\/","title":{"rendered":"Pink Rush (Muscle Tone Booster)"},"content":{"rendered":"<div class=\"img has-hover img-details x md-x lg-x y md-y lg-y\" id=\"image_1308077278\">\n\t\t\t\t\t\t\t\t<div class=\"img-inner dark\" >\n\t\t\t<img decoding=\"async\" width=\"1020\" height=\"569\" src=\"https:\/\/fitnfemale.com\/wp-content\/uploads\/pre-workout-pink-rush-details.webp\" class=\"attachment-large size-large\" alt=\"D\u00e9tails du Pink Rush pr\u00e9-entra\u00eenement\" srcset=\"https:\/\/fitnfemale.com\/wp-content\/uploads\/pre-workout-pink-rush-details.webp 1376w, https:\/\/fitnfemale.com\/wp-content\/uploads\/pre-workout-pink-rush-details-717x400.webp 717w, https:\/\/fitnfemale.com\/wp-content\/uploads\/pre-workout-pink-rush-details-768x429.webp 768w, https:\/\/fitnfemale.com\/wp-content\/uploads\/pre-workout-pink-rush-details-18x10.webp 18w, https:\/\/fitnfemale.com\/wp-content\/uploads\/pre-workout-pink-rush-details-1000x558.webp 1000w\" sizes=\"(max-width: 1020px) 100vw, 1020px\" \/>\t\t\t\t\t\t\n\t\t\t\t\t<\/div>\n\t\t\t\t\t\t\t\t\n<style>\n#image_1308077278 {\n  width: 100%;\n}\n<\/style>\n\t<\/div>\n\t\n<p>Tu te demandes quel est le secret de PINK RUSH ? Nous avons rassembl\u00e9 pour toi la meilleure combinaison d'ingr\u00e9dients puissants, dont la b\u00eata-alanine, la caf\u00e9ine, la cr\u00e9atine, les c\u00e9tones de framboise, la L-tyrosine, l'extrait d'orange am\u00e8re et la L-arginine.<\/p>\n<p>Ressentez l&#039;effet stimulant seulement 15 minutes apr\u00e8s la prise ! Les l\u00e9gers picotements ou d\u00e9mangeaisons que vous ressentez sur votre peau indiquent que PINK RUSH produit l&#039;effet d\u00e9sir\u00e9.<\/p>\n<p>PINK RUSH est sans aspartame et augmente tes performances pour que tu puisses tirer le meilleur parti de chaque entra\u00eenement. Le r\u00e9sultat : une combinaison irr\u00e9sistible de force et de gr\u00e2ce.<\/p>\n<p>Dites oui \u00e0 une exp\u00e9rience d&#039;entra\u00eenement intense !<\/p>\n<div class=\"accordion\">\n\t<div id=\"accordion-3799223583\" class=\"accordion-item\">\n\t\t<a id=\"accordion-3799223583-label\" class=\"accordion-title plain\" href=\"#accordion-item-inhaltsstoffe\" aria-expanded=\"false\" aria-controls=\"accordion-3799223583-content\">\n\t\t\t<button class=\"toggle\" aria-label=\"Basculer\"><i class=\"icon-angle-down\" aria-hidden=\"true\"><\/i><\/button>\n\t\t\t<span>Ingr\u00e9dients<\/span>\n\t\t<\/a>\n\t\t<div id=\"accordion-3799223583-content\" class=\"accordion-inner\" aria-labelledby=\"accordion-3799223583-label\">\n\t\t\t\n<table class=\"ffnf-clean-table\">\n<thead>\n<tr>\n<th>Ingr\u00e9dients<\/th>\n<th>Portion (10 g)<\/th>\n<th>% NRV*<\/th>\n<\/tr>\n<\/thead>\n<tbody>\n<tr>\n<td>B\u00eata-alanine<\/td>\n<td>2,50 g<\/td>\n<td>\u2013<\/td>\n<\/tr>\n<tr>\n<td>monohydrate de cr\u00e9atine<\/td>\n<td>2,0 g<\/td>\n<td>\u2013<\/td>\n<\/tr>\n<tr>\n<td>L-Arginine<\/td>\n<td>2,0 g<\/td>\n<td>\u2013<\/td>\n<\/tr>\n<tr>\n<td>Calcium<\/td>\n<td>120 mg<\/td>\n<td>15 %<\/td>\n<\/tr>\n<tr>\n<td>magn\u00e9sium<\/td>\n<td>60 mg<\/td>\n<td>16 %<\/td>\n<\/tr>\n<tr>\n<td>L-tyrosine<\/td>\n<td>500 mg<\/td>\n<td>\u2013<\/td>\n<\/tr>\n<tr>\n<td>Extrait d&#039;orange am\u00e8re<\/td>\n<td>300 mg<\/td>\n<td>\u2013<\/td>\n<\/tr>\n<tr>\n<td>caf\u00e9ine<\/td>\n<td>200 mg<\/td>\n<td>\u2013<\/td>\n<\/tr>\n<tr>\n<td>Extrait de framboise (5 c\u00e9tones de framboise %)<\/td>\n<td>200 mg<\/td>\n<td>\u2013<\/td>\n<\/tr>\n<tr>\n<td>Vitamine B1<\/td>\n<td>2,2 mg<\/td>\n<td>200 %<\/td>\n<\/tr>\n<tr>\n<td>Vitamine B2<\/td>\n<td>2,8 mg<\/td>\n<td>200 %<\/td>\n<\/tr>\n<tr>\n<td>niacine<\/td>\n<td>32 mg<\/td>\n<td>200 %<\/td>\n<\/tr>\n<tr>\n<td>Acide pantoth\u00e9nique (B5)<\/td>\n<td>12 mg<\/td>\n<td>200 %<\/td>\n<\/tr>\n<tr>\n<td>Vitamine B6<\/td>\n<td>2,8 mg<\/td>\n<td>200 %<\/td>\n<\/tr>\n<tr>\n<td>Biotine<\/td>\n<td>100 \u00b5g<\/td>\n<td>200 %<\/td>\n<\/tr>\n<tr>\n<td>acide folique<\/td>\n<td>400 \u00b5g<\/td>\n<td>200 %<\/td>\n<\/tr>\n<tr>\n<td>Vitamine B12<\/td>\n<td>5 \u00b5g<\/td>\n<td>200 %<\/td>\n<\/tr>\n<\/tbody>\n<\/table>\n\t\t<\/div>\n\t<\/div>\n\t\n<\/div>","protected":false},"excerpt":{"rendered":"<h2>D\u00e9couvrez PINK RUSH : votre booster pr\u00e9-entra\u00eenement ultime pour une puissance maximale !<\/h2>\n<h4>Envie de passer \u00e0 la vitesse sup\u00e9rieure et de rayonner comme une v\u00e9ritable athl\u00e8te\u00a0? PINK RUSH est fait pour vous\u00a0! Cette formule unique de tonification musculaire a \u00e9t\u00e9 sp\u00e9cialement con\u00e7ue pour les femmes afin d&#039;obtenir des r\u00e9sultats exceptionnels.<\/h4>\n<ul>\n<li class=\"bullet-star\">Transforme ton entra\u00eenement avec la sensationnelle matrice Lean-Female-Muscle<\/li>\n<li class=\"bullet-star\">Ressens un regain d'\u00e9nergie imm\u00e9diat gr\u00e2ce \u00e0 200mg de caf\u00e9ine par portion<\/li>\n<li class=\"bullet-star\">Profite d'un dosage optimal de cr\u00e9atine, parfaitement adapt\u00e9 aux besoins des femmes<\/li>\n<li class=\"bullet-star\">Soutiens ta sant\u00e9 gr\u00e2ce aux pr\u00e9cieuses vitamines B<\/li>\n<\/ul>","protected":false},"featured_media":916228,"comment_status":"open","ping_status":"closed","template":"","meta":{"slim_seo":{"title":"Booster pr\u00e9-entra\u00eenement PINK RUSH","description":"PINK RUSH de FitnFemale\u00ae est un booster pr\u00e9-entra\u00eenement nouvelle g\u00e9n\u00e9ration avec une formule tonifiante pour les muscles."}},"product_brand":[],"product_cat":[6629,1047,619],"product_tag":[],"class_list":{"0":"post-5079","1":"product","2":"type-product","3":"status-publish","4":"has-post-thumbnail","6":"product_cat-basic","7":"product_cat-fit-strong","8":"product_cat-fitness-drink","9":"pa_anwendungsbereiche-energy","10":"pa_anwendungsbereiche-focus","11":"pa_anwendungsbereiche-for-your-workout","12":"pa_anwendungsbereiche-power","13":"pa_misc-aspartamfree","14":"pa_misc-glutenfree","15":"pa_misc-lactosefree","16":"pa_nutritionfactinfo-nofat","17":"pa_nutritionfactinfo-nocarbs","18":"pa_nutritionfactinfo-lowcalories","19":"pa_nutritionfactinfo-lowsugar","20":"pa_schwangerschaft-nicht-geeignet","21":"pa_stillzeit-nicht-geeignet","22":"pa_vegan-nein","24":"first","25":"instock","26":"featured","27":"taxable","28":"shipping-taxable","29":"purchasable","30":"product-type-variable","31":"has-default-attributes"},"bundled_by":["7981","7984","606937","627104","786591","738226","5033","957236"],"bundle_stock_status":"instock","bundle_stock_quantity":null,"bundle_virtual":false,"bundle_layout":"","bundle_add_to_cart_form_location":"","bundle_editable_in_cart":false,"bundle_sold_individually_context":"","bundle_item_grouping":"","bundle_min_size":"","bundle_max_size":"","bundle_price":[],"bundled_items":[],"bundle_sell_ids":[],"gallery_images":[954308,954309,952994,952995,942905,952993,908765,952992],"_links":{"self":[{"href":"https:\/\/fitnfemale.com\/fr\/wp-json\/wp\/v2\/product\/5079","targetHints":{"allow":["GET"]}}],"collection":[{"href":"https:\/\/fitnfemale.com\/fr\/wp-json\/wp\/v2\/product"}],"about":[{"href":"https:\/\/fitnfemale.com\/fr\/wp-json\/wp\/v2\/types\/product"}],"replies":[{"embeddable":true,"href":"https:\/\/fitnfemale.com\/fr\/wp-json\/wp\/v2\/comments?post=5079"}],"wp:featuredmedia":[{"embeddable":true,"href":"https:\/\/fitnfemale.com\/fr\/wp-json\/wp\/v2\/media\/916228"}],"wp:attachment":[{"href":"https:\/\/fitnfemale.com\/fr\/wp-json\/wp\/v2\/media?parent=5079"}],"wp:term":[{"taxonomy":"product_brand","embeddable":true,"href":"https:\/\/fitnfemale.com\/fr\/wp-json\/wp\/v2\/product_brand?post=5079"},{"taxonomy":"product_cat","embeddable":true,"href":"https:\/\/fitnfemale.com\/fr\/wp-json\/wp\/v2\/product_cat?post=5079"},{"taxonomy":"product_tag","embeddable":true,"href":"https:\/\/fitnfemale.com\/fr\/wp-json\/wp\/v2\/product_tag?post=5079"}],"curies":[{"name":"wp","href":"https:\/\/api.w.org\/{rel}","templated":true}]}}