{"id":5059,"date":"2017-10-02T19:10:56","date_gmt":"2017-10-02T18:10:56","guid":{"rendered":"http:\/\/blog.fitnfemale.de\/shop\/fitness-pasta\/"},"modified":"2026-04-25T18:01:22","modified_gmt":"2026-04-25T17:01:22","slug":"fitness-pasta","status":"publish","type":"product","link":"https:\/\/fitnfemale.com\/fr\/produit\/fitness-pasta\/","title":{"rendered":"P\u00e2tes Fitness"},"content":{"rendered":"<p>Tu es \u00e0 la recherche d'un plat de p\u00e2tes qui n'est pas seulement d\u00e9licieux, mais qui soutient \u00e9galement tes objectifs sportifs ? Alors nous avons exactement ce qu'il te faut : nos p\u00e2tes fitness !<\/p>\n<p>Nos Fitness Pasta sont pleines de pr\u00e9cieuses prot\u00e9ines et de fibres alimentaires, qui fournissent \u00e0 ton corps des nutriments optimaux et t'aident \u00e0 atteindre tes objectifs sportifs. Mais tu ne dois en aucun cas renoncer au go\u00fbt d\u00e9licieux des p\u00e2tes - nos Fitness Pasta sont tout simplement divines !<\/p>\n<p>Le secret de nos p\u00e2tes fitness r\u00e9side dans le m\u00e9lange sp\u00e9cial de prot\u00e9ines \u00e0 base de bl\u00e9, de levain de seigle, de fibres d'avoine, de soja et de riz. Cette combinaison te fournit le m\u00e9lange parfait de prot\u00e9ines \u00e0 digestion rapide et de prot\u00e9ines \u00e0 digestion plus lente, ainsi que des fibres qui te permettent de rester rassasi\u00e9(e) pendant longtemps et soutiennent ta digestion.<\/p>\n<p>Mais ce n'est pas tout : nos p\u00e2tes fitness sont \u00e9galement riches en pr\u00e9cieux min\u00e9raux et vitamines, qui fournissent \u00e0 ton corps des nutriments optimaux et t'aident \u00e0 am\u00e9liorer tes performances sportives.<\/p>\n<p>Et le meilleur dans tout \u00e7a ? Nos Fitness Pasta sont faciles et rapides \u00e0 pr\u00e9parer et se combinent parfaitement avec tes ingr\u00e9dients pr\u00e9f\u00e9r\u00e9s. Que tu sois v\u00e9g\u00e9tarien, v\u00e9g\u00e9talien ou que tu pr\u00e9f\u00e8res la viande ou le poisson, avec nos Fitness Pasta, la cr\u00e9ativit\u00e9 en cuisine n'a pas de limites.<\/p>\n<p>Alors qu'est-ce que tu attends encore ? Commande d\u00e8s maintenant nos p\u00e2tes fitness et d\u00e9couvre le m\u00e9lange parfait de saveurs et de nutriments !<\/p>","protected":false},"excerpt":{"rendered":"<h2>Avis aux amateurs de p\u00e2tes : Les p\u00e2tes prot\u00e9in\u00e9es \u00e0 faible teneur en glucides sont d\u00e9sormais disponibles, en provenance directe d'Italie !<\/h2>\n<h4>Des valeurs nutritives de pointe, nutritives et d\u00e9licieuses. Le go\u00fbt et la consistance ne manquent pas par rapport aux p\u00e2tes normales ! Parfaites pour savourer des p\u00e2tes saines.<\/h4>\n<ul>\n<li class=\"bullet-star\">High Protein &amp; lowcarb<\/li>\n<li class=\"bullet-star\">Jusqu'\u00e0 six fois moins de glucides que les p\u00e2tes normales<\/li>\n<li class=\"bullet-star\">Consistance agr\u00e9able<\/li>\n<li class=\"bullet-star\">Rassasie bien et longtemps<\/li>\n<li class=\"bullet-star\">Les p\u00e2tes se marient tr\u00e8s bien avec la sauce.<\/li>\n<li class=\"bullet-star\">Uniquement des mati\u00e8res premi\u00e8res de qualit\u00e9<\/li>\n<li class=\"bullet-star\">Fabriqu\u00e9 en Italie<\/li>\n<\/ul>","protected":false},"featured_media":633398,"comment_status":"open","ping_status":"closed","template":"","meta":{"slim_seo":{"title":"Fitness Pasta - FitNFemale\u00ae","description":"Amateurs de p\u00e2tes, \u00e0 vos marques\u00a0! Des p\u00e2tes prot\u00e9in\u00e9es \u00e0 faible teneur en glucides sont d\u00e9sormais disponibles, directement d\u2019Italie\u00a0! Valeurs nutritionnelles optimales, nutritives et tout simplement d\u00e9licieuses. Le go\u00fbt et la texture\u2026"}},"product_brand":[],"product_cat":[6366,292],"product_tag":[],"class_list":{"0":"post-5059","1":"product","2":"type-product","3":"status-publish","4":"has-post-thumbnail","6":"product_cat-promo-10","7":"product_cat-food","8":"pa_anwendungsbereiche-gesundes-kochen-backen","9":"pa_misc-aspartamfree","10":"pa_nutritionfactinfo-highprotein","11":"pa_nutritionfactinfo-lactosefree","12":"pa_nutritionfactinfo-lowcalories","13":"pa_nutritionfactinfo-lowcarb","14":"pa_nutritionfactinfo-lowfat","15":"pa_nutritionfactinfo-lowsugar","16":"pa_schwangerschaft-geeignet","17":"pa_stillzeit-geeignet","18":"pa_vegan-ja","20":"first","21":"outofstock","22":"taxable","23":"shipping-taxable","24":"purchasable","25":"product-type-simple"},"bundled_by":[],"bundle_stock_status":"outofstock","bundle_stock_quantity":0,"bundle_virtual":false,"bundle_layout":"","bundle_add_to_cart_form_location":"","bundle_editable_in_cart":false,"bundle_sold_individually_context":"","bundle_item_grouping":"","bundle_min_size":"","bundle_max_size":"","bundle_price":[],"bundled_items":[],"bundle_sell_ids":[],"gallery_images":[361729,361728,361730,3204,677980],"_links":{"self":[{"href":"https:\/\/fitnfemale.com\/fr\/wp-json\/wp\/v2\/product\/5059","targetHints":{"allow":["GET"]}}],"collection":[{"href":"https:\/\/fitnfemale.com\/fr\/wp-json\/wp\/v2\/product"}],"about":[{"href":"https:\/\/fitnfemale.com\/fr\/wp-json\/wp\/v2\/types\/product"}],"replies":[{"embeddable":true,"href":"https:\/\/fitnfemale.com\/fr\/wp-json\/wp\/v2\/comments?post=5059"}],"wp:featuredmedia":[{"embeddable":true,"href":"https:\/\/fitnfemale.com\/fr\/wp-json\/wp\/v2\/media\/633398"}],"wp:attachment":[{"href":"https:\/\/fitnfemale.com\/fr\/wp-json\/wp\/v2\/media?parent=5059"}],"wp:term":[{"taxonomy":"product_brand","embeddable":true,"href":"https:\/\/fitnfemale.com\/fr\/wp-json\/wp\/v2\/product_brand?post=5059"},{"taxonomy":"product_cat","embeddable":true,"href":"https:\/\/fitnfemale.com\/fr\/wp-json\/wp\/v2\/product_cat?post=5059"},{"taxonomy":"product_tag","embeddable":true,"href":"https:\/\/fitnfemale.com\/fr\/wp-json\/wp\/v2\/product_tag?post=5059"}],"curies":[{"name":"wp","href":"https:\/\/api.w.org\/{rel}","templated":true}]}}