{"id":5058,"date":"2017-10-02T19:10:56","date_gmt":"2017-10-02T18:10:56","guid":{"rendered":"http:\/\/blog.fitnfemale.de\/shop\/l-carnitin-greentea\/"},"modified":"2026-04-04T18:01:50","modified_gmt":"2026-04-04T17:01:50","slug":"l-carnitine-greentea","status":"publish","type":"product","link":"https:\/\/fitnfemale.com\/fr\/produit\/l-carnitine-greentea\/","title":{"rendered":"L-Carnitine + Greentea"},"content":{"rendered":"<div class=\"img has-hover img-details x md-x lg-x y md-y lg-y\" id=\"image_496210440\">\n\t\t\t\t\t\t\t\t<div class=\"img-inner dark\" >\n\t\t\t<img decoding=\"async\" width=\"1020\" height=\"569\" src=\"https:\/\/fitnfemale.com\/wp-content\/uploads\/lcarnitin-greentea-closeup4.webp\" class=\"attachment-large size-large\" alt=\"Gros plan sur le th\u00e9 vert \u00e0 la L-carnitine 4\" srcset=\"https:\/\/fitnfemale.com\/wp-content\/uploads\/lcarnitin-greentea-closeup4.webp 1376w, https:\/\/fitnfemale.com\/wp-content\/uploads\/lcarnitin-greentea-closeup4-717x400.webp 717w, https:\/\/fitnfemale.com\/wp-content\/uploads\/lcarnitin-greentea-closeup4-768x429.webp 768w, https:\/\/fitnfemale.com\/wp-content\/uploads\/lcarnitin-greentea-closeup4-18x10.webp 18w, https:\/\/fitnfemale.com\/wp-content\/uploads\/lcarnitin-greentea-closeup4-1000x558.webp 1000w\" sizes=\"(max-width: 1020px) 100vw, 1020px\" \/>\t\t\t\t\t\t\n\t\t\t\t\t<\/div>\n\t\t\t\t\t\t\t\t\n<style>\n#image_496210440 {\n  width: 100%;\n}\n<\/style>\n\t<\/div>\n\t\n<p>Ce duo est votre alli\u00e9 id\u00e9al au quotidien\u00a0: pour plus d\u2019\u00e9nergie \u00e0 la salle de sport, lors de journ\u00e9es stressantes ou simplement pour vous surpasser. Pour toutes celles et ceux qui vivent en pleine conscience, prennent des compl\u00e9ments alimentaires intelligemment et recherchent l\u2019\u00e9nergie. Naturellement, avec la qualit\u00e9 FitNFemale.<\/p>\n<p><strong>L-carnitine<\/strong> Il s&#039;agit d&#039;un compos\u00e9 semblable \u00e0 une vitamine, produit naturellement par l&#039;organisme, principalement dans le foie et les reins. Il joue un r\u00f4le essentiel dans le m\u00e9tabolisme des graisses, car il transporte les acides gras \u00e0 longue cha\u00eene jusqu&#039;aux mitochondries (v\u00e9ritables centrales \u00e9nerg\u00e9tiques du cerveau), o\u00f9 ils sont transform\u00e9s en \u00e9nergie. Il est particuli\u00e8rement appr\u00e9ci\u00e9 des personnes actives qui souhaitent augmenter leur niveau d&#039;\u00e9nergie, par exemple avant une s\u00e9ance d&#039;entra\u00eenement ou pendant un r\u00e9gime.<\/p>\n<p><strong>Extrait de th\u00e9 vert (GTE)<\/strong> Il s&#039;agit d&#039;un compos\u00e9 v\u00e9g\u00e9tal naturel riche en cat\u00e9chines, notamment en EGCG, et contenant \u00e9galement de la caf\u00e9ine. Cet extrait est souvent utilis\u00e9 pour ses propri\u00e9t\u00e9s favorisant la concentration, le m\u00e9tabolisme des graisses et ses vertus antioxydantes. Id\u00e9al pour toute personne menant une vie active et saine.<\/p>\n<table class=\"ffnf-clean-table\">\n<thead>\n<tr>\n<th>Ingr\u00e9dients<\/th>\n<th>Portion (2 capsules)<\/th>\n<\/tr>\n<\/thead>\n<tbody>\n<tr>\n<td>L-carnitine<\/td>\n<td>1000 mg<\/td>\n<\/tr>\n<tr>\n<td>Extrait de Th\u00e9 Vert<br \/>\u2013 dont l\u2019EGCG<\/td>\n<td>400 mg<br \/>180 mg<\/td>\n<\/tr>\n<tr>\n<td>caf\u00e9ine<\/td>\n<td>64 mg<\/td>\n<\/tr>\n<\/tbody>\n<\/table>","protected":false},"excerpt":{"rendered":"<h2>Plus d&#039;\u00e9nergie, plus de concentration, plus de vous-m\u00eame<\/h2>\n<h4>L&#039;association id\u00e9ale pour un mode de vie actif\u00a0: L-Carnitine et th\u00e9 vert \u2013 pour celles et ceux qui joignent le geste \u00e0 la parole. Parfait pour un regain d&#039;\u00e9nergie avant l&#039;entra\u00eenement ou pour vous accompagner au quotidien\u00a0!<\/h4>\n<ul>\n<li class=\"bullet-star\">L-Carnitine (1000 mg) : Soutient votre m\u00e9tabolisme \u00e9nerg\u00e9tique et vous met en mouvement.<\/li>\n<li class=\"bullet-star\">Extrait de th\u00e9 vert (400 mg) : Haute qualit\u00e9 et naturel \u2013 avec 180 mg d&#039;EGCG<\/li>\n<li class=\"bullet-star\">Caf\u00e9ine (64 mg) : Pour un regain de concentration rapide.<\/li>\n<li class=\"bullet-star\">Id\u00e9al avant l&#039;entra\u00eenement ou en soutien pendant les phases actives<\/li>\n<\/ul>","protected":false},"featured_media":943253,"comment_status":"open","ping_status":"closed","template":"","meta":{"slim_seo":{"title":"L-Carnitine + Th\u00e9 Vert - FitNFemale\u00ae","description":"Plus d&#039;\u00e9nergie, plus de concentration, plus de vous-m\u00eame. L&#039;association id\u00e9ale pour un mode de vie actif\u00a0: L-Carnitine et th\u00e9 vert \u2013 pour celles et ceux qui joignent le geste \u00e0 la parole. Parfait."}},"product_brand":[],"product_cat":[6508,317,6629,1052,401,6671],"product_tag":[],"class_list":{"0":"post-5058","1":"product","2":"type-product","3":"status-publish","4":"has-post-thumbnail","6":"product_cat-promo-25","7":"product_cat-abnehmen","8":"product_cat-basic","9":"product_cat-fatburner","10":"product_cat-health","11":"product_cat-topdeals","12":"pa_anwendungsbereiche-energy","13":"pa_anwendungsbereiche-health","14":"pa_anwendungsbereiche-shaping","15":"pa_anwendungsbereiche-metabolism","16":"pa_marke-fitnfemale","17":"pa_misc-aspartamfree","18":"pa_misc-glutenfree","19":"pa_misc-lactosefree","20":"pa_misc-vegetarian","21":"pa_nutritionfactinfo-nofat","22":"pa_nutritionfactinfo-glutenfree","23":"pa_nutritionfactinfo-nocalories","24":"pa_nutritionfactinfo-nocarbs","25":"pa_nutritionfactinfo-lactosefree","26":"pa_nutritionfactinfo-nosugar","27":"pa_schwangerschaft-nicht-geeignet","28":"pa_stillzeit-nicht-geeignet","29":"pa_vegan-ja","31":"first","32":"instock","33":"taxable","34":"shipping-taxable","35":"purchasable","36":"product-type-simple"},"bundled_by":["7746","5439","627227","663238","637421"],"bundle_stock_status":"instock","bundle_stock_quantity":null,"bundle_virtual":false,"bundle_layout":"","bundle_add_to_cart_form_location":"","bundle_editable_in_cart":false,"bundle_sold_individually_context":"","bundle_item_grouping":"","bundle_min_size":"","bundle_max_size":"","bundle_price":[],"bundled_items":[],"bundle_sell_ids":[],"gallery_images":[953724,953726,953725,953728,954589,954587,954588],"_links":{"self":[{"href":"https:\/\/fitnfemale.com\/fr\/wp-json\/wp\/v2\/product\/5058","targetHints":{"allow":["GET"]}}],"collection":[{"href":"https:\/\/fitnfemale.com\/fr\/wp-json\/wp\/v2\/product"}],"about":[{"href":"https:\/\/fitnfemale.com\/fr\/wp-json\/wp\/v2\/types\/product"}],"replies":[{"embeddable":true,"href":"https:\/\/fitnfemale.com\/fr\/wp-json\/wp\/v2\/comments?post=5058"}],"wp:featuredmedia":[{"embeddable":true,"href":"https:\/\/fitnfemale.com\/fr\/wp-json\/wp\/v2\/media\/943253"}],"wp:attachment":[{"href":"https:\/\/fitnfemale.com\/fr\/wp-json\/wp\/v2\/media?parent=5058"}],"wp:term":[{"taxonomy":"product_brand","embeddable":true,"href":"https:\/\/fitnfemale.com\/fr\/wp-json\/wp\/v2\/product_brand?post=5058"},{"taxonomy":"product_cat","embeddable":true,"href":"https:\/\/fitnfemale.com\/fr\/wp-json\/wp\/v2\/product_cat?post=5058"},{"taxonomy":"product_tag","embeddable":true,"href":"https:\/\/fitnfemale.com\/fr\/wp-json\/wp\/v2\/product_tag?post=5058"}],"curies":[{"name":"wp","href":"https:\/\/api.w.org\/{rel}","templated":true}]}}