{"id":5050,"date":"2017-10-02T19:10:51","date_gmt":"2017-10-02T18:10:51","guid":{"rendered":"http:\/\/blog.fitnfemale.de\/shop\/get-strong-water-jug\/"},"modified":"2026-04-19T18:01:44","modified_gmt":"2026-04-19T17:01:44","slug":"get-strong-water-jug","status":"publish","type":"product","link":"https:\/\/fitnfemale.com\/fr\/produit\/get-strong-water-jug\/","title":{"rendered":"Carafe \u00e0 eau"},"content":{"rendered":"<div class=\"img has-hover img-details x md-x lg-x y md-y lg-y\" id=\"image_243187875\">\n\t\t\t\t\t\t\t\t<div class=\"img-inner dark\" >\n\t\t\t<img decoding=\"async\" width=\"1020\" height=\"569\" src=\"https:\/\/fitnfemale.com\/wp-content\/uploads\/waterjug-closeup7.webp\" class=\"attachment-large size-large\" alt=\"Gros plan sur une carafe d&#039;eau 7\" srcset=\"https:\/\/fitnfemale.com\/wp-content\/uploads\/waterjug-closeup7.webp 1376w, https:\/\/fitnfemale.com\/wp-content\/uploads\/waterjug-closeup7-717x400.webp 717w, https:\/\/fitnfemale.com\/wp-content\/uploads\/waterjug-closeup7-768x429.webp 768w, https:\/\/fitnfemale.com\/wp-content\/uploads\/waterjug-closeup7-18x10.webp 18w, https:\/\/fitnfemale.com\/wp-content\/uploads\/waterjug-closeup7-1000x558.webp 1000w\" sizes=\"(max-width: 1020px) 100vw, 1020px\" \/>\t\t\t\t\t\t\n\t\t\t\t\t<\/div>\n\t\t\t\t\t\t\t\t\n<style>\n#image_243187875 {\n  width: 100%;\n}\n<\/style>\n\t<\/div>","protected":false},"excerpt":{"rendered":"<h2>Votre alli\u00e9 hydrique pour la salle de sport, le quotidien et vos aventures.<\/h2>\n<h4>Avec une capacit\u00e9 de 2,2 litres, la carafe \u00e0 eau vous assure une hydratation optimale en toutes circonstances \u2013 \u00e9l\u00e9gante, pratique et toujours \u00e0 port\u00e9e de main.<\/h4>\n<ul>\n<li class=\"bullet-star\">Capacit\u00e9 importante : 2,2 litres pour toute la journ\u00e9e \u2013 aucun remplissage constant n\u00e9cessaire.<\/li>\n<li class=\"bullet-star\">Id\u00e9al pour la salle de sport et les d\u00e9placements : l\u00e9ger, robuste et avec un look sportif.<\/li>\n<li class=\"bullet-star\">100 % \u00e9tanche : Pas une goutte ne se renversera, m\u00eame pendant vos entra\u00eenements les plus intenses.<\/li>\n<li class=\"bullet-star\">Manipulation facile : Poign\u00e9e confortable et fermeture anti-torsion pour un confort maximal.<\/li>\n<li class=\"bullet-star\">Parmi les citations motivantes : \u201e Buvez sainement. Entra\u00eenez-vous intens\u00e9ment. \u201c \u2013 Restez concentr\u00e9 !<\/li>\n<li class=\"bullet-star\">Produit original de Fitnessmagnet \u2013 maintenant disponible \u00e0 un prix sp\u00e9cial !<\/li>\n<\/ul>","protected":false},"featured_media":938033,"comment_status":"closed","ping_status":"closed","template":"","meta":{"slim_seo":{"title":"Water Jug - FitNFemale\u00ae","description":"Votre alli\u00e9 hydratation pour la salle de sport, le quotidien et vos aventures. Avec sa capacit\u00e9 de 2,2 litres, la gourde isotherme vous assure une hydratation optimale en toutes circonstances."}},"product_brand":[],"product_cat":[283,6217],"product_tag":[],"class_list":{"0":"post-5050","1":"product","2":"type-product","3":"status-publish","4":"has-post-thumbnail","6":"product_cat-equipment","7":"product_cat-trinkflaschen","8":"pa_anwendungsbereiche-for-your-workout","9":"pa_anwendungsbereiche-workout-bottle","10":"pa_marke-fitnessmagnet","11":"pa_misc-aspartamfree","12":"pa_misc-glutenfree","13":"pa_misc-lactosefree","14":"pa_misc-vegetarian","16":"first","17":"instock","18":"sale","19":"taxable","20":"shipping-taxable","21":"purchasable","22":"product-type-simple"},"bundled_by":[],"bundle_stock_status":"instock","bundle_stock_quantity":1022,"bundle_virtual":false,"bundle_layout":"","bundle_add_to_cart_form_location":"","bundle_editable_in_cart":false,"bundle_sold_individually_context":"","bundle_item_grouping":"","bundle_min_size":"","bundle_max_size":"","bundle_price":[],"bundled_items":[],"bundle_sell_ids":[],"gallery_images":[954286,954290,954288],"_links":{"self":[{"href":"https:\/\/fitnfemale.com\/fr\/wp-json\/wp\/v2\/product\/5050","targetHints":{"allow":["GET"]}}],"collection":[{"href":"https:\/\/fitnfemale.com\/fr\/wp-json\/wp\/v2\/product"}],"about":[{"href":"https:\/\/fitnfemale.com\/fr\/wp-json\/wp\/v2\/types\/product"}],"replies":[{"embeddable":true,"href":"https:\/\/fitnfemale.com\/fr\/wp-json\/wp\/v2\/comments?post=5050"}],"wp:featuredmedia":[{"embeddable":true,"href":"https:\/\/fitnfemale.com\/fr\/wp-json\/wp\/v2\/media\/938033"}],"wp:attachment":[{"href":"https:\/\/fitnfemale.com\/fr\/wp-json\/wp\/v2\/media?parent=5050"}],"wp:term":[{"taxonomy":"product_brand","embeddable":true,"href":"https:\/\/fitnfemale.com\/fr\/wp-json\/wp\/v2\/product_brand?post=5050"},{"taxonomy":"product_cat","embeddable":true,"href":"https:\/\/fitnfemale.com\/fr\/wp-json\/wp\/v2\/product_cat?post=5050"},{"taxonomy":"product_tag","embeddable":true,"href":"https:\/\/fitnfemale.com\/fr\/wp-json\/wp\/v2\/product_tag?post=5050"}],"curies":[{"name":"wp","href":"https:\/\/api.w.org\/{rel}","templated":true}]}}