{"id":5041,"date":"2017-10-02T18:10:51","date_gmt":"2017-10-02T18:10:51","guid":{"rendered":"http:\/\/blog.fitnfemale.de\/shop\/active-drink\/"},"modified":"2026-04-14T18:13:26","modified_gmt":"2026-04-14T17:13:26","slug":"active-drink","status":"publish","type":"product","link":"https:\/\/fitnfemale.com\/fr\/produit\/active-drink\/","title":{"rendered":"Active Drink"},"content":{"rendered":"<div class=\"img has-hover img-details x md-x lg-x y md-y lg-y\" id=\"image_1182974778\">\n\t\t\t\t\t\t\t\t<div class=\"img-inner dark\" >\n\t\t\t<img decoding=\"async\" width=\"1020\" height=\"569\" src=\"https:\/\/fitnfemale.com\/wp-content\/uploads\/activdrink-closeup1.jpg\" class=\"attachment-large size-large\" alt=\"Gros plan d&#039;Activdrink1\" srcset=\"https:\/\/fitnfemale.com\/wp-content\/uploads\/activdrink-closeup1.jpg 1376w, https:\/\/fitnfemale.com\/wp-content\/uploads\/activdrink-closeup1-717x400.jpg 717w, https:\/\/fitnfemale.com\/wp-content\/uploads\/activdrink-closeup1-768x429.jpg 768w, https:\/\/fitnfemale.com\/wp-content\/uploads\/activdrink-closeup1-18x10.jpg 18w, https:\/\/fitnfemale.com\/wp-content\/uploads\/activdrink-closeup1-1000x558.jpg 1000w\" sizes=\"(max-width: 1020px) 100vw, 1020px\" \/>\t\t\t\t\t\t\n\t\t\t\t\t<\/div>\n\t\t\t\t\t\t\t\t\n<style>\n#image_1182974778 {\n  width: 100%;\n}\n<\/style>\n\t<\/div>\n\t\n<p>La boisson Active Drink est id\u00e9ale pour celles et ceux qui recherchent une boisson rafra\u00eechissante, savoureuse et riche en nutriments, faible en calories, ou qui ne souhaitent pas boire uniquement de l&#039;eau toute la journ\u00e9e. Que ce soit pendant l&#039;effort ou entre deux s\u00e9ances, Active Drink vous offre une exp\u00e9rience gustative authentique et vous accompagne dans votre mode de vie actif\u00a0!<\/p>\n<table class=\"ffnf-clean-table\">\n<thead>\n<tr>\n<th>Valeurs nutritives<\/th>\n<th>100 ml<\/th>\n<th>Portion (500 ml)<\/th>\n<\/tr>\n<\/thead>\n<tbody>\n<tr>\n<td>\u00c9nergie<\/td>\n<td>220 kJ \/ 51 kcal<\/td>\n<td>11,0 kJ \/ 2,5 kcal<\/td>\n<\/tr>\n<tr>\n<td>Graisse<br \/>- dont acides gras satur\u00e9s<\/td>\n<td>&lt; 0,1 g<br \/>&lt; 0,1 g<\/td>\n<td>&lt; 0,1 g<br \/>&lt; 0,1 g<\/td>\n<\/tr>\n<tr>\n<td class=\"translation-block\">Glucides<br>\u2013 dont sucres<\/td>\n<td>1,2 g<br \/>1,2 g<\/td>\n<td>0,1 g<br \/>0,1 g<\/td>\n<\/tr>\n<tr>\n<td>Prot\u00e9ines<\/td>\n<td>&lt; 0,1 g<\/td>\n<td>&lt; 0,1 g<\/td>\n<\/tr>\n<tr>\n<td>Sel<\/td>\n<td>1,55 g<\/td>\n<td>0,1 g<\/td>\n<\/tr>\n<\/tbody>\n<\/table>\n<table class=\"ffnf-clean-table\">\n<thead>\n<tr>\n<th>Ingr\u00e9dients<\/th>\n<th>100 ml<\/th>\n<th>Portion (500 ml)<\/th>\n<th>% NRV*<\/th>\n<\/tr>\n<\/thead>\n<tbody>\n<tr>\n<td>Vitamine B1<\/td>\n<td>6,6 mg<\/td>\n<td>0,4 mg<\/td>\n<td>600 % \/ 38 %<\/td>\n<\/tr>\n<tr>\n<td>Niacine (NE)<\/td>\n<td>96,0 mg<\/td>\n<td>6,0 mg<\/td>\n<td>600 % \/ 38 %<\/td>\n<\/tr>\n<tr>\n<td>Vitamine B6<\/td>\n<td>8,4 mg<\/td>\n<td>0,5 mg<\/td>\n<td>600 % \/ 38 %<\/td>\n<\/tr>\n<tr>\n<td>Vitamine B12<\/td>\n<td>15,0 \u00b5g<\/td>\n<td>1,0 \u00b5g<\/td>\n<td>600 % \/ 38 %<\/td>\n<\/tr>\n<tr>\n<td>L-carnitine<\/td>\n<td>327 mg<\/td>\n<td>20,3 mg<\/td>\n<td>\u2013<\/td>\n<\/tr>\n<\/tbody>\n<\/table>","protected":false},"excerpt":{"rendered":"<h2>Active Drink : go\u00fbt, vitamines, min\u00e9raux et plus encore<\/h2>\n<h4>Active Drink est le compagnon id\u00e9al d&#039;un mode de vie actif ! Elle r\u00e9pond non seulement \u00e0 vos besoins quotidiens en eau, mais vous apporte \u00e9galement des vitamines et des min\u00e9raux essentiels au bon fonctionnement de votre organisme.<\/h4>\n<ul>\n<li class=\"bullet-star\">Des saveurs vari\u00e9es<\/li>\n<li class=\"bullet-star\">Contient de pr\u00e9cieuses vitamines, du magn\u00e9sium et de la L-carnitine<\/li>\n<li class=\"bullet-star\">Faible en calories, en glucides, en mati\u00e8res grasses et en sucre<\/li>\n<li class=\"bullet-star\">Sans aspartame ni glucose<\/li>\n<li class=\"bullet-star\">Extr\u00eamement \u00e9conomique, seules quelques gouttes de concentr\u00e9 sont n\u00e9cessaires par boisson<\/li>\n<li class=\"bullet-star\">Concentr\u00e9 de 1000 ml fabriqu\u00e9 \u00e0 partir de mati\u00e8res premi\u00e8res de haute qualit\u00e9<\/li>\n<li class=\"bullet-star\">Une bouteille (1000 ml de concentr\u00e9) suffit pour pr\u00e9parer 80 litres de boisson.<\/li>\n<\/ul>","protected":false},"featured_media":943270,"comment_status":"open","ping_status":"closed","template":"","meta":{"slim_seo":{"title":"Active Drink - FitNFemale\u00ae","description":"Active Drink : Go\u00fbt, vitamines, min\u00e9raux et bien plus encore. Active Drink est le compagnon id\u00e9al d&#039;un mode de vie actif ! Il r\u00e9pond \u00e0 tous vos besoins quotidiens."}},"product_brand":[],"product_cat":[6366,6629,619,401],"product_tag":[],"class_list":{"0":"post-5041","1":"product","2":"type-product","3":"status-publish","4":"has-post-thumbnail","6":"product_cat-promo-10","7":"product_cat-basic","8":"product_cat-fitness-drink","9":"product_cat-health","10":"pa_marke-fitnfemale","11":"pa_misc-aspartamfree","12":"pa_misc-glutenfree","13":"pa_misc-lactosefree","14":"pa_misc-vegetarian","15":"pa_nutritionfactinfo-lowcalories","16":"pa_nutritionfactinfo-lowcarb","17":"pa_nutritionfactinfo-lowfat","18":"pa_nutritionfactinfo-lowsugar","19":"pa_schwangerschaft-geeignet","20":"pa_stillzeit-geeignet","22":"first","23":"instock","24":"sale","25":"taxable","26":"shipping-taxable","27":"purchasable","28":"product-type-variable","29":"has-default-attributes"},"bundled_by":[],"bundle_stock_status":"instock","bundle_stock_quantity":null,"bundle_virtual":false,"bundle_layout":"","bundle_add_to_cart_form_location":"","bundle_editable_in_cart":false,"bundle_sold_individually_context":"","bundle_item_grouping":"","bundle_min_size":"","bundle_max_size":"","bundle_price":[],"bundled_items":[],"bundle_sell_ids":[],"gallery_images":[814958,954284,954268,954270,954269],"_links":{"self":[{"href":"https:\/\/fitnfemale.com\/fr\/wp-json\/wp\/v2\/product\/5041","targetHints":{"allow":["GET"]}}],"collection":[{"href":"https:\/\/fitnfemale.com\/fr\/wp-json\/wp\/v2\/product"}],"about":[{"href":"https:\/\/fitnfemale.com\/fr\/wp-json\/wp\/v2\/types\/product"}],"replies":[{"embeddable":true,"href":"https:\/\/fitnfemale.com\/fr\/wp-json\/wp\/v2\/comments?post=5041"}],"wp:featuredmedia":[{"embeddable":true,"href":"https:\/\/fitnfemale.com\/fr\/wp-json\/wp\/v2\/media\/943270"}],"wp:attachment":[{"href":"https:\/\/fitnfemale.com\/fr\/wp-json\/wp\/v2\/media?parent=5041"}],"wp:term":[{"taxonomy":"product_brand","embeddable":true,"href":"https:\/\/fitnfemale.com\/fr\/wp-json\/wp\/v2\/product_brand?post=5041"},{"taxonomy":"product_cat","embeddable":true,"href":"https:\/\/fitnfemale.com\/fr\/wp-json\/wp\/v2\/product_cat?post=5041"},{"taxonomy":"product_tag","embeddable":true,"href":"https:\/\/fitnfemale.com\/fr\/wp-json\/wp\/v2\/product_tag?post=5041"}],"curies":[{"name":"wp","href":"https:\/\/api.w.org\/{rel}","templated":true}]}}