{"id":5033,"date":"2017-10-02T19:10:46","date_gmt":"2017-10-02T18:10:46","guid":{"rendered":"http:\/\/blog.fitnfemale.de\/shop\/fit-strong-kombi\/"},"modified":"2026-01-06T10:11:06","modified_gmt":"2026-01-06T09:11:06","slug":"fit-strong-kombi","status":"publish","type":"product","link":"https:\/\/fitnfemale.com\/fr\/produit\/fit-strong-kombi\/","title":{"rendered":"Fit &amp; Strong Workout"},"content":{"rendered":"<div class=\"img has-hover img-details x md-x lg-x y md-y lg-y\" id=\"image_654615040\">\n\t\t\t\t\t\t\t\t<div class=\"img-inner dark\" >\n\t\t\t<img decoding=\"async\" width=\"1020\" height=\"569\" src=\"https:\/\/fitnfemale.com\/wp-content\/uploads\/fit-strong-bundle-closeup-18.jpg\" class=\"attachment-large size-large\" alt=\"Gros plan d&#039;un faisceau solide et ajust\u00e9\" srcset=\"https:\/\/fitnfemale.com\/wp-content\/uploads\/fit-strong-bundle-closeup-18.jpg 1376w, https:\/\/fitnfemale.com\/wp-content\/uploads\/fit-strong-bundle-closeup-18-717x400.jpg 717w, https:\/\/fitnfemale.com\/wp-content\/uploads\/fit-strong-bundle-closeup-18-768x429.jpg 768w, https:\/\/fitnfemale.com\/wp-content\/uploads\/fit-strong-bundle-closeup-18-18x10.jpg 18w, https:\/\/fitnfemale.com\/wp-content\/uploads\/fit-strong-bundle-closeup-18-1000x558.jpg 1000w\" sizes=\"(max-width: 1020px) 100vw, 1020px\" \/>\t\t\t\t\t\t\n\t\t\t\t\t<\/div>\n\t\t\t\t\t\t\t\t\n<style>\n#image_654615040 {\n  width: 100%;\n}\n<\/style>\n\t<\/div>\n\t\n<p>Les produits sont parfaitement adapt\u00e9s les uns aux autres afin d'obtenir des r\u00e9sultats optimaux en combinaison avec le plan de prise &amp; de nutrition Basic gratuit et un entra\u00eenement r\u00e9gulier (au moins 2 \u00e0 3 s\u00e9ances par semaine). Le bundle contient<\/p>\n<ul>\n<li class=\"bullet-arrow\"><strong><i class=\"fas fa-star\" style=\"margin-right: 6px;\"><\/i>Shape Me Shake \u2013 Un repas prot\u00e9in\u00e9 pour votre quotidien :<\/strong> Id\u00e9al apr\u00e8s une s\u00e9ance d&#039;entra\u00eenement ou pour un repas rapide \u2013 quand vous avez envie de quelque chose de simple et savoureux.<\/li>\n<li class=\"bullet-arrow\"><strong><i class=\"fas fa-bolt\" style=\"margin-right: 6px;\"><\/i>Pink Rush \u2013 Un programme d&#039;entra\u00eenement pour tonifier vos muscles\u00a0:<\/strong> Parfait avant l&#039;entra\u00eenement pour la concentration, la congestion musculaire et l&#039;envie de se dire \u201e Allez ! \u201c.<\/li>\n<li class=\"bullet-arrow\"><strong><i class=\"fas fa-bolt\" style=\"margin-right: 6px;\"><\/i>\u00c9nergie Collag\u00e8ne \u2013 Beaut\u00e9 et Puissance dans une seule boisson\u00a0:<\/strong> Votre coup de pouce pour les journ\u00e9es actives \u2013 lorsque vous avez besoin d\u2019\u00e9nergie sans vous sentir \u201e lourd \u201c.<\/li>\n<li class=\"bullet-arrow\"><strong><i class=\"fas fa-gift\" style=\"margin-right: 6px;\"><\/i>Shaker Black Beauty \u2013 cadeau gratuit\u00a0:<\/strong> Votre routine fonctionne donc partout : secouez-vous, buvez, et passez \u00e0 autre chose.<\/li>\n<\/ul>\n\n\t<section class=\"section dark\" id=\"section_1797996580\">\n\t\t<div class=\"section-bg fill\" >\n\t\t\t\t\t\t\t\t\t\n\t\t\t\n\n\t\t<\/div>\n\n\t\t\n\n\t\t<div class=\"section-content relative\">\n\t\t\t\n<p><i class=\"fas fa-info-circle\" style=\"color: #fff;\"><\/i> <strong>Comment utiliser le kit<\/strong><br \/>\nShape Me Shake apr\u00e8s l&#039;entra\u00eenement ou comme repas rapide \u2022 Pink Rush 20 \u00e0 30 minutes avant l&#039;entra\u00eenement \u2022 Collagen Energy pendant la journ\u00e9e lorsque vous avez besoin d&#039;\u00e9nergie \u2022 M\u00e9langez facilement tous les ingr\u00e9dients dans le shaker.<\/p>\n\t\t<\/div>\n\n\t\t\n<style>\n#section_1797996580 {\n  padding-top: 30px;\n  padding-bottom: 30px;\n  background-color: rgb(40, 40, 40);\n}\n<\/style>\n\t<\/section>","protected":false},"excerpt":{"rendered":"<h2>Donne un coup de pouce \u00e0 ton style de vie fitness avec le bundle Fit &amp; Strong !<\/h2>\n<h4>Les produits sp\u00e9cialement s\u00e9lectionn\u00e9s te fournissent un apport id\u00e9al avant, pendant et apr\u00e8s l'entra\u00eenement, afin d'obtenir un maximum de r\u00e9sultats et de soutenir ton style de vie actif.<\/h4>\n<p>Avec ce paquet, tu as tout ce dont tu as besoin. Le plan de prise pour les jours d'entra\u00eenement et les jours sans entra\u00eenement avec des conseils suppl\u00e9mentaires sur l'alimentation compl\u00e8tent le paquet.<\/p>\n<ul>\n<li class=\"bullet-star\">4 produits Fit &amp; Strong soigneusement s\u00e9lectionn\u00e9s<\/li>\n<li class=\"bullet-star\">Plan de recettes - gratuit <u>gratuit<\/u><\/li>\n<li class=\"bullet-star\">Plan alimentaire Basic - gratuit <u>gratuit<\/u><\/li>\n<li class=\"bullet-star\">Exp\u00e9dition <u>gratuit<\/u><\/li>\n<\/ul>","protected":false},"featured_media":954118,"comment_status":"open","ping_status":"closed","template":"","meta":{"slim_seo":{"title":"Entra\u00eenement Fit &amp; Strong - FitNFemale\u00ae","description":"Boostez votre forme physique avec le Pack Forme et Force ! Les produits sp\u00e9cialement s\u00e9lectionn\u00e9s vous fournissent l&#039;essentiel avant, pendant et apr\u00e8s votre entra\u00eenement."}},"product_brand":[],"product_cat":[311,1047],"product_tag":[],"class_list":{"0":"post-5033","1":"product","2":"type-product","3":"status-publish","4":"has-post-thumbnail","6":"product_cat-bundle","7":"product_cat-fit-strong","8":"pa_anwendungsbereiche-energy","9":"pa_anwendungsbereiche-for-your-workout","10":"pa_anwendungsbereiche-power","11":"pa_marke-fitnfemale","12":"pa_stillzeit-nicht-geeignet","13":"pa_vegan-nein","15":"first","16":"instock","17":"sale","18":"featured","19":"downloadable","20":"taxable","21":"shipping-taxable","22":"purchasable","23":"product-type-bundle"},"bundled_by":[],"bundle_stock_status":"instock","bundle_stock_quantity":83,"bundle_virtual":false,"bundle_layout":"default","bundle_add_to_cart_form_location":"default","bundle_editable_in_cart":false,"bundle_sold_individually_context":"product","bundle_item_grouping":"noindent","bundle_min_size":"","bundle_max_size":"","bundle_price":{"price":{"min":{"incl_tax":"85.6","excl_tax":"83.430799"},"max":{"incl_tax":"85.6","excl_tax":"83.430799"}},"regular_price":{"min":{"incl_tax":"85.6","excl_tax":"83.430799"},"max":{"incl_tax":"85.6","excl_tax":"83.430799"}}},"bundled_items":[{"bundled_item_id":597,"product_id":43303,"menu_order":0,"quantity_min":1,"quantity_max":1,"quantity_default":1,"priced_individually":false,"shipped_individually":false,"override_title":false,"title":"Shape Me Shake","override_description":true,"description":"Votre repas prot\u00e9in\u00e9 pour la silhouette et la sati\u00e9t\u00e9.","optional":false,"hide_thumbnail":false,"discount":"","override_variations":false,"allowed_variations":[],"override_default_variation_attributes":false,"default_variation_attributes":[],"single_product_visibility":"visible","cart_visibility":"hidden","order_visibility":"visible","single_product_price_visibility":"visible","cart_price_visibility":"visible","order_price_visibility":"visible","stock_status":"in_stock"},{"bundled_item_id":633,"product_id":5079,"menu_order":1,"quantity_min":1,"quantity_max":1,"quantity_default":1,"priced_individually":false,"shipped_individually":false,"override_title":false,"title":"Pink Rush (Muscle Tone Booster)","override_description":true,"description":"Concentration et optimisation de l&#039;entra\u00eenement \u2013 avec Drive.","optional":false,"hide_thumbnail":false,"discount":"","override_variations":false,"allowed_variations":[],"override_default_variation_attributes":false,"default_variation_attributes":[],"single_product_visibility":"visible","cart_visibility":"hidden","order_visibility":"visible","single_product_price_visibility":"visible","cart_price_visibility":"visible","order_price_visibility":"visible","stock_status":"in_stock"},{"bundled_item_id":634,"product_id":660258,"menu_order":2,"quantity_min":1,"quantity_max":1,"quantity_default":1,"priced_individually":false,"shipped_individually":false,"override_title":false,"title":"Collagen Energy","override_description":true,"description":"\u00c9nergie beaut\u00e9 pour les journ\u00e9es actives \u2013 sans coup de fatigue.","optional":false,"hide_thumbnail":false,"discount":"","override_variations":false,"allowed_variations":[],"override_default_variation_attributes":false,"default_variation_attributes":[],"single_product_visibility":"visible","cart_visibility":"hidden","order_visibility":"visible","single_product_price_visibility":"visible","cart_price_visibility":"visible","order_price_visibility":"visible","stock_status":"in_stock"},{"bundled_item_id":635,"product_id":5004,"menu_order":3,"quantity_min":1,"quantity_max":1,"quantity_default":1,"priced_individually":false,"shipped_individually":false,"override_title":false,"title":"Shaker Black Beauty","override_description":true,"description":"Un cadeau \u2013 pour votre quotidien nomade.","optional":false,"hide_thumbnail":false,"discount":"","override_variations":false,"allowed_variations":[],"override_default_variation_attributes":false,"default_variation_attributes":[],"single_product_visibility":"visible","cart_visibility":"hidden","order_visibility":"visible","single_product_price_visibility":"visible","cart_price_visibility":"visible","order_price_visibility":"visible","stock_status":"in_stock"}],"bundle_sell_ids":[],"gallery_images":[953961,953962,952994,953740,953963,953921,953313],"_links":{"self":[{"href":"https:\/\/fitnfemale.com\/fr\/wp-json\/wp\/v2\/product\/5033","targetHints":{"allow":["GET"]}}],"collection":[{"href":"https:\/\/fitnfemale.com\/fr\/wp-json\/wp\/v2\/product"}],"about":[{"href":"https:\/\/fitnfemale.com\/fr\/wp-json\/wp\/v2\/types\/product"}],"replies":[{"embeddable":true,"href":"https:\/\/fitnfemale.com\/fr\/wp-json\/wp\/v2\/comments?post=5033"}],"wp:featuredmedia":[{"embeddable":true,"href":"https:\/\/fitnfemale.com\/fr\/wp-json\/wp\/v2\/media\/954118"}],"wp:attachment":[{"href":"https:\/\/fitnfemale.com\/fr\/wp-json\/wp\/v2\/media?parent=5033"}],"wp:term":[{"taxonomy":"product_brand","embeddable":true,"href":"https:\/\/fitnfemale.com\/fr\/wp-json\/wp\/v2\/product_brand?post=5033"},{"taxonomy":"product_cat","embeddable":true,"href":"https:\/\/fitnfemale.com\/fr\/wp-json\/wp\/v2\/product_cat?post=5033"},{"taxonomy":"product_tag","embeddable":true,"href":"https:\/\/fitnfemale.com\/fr\/wp-json\/wp\/v2\/product_tag?post=5033"}],"curies":[{"name":"wp","href":"https:\/\/api.w.org\/{rel}","templated":true}]}}