{"id":5032,"date":"2017-10-02T17:10:46","date_gmt":"2017-10-02T16:10:46","guid":{"rendered":"http:\/\/blog.fitnfemale.de\/shop\/pink-burn-2-in-1-fatburner-booster\/"},"modified":"2026-04-08T19:42:02","modified_gmt":"2026-04-08T18:42:02","slug":"pink-burn-2-in-1-fatburner-booster","status":"publish","type":"product","link":"https:\/\/fitnfemale.com\/fr\/produit\/pink-burn-2-in-1-fatburner-booster\/","title":{"rendered":"Pink Burn (2 en 1)"},"content":{"rendered":"<div class=\"img has-hover img-details x md-x lg-x y md-y lg-y\" id=\"image_1566338950\">\n\t\t\t\t\t\t\t\t<div class=\"img-inner dark\" >\n\t\t\t<img decoding=\"async\" width=\"1020\" height=\"569\" src=\"https:\/\/fitnfemale.com\/wp-content\/uploads\/pink-burn-details.webp\" class=\"attachment-large size-large\" alt=\"D\u00e9tails de br\u00fblure rose\" srcset=\"https:\/\/fitnfemale.com\/wp-content\/uploads\/pink-burn-details.webp 1376w, https:\/\/fitnfemale.com\/wp-content\/uploads\/pink-burn-details-717x400.webp 717w, https:\/\/fitnfemale.com\/wp-content\/uploads\/pink-burn-details-768x429.webp 768w, https:\/\/fitnfemale.com\/wp-content\/uploads\/pink-burn-details-18x10.webp 18w, https:\/\/fitnfemale.com\/wp-content\/uploads\/pink-burn-details-1000x558.webp 1000w\" sizes=\"(max-width: 1020px) 100vw, 1020px\" \/>\t\t\t\t\t\t\n\t\t\t\t\t<\/div>\n\t\t\t\t\t\t\t\t\n<style>\n#image_1566338950 {\n  width: 100%;\n}\n<\/style>\n\t<\/div>\n\t\n<ul>\n<li class=\"bullet-star\">Boost 2 en 1 \u2013 Br\u00fbleur de graisses et pr\u00e9-entra\u00eenement en un<\/li>\n<li class=\"bullet-star\">Effet de 15 \u00e0 20 minutes \u2013 picotements comme signal de d\u00e9part<\/li>\n<li class=\"bullet-star\">200 mg de caf\u00e9ine \u2013 Concentration et \u00e9nergie*<\/li>\n<li class=\"bullet-star\">Sans sucre, 2,2 kcal \u2013 intelligent et l\u00e9ger<\/li>\n<li class=\"bullet-star\">Acides amin\u00e9s + vitamines \u2013 astucieusement combin\u00e9s<\/li>\n<li class=\"bullet-star\">Dosage flexible \u2013 1 \u00e0 2 cuill\u00e8res selon les besoins<\/li>\n<li class=\"bullet-star\">Jusqu&#039;\u00e0 20 \u00e0 40 portions \u2013 240 g par bo\u00eete<\/li>\n<\/ul>\n<div class=\"accordion\">\n\t<div id=\"accordion-846563989\" class=\"accordion-item\">\n\t\t<a id=\"accordion-846563989-label\" class=\"accordion-title plain active\" href=\"#accordion-item-dein-effekt-nach-15-min\" aria-expanded=\"true\" aria-controls=\"accordion-846563989-content\">\n\t\t\t<button class=\"toggle\" aria-label=\"Basculer\"><i class=\"icon-angle-down\" aria-hidden=\"true\"><\/i><\/button>\n\t\t\t<span>Votre effet apr\u00e8s 15 minutes<\/span>\n\t\t<\/a>\n\t\t<div id=\"accordion-846563989-content\" class=\"accordion-inner\" style=\"display: block;\" aria-labelledby=\"accordion-846563989-label\">\n\t\t\t\n<p>L&#039;effet se fait sentir apr\u00e8s seulement 15 \u00e0 20 minutes\u00a0: votre esprit s&#039;\u00e9claircit, votre concentration s&#039;accro\u00eet et vous ressentez le regain d&#039;\u00e9nergie typique de la b\u00eata-alanine. Cette l\u00e9g\u00e8re sensation de chaleur et de picotement est le signal de d\u00e9part. C&#039;est \u00e0 ce moment-l\u00e0 que le regain d&#039;\u00e9nergie se manifeste, vous permettant de passer \u00e0 la vitesse sup\u00e9rieure.<\/p>\n\t\t<\/div>\n\t<\/div>\n\t\n\t<div id=\"accordion-3749569088\" class=\"accordion-item\">\n\t\t<a id=\"accordion-3749569088-label\" class=\"accordion-title plain\" href=\"#accordion-item-dein-perfekter-zeitpunkt\" aria-expanded=\"false\" aria-controls=\"accordion-3749569088-content\">\n\t\t\t<button class=\"toggle\" aria-label=\"Basculer\"><i class=\"icon-angle-down\" aria-hidden=\"true\"><\/i><\/button>\n\t\t\t<span>Votre moment id\u00e9al<\/span>\n\t\t<\/a>\n\t\t<div id=\"accordion-3749569088-content\" class=\"accordion-inner\" aria-labelledby=\"accordion-3749569088-label\">\n\t\t\t\n<p>Pink Burn est particuli\u00e8rement efficace juste avant votre entra\u00eenement, qu&#039;il s&#039;agisse de musculation, de cardio ou de HIIT. Vous pouvez \u00e9galement l&#039;utiliser en cas de manque de motivation ou lorsque vous avez besoin de vous recentrer dans votre quotidien.<\/p>\n\t\t<\/div>\n\t<\/div>\n\t\n\t<div id=\"accordion-3018358644\" class=\"accordion-item\">\n\t\t<a id=\"accordion-3018358644-label\" class=\"accordion-title plain\" href=\"#accordion-item-fakten,-die-du-kennen-solltest\" aria-expanded=\"false\" aria-controls=\"accordion-3018358644-content\">\n\t\t\t<button class=\"toggle\" aria-label=\"Basculer\"><i class=\"icon-angle-down\" aria-hidden=\"true\"><\/i><\/button>\n\t\t\t<span>Faits \u00e0 conna\u00eetre<\/span>\n\t\t<\/a>\n\t\t<div id=\"accordion-3018358644-content\" class=\"accordion-inner\" aria-labelledby=\"accordion-3018358644-label\">\n\t\t\t\n<p>Pink Burn se d\u00e9cline en six saveurs fruit\u00e9es et rafra\u00eechissantes\u00a0: th\u00e9 glac\u00e9 au citron, mangue, p\u00eache, framboise, pomme et fruit de la passion. Important\u00a0: veuillez ne pas consommer ce produit avec d\u2019autres boissons contenant de la caf\u00e9ine afin d\u2019\u00e9viter un exc\u00e8s de caf\u00e9ine.<\/p>\n\t\t<\/div>\n\t<\/div>\n\t\n\t<div id=\"accordion-1819460713\" class=\"accordion-item\">\n\t\t<a id=\"accordion-1819460713-label\" class=\"accordion-title plain\" href=\"#accordion-item-n\u00e4hrwerte\" aria-expanded=\"false\" aria-controls=\"accordion-1819460713-content\">\n\t\t\t<button class=\"toggle\" aria-label=\"Basculer\"><i class=\"icon-angle-down\" aria-hidden=\"true\"><\/i><\/button>\n\t\t\t<span>Valeurs nutritives<\/span>\n\t\t<\/a>\n\t\t<div id=\"accordion-1819460713-content\" class=\"accordion-inner\" aria-labelledby=\"accordion-1819460713-label\">\n\t\t\t\n<table class=\"ffnf-clean-table\">\n<thead>\n<tr>\n<th>Valeurs nutritives<\/th>\n<th>100 g<\/th>\n<th>Portion (12 g)<\/th>\n<\/tr>\n<\/thead>\n<tbody>\n<tr>\n<td>\u00c9nergie<\/td>\n<td>91 kJ \/ 22 kcal<\/td>\n<td>10 kJ \/ 2,6 kcal<\/td>\n<\/tr>\n<tr>\n<td>Graisse<br \/>- dont acides gras satur\u00e9s<\/td>\n<td>0,0 g<br \/>0,0 g<\/td>\n<td>0,0 g<br \/>0,0 g<\/td>\n<\/tr>\n<tr>\n<td class=\"translation-block\">Glucides<br>\u2013 dont sucres<\/td>\n<td>0,40 g<br \/>0,40 g<\/td>\n<td>0,05 g<br \/>0,05 g<\/td>\n<\/tr>\n<tr>\n<td>Fibres alimentaires<\/td>\n<td>0,0 g<\/td>\n<td>0,0 g<\/td>\n<\/tr>\n<tr>\n<td>Prot\u00e9ines<\/td>\n<td>5,0 g<\/td>\n<td>0,6 g<\/td>\n<\/tr>\n<tr>\n<td>Sel<\/td>\n<td>0,0 g<\/td>\n<td>0,0 g<\/td>\n<\/tr>\n<\/tbody>\n<\/table>\n\t\t<\/div>\n\t<\/div>\n\t\n\t<div id=\"accordion-357553869\" class=\"accordion-item\">\n\t\t<a id=\"accordion-357553869-label\" class=\"accordion-title plain\" href=\"#accordion-item-inhaltsstoffe\" aria-expanded=\"false\" aria-controls=\"accordion-357553869-content\">\n\t\t\t<button class=\"toggle\" aria-label=\"Basculer\"><i class=\"icon-angle-down\" aria-hidden=\"true\"><\/i><\/button>\n\t\t\t<span>Ingr\u00e9dients<\/span>\n\t\t<\/a>\n\t\t<div id=\"accordion-357553869-content\" class=\"accordion-inner\" aria-labelledby=\"accordion-357553869-label\">\n\t\t\t\n<table class=\"ffnf-clean-table\">\n<thead>\n<tr>\n<th>Ingr\u00e9dients<\/th>\n<th>Portion (12 g)<\/th>\n<th>% NRV*<\/th>\n<\/tr>\n<\/thead>\n<tbody>\n<tr>\n<td>B\u00eata-alanine<\/td>\n<td>2,5 g<\/td>\n<td>\u2013<\/td>\n<\/tr>\n<tr>\n<td>L-Arginine<\/td>\n<td>2 g<\/td>\n<td>\u2013<\/td>\n<\/tr>\n<tr>\n<td>L-tyrosine<\/td>\n<td>500 mg<\/td>\n<td>\u2013<\/td>\n<\/tr>\n<tr>\n<td>Extrait d&#039;orange am\u00e8re<\/td>\n<td>300 mg<\/td>\n<td>\u2013<\/td>\n<\/tr>\n<tr>\n<td>caf\u00e9ine<\/td>\n<td>200 mg<\/td>\n<td>\u2013<\/td>\n<\/tr>\n<tr>\n<td>Extrait de framboise (c\u00e9tones de framboise 5%)<\/td>\n<td>200 mg<\/td>\n<td>\u2013<\/td>\n<\/tr>\n<tr>\n<td>Vitamine B1<\/td>\n<td>2,2 mg<\/td>\n<td>200 %<\/td>\n<\/tr>\n<tr>\n<td>Vitamine B2<\/td>\n<td>2,8 mg<\/td>\n<td>200 %<\/td>\n<\/tr>\n<tr>\n<td>niacine<\/td>\n<td>48 mg<\/td>\n<td>300 %<\/td>\n<\/tr>\n<tr>\n<td>Acide pantoth\u00e9nique (B5)<\/td>\n<td>12 mg<\/td>\n<td>200 %<\/td>\n<\/tr>\n<tr>\n<td>Vitamine B6<\/td>\n<td>2,8 mg<\/td>\n<td>200 %<\/td>\n<\/tr>\n<tr>\n<td>Biotine<\/td>\n<td>100 \u00b5g<\/td>\n<td>200 %<\/td>\n<\/tr>\n<tr>\n<td>acide folique<\/td>\n<td>400 \u00b5g<\/td>\n<td>200 %<\/td>\n<\/tr>\n<tr>\n<td>Vitamine B12<\/td>\n<td>5 \u00b5g<\/td>\n<td>200 %<\/td>\n<\/tr>\n<tr>\n<td>Calcium<\/td>\n<td>400 mg<\/td>\n<td>50 %<\/td>\n<\/tr>\n<tr>\n<td>magn\u00e9sium<\/td>\n<td>187,5 mg<\/td>\n<td>50 %<\/td>\n<\/tr>\n<tr>\n<td>phosphore<\/td>\n<td>210 mg<\/td>\n<td>30 %<\/td>\n<\/tr>\n<tr>\n<td>sodium<\/td>\n<td>300 mg<\/td>\n<td>15 %<\/td>\n<\/tr>\n<tr>\n<td>potassium<\/td>\n<td>300 mg<\/td>\n<td>15 %<\/td>\n<\/tr>\n<tr>\n<td>chlorure<\/td>\n<td>120 mg<\/td>\n<td>15 %<\/td>\n<\/tr>\n<\/tbody>\n<\/table>\n\t\t<\/div>\n\t<\/div>\n\t\n<\/div>\n\t<div class=\"img has-hover x md-x lg-x y md-y lg-y\" id=\"image_685941805\">\n\t\t\t\t\t\t\t\t<div class=\"img-inner dark\" >\n\t\t\t<img decoding=\"async\" width=\"1020\" height=\"569\" src=\"https:\/\/fitnfemale.com\/wp-content\/uploads\/pinkburn-rasp-closeup4.jpg\" class=\"attachment-large size-large\" alt=\"Gros plan de la r\u00e2pe Pinkburn4\" srcset=\"https:\/\/fitnfemale.com\/wp-content\/uploads\/pinkburn-rasp-closeup4.jpg 1376w, https:\/\/fitnfemale.com\/wp-content\/uploads\/pinkburn-rasp-closeup4-717x400.jpg 717w, https:\/\/fitnfemale.com\/wp-content\/uploads\/pinkburn-rasp-closeup4-768x429.jpg 768w, https:\/\/fitnfemale.com\/wp-content\/uploads\/pinkburn-rasp-closeup4-18x10.jpg 18w, https:\/\/fitnfemale.com\/wp-content\/uploads\/pinkburn-rasp-closeup4-1000x558.jpg 1000w\" sizes=\"(max-width: 1020px) 100vw, 1020px\" \/>\t\t\t\t\t\t\n\t\t\t\t\t<\/div>\n\t\t\t\t\t\t\t\t\n<style>\n#image_685941805 {\n  width: 100%;\n}\n<\/style>\n\t<\/div>","protected":false},"excerpt":{"rendered":"<h2>Pink Burn \u2013 le coup de pouce 2 en 1 que vous pouvez vraiment ressentir !<\/h2>\n<h4 class=\"uppercase\"><strong>Des calories ? \u00c0 oublier. De l&#039;\u00e9nergie ? On en redemande !.<\/strong><\/h4>\n<h4>Pink Burn combine br\u00fbleurs de graisse et boosters pr\u00e9-entra\u00eenement dans une seule boisson \u2013 votre rituel avant chaque s\u00e9ance. <strong>Matrice de performance f\u00e9minine<\/strong> avec <strong>200 mg de caf\u00e9ine<\/strong>, Les acides amin\u00e9s, les vitamines B et les \u00e9lectrolytes favorisent la concentration, la motivation et l&#039;efficacit\u00e9 de l&#039;entra\u00eenement. Sans sucre, uniquement <strong>2,2 kcal<\/strong> par portion. <strong>Perceptible apr\u00e8s 15 \u00e0 20 minutes<\/strong> \u2013 de la t\u00eate aux pieds.<\/h4>","protected":false},"featured_media":916223,"comment_status":"open","ping_status":"closed","template":"","meta":{"slim_seo":{"title":"Pink Burn 2-en-1 Br\u00fbleur de graisses et booster | Br\u00fblage de graisses maximal | FitNFemale","description":"Pink Burn 2-en-1 Br\u00fbleur de graisses et booster : Le produit id\u00e9al avant l&#039;entra\u00eenement pour une combustion maximale des graisses, un effet imm\u00e9diat, un \u00e9quilibre \u00e9lectrolytique optimal et un cocktail d&#039;entra\u00eenement complet. Achetez-le maintenant !"}},"product_brand":[],"product_cat":[6364,317,1052,6671],"product_tag":[],"class_list":{"0":"post-5032","1":"product","2":"type-product","3":"status-publish","4":"has-post-thumbnail","6":"product_cat-promo-30","7":"product_cat-abnehmen","8":"product_cat-fatburner","9":"product_cat-topdeals","10":"pa_anwendungsbereiche-energy","11":"pa_anwendungsbereiche-leanmuscle","12":"pa_anwendungsbereiche-focus","13":"pa_anwendungsbereiche-weightloss","14":"pa_anwendungsbereiche-shaping","15":"pa_marke-fitnfemale","16":"pa_misc-aspartamfree","17":"pa_misc-glutenfree","18":"pa_misc-konservierungsfrei","19":"pa_misc-lactosefree","20":"pa_misc-vegetarian","21":"pa_nutritionfactinfo-nofat","22":"pa_nutritionfactinfo-nocarbs","23":"pa_nutritionfactinfo-lowcalories","24":"pa_nutritionfactinfo-lowsugar","25":"pa_schwangerschaft-nicht-geeignet","26":"pa_stillzeit-nicht-geeignet","27":"pa_vegan-nein","29":"first","30":"instock","31":"featured","32":"taxable","33":"shipping-taxable","34":"purchasable","35":"product-type-variable","36":"has-default-attributes"},"bundled_by":["58627","470906","626249","627227","637421","663238","738020","779338","779338","779338","43049","5018","948486"],"bundle_stock_status":"instock","bundle_stock_quantity":null,"bundle_virtual":false,"bundle_layout":"","bundle_add_to_cart_form_location":"","bundle_editable_in_cart":false,"bundle_sold_individually_context":"","bundle_item_grouping":"","bundle_min_size":"","bundle_max_size":"","bundle_price":[],"bundled_items":[],"bundle_sell_ids":[],"gallery_images":[953507,934892,953514,953508,953518,942903,953515,909720],"_links":{"self":[{"href":"https:\/\/fitnfemale.com\/fr\/wp-json\/wp\/v2\/product\/5032","targetHints":{"allow":["GET"]}}],"collection":[{"href":"https:\/\/fitnfemale.com\/fr\/wp-json\/wp\/v2\/product"}],"about":[{"href":"https:\/\/fitnfemale.com\/fr\/wp-json\/wp\/v2\/types\/product"}],"replies":[{"embeddable":true,"href":"https:\/\/fitnfemale.com\/fr\/wp-json\/wp\/v2\/comments?post=5032"}],"wp:featuredmedia":[{"embeddable":true,"href":"https:\/\/fitnfemale.com\/fr\/wp-json\/wp\/v2\/media\/916223"}],"wp:attachment":[{"href":"https:\/\/fitnfemale.com\/fr\/wp-json\/wp\/v2\/media?parent=5032"}],"wp:term":[{"taxonomy":"product_brand","embeddable":true,"href":"https:\/\/fitnfemale.com\/fr\/wp-json\/wp\/v2\/product_brand?post=5032"},{"taxonomy":"product_cat","embeddable":true,"href":"https:\/\/fitnfemale.com\/fr\/wp-json\/wp\/v2\/product_cat?post=5032"},{"taxonomy":"product_tag","embeddable":true,"href":"https:\/\/fitnfemale.com\/fr\/wp-json\/wp\/v2\/product_tag?post=5032"}],"curies":[{"name":"wp","href":"https:\/\/api.w.org\/{rel}","templated":true}]}}