{"id":5018,"date":"2017-10-02T19:10:46","date_gmt":"2017-10-02T18:10:46","guid":{"rendered":"http:\/\/blog.fitnfemale.de\/shop\/premium-fatburn-kombi\/"},"modified":"2026-02-07T16:20:38","modified_gmt":"2026-02-07T15:20:38","slug":"premium-fatburn-kombi","status":"publish","type":"product","link":"https:\/\/fitnfemale.com\/fr\/produit\/premium-fatburn-kombi\/","title":{"rendered":"Shape and Burn Set"},"content":{"rendered":"<div class=\"img has-hover img-details x md-x lg-x y md-y lg-y\" id=\"image_2097374878\">\n\t\t\t\t\t\t\t\t<div class=\"img-inner dark\" >\n\t\t\t<img decoding=\"async\" width=\"1020\" height=\"569\" src=\"https:\/\/fitnfemale.com\/wp-content\/uploads\/shapeandburnset-closeup6.webp\" class=\"attachment-large size-large\" alt=\"Gros plan Shapeandburnset6\" srcset=\"https:\/\/fitnfemale.com\/wp-content\/uploads\/shapeandburnset-closeup6.webp 1376w, https:\/\/fitnfemale.com\/wp-content\/uploads\/shapeandburnset-closeup6-717x400.webp 717w, https:\/\/fitnfemale.com\/wp-content\/uploads\/shapeandburnset-closeup6-768x429.webp 768w, https:\/\/fitnfemale.com\/wp-content\/uploads\/shapeandburnset-closeup6-18x10.webp 18w, https:\/\/fitnfemale.com\/wp-content\/uploads\/shapeandburnset-closeup6-1000x558.webp 1000w\" sizes=\"(max-width: 1020px) 100vw, 1020px\" \/>\t\t\t\t\t\t\n\t\t\t\t\t<\/div>\n\t\t\t\t\t\t\t\t\n<style>\n#image_2097374878 {\n  width: 100%;\n}\n<\/style>\n\t<\/div>\n\t\n<ul>\n<li class=\"bullet-arrow\"><strong><i class=\"fas fa-star\" style=\"margin-right: 6px;\"><\/i>Shape Me Shake \u2013 Un repas prot\u00e9in\u00e9 pour votre routine :<\/strong> Id\u00e9al pour un repas lorsque vous avez envie de quelque chose de simple et d\u00e9licieux \u2013 parfait pour votre quotidien.<\/li>\n<li class=\"bullet-arrow\"><strong><i class=\"fas fa-bolt\" style=\"margin-right: 6px;\"><\/i>Pink Burn (2 en 1) \u2013 Coup de pouce avant l&#039;entra\u00eenement\u00a0:<\/strong> Pour une concentration et une motivation optimales avant l&#039;entra\u00eenement \u2013 lorsque vous souhaitez donner le meilleur de vous-m\u00eame.<\/li>\n<li class=\"bullet-arrow\"><strong><i class=\"fas fa-utensils\" style=\"margin-right: 6px;\"><\/i>All You Need Shake \u2013 quand vous avez besoin de quelque chose de rapide\u00a0:<\/strong> Un smoothie repas pratique pour les jours o\u00f9 vous avez peu de temps mais que vous souhaitez tout de m\u00eame manger sainement.<\/li>\n<li class=\"bullet-arrow\"><strong><i class=\"fas fa-tint\" style=\"margin-right: 6px;\"><\/i>Hydro Burn \u2013 sentez-vous plus l\u00e9ger au quotidien\u00a0:<\/strong> Le compl\u00e9ment id\u00e9al \u00e0 votre routine \u2013 surtout les jours o\u00f9 vous avez simplement envie de vous sentir plus l\u00e9ger.<\/li>\n<li class=\"bullet-arrow\"><strong><i class=\"fas fa-gift\" style=\"margin-right: 6px;\"><\/i>Shaker Black Beauty \u2013 cadeau gratuit\u00a0:<\/strong> Vous pouvez ainsi pr\u00e9parer vos boissons rapidement et facilement, n&#039;importe o\u00f9.<\/li>\n<\/ul>\n\n\t<section class=\"section dark\" id=\"section_902388173\">\n\t\t<div class=\"section-bg fill\" >\n\t\t\t\t\t\t\t\t\t\n\t\t\t\n\n\t\t<\/div>\n\n\t\t\n\n\t\t<div class=\"section-content relative\">\n\t\t\t\n<p><i class=\"fas fa-info-circle\" style=\"color: #fff;\"><\/i> <strong>Comment utiliser le kit<\/strong><br \/>\nShape Me Shake comme repas (par exemple, au petit-d\u00e9jeuner) \u2022 Pink Burn 20 \u00e0 30 minutes avant l&#039;entra\u00eenement \u2022 All You Need Shake lorsque vous \u00eates press\u00e9 \u2022 Hydro Burn quotidiennement avec beaucoup d&#039;eau \u2022 tous facilement m\u00e9langeables dans un shaker.<\/p>\n\t\t<\/div>\n\n\t\t\n<style>\n#section_902388173 {\n  padding-top: 30px;\n  padding-bottom: 30px;\n  background-color: rgb(40, 40, 40);\n}\n<\/style>\n\t<\/section>\n\t\n<p><small><strong>IMPORTANT !<\/strong>\u00a0Attention : le Shape &amp; Burn Bundle de FitNFemale\u00ae ne remplace pas une alimentation \u00e9quilibr\u00e9e et un entra\u00eenement r\u00e9gulier. Tu trouveras des conseils et des informations pour un r\u00e9gime efficace et un entra\u00eenement ad\u00e9quat sur notre site Internet. Apr\u00e8s ta commande, tu peux t\u00e9l\u00e9charger le plan de prise directement en ligne - un lien sera fourni dans ta confirmation de commande.<\/small><\/p>","protected":false},"excerpt":{"rendered":"<h2>Pack Forme et Br\u00fblure \u2013 Votre pack complet pour une silhouette, une \u00e9nergie et une concentration optimales.<\/h2>\n<h4>Cinq produits coordonn\u00e9s \u2013 <em>Shape Me Shake, Pink Burn, Pink Fire, All You Need Shake<\/em> et un guide nutritionnel exclusif \u2013 pour les femmes qui veulent aller plus loin.<\/h4>","protected":false},"featured_media":954129,"comment_status":"open","ping_status":"closed","template":"","meta":{"slim_seo":{"title":"Ensemble Shape and Burn - FitNFemale\u00ae","description":"Pack Forme et Br\u00fblure \u2013 Votre solution compl\u00e8te pour une silhouette, une \u00e9nergie et une concentration optimales. Cinq produits parfaitement coordonn\u00e9s\u00a0: Shape Me Shake, Pink Burn, Pink Fire, All Yo"}},"product_brand":[],"product_cat":[311,6671],"product_tag":[],"class_list":{"0":"post-5018","1":"product","2":"type-product","3":"status-publish","4":"has-post-thumbnail","6":"product_cat-bundle","7":"product_cat-topdeals","9":"first","10":"instock","11":"sale","12":"featured","13":"downloadable","14":"taxable","15":"shipping-taxable","16":"purchasable","17":"product-type-bundle"},"bundled_by":[],"bundle_stock_status":"instock","bundle_stock_quantity":66,"bundle_virtual":false,"bundle_layout":"default","bundle_add_to_cart_form_location":"default","bundle_editable_in_cart":false,"bundle_sold_individually_context":"product","bundle_item_grouping":"noindent","bundle_min_size":"","bundle_max_size":"","bundle_price":{"price":{"min":{"incl_tax":"114.5","excl_tax":"111.598441"},"max":{"incl_tax":"114.5","excl_tax":"111.598441"}},"regular_price":{"min":{"incl_tax":"114.5","excl_tax":"111.598441"},"max":{"incl_tax":"114.5","excl_tax":"111.598441"}}},"bundled_items":[{"bundled_item_id":599,"product_id":43303,"menu_order":0,"quantity_min":1,"quantity_max":1,"quantity_default":1,"priced_individually":false,"shipped_individually":false,"override_title":true,"title":"Shape Me Shake","override_description":true,"description":"Repas prot\u00e9in\u00e9 pour votre programme minceur.","optional":false,"hide_thumbnail":false,"discount":"","override_variations":false,"allowed_variations":[],"override_default_variation_attributes":false,"default_variation_attributes":[],"single_product_visibility":"visible","cart_visibility":"hidden","order_visibility":"visible","single_product_price_visibility":"visible","cart_price_visibility":"visible","order_price_visibility":"visible","stock_status":"in_stock"},{"bundled_item_id":637,"product_id":5032,"menu_order":1,"quantity_min":1,"quantity_max":1,"quantity_default":1,"priced_individually":false,"shipped_individually":false,"override_title":true,"title":"Pink Burn (2 en 1)","override_description":true,"description":"Un coup de pouce avant l&#039;entra\u00eenement pour am\u00e9liorer la concentration et la motivation.","optional":false,"hide_thumbnail":false,"discount":"","override_variations":false,"allowed_variations":[],"override_default_variation_attributes":false,"default_variation_attributes":[],"single_product_visibility":"visible","cart_visibility":"visible","order_visibility":"visible","single_product_price_visibility":"visible","cart_price_visibility":"visible","order_price_visibility":"visible","stock_status":"in_stock"},{"bundled_item_id":587,"product_id":678396,"menu_order":2,"quantity_min":1,"quantity_max":1,"quantity_default":1,"priced_individually":false,"shipped_individually":false,"override_title":true,"title":"All you need Shake","override_description":true,"description":"Un smoothie repas rapide pour les journ\u00e9es stressantes.","optional":false,"hide_thumbnail":false,"discount":"","override_variations":false,"allowed_variations":[],"override_default_variation_attributes":false,"default_variation_attributes":[],"single_product_visibility":"visible","cart_visibility":"hidden","order_visibility":"visible","single_product_price_visibility":"visible","cart_price_visibility":"visible","order_price_visibility":"visible","stock_status":"in_stock"},{"bundled_item_id":678,"product_id":337831,"menu_order":3,"quantity_min":1,"quantity_max":1,"quantity_default":1,"priced_individually":false,"shipped_individually":false,"override_title":true,"title":"Feu rose","override_description":true,"description":"","optional":false,"hide_thumbnail":false,"discount":"","override_variations":false,"allowed_variations":[],"override_default_variation_attributes":false,"default_variation_attributes":[],"single_product_visibility":"visible","cart_visibility":"hidden","order_visibility":"visible","single_product_price_visibility":"visible","cart_price_visibility":"visible","order_price_visibility":"visible","stock_status":"in_stock"},{"bundled_item_id":648,"product_id":5004,"menu_order":4,"quantity_min":1,"quantity_max":1,"quantity_default":1,"priced_individually":false,"shipped_individually":false,"override_title":false,"title":"Shaker Black Beauty","override_description":true,"description":"Cadeau \u2013 secouez, buvez, passez \u00e0 autre chose.","optional":false,"hide_thumbnail":false,"discount":"","override_variations":false,"allowed_variations":[],"override_default_variation_attributes":false,"default_variation_attributes":[],"single_product_visibility":"visible","cart_visibility":"visible","order_visibility":"visible","single_product_price_visibility":"visible","cart_price_visibility":"visible","order_price_visibility":"visible","stock_status":"in_stock"}],"bundle_sell_ids":[],"gallery_images":[953935,953936,953495,953313,953921,953720,938480,953507],"_links":{"self":[{"href":"https:\/\/fitnfemale.com\/fr\/wp-json\/wp\/v2\/product\/5018","targetHints":{"allow":["GET"]}}],"collection":[{"href":"https:\/\/fitnfemale.com\/fr\/wp-json\/wp\/v2\/product"}],"about":[{"href":"https:\/\/fitnfemale.com\/fr\/wp-json\/wp\/v2\/types\/product"}],"replies":[{"embeddable":true,"href":"https:\/\/fitnfemale.com\/fr\/wp-json\/wp\/v2\/comments?post=5018"}],"wp:featuredmedia":[{"embeddable":true,"href":"https:\/\/fitnfemale.com\/fr\/wp-json\/wp\/v2\/media\/954129"}],"wp:attachment":[{"href":"https:\/\/fitnfemale.com\/fr\/wp-json\/wp\/v2\/media?parent=5018"}],"wp:term":[{"taxonomy":"product_brand","embeddable":true,"href":"https:\/\/fitnfemale.com\/fr\/wp-json\/wp\/v2\/product_brand?post=5018"},{"taxonomy":"product_cat","embeddable":true,"href":"https:\/\/fitnfemale.com\/fr\/wp-json\/wp\/v2\/product_cat?post=5018"},{"taxonomy":"product_tag","embeddable":true,"href":"https:\/\/fitnfemale.com\/fr\/wp-json\/wp\/v2\/product_tag?post=5018"}],"curies":[{"name":"wp","href":"https:\/\/api.w.org\/{rel}","templated":true}]}}