{"id":5008,"date":"2017-10-02T19:10:41","date_gmt":"2017-10-02T18:10:41","guid":{"rendered":"http:\/\/blog.fitnfemale.de\/shop\/24-vitamins-minerals\/"},"modified":"2026-04-06T21:02:14","modified_gmt":"2026-04-06T20:02:14","slug":"24-vitamins-minerals","status":"publish","type":"product","link":"https:\/\/fitnfemale.com\/fr\/produit\/24-vitamins-minerals\/","title":{"rendered":"24 vitamines et min\u00e9raux"},"content":{"rendered":"<div class=\"img has-hover img-details x md-x lg-x y md-y lg-y\" id=\"image_870590445\">\n\t\t\t\t\t\t\t\t<div class=\"img-inner dark\" >\n\t\t\t<img decoding=\"async\" width=\"1020\" height=\"569\" src=\"https:\/\/fitnfemale.com\/wp-content\/uploads\/24vitamins-minerals-closeup17.webp\" class=\"attachment-large size-large\" alt=\"24 vitamines et min\u00e9raux en gros plan17\" srcset=\"https:\/\/fitnfemale.com\/wp-content\/uploads\/24vitamins-minerals-closeup17.webp 1376w, https:\/\/fitnfemale.com\/wp-content\/uploads\/24vitamins-minerals-closeup17-717x400.webp 717w, https:\/\/fitnfemale.com\/wp-content\/uploads\/24vitamins-minerals-closeup17-768x429.webp 768w, https:\/\/fitnfemale.com\/wp-content\/uploads\/24vitamins-minerals-closeup17-18x10.webp 18w, https:\/\/fitnfemale.com\/wp-content\/uploads\/24vitamins-minerals-closeup17-1000x558.webp 1000w\" sizes=\"(max-width: 1020px) 100vw, 1020px\" \/>\t\t\t\t\t\t\n\t\t\t\t\t<\/div>\n\t\t\t\t\t\t\t\t\n<style>\n#image_870590445 {\n  width: 100%;\n}\n<\/style>\n\t<\/div>\n\t\n<ul>\n<li class=\"bullet-star\">R\u00e9duire la fatigue : Avec de la vitamine C, de la vitamine B12 et du magn\u00e9sium pour soutenir vos niveaux d&#039;\u00e9nergie.<\/li>\n<li class=\"bullet-star\">Pour une bonne sant\u00e9 osseuse : le calcium, la vitamine D et le magn\u00e9sium contribuent au maintien d&#039;une ossature normale.<\/li>\n<li class=\"bullet-star\">Renforcement du syst\u00e8me immunitaire\u00a0: La vitamine C, la vitamine D et le zinc renforcent le fonctionnement normal du syst\u00e8me immunitaire.<\/li>\n<li class=\"bullet-star\">Prot\u00e9ger les cellules du stress oxydatif : avec de la vitamine C, de la vitamine E et du zinc pour prot\u00e9ger vos cellules.<\/li>\n<li class=\"bullet-star\">Une bo\u00eete suffit pour 8,5 semaines<\/li>\n<\/ul>\n<p>Gr\u00e2ce \u00e0 la prise pratique de seulement deux comprim\u00e9s par jour, il est tr\u00e8s facile d&#039;apporter \u00e0 votre corps les nutriments de mani\u00e8re optimale \u2013 que vous fassiez du sport, ayez une vie quotidienne stressante ou souhaitiez simplement rester en pleine forme.<\/p>\n<table class=\"ffnf-clean-table\">\n<thead>\n<tr>\n<th>Ingr\u00e9dients<\/th>\n<th>Portion (2 capsules)<\/th>\n<th>% NRV*<\/th>\n<\/tr>\n<\/thead>\n<tbody>\n<tr>\n<td>Vitamine A<\/td>\n<td>266 \u00b5g<\/td>\n<td>33 %<\/td>\n<\/tr>\n<tr>\n<td>Vitamine C<\/td>\n<td>120 mg<\/td>\n<td>150 %<\/td>\n<\/tr>\n<tr>\n<td>Vitamine D<\/td>\n<td>10 \u00b5g<\/td>\n<td>200 %<\/td>\n<\/tr>\n<tr>\n<td>Vitamine K<\/td>\n<td>60 \u00b5g<\/td>\n<td>80 %<\/td>\n<\/tr>\n<tr>\n<td>Vitamine E<\/td>\n<td>20 mg<\/td>\n<td>166 %<\/td>\n<\/tr>\n<tr>\n<td>Vitamine B1<\/td>\n<td>2,8 mg<\/td>\n<td>254 %<\/td>\n<\/tr>\n<tr>\n<td>Vitamine B2<\/td>\n<td>3,2 mg<\/td>\n<td>228 %<\/td>\n<\/tr>\n<tr>\n<td>Vitamine B3<\/td>\n<td>36 mg<\/td>\n<td>225 %<\/td>\n<\/tr>\n<tr>\n<td>Vitamine B5<\/td>\n<td>12 mg<\/td>\n<td>200 %<\/td>\n<\/tr>\n<tr>\n<td>Vitamine B6<\/td>\n<td>4 mg<\/td>\n<td>285 %<\/td>\n<\/tr>\n<tr>\n<td>Vitamine B12<\/td>\n<td>2 \u00b5g<\/td>\n<td>80 %<\/td>\n<\/tr>\n<tr>\n<td>Biotine<\/td>\n<td>300 \u00b5g<\/td>\n<td>600 %<\/td>\n<\/tr>\n<tr>\n<td>acide folique<\/td>\n<td>400 \u00b5g<\/td>\n<td>200 %<\/td>\n<\/tr>\n<tr>\n<td>calcium<\/td>\n<td>324 mg<\/td>\n<td>40 %<\/td>\n<\/tr>\n<tr>\n<td>magn\u00e9sium<\/td>\n<td>200 mg<\/td>\n<td>53 %<\/td>\n<\/tr>\n<tr>\n<td>iode<\/td>\n<td>100 \u00b5g<\/td>\n<td>66 %<\/td>\n<\/tr>\n<tr>\n<td>Fer<\/td>\n<td>8 mg<\/td>\n<td>57 %<\/td>\n<\/tr>\n<tr>\n<td>s\u00e9l\u00e9nium<\/td>\n<td>50 \u00b5g<\/td>\n<td>90 %<\/td>\n<\/tr>\n<tr>\n<td>zinc<\/td>\n<td>5,3 mg<\/td>\n<td>100 %<\/td>\n<\/tr>\n<tr>\n<td>cuivre<\/td>\n<td>1 mg<\/td>\n<td>100 %<\/td>\n<\/tr>\n<tr>\n<td>mangan\u00e8se<\/td>\n<td>2 mg<\/td>\n<td>100 %<\/td>\n<\/tr>\n<tr>\n<td>chrome<\/td>\n<td>50 \u00b5g<\/td>\n<td>100 %<\/td>\n<\/tr>\n<tr>\n<td>molybd\u00e8ne<\/td>\n<td>50 \u00b5g<\/td>\n<td>100 %<\/td>\n<\/tr>\n<tr>\n<td>phosphore<\/td>\n<td>250 mg<\/td>\n<td>35 %<\/td>\n<\/tr>\n<\/tbody>\n<\/table>","protected":false},"excerpt":{"rendered":"<h2>Apport de nutriments essentiels \u00e0 haute dose pour les femmes actives<\/h2>\n<h4>Nourrissez votre corps avec 24 vitamines et min\u00e9raux soigneusement s\u00e9lectionn\u00e9s, parfaitement adapt\u00e9s aux besoins des femmes actives. Chaque comprim\u00e9 contient 12 vitamines et 12 min\u00e9raux essentiels qui jouent un r\u00f4le vital dans votre organisme.<\/h4>","protected":false},"featured_media":943441,"comment_status":"open","ping_status":"closed","template":"","meta":{"slim_seo":{"title":"24 vitamines et min\u00e9raux - FitNFemale\u00ae","description":"Un apport optimal en nutriments essentiels pour les femmes actives. Offrez \u00e0 votre corps 24 vitamines et min\u00e9raux soigneusement s\u00e9lectionn\u00e9s, parfaitement adapt\u00e9s \u00e0 vos besoins."}},"product_brand":[],"product_cat":[6363,6629,401],"product_tag":[],"class_list":{"0":"post-5008","1":"product","2":"type-product","3":"status-publish","4":"has-post-thumbnail","6":"product_cat-promo-40","7":"product_cat-basic","8":"product_cat-health","9":"pa_anwendungsbereiche-health","10":"pa_anwendungsbereiche-skin-hair-nails","11":"pa_anwendungsbereiche-immune-system","12":"pa_marke-fitnfemale","13":"pa_misc-aspartamfree","14":"pa_misc-glutenfree","15":"pa_misc-lactosefree","16":"pa_misc-vegetarian","17":"pa_schwangerschaft-nicht-geeignet","18":"pa_stillzeit-geeignet","19":"pa_vegan-ja","21":"first","22":"instock","23":"taxable","24":"shipping-taxable","25":"purchasable","26":"product-type-simple"},"bundled_by":["626249","627259","470906","786591","956646"],"bundle_stock_status":"instock","bundle_stock_quantity":263,"bundle_virtual":false,"bundle_layout":"","bundle_add_to_cart_form_location":"","bundle_editable_in_cart":false,"bundle_sold_individually_context":"","bundle_item_grouping":"","bundle_min_size":"","bundle_max_size":"","bundle_price":[],"bundled_items":[],"bundle_sell_ids":[],"gallery_images":[953744,953748,907739,953746,953749,639879,953745],"_links":{"self":[{"href":"https:\/\/fitnfemale.com\/fr\/wp-json\/wp\/v2\/product\/5008","targetHints":{"allow":["GET"]}}],"collection":[{"href":"https:\/\/fitnfemale.com\/fr\/wp-json\/wp\/v2\/product"}],"about":[{"href":"https:\/\/fitnfemale.com\/fr\/wp-json\/wp\/v2\/types\/product"}],"replies":[{"embeddable":true,"href":"https:\/\/fitnfemale.com\/fr\/wp-json\/wp\/v2\/comments?post=5008"}],"wp:featuredmedia":[{"embeddable":true,"href":"https:\/\/fitnfemale.com\/fr\/wp-json\/wp\/v2\/media\/943441"}],"wp:attachment":[{"href":"https:\/\/fitnfemale.com\/fr\/wp-json\/wp\/v2\/media?parent=5008"}],"wp:term":[{"taxonomy":"product_brand","embeddable":true,"href":"https:\/\/fitnfemale.com\/fr\/wp-json\/wp\/v2\/product_brand?post=5008"},{"taxonomy":"product_cat","embeddable":true,"href":"https:\/\/fitnfemale.com\/fr\/wp-json\/wp\/v2\/product_cat?post=5008"},{"taxonomy":"product_tag","embeddable":true,"href":"https:\/\/fitnfemale.com\/fr\/wp-json\/wp\/v2\/product_tag?post=5008"}],"curies":[{"name":"wp","href":"https:\/\/api.w.org\/{rel}","templated":true}]}}