{"id":5004,"date":"2017-10-02T19:10:41","date_gmt":"2017-10-02T18:10:41","guid":{"rendered":"http:\/\/blog.fitnfemale.de\/shop\/black-beauty-shaker\/"},"modified":"2026-04-04T14:01:53","modified_gmt":"2026-04-04T13:01:53","slug":"black-beauty-shaker","status":"publish","type":"product","link":"https:\/\/fitnfemale.com\/fr\/produit\/black-beauty-shaker\/","title":{"rendered":"Shaker Black Beauty"},"content":{"rendered":"","protected":false},"excerpt":{"rendered":"<h2>Cette Barbie est une b\u00eate \u2013 et votre shake aussi.<\/h2>\n<h4>Un look adorable, une \u00e9nergie d\u00e9bordante. Ce shaker allie un design original \u00e0 une fonctionnalit\u00e9 optimale \u2013 pour tous ceux qui veulent plus qu&#039;une simple d\u00e9co rose \u00e0 la salle de sport.<\/h4>\n<ul>\n<li class=\"bullet-star\">\u00c9tanche et solide \u2013 comme toi quand ta derni\u00e8re phrase prend feu.<\/li>\n<li class=\"bullet-star\">Fabriqu\u00e9 en Europe \u2013 robuste, durable et tout simplement d&#039;un niveau sup\u00e9rieur.<\/li>\n<li class=\"bullet-star\">100 % Sans BPA et apte au contact alimentaire \u2013 rien que le meilleur pour votre corps.<\/li>\n<li class=\"bullet-star\">Compatible lave-vaisselle \u2013 parce que vous m\u00e9ritez de le laver facilement.<\/li>\n<\/ul>\n<p>Ce shaker noir orn\u00e9 d&#039;un motif rose bestial attire tous les regards et affirme la force des femmes. Id\u00e9al pour pr\u00e9parer des shakes prot\u00e9in\u00e9s, des boissons \u00e9nergisantes avant l&#039;entra\u00eenement ou un caf\u00e9 glac\u00e9 avec style.<\/p>","protected":false},"featured_media":944037,"comment_status":"open","ping_status":"closed","template":"","meta":{"slim_seo":{"title":"Black Beauty Shaker - FitNFemale\u00ae","description":"Cette Barbie est une b\u00eate de comp\u00e9tition \u2013 et votre shake aussi ! Un look adorable, une \u00e9nergie d\u00e9bordante. Ce shaker allie un design original \u00e0 une fonctionnalit\u00e9 optimale \u2013 pour tous ceux qui veulent se surpasser \u00e0 la salle de sport."}},"product_brand":[],"product_cat":[6362,283,6215],"product_tag":[],"class_list":{"0":"post-5004","1":"product","2":"type-product","3":"status-publish","4":"has-post-thumbnail","6":"product_cat-promo-50","7":"product_cat-equipment","8":"product_cat-shaker-equipment","9":"pa_marke-fitnfemale","10":"pa_misc-bpafree","12":"first","13":"instock","14":"taxable","15":"shipping-taxable","16":"purchasable","17":"product-type-simple"},"bundled_by":["545696","627104","470906","58627","43049","5033","5018","956371"],"bundle_stock_status":"instock","bundle_stock_quantity":118,"bundle_virtual":false,"bundle_layout":"","bundle_add_to_cart_form_location":"","bundle_editable_in_cart":false,"bundle_sold_individually_context":"","bundle_item_grouping":"","bundle_min_size":"","bundle_max_size":"","bundle_price":[],"bundled_items":[],"bundle_sell_ids":[],"gallery_images":[953921,953919,842419,953920,953918],"_links":{"self":[{"href":"https:\/\/fitnfemale.com\/fr\/wp-json\/wp\/v2\/product\/5004","targetHints":{"allow":["GET"]}}],"collection":[{"href":"https:\/\/fitnfemale.com\/fr\/wp-json\/wp\/v2\/product"}],"about":[{"href":"https:\/\/fitnfemale.com\/fr\/wp-json\/wp\/v2\/types\/product"}],"replies":[{"embeddable":true,"href":"https:\/\/fitnfemale.com\/fr\/wp-json\/wp\/v2\/comments?post=5004"}],"wp:featuredmedia":[{"embeddable":true,"href":"https:\/\/fitnfemale.com\/fr\/wp-json\/wp\/v2\/media\/944037"}],"wp:attachment":[{"href":"https:\/\/fitnfemale.com\/fr\/wp-json\/wp\/v2\/media?parent=5004"}],"wp:term":[{"taxonomy":"product_brand","embeddable":true,"href":"https:\/\/fitnfemale.com\/fr\/wp-json\/wp\/v2\/product_brand?post=5004"},{"taxonomy":"product_cat","embeddable":true,"href":"https:\/\/fitnfemale.com\/fr\/wp-json\/wp\/v2\/product_cat?post=5004"},{"taxonomy":"product_tag","embeddable":true,"href":"https:\/\/fitnfemale.com\/fr\/wp-json\/wp\/v2\/product_tag?post=5004"}],"curies":[{"name":"wp","href":"https:\/\/api.w.org\/{rel}","templated":true}]}}