{"id":4998,"date":"2017-10-02T19:10:41","date_gmt":"2017-10-02T18:10:41","guid":{"rendered":"http:\/\/blog.fitnfemale.de\/shop\/chocogasm-tablet\/"},"modified":"2026-04-18T18:01:38","modified_gmt":"2026-04-18T17:01:38","slug":"chocogasm","status":"publish","type":"product","link":"https:\/\/fitnfemale.com\/fr\/produit\/chocogasm\/","title":{"rendered":"Chocogasm Prot\u00e9ine Chocolat"},"content":{"rendered":"<h4>HIGHLIGHTS<\/h4>\n<ul>\n<li class=\"bullet-star\">Low carb ! (9,9 % \u2013 le chocolat classique en contient 61 %)<\/li>\n<li class=\"bullet-star\">High Protein ! (30 % \u2013 le chocolat classique en contient 4,9 %)<\/li>\n<li class=\"bullet-star\">High Fiber ! (24,5 % \u2013 le chocolat classique n'en contient que 7 %)<\/li>\n<li class=\"bullet-star\">Low sugar ! (5 % \u2013 le chocolat classique en contient 48 %)<\/li>\n<li class=\"bullet-star\">45g de prot\u00e9ines par tablette<\/li>\n<li class=\"bullet-star\">Crispy &amp; croustillant<\/li>\n<li class=\"bullet-star\">Plein de saveur<\/li>\n<li class=\"bullet-star\">Contient des fibres alimentaires<\/li>\n<\/ul>\n<div class=\"accordion\">\n\t<div id=\"accordion-1188019650\" class=\"accordion-item\">\n\t\t<a id=\"accordion-1188019650-label\" class=\"accordion-title plain\" href=\"#accordion-item-mehr-informationen\" aria-expanded=\"false\" aria-controls=\"accordion-1188019650-content\">\n\t\t\t<button class=\"toggle\" aria-label=\"Basculer\"><i class=\"icon-angle-down\" aria-hidden=\"true\"><\/i><\/button>\n\t\t\t<span>Plus d'informations<\/span>\n\t\t<\/a>\n\t\t<div id=\"accordion-1188019650-content\" class=\"accordion-inner\" aria-labelledby=\"accordion-1188019650-label\">\n\t\t\t\n<div id='gallery-1' class='gallery galleryid-4998 gallery-columns-2 gallery-size-large'><figure class='gallery-item'>\n\t\t\t<div class='gallery-icon landscape'>\n\t\t\t\t<a href='https:\/\/fitnfemale.com\/fr\/?attachment_id=568142'><img decoding=\"async\" width=\"800\" height=\"800\" src=\"https:\/\/fitnfemale.com\/wp-content\/uploads\/chocogasm-facts-800x800.jpg\" class=\"attachment-large size-large\" alt=\"faits sur Chocogasm\" srcset=\"https:\/\/fitnfemale.com\/wp-content\/uploads\/chocogasm-facts-800x800.jpg 800w, https:\/\/fitnfemale.com\/wp-content\/uploads\/chocogasm-facts-200x200.jpg 200w, https:\/\/fitnfemale.com\/wp-content\/uploads\/chocogasm-facts.jpg 1000w, https:\/\/fitnfemale.com\/wp-content\/uploads\/chocogasm-facts-400x400.jpg 400w, https:\/\/fitnfemale.com\/wp-content\/uploads\/chocogasm-facts-280x280.jpg 280w, https:\/\/fitnfemale.com\/wp-content\/uploads\/chocogasm-facts-768x768.jpg 768w, https:\/\/fitnfemale.com\/wp-content\/uploads\/chocogasm-facts-12x12.jpg 12w, https:\/\/fitnfemale.com\/wp-content\/uploads\/chocogasm-facts-130x130.jpg 130w, https:\/\/fitnfemale.com\/wp-content\/uploads\/chocogasm-facts-510x510.jpg 510w, https:\/\/fitnfemale.com\/wp-content\/uploads\/chocogasm-facts-150x150.jpg 150w\" sizes=\"(max-width: 800px) 100vw, 800px\" \/><\/a>\n\t\t\t<\/div><\/figure><figure class='gallery-item'>\n\t\t\t<div class='gallery-icon portrait'>\n\t\t\t\t<a href='https:\/\/fitnfemale.com\/fr\/?attachment_id=568142'><img decoding=\"async\" width=\"458\" height=\"755\" src=\"https:\/\/fitnfemale.com\/wp-content\/uploads\/2017\/10\/Chocogasm-Tablet-1.jpg\" class=\"attachment-large size-large\" alt=\"Comprim\u00e9 Chocogasm\" srcset=\"https:\/\/fitnfemale.com\/wp-content\/uploads\/2017\/10\/Chocogasm-Tablet-1.jpg 458w, https:\/\/fitnfemale.com\/wp-content\/uploads\/2017\/10\/Chocogasm-Tablet-1-243x400.jpg 243w, https:\/\/fitnfemale.com\/wp-content\/uploads\/2017\/10\/Chocogasm-Tablet-1-7x12.jpg 7w, https:\/\/fitnfemale.com\/wp-content\/uploads\/2017\/10\/Chocogasm-Tablet-1-36x60.jpg 36w, https:\/\/fitnfemale.com\/wp-content\/uploads\/2017\/10\/Chocogasm-Tablet-1-55x90.jpg 55w\" sizes=\"(max-width: 458px) 100vw, 458px\" \/><\/a>\n\t\t\t<\/div><\/figure>\n\t\t<\/div>\n\n\t\t<\/div>\n\t<\/div>\n\t\n<\/div>","protected":false},"excerpt":{"rendered":"<h2>La plus d\u00e9licieuse barre de chocolat prot\u00e9in\u00e9 low carb que tu aies jamais go\u00fbt\u00e9e !<\/h2>\n<h4>Le chocolat \u2013 qui ne l'aime pas ? La CHOCOGASM est une tablette de chocolat low carb et HIGH PROTEIN avec un go\u00fbt d\u00e9licieux et des valeurs nutritionnelles exceptionnelles ! La Chocogasm te permet de savourer du chocolat tout en suivant ton mode de vie fitness, avec six fois moins de glucides que le chocolat traditionnel ! De plus, l'huile de palme utilis\u00e9e est issue \u00e0 100% de sources durables.<br \/>\nChocogasm vous permet de savourer du chocolat malgr\u00e9 un mode de vie sain, et avec six fois moins de glucides que le chocolat traditionnel ! C&#039;est le seul<span class=\"morecontent0\">De plus, l&#039;huile de palme provient de sources durables 100%.<\/span><\/h4>","protected":false},"featured_media":4900,"comment_status":"open","ping_status":"closed","template":"","meta":{"slim_seo":{"title":"Chocogasm Prot\u00e9ines Chocolat - FitNFemale\u00ae","description":"Le chocolat prot\u00e9in\u00e9 faible en glucides le plus d\u00e9licieux que vous ayez jamais mang\u00e9 ! Le chocolat, qui n&#039;aime pas \u00e7a ? CHOCOGASM est une barre chocolat\u00e9e faible en glucides et riche en prot\u00e9ines."}},"product_brand":[],"product_cat":[292,303,1054],"product_tag":[],"class_list":{"0":"post-4998","1":"product","2":"type-product","3":"status-publish","4":"has-post-thumbnail","6":"product_cat-food","7":"product_cat-snack","8":"product_cat-snacks","9":"pa_anwendungsbereiche-gesunder-snack","10":"pa_anwendungsbereiche-gesundes-kochen-backen","11":"pa_marke-fitnfemale","12":"pa_misc-aspartamfree","13":"pa_misc-glutenfree","14":"pa_misc-lactosefree","15":"pa_nutritionfactinfo-highprotein","16":"pa_nutritionfactinfo-lowcarb","17":"pa_nutritionfactinfo-lowfat","18":"pa_nutritionfactinfo-lowsugar","19":"pa_schwangerschaft-geeignet","20":"pa_stillzeit-geeignet","21":"pa_vegan-nein","23":"first","24":"outofstock","25":"taxable","26":"shipping-taxable","27":"purchasable","28":"product-type-simple"},"bundled_by":["22034","22052"],"bundle_stock_status":"outofstock","bundle_stock_quantity":0,"bundle_virtual":false,"bundle_layout":"","bundle_add_to_cart_form_location":"","bundle_editable_in_cart":false,"bundle_sold_individually_context":"","bundle_item_grouping":"","bundle_min_size":"","bundle_max_size":"","bundle_price":[],"bundled_items":[],"bundle_sell_ids":[],"gallery_images":[568135,568136,568137],"_links":{"self":[{"href":"https:\/\/fitnfemale.com\/fr\/wp-json\/wp\/v2\/product\/4998","targetHints":{"allow":["GET"]}}],"collection":[{"href":"https:\/\/fitnfemale.com\/fr\/wp-json\/wp\/v2\/product"}],"about":[{"href":"https:\/\/fitnfemale.com\/fr\/wp-json\/wp\/v2\/types\/product"}],"replies":[{"embeddable":true,"href":"https:\/\/fitnfemale.com\/fr\/wp-json\/wp\/v2\/comments?post=4998"}],"wp:featuredmedia":[{"embeddable":true,"href":"https:\/\/fitnfemale.com\/fr\/wp-json\/wp\/v2\/media\/4900"}],"wp:attachment":[{"href":"https:\/\/fitnfemale.com\/fr\/wp-json\/wp\/v2\/media?parent=4998"}],"wp:term":[{"taxonomy":"product_brand","embeddable":true,"href":"https:\/\/fitnfemale.com\/fr\/wp-json\/wp\/v2\/product_brand?post=4998"},{"taxonomy":"product_cat","embeddable":true,"href":"https:\/\/fitnfemale.com\/fr\/wp-json\/wp\/v2\/product_cat?post=4998"},{"taxonomy":"product_tag","embeddable":true,"href":"https:\/\/fitnfemale.com\/fr\/wp-json\/wp\/v2\/product_tag?post=4998"}],"curies":[{"name":"wp","href":"https:\/\/api.w.org\/{rel}","templated":true}]}}