{"id":4994,"date":"2017-10-02T19:10:35","date_gmt":"2017-10-02T18:10:35","guid":{"rendered":"http:\/\/blog.fitnfemale.de\/shop\/omega-3\/"},"modified":"2026-04-10T12:01:38","modified_gmt":"2026-04-10T11:01:38","slug":"omega-3","status":"publish","type":"product","link":"https:\/\/fitnfemale.com\/fr\/produit\/omega-3\/","title":{"rendered":"Om\u00e9ga 3"},"content":{"rendered":"<div class=\"img has-hover img-details x md-x lg-x y md-y lg-y\" id=\"image_53953963\">\n\t\t\t\t\t\t\t\t<div class=\"img-inner dark\" >\n\t\t\t<img decoding=\"async\" width=\"1020\" height=\"569\" src=\"https:\/\/fitnfemale.com\/wp-content\/uploads\/omega3-closeup7.webp\" class=\"attachment-large size-large\" alt=\"Gros plan sur om\u00e9ga3\" srcset=\"https:\/\/fitnfemale.com\/wp-content\/uploads\/omega3-closeup7.webp 1376w, https:\/\/fitnfemale.com\/wp-content\/uploads\/omega3-closeup7-717x400.webp 717w, https:\/\/fitnfemale.com\/wp-content\/uploads\/omega3-closeup7-768x429.webp 768w, https:\/\/fitnfemale.com\/wp-content\/uploads\/omega3-closeup7-18x10.webp 18w, https:\/\/fitnfemale.com\/wp-content\/uploads\/omega3-closeup7-1000x558.webp 1000w\" sizes=\"(max-width: 1020px) 100vw, 1020px\" \/>\t\t\t\t\t\t\n\t\t\t\t\t<\/div>\n\t\t\t\t\t\t\t\t\n<style>\n#image_53953963 {\n  width: 100%;\n}\n<\/style>\n\t<\/div>\n\t\n<h4>Acides gras om\u00e9ga-3 \u2013 Un soutien de haute qualit\u00e9 pour le c\u0153ur et le cerveau<\/h4>\n<p>Nos capsules d&#039;om\u00e9ga-3 contiennent de l&#039;huile de poisson pure, riche en EPA et DHA, les acides gras om\u00e9ga-3 essentiels. Il a \u00e9t\u00e9 d\u00e9montr\u00e9 que ces derniers contribuent au bon fonctionnement du c\u0153ur et du cerveau.<\/p>\n<ul>\n<li class=\"bullet-star\">Sant\u00e9 cardiaque\u00a0: L\u2019EPA et le DHA contribuent au fonctionnement normal du c\u0153ur. Cet effet positif est obtenu avec un apport quotidien d\u2019au moins 250\u00a0mg d\u2019EPA et de DHA.<\/li>\n<li class=\"bullet-star\">Fonction c\u00e9r\u00e9brale : Le DHA contribue au maintien d&#039;une fonction c\u00e9r\u00e9brale normale lorsqu&#039;au moins 250 mg de DHA sont ing\u00e9r\u00e9s quotidiennement.<\/li>\n<li class=\"bullet-star\">Vue : Le DHA contribue \u00e9galement au maintien d&#039;une vue normale.<\/li>\n<\/ul>\n<p>Nos capsules d'om\u00e9ga-3 ne contiennent que des ingr\u00e9dients de haute qualit\u00e9 et sont compos\u00e9es d'huile de poisson, d'enveloppe de la capsule (eau, g\u00e9latine (bovine), glyc\u00e9rol), d'huile de tournesol et de D-alpha-tocoph\u00e9rol. Aucun additif ind\u00e9sirable.<\/p>\n\n\t<section class=\"section\" id=\"section_2012335134\">\n\t\t<div class=\"section-bg fill\" >\n\t\t\t<img decoding=\"async\" width=\"650\" height=\"400\" src=\"https:\/\/fitnfemale.com\/wp-content\/uploads\/omega-3.jpg\" class=\"bg attachment- size-\" alt=\"om\u00e9ga\" \/>\t\t\t\t\t\t<div class=\"section-bg-overlay absolute fill\"><\/div>\n\t\t\t\n\n\t\t<\/div>\n\n\t\t\n\n\t\t<div class=\"section-content relative\">\n\t\t\t\n<div class=\"row row-collapse row-full-width align-middle\"  id=\"row-1578402554\">\n\n\t<div id=\"col-707820955\" class=\"col medium-6 small-12 large-6\"  >\n\t\t\t\t<div class=\"col-inner text-center\"  >\n\t\t\t\n\t\t\t\n<h4 style=\"text-align: left;\"><span style=\"color: #000000;\">Exempt d'additifs ind\u00e9sirables tels que<\/span><\/h4>\n<ul>\n<li style=\"text-align: left;\"><span style=\"color: #000000;\">ar\u00f4mes artificiels<\/span><\/li>\n<li style=\"text-align: left;\"><span style=\"color: #000000;\">colorants artificiels<\/span><\/li>\n<li style=\"text-align: left;\"><span style=\"color: #000000;\">St\u00e9arate de magn\u00e9sium<\/span><\/li>\n<li style=\"text-align: left;\"><span style=\"color: #000000;\">Sucre<\/span><\/li>\n<li style=\"text-align: left;\"><span style=\"color: #000000;\">Lactose<\/span><\/li>\n<li style=\"text-align: left;\"><span style=\"color: #000000;\">Gluten<\/span><\/li>\n<li style=\"text-align: left;\"><span style=\"color: #000000;\">Conservateurs<\/span><\/li>\n<\/ul>\n\t\t<\/div>\n\t\t\t\t\n<style>\n#col-707820955 > .col-inner {\n  padding: 10% 10% 10% 10%;\n  max-width: 520px;\n}\n<\/style>\n\t<\/div>\n\n\t\n\n\t<div id=\"col-815770088\" class=\"col medium-6 small-12 large-6\"  >\n\t\t\t\t<div class=\"col-inner\"  >\n\t\t\t\n\t\t\t\n\t<div class=\"img has-hover x md-x lg-x y md-y lg-y\" id=\"image_1700572987\">\n\t\t\t\t\t\t\t\t<div class=\"img-inner dark\" >\n\t\t\t<img decoding=\"async\" width=\"800\" height=\"800\" src=\"https:\/\/fitnfemale.com\/wp-content\/uploads\/omega-3-kapseln-grafik-800x800.png\" class=\"attachment-large size-large\" alt=\"Graphique des capsules d&#039;om\u00e9ga 3\" srcset=\"https:\/\/fitnfemale.com\/wp-content\/uploads\/omega-3-kapseln-grafik-800x800.png 800w, https:\/\/fitnfemale.com\/wp-content\/uploads\/omega-3-kapseln-grafik-200x200.png 200w, https:\/\/fitnfemale.com\/wp-content\/uploads\/omega-3-kapseln-grafik-1000x1000.png 1000w, https:\/\/fitnfemale.com\/wp-content\/uploads\/omega-3-kapseln-grafik-400x400.png 400w, https:\/\/fitnfemale.com\/wp-content\/uploads\/omega-3-kapseln-grafik-280x280.png 280w, https:\/\/fitnfemale.com\/wp-content\/uploads\/omega-3-kapseln-grafik-768x768.png 768w, https:\/\/fitnfemale.com\/wp-content\/uploads\/omega-3-kapseln-grafik-1536x1536.png 1536w, https:\/\/fitnfemale.com\/wp-content\/uploads\/omega-3-kapseln-grafik-12x12.png 12w, https:\/\/fitnfemale.com\/wp-content\/uploads\/omega-3-kapseln-grafik.png 2000w\" sizes=\"(max-width: 800px) 100vw, 800px\" \/>\t\t\t\t\t\t\n\t\t\t\t\t<\/div>\n\t\t\t\t\t\t\t\t\n<style>\n#image_1700572987 {\n  width: 100%;\n}\n<\/style>\n\t<\/div>\n\t\n\t\t<\/div>\n\t\t\t\t\t<\/div>\n\n\t\n\n<style>\n#row-1578402554 > .col > .col-inner {\n  padding: 10px 10px 10px 10px;\n}\n<\/style>\n<\/div>\n\t\t<\/div>\n\n\t\t\n<style>\n#section_2012335134 {\n  padding-top: 0px;\n  padding-bottom: 0px;\n  margin-bottom: 0px;\n  background-color: rgb(249, 231, 240);\n}\n#section_2012335134 .section-bg-overlay {\n  background-color: rgba(249, 231, 240, 0.465);\n}\n#section_2012335134 .section-bg img {\n  object-position: 16% 54%;\n}\n<\/style>\n\t<\/section>\n\t\n\t<div id=\"gap-1023526690\" class=\"gap-element clearfix\" style=\"display:block; height:auto;\">\n\t\t\n<style>\n#gap-1023526690 {\n  padding-top: 30px;\n}\n<\/style>\n\t<\/div>\n\t\n<table class=\"ffnf-clean-table\">\n<thead>\n<tr>\n<th>Ingr\u00e9dients<\/th>\n<th>Portion (2 capsules)<\/th>\n<\/tr>\n<\/thead>\n<tbody>\n<tr>\n<td>huile de poisson<br \/>\u2013 dont l\u2019EPA<br \/>\u2013 dont le DHA<\/td>\n<td>2000 mg<br \/>360 mg<br \/>240 mg<\/td>\n<\/tr>\n<\/tbody>\n<\/table>","protected":false},"excerpt":{"rendered":"<h2>Pas de compromis quand il s'agit d'om\u00e9ga 3 purs et de qualit\u00e9.<\/h2>\n<h4>Nos acides gras om\u00e9ga-3 issus de l'huile de poisson offrent une excellente source d'EPA, DHA et DPA, soutenant ainsi une alimentation \u00e9quilibr\u00e9e.<\/h4>\n<ul>\n<li class=\"bullet-star\">Hautement dos\u00e9, avec seulement 1 g\u00e9lule par jour.<\/li>\n<li class=\"bullet-star\">Composition optimale d'EPA, de DHA et de DPA.<\/li>\n<li class=\"bullet-star\">Chaque capsule softgel contient 1000 mg d'acides gras om\u00e9ga-3 purs.<\/li>\n<li class=\"bullet-star\">Avec de la vitamine E naturelle.<\/li>\n<li class=\"bullet-star\">Une r\u00e9serve de 3 mois de 90 g\u00e9lules.<\/li>\n<\/ul>","protected":false},"featured_media":943447,"comment_status":"open","ping_status":"closed","template":"","meta":{"slim_seo":{"title":"Om\u00e9ga 3 - FitNFemale\u00ae","description":"Aucun compromis sur la qualit\u00e9 et la puret\u00e9 des om\u00e9ga-3. Nos acides gras om\u00e9ga-3 issus d&#039;huile de poisson constituent une excellente source d&#039;EPA, de DHA et de DPA."}},"product_brand":[],"product_cat":[317,6629,401,6671],"product_tag":[],"class_list":{"0":"post-4994","1":"product","2":"type-product","3":"status-publish","4":"has-post-thumbnail","6":"product_cat-abnehmen","7":"product_cat-basic","8":"product_cat-health","9":"product_cat-topdeals","10":"pa_anwendungsbereiche-muskelversorgung","11":"pa_anwendungsbereiche-metabolism","12":"pa_marke-fitnfemale","13":"pa_misc-aspartamfree","14":"pa_misc-glutenfree","15":"pa_misc-lactosefree","16":"pa_schwangerschaft-geeignet","17":"pa_stillzeit-geeignet","18":"pa_vegan-nein","20":"first","21":"instock","22":"taxable","23":"shipping-taxable","24":"purchasable","25":"product-type-simple"},"bundled_by":["7981","7984","348815","545696","626256","627259","58627","943204","943204","738226","956599","957225","43049"],"bundle_stock_status":"instock","bundle_stock_quantity":254,"bundle_virtual":false,"bundle_layout":"","bundle_add_to_cart_form_location":"","bundle_editable_in_cart":false,"bundle_sold_individually_context":"","bundle_item_grouping":"","bundle_min_size":"","bundle_max_size":"","bundle_price":[],"bundled_items":[],"bundle_sell_ids":[],"gallery_images":[938480,953884,943826,938478,953885,953883,953886],"_links":{"self":[{"href":"https:\/\/fitnfemale.com\/fr\/wp-json\/wp\/v2\/product\/4994","targetHints":{"allow":["GET"]}}],"collection":[{"href":"https:\/\/fitnfemale.com\/fr\/wp-json\/wp\/v2\/product"}],"about":[{"href":"https:\/\/fitnfemale.com\/fr\/wp-json\/wp\/v2\/types\/product"}],"replies":[{"embeddable":true,"href":"https:\/\/fitnfemale.com\/fr\/wp-json\/wp\/v2\/comments?post=4994"}],"wp:featuredmedia":[{"embeddable":true,"href":"https:\/\/fitnfemale.com\/fr\/wp-json\/wp\/v2\/media\/943447"}],"wp:attachment":[{"href":"https:\/\/fitnfemale.com\/fr\/wp-json\/wp\/v2\/media?parent=4994"}],"wp:term":[{"taxonomy":"product_brand","embeddable":true,"href":"https:\/\/fitnfemale.com\/fr\/wp-json\/wp\/v2\/product_brand?post=4994"},{"taxonomy":"product_cat","embeddable":true,"href":"https:\/\/fitnfemale.com\/fr\/wp-json\/wp\/v2\/product_cat?post=4994"},{"taxonomy":"product_tag","embeddable":true,"href":"https:\/\/fitnfemale.com\/fr\/wp-json\/wp\/v2\/product_tag?post=4994"}],"curies":[{"name":"wp","href":"https:\/\/api.w.org\/{rel}","templated":true}]}}