{"id":4991,"date":"2017-10-02T19:10:35","date_gmt":"2017-10-02T18:10:35","guid":{"rendered":"http:\/\/blog.fitnfemale.de\/shop\/zma\/"},"modified":"2026-04-11T18:01:34","modified_gmt":"2026-04-11T17:01:34","slug":"zma","status":"publish","type":"product","link":"https:\/\/fitnfemale.com\/fr\/produit\/zma\/","title":{"rendered":"ZMA"},"content":{"rendered":"<p>Les composants individuels de ce compl\u00e9ment alimentaire sont essentiels \u00e0 la protection quotidienne de l&#039;organisme contre les effets n\u00e9fastes du surmenage et favorisent un meilleur sommeil. Les compl\u00e9ments ZMA sont nettement plus efficaces que le zinc et le magn\u00e9sium seuls, car il s&#039;agit d&#039;un m\u00e9lange synth\u00e9tique formul\u00e9 de mani\u00e8re optimale pour r\u00e9pondre aux besoins d&#039;entra\u00eenement des athl\u00e8tes de force. Fruit d&#039;ann\u00e9es d&#039;exp\u00e9rience dans le domaine sportif, ZMA contient un \u00e9quilibre pr\u00e9cis de vitamines, de magn\u00e9sium et de zinc \u2013 un \u00e9quilibre qu&#039;il est difficile d&#039;obtenir par soi-m\u00eame.<\/p>\n<h4>L'essentiel en bref<\/h4>\n<ul>\n<li class=\"bullet-star\">Meilleure r\u00e9cup\u00e9ration et sommeil plus profond<\/li>\n<li class=\"bullet-star\">Rapport optimal de zinc, de magn\u00e9sium et de vitamine B6<\/li>\n<li class=\"bullet-star\">Les ingr\u00e9dients peuvent \u00eatre rapidement absorb\u00e9s par le corps et soutenir efficacement votre entra\u00eenement.<\/li>\n<\/ul>\n<p>En r\u00e9sum\u00e9, votre corps a un besoin urgent des \u00e9l\u00e9ments constitutifs contenus dans le ZMA pour la formation de muscles forts et puissants, et il transforme ces pr\u00e9curseurs gr\u00e2ce \u00e0 de nombreux processus m\u00e9taboliques. Ces \u00e9l\u00e9ments constitutifs sont d&#039;origine naturelle et combin\u00e9s dans des proportions optimales pour une efficacit\u00e9 accrue. Les bienfaits d&#039;une meilleure nutrition et d&#039;un apport plus important en nutriments se font rapidement sentir.<\/p>","protected":false},"excerpt":{"rendered":"<h2>Ce trio garantit une r\u00e9g\u00e9n\u00e9ration rapide et un sommeil profond.<\/h2>\n<h4>ZMA est une pr\u00e9paration dot\u00e9e d&#039;une composition unique. ZMA contient du zinc, du magn\u00e9sium et de la vitamine B6. <\/h4>","protected":false},"featured_media":698249,"comment_status":"open","ping_status":"closed","template":"","meta":{"slim_seo":{"title":"ZMA - FitNFemale\u00ae","description":"Ce trio garantit une r\u00e9g\u00e9n\u00e9ration rapide et un sommeil profond. ZMA est une pr\u00e9paration \u00e0 la composition unique. ZMA contient du zinc et du magn\u00e9sium."}},"product_brand":[],"product_cat":[6366,6363,6629,1047,401],"product_tag":[],"class_list":{"0":"post-4991","1":"product","2":"type-product","3":"status-publish","4":"has-post-thumbnail","6":"product_cat-promo-10","7":"product_cat-promo-40","8":"product_cat-basic","9":"product_cat-fit-strong","10":"product_cat-health","11":"pa_anwendungsbereiche-health","12":"pa_marke-fitnfemale","13":"pa_misc-aspartamfree","14":"pa_misc-glutenfree","15":"pa_misc-lactosefree","16":"pa_misc-vegetarian","17":"pa_schwangerschaft-geeignet","18":"pa_stillzeit-geeignet","20":"first","21":"outofstock","22":"taxable","23":"shipping-taxable","24":"purchasable","25":"product-type-simple"},"bundled_by":["22023","5439"],"bundle_stock_status":"outofstock","bundle_stock_quantity":0,"bundle_virtual":false,"bundle_layout":"","bundle_add_to_cart_form_location":"","bundle_editable_in_cart":false,"bundle_sold_individually_context":"","bundle_item_grouping":"","bundle_min_size":"","bundle_max_size":"","bundle_price":[],"bundled_items":[],"bundle_sell_ids":[],"gallery_images":[614531,578922,578923],"_links":{"self":[{"href":"https:\/\/fitnfemale.com\/fr\/wp-json\/wp\/v2\/product\/4991","targetHints":{"allow":["GET"]}}],"collection":[{"href":"https:\/\/fitnfemale.com\/fr\/wp-json\/wp\/v2\/product"}],"about":[{"href":"https:\/\/fitnfemale.com\/fr\/wp-json\/wp\/v2\/types\/product"}],"replies":[{"embeddable":true,"href":"https:\/\/fitnfemale.com\/fr\/wp-json\/wp\/v2\/comments?post=4991"}],"wp:featuredmedia":[{"embeddable":true,"href":"https:\/\/fitnfemale.com\/fr\/wp-json\/wp\/v2\/media\/698249"}],"wp:attachment":[{"href":"https:\/\/fitnfemale.com\/fr\/wp-json\/wp\/v2\/media?parent=4991"}],"wp:term":[{"taxonomy":"product_brand","embeddable":true,"href":"https:\/\/fitnfemale.com\/fr\/wp-json\/wp\/v2\/product_brand?post=4991"},{"taxonomy":"product_cat","embeddable":true,"href":"https:\/\/fitnfemale.com\/fr\/wp-json\/wp\/v2\/product_cat?post=4991"},{"taxonomy":"product_tag","embeddable":true,"href":"https:\/\/fitnfemale.com\/fr\/wp-json\/wp\/v2\/product_tag?post=4991"}],"curies":[{"name":"wp","href":"https:\/\/api.w.org\/{rel}","templated":true}]}}