{"id":4980,"date":"2017-10-02T19:10:35","date_gmt":"2017-10-02T18:10:35","guid":{"rendered":"http:\/\/blog.fitnfemale.de\/shop\/pink-water-jug\/"},"modified":"2026-04-04T14:01:54","modified_gmt":"2026-04-04T13:01:54","slug":"pink-water-jug","status":"publish","type":"product","link":"https:\/\/fitnfemale.com\/fr\/produit\/pink-water-jug\/","title":{"rendered":"Pink Water Jug"},"content":{"rendered":"<p>Le PINK WATER JUG de FitnFemale\u00ae est tr\u00e8s appr\u00e9ci\u00e9 pour sa taille et son apparence. Que ce soit pendant l'entra\u00eenement, au travail, \u00e0 l'\u00e9cole ou en voyage, tu fais toujours bonne figure avec le Water Jug ! N'oublie pas que tu dois consommer 1 litre d'eau par jour pour 20 kg de poids corporel.<\/p>\n<h4>L'essentiel en bref<\/h4>\n<ul>\n<li class=\"bullet-star\">Capacit\u00e9 de 2,2 litres - parfait pour toutes les activit\u00e9s<\/li>\n<li class=\"bullet-star\">\u00c9dition limit\u00e9e !<\/li>\n<li class=\"bullet-star\">Mat\u00e9riau de haute qualit\u00e9, plastique sans BPA<\/li>\n<li class=\"bullet-star\">Garantie du meilleur prix !<\/li>\n<\/ul>","protected":false},"excerpt":{"rendered":"<p>La bouteille d&#039;eau rose, id\u00e9ale pour les d\u00e9placements ou l&#039;entra\u00eenement !<\/p>","protected":false},"featured_media":2941,"comment_status":"open","ping_status":"closed","template":"","meta":{"slim_seo":{"title":"Pink Water Jug - FitNFemale\u00ae","description":"La bouteille d&#039;eau rose, id\u00e9ale pour les d\u00e9placements ou l&#039;entra\u00eenement !"}},"product_brand":[],"product_cat":[283,6217],"product_tag":[],"class_list":{"0":"post-4980","1":"product","2":"type-product","3":"status-publish","4":"has-post-thumbnail","6":"product_cat-equipment","7":"product_cat-trinkflaschen","8":"pa_anwendungsbereiche-for-your-workout","9":"pa_anwendungsbereiche-workout-bottle","10":"pa_marke-fitnfemale","11":"pa_misc-bpafree","13":"first","14":"outofstock","15":"taxable","16":"shipping-taxable","17":"purchasable","18":"product-type-simple"},"bundled_by":[],"bundle_stock_status":"outofstock","bundle_stock_quantity":1,"bundle_virtual":false,"bundle_layout":"","bundle_add_to_cart_form_location":"","bundle_editable_in_cart":false,"bundle_sold_individually_context":"","bundle_item_grouping":"","bundle_min_size":"","bundle_max_size":"","bundle_price":[],"bundled_items":[],"bundle_sell_ids":[],"gallery_images":[2942,8755],"_links":{"self":[{"href":"https:\/\/fitnfemale.com\/fr\/wp-json\/wp\/v2\/product\/4980","targetHints":{"allow":["GET"]}}],"collection":[{"href":"https:\/\/fitnfemale.com\/fr\/wp-json\/wp\/v2\/product"}],"about":[{"href":"https:\/\/fitnfemale.com\/fr\/wp-json\/wp\/v2\/types\/product"}],"replies":[{"embeddable":true,"href":"https:\/\/fitnfemale.com\/fr\/wp-json\/wp\/v2\/comments?post=4980"}],"wp:featuredmedia":[{"embeddable":true,"href":"https:\/\/fitnfemale.com\/fr\/wp-json\/wp\/v2\/media\/2941"}],"wp:attachment":[{"href":"https:\/\/fitnfemale.com\/fr\/wp-json\/wp\/v2\/media?parent=4980"}],"wp:term":[{"taxonomy":"product_brand","embeddable":true,"href":"https:\/\/fitnfemale.com\/fr\/wp-json\/wp\/v2\/product_brand?post=4980"},{"taxonomy":"product_cat","embeddable":true,"href":"https:\/\/fitnfemale.com\/fr\/wp-json\/wp\/v2\/product_cat?post=4980"},{"taxonomy":"product_tag","embeddable":true,"href":"https:\/\/fitnfemale.com\/fr\/wp-json\/wp\/v2\/product_tag?post=4980"}],"curies":[{"name":"wp","href":"https:\/\/api.w.org\/{rel}","templated":true}]}}