{"id":49565,"date":"2018-07-17T15:49:23","date_gmt":"2018-07-17T14:49:23","guid":{"rendered":"https:\/\/fitnfemale.com\/?post_type=product&#038;p=49565"},"modified":"2026-04-15T18:09:49","modified_gmt":"2026-04-15T17:09:49","slug":"bon-cadeau","status":"publish","type":"product","link":"https:\/\/fitnfemale.com\/fr\/produit\/bon-cadeau\/","title":{"rendered":"Ch\u00e8que-cadeau"},"content":{"rendered":"","protected":false},"excerpt":{"rendered":"<h2>Le cadeau parfait \u2013 en rose, bien s\u00fbr \ud83c\udf80<\/h2>\n<h4>Envie d&#039;offrir un cadeau qui fera plaisir, mais vous \u00eates \u00e0 la bourre\u00a0? La carte cadeau FitnFemale est toujours le choix id\u00e9al \u2013 que ce soit pour les reines de l&#039;anniversaire, les passionn\u00e9es de fitness ou les adeptes du bien-\u00eatre.<\/h4>\n<ul>\n<li class=\"bullet-star\">5 montants s\u00e9lectionnables<\/li>\n<li class=\"bullet-star\">Disponible en format PDF imprimable \u2013 id\u00e9al comme cadeau de derni\u00e8re minute<\/li>\n<li class=\"bullet-star\">Le code promo est g\u00e9n\u00e9ralement envoy\u00e9 par e-mail dans les 8 heures.<\/li>\n<li class=\"bullet-star\">Assistance imm\u00e9diate disponible\u00a0: support@fitnfemale.com<\/li>\n<\/ul>\n<p>Que ce soit pour des compl\u00e9ments alimentaires, des shakers ou des v\u00eatements de sport, le bon d&#039;achat est valable sur l&#039;ensemble de la boutique en ligne. <strong>Remarque<\/strong> Les bons d&#039;achat acquis dans le cadre d&#039;une promotion ne peuvent \u00eatre cumul\u00e9s avec d&#039;autres codes de r\u00e9duction.<\/p>","protected":false},"featured_media":941554,"comment_status":"open","ping_status":"closed","template":"","meta":{"slim_seo":{"title":"Geschenkgutschein - FitNFemale\u00ae","description":"Le cadeau parfait \u2013 en rose, bien s\u00fbr \ud83c\udf80 Envie d&#039;offrir du bonheur mais vous \u00eates \u00e0 la bourre\u00a0? Un bon cadeau FitnFemale est toujours le choix id\u00e9al \u2013 quelle que soit la date."}},"product_brand":[],"product_cat":[6491,6290],"product_tag":[],"class_list":{"0":"post-49565","1":"product","2":"type-product","3":"status-publish","4":"has-post-thumbnail","6":"product_cat-gutscheine","7":"product_cat-set","8":"pa_misc-digital","10":"first","11":"instock","12":"purchasable","13":"product-type-variable"},"bundled_by":[],"bundle_stock_status":"instock","bundle_stock_quantity":null,"bundle_virtual":false,"bundle_layout":"","bundle_add_to_cart_form_location":"","bundle_editable_in_cart":false,"bundle_sold_individually_context":"","bundle_item_grouping":"","bundle_min_size":"","bundle_max_size":"","bundle_price":[],"bundled_items":[],"bundle_sell_ids":[],"gallery_images":[939422,939221,939212,938251],"_links":{"self":[{"href":"https:\/\/fitnfemale.com\/fr\/wp-json\/wp\/v2\/product\/49565","targetHints":{"allow":["GET"]}}],"collection":[{"href":"https:\/\/fitnfemale.com\/fr\/wp-json\/wp\/v2\/product"}],"about":[{"href":"https:\/\/fitnfemale.com\/fr\/wp-json\/wp\/v2\/types\/product"}],"replies":[{"embeddable":true,"href":"https:\/\/fitnfemale.com\/fr\/wp-json\/wp\/v2\/comments?post=49565"}],"wp:featuredmedia":[{"embeddable":true,"href":"https:\/\/fitnfemale.com\/fr\/wp-json\/wp\/v2\/media\/941554"}],"wp:attachment":[{"href":"https:\/\/fitnfemale.com\/fr\/wp-json\/wp\/v2\/media?parent=49565"}],"wp:term":[{"taxonomy":"product_brand","embeddable":true,"href":"https:\/\/fitnfemale.com\/fr\/wp-json\/wp\/v2\/product_brand?post=49565"},{"taxonomy":"product_cat","embeddable":true,"href":"https:\/\/fitnfemale.com\/fr\/wp-json\/wp\/v2\/product_cat?post=49565"},{"taxonomy":"product_tag","embeddable":true,"href":"https:\/\/fitnfemale.com\/fr\/wp-json\/wp\/v2\/product_tag?post=49565"}],"curies":[{"name":"wp","href":"https:\/\/api.w.org\/{rel}","templated":true}]}}