{"id":43303,"date":"2018-06-10T15:30:03","date_gmt":"2018-06-10T14:30:03","guid":{"rendered":"https:\/\/fitnfemale.com\/?post_type=product&#038;p=43303"},"modified":"2026-04-10T12:14:38","modified_gmt":"2026-04-10T11:14:38","slug":"all-in-one-shape-shake","status":"publish","type":"product","link":"https:\/\/fitnfemale.com\/fr\/produit\/all-in-one-shape-shake\/","title":{"rendered":"Shape Me Shake"},"content":{"rendered":"<div class=\"img has-hover img-details x md-x lg-x y md-y lg-y\" id=\"image_1549289620\">\n\t\t\t\t\t\t\t\t<div class=\"img-inner dark\" >\n\t\t\t<img decoding=\"async\" width=\"1020\" height=\"569\" src=\"https:\/\/fitnfemale.com\/wp-content\/uploads\/shapemeshake-rec-details1-1.webp\" class=\"attachment-large size-large\" alt=\"D\u00e9tails de la recommandation Shapemeshake1\" srcset=\"https:\/\/fitnfemale.com\/wp-content\/uploads\/shapemeshake-rec-details1-1.webp 1376w, https:\/\/fitnfemale.com\/wp-content\/uploads\/shapemeshake-rec-details1-1-717x400.webp 717w, https:\/\/fitnfemale.com\/wp-content\/uploads\/shapemeshake-rec-details1-1-768x429.webp 768w, https:\/\/fitnfemale.com\/wp-content\/uploads\/shapemeshake-rec-details1-1-18x10.webp 18w, https:\/\/fitnfemale.com\/wp-content\/uploads\/shapemeshake-rec-details1-1-1000x558.webp 1000w\" sizes=\"(max-width: 1020px) 100vw, 1020px\" \/>\t\t\t\t\t\t\n\t\t\t\t\t<\/div>\n\t\t\t\t\t\t\t\t\n<style>\n#image_1549289620 {\n  width: 100%;\n}\n<\/style>\n\t<\/div>\n\t\n<p>Savourez un go\u00fbt exceptionnel, une dissolution parfaite dans l&#039;eau garantie, et d\u00e9couvrez la simplicit\u00e9 d&#039;atteindre vos objectifs au quotidien. Gr\u00e2ce \u00e0 une combinaison soigneusement s\u00e9lectionn\u00e9e de prot\u00e9ines de lactos\u00e9rum, de cas\u00e9ine et d&#039;\u0153uf, ainsi que d&#039;autres ingr\u00e9dients pr\u00e9cieux, ce produit phare vous accompagnera dans votre qu\u00eate d&#039;une silhouette optimale. Notre engagement envers l&#039;environnement est aussi fort que notre promesse envers vous\u00a0: nous utilisons un emballage recyclable 100% pour un monde plus propre.<\/p>\n<p class=\"translation-block\">S\u00e9lectionn\u00e9 avec soin, notre shake contient de la L-carnitine et une trace de pip\u00e9rine. De plus, il inclut du zinc et du magn\u00e9sium, qui contribuent \u00e0 un m\u00e9tabolisme normal.<\/p>\n<p class=\"translation-block\">Nous croyons en ce que la nature offre de meilleur, donc notre lait provient exclusivement de vaches \u00e9lev\u00e9es en plein air. Nous renon\u00e7ons compl\u00e8tement \u00e0 l'aspartame, au gluten et au soja \u2013 pour ton bien-\u00eatre.<\/p>\n<p class=\"translation-block\">Notre engagement envers l'environnement est aussi solide que notre promesse envers toi : nous utilisons un emballage 100% recyclable pour un monde plus propre.<\/p>\n<p class=\"translation-block\">Savoure les go\u00fbts irr\u00e9sistibles de nos shakes, qui se dissolvent parfaitement dans l'eau ou le lait \u2013 un compagnon parfait qui te soutient dans tes d\u00e9fis quotidiens.<\/p>\n<p>Essaie le Shape Me Shake et ressens la diff\u00e9rence !<\/p>\n<div class=\"accordion\">\n\t<div id=\"accordion-2080873433\" class=\"accordion-item\">\n\t\t<a id=\"accordion-2080873433-label\" class=\"accordion-title plain\" href=\"#accordion-item-n\u00e4hrwerte\" aria-expanded=\"false\" aria-controls=\"accordion-2080873433-content\">\n\t\t\t<button class=\"toggle\" aria-label=\"Basculer\"><i class=\"icon-angle-down\" aria-hidden=\"true\"><\/i><\/button>\n\t\t\t<span>Valeurs nutritives<\/span>\n\t\t<\/a>\n\t\t<div id=\"accordion-2080873433-content\" class=\"accordion-inner\" aria-labelledby=\"accordion-2080873433-label\">\n\t\t\t\n<table class=\"ffnf-clean-table\">\n<thead>\n<tr>\n<th>Valeurs nutritives<\/th>\n<th>100 g<\/th>\n<th>Portion (30 g)<\/th>\n<\/tr>\n<\/thead>\n<tbody>\n<tr>\n<td>\u00c9nergie<\/td>\n<td>1552 kJ \/ 367 kcal<\/td>\n<td>466 kJ \/ 110 kcal<\/td>\n<\/tr>\n<tr>\n<td>Graisse<br \/>\n- dont acides gras satur\u00e9s<\/td>\n<td>5,0 g<br \/>\n2,8 g<\/td>\n<td>1,5 g<br \/>\n0,9 g<\/td>\n<\/tr>\n<tr>\n<td>Glucides<br \/>\n- dont sucre<\/td>\n<td>6,7 g<br \/>\n5,2 g<\/td>\n<td>2,0 g<br \/>\n1,6 g<\/td>\n<\/tr>\n<tr>\n<td>Fibres alimentaires<\/td>\n<td>1,0 g<\/td>\n<td>0,3 g<\/td>\n<\/tr>\n<tr>\n<td>Prot\u00e9ines<\/td>\n<td>72,4 g<\/td>\n<td>21,7 g<\/td>\n<\/tr>\n<tr>\n<td>Sel<\/td>\n<td>0,62 g<\/td>\n<td>0,19 g<\/td>\n<\/tr>\n<\/tbody>\n<\/table>\n\t\t<\/div>\n\t<\/div>\n\t\n\t<div id=\"accordion-3148633019\" class=\"accordion-item\">\n\t\t<a id=\"accordion-3148633019-label\" class=\"accordion-title plain\" href=\"#accordion-item-inhaltsstoffe\" aria-expanded=\"false\" aria-controls=\"accordion-3148633019-content\">\n\t\t\t<button class=\"toggle\" aria-label=\"Basculer\"><i class=\"icon-angle-down\" aria-hidden=\"true\"><\/i><\/button>\n\t\t\t<span>Ingr\u00e9dients<\/span>\n\t\t<\/a>\n\t\t<div id=\"accordion-3148633019-content\" class=\"accordion-inner\" aria-labelledby=\"accordion-3148633019-label\">\n\t\t\t\n<table class=\"ffnf-clean-table\">\n<thead>\n<tr>\n<th>Ingr\u00e9dients<\/th>\n<th>100 g<\/th>\n<th>Portion (30 g)<\/th>\n<th>% NRV*<\/th>\n<\/tr>\n<\/thead>\n<tbody>\n<tr>\n<td>L-carnitine<\/td>\n<td>2720 mg<\/td>\n<td>816 mg<\/td>\n<td>\u2013<\/td>\n<\/tr>\n<tr>\n<td>Pip\u00e9rine<\/td>\n<td>23 mg<\/td>\n<td>7 mg<\/td>\n<td>\u2013<\/td>\n<\/tr>\n<tr>\n<td>Vitamine D3 (calcif\u00e9rol)<\/td>\n<td>163,3 \u00b5g<\/td>\n<td>49,0 \u00b5g<\/td>\n<td>\u2013<\/td>\n<\/tr>\n<tr>\n<td>Vitamine E<\/td>\n<td>12,0 mg<\/td>\n<td>3,6 mg<\/td>\n<td>30 %<\/td>\n<\/tr>\n<tr>\n<td>Vitamine C<\/td>\n<td>80,0 mg<\/td>\n<td>24,0 mg<\/td>\n<td>30 %<\/td>\n<\/tr>\n<tr>\n<td>Vitamine B1<\/td>\n<td>1,1 mg<\/td>\n<td>0,33 mg<\/td>\n<td>30 %<\/td>\n<\/tr>\n<tr>\n<td>Vitamine B2<\/td>\n<td>1,4 mg<\/td>\n<td>0,42 mg<\/td>\n<td>30 %<\/td>\n<\/tr>\n<tr>\n<td>niacine<\/td>\n<td>16,0 mg<\/td>\n<td>4,8 mg<\/td>\n<td>30 %<\/td>\n<\/tr>\n<tr>\n<td>Vitamine B6<\/td>\n<td>1,4 mg<\/td>\n<td>0,42 mg<\/td>\n<td>30 %<\/td>\n<\/tr>\n<tr>\n<td>acide folique<\/td>\n<td>200 \u00b5g<\/td>\n<td>60 \u00b5g<\/td>\n<td>30 %<\/td>\n<\/tr>\n<tr>\n<td>Vitamine B12<\/td>\n<td>2,5 \u00b5g<\/td>\n<td>0,75 \u00b5g<\/td>\n<td>30 %<\/td>\n<\/tr>\n<tr>\n<td>Biotine<\/td>\n<td>50 \u00b5g<\/td>\n<td>15 \u00b5g<\/td>\n<td>30 %<\/td>\n<\/tr>\n<tr>\n<td>Acide pantoth\u00e9nique (B5)<\/td>\n<td>6,0 mg<\/td>\n<td>1,8 mg<\/td>\n<td>30 %<\/td>\n<\/tr>\n<tr>\n<td>magn\u00e9sium<\/td>\n<td>666 mg<\/td>\n<td>200 mg<\/td>\n<td>53 %<\/td>\n<\/tr>\n<tr>\n<td>zinc<\/td>\n<td>17,6 mg<\/td>\n<td>5,3 mg<\/td>\n<td>100 %<\/td>\n<\/tr>\n<\/tbody>\n<\/table>\n\t\t<\/div>\n\t<\/div>\n\t\n<\/div>\n\t<div class=\"img has-hover x md-x lg-x y md-y lg-y\" id=\"image_1248069605\">\n\t\t\t\t\t\t\t\t<div class=\"img-inner dark\" >\n\t\t\t<img decoding=\"async\" width=\"1020\" height=\"569\" src=\"https:\/\/fitnfemale.com\/wp-content\/uploads\/shapemeshake-closeup-123.webp\" class=\"attachment-large size-large\" alt=\"Gros plan de Shapemeshake\" srcset=\"https:\/\/fitnfemale.com\/wp-content\/uploads\/shapemeshake-closeup-123.webp 1376w, https:\/\/fitnfemale.com\/wp-content\/uploads\/shapemeshake-closeup-123-717x400.webp 717w, https:\/\/fitnfemale.com\/wp-content\/uploads\/shapemeshake-closeup-123-768x429.webp 768w, https:\/\/fitnfemale.com\/wp-content\/uploads\/shapemeshake-closeup-123-18x10.webp 18w, https:\/\/fitnfemale.com\/wp-content\/uploads\/shapemeshake-closeup-123-1000x558.webp 1000w\" sizes=\"(max-width: 1020px) 100vw, 1020px\" \/>\t\t\t\t\t\t\n\t\t\t\t\t<\/div>\n\t\t\t\t\t\t\t\t\n<style>\n#image_1248069605 {\n  width: 100%;\n}\n<\/style>\n\t<\/div>","protected":false},"excerpt":{"rendered":"<h2>Ton compagnon id\u00e9al \u2013 Shape Me Shake : Parfait pour atteindre ton objectif de fitness.<\/h2>\n<h4>Commence ta journ\u00e9e de mani\u00e8re dynamique ou retrouve ton \u00e9quilibre apr\u00e8s l'entra\u00eenement avec le Shape Me Shake, ton d\u00e9licieux shake de fitness. Sp\u00e9cialement d\u00e9velopp\u00e9 pour les femmes, ce shake offre un soutien optimal gr\u00e2ce \u00e0 sa composition unique et \u00e0 sa biodisponibilit\u00e9 particuli\u00e8rement \u00e9lev\u00e9e.<\/h4>","protected":false},"featured_media":957504,"comment_status":"open","ping_status":"closed","template":"","meta":{"slim_seo":{"title":"Shape Me Shake - FitNFemale\u00ae","description":"Votre alli\u00e9 id\u00e9al \u2013 Shape Me Shake : Parfait pour atteindre vos objectifs de remise en forme. Commencez votre journ\u00e9e en pleine forme ou retrouvez votre \u00e9quilibre apr\u00e8s l&#039;entra\u00eenement avec Shape Me."}},"product_brand":[],"product_cat":[6365,317,394],"product_tag":[],"class_list":{"0":"post-43303","1":"product","2":"type-product","3":"status-publish","4":"has-post-thumbnail","6":"product_cat-promo-20","7":"product_cat-abnehmen","8":"product_cat-fitness-shake","9":"pa_anwendungsbereiche-weightloss","10":"pa_anwendungsbereiche-recovery","11":"pa_anwendungsbereiche-shaping","12":"pa_marke-fitnfemale","13":"pa_misc-aspartamfree","14":"pa_misc-glutenfree","15":"pa_misc-vegetarian","16":"pa_nutritionfactinfo-highprotein","17":"pa_nutritionfactinfo-lowcarb","18":"pa_nutritionfactinfo-lowfat","19":"pa_nutritionfactinfo-lowsugar","20":"pa_schwangerschaft-geeignet","21":"pa_stillzeit-geeignet","22":"pa_vegan-nein","24":"first","25":"instock","26":"featured","27":"taxable","28":"shipping-taxable","29":"purchasable","30":"product-type-variable","31":"has-default-attributes"},"bundled_by":["89922","5439","626249","58627","738321","43049","5033","738226","5018"],"bundle_stock_status":"instock","bundle_stock_quantity":null,"bundle_virtual":false,"bundle_layout":"","bundle_add_to_cart_form_location":"","bundle_editable_in_cart":false,"bundle_sold_individually_context":"","bundle_item_grouping":"","bundle_min_size":"","bundle_max_size":"","bundle_price":[],"bundled_items":[],"bundle_sell_ids":[],"gallery_images":[953313,953310,955136,953311,952232,953315,934851,953312],"_links":{"self":[{"href":"https:\/\/fitnfemale.com\/fr\/wp-json\/wp\/v2\/product\/43303","targetHints":{"allow":["GET"]}}],"collection":[{"href":"https:\/\/fitnfemale.com\/fr\/wp-json\/wp\/v2\/product"}],"about":[{"href":"https:\/\/fitnfemale.com\/fr\/wp-json\/wp\/v2\/types\/product"}],"replies":[{"embeddable":true,"href":"https:\/\/fitnfemale.com\/fr\/wp-json\/wp\/v2\/comments?post=43303"}],"wp:featuredmedia":[{"embeddable":true,"href":"https:\/\/fitnfemale.com\/fr\/wp-json\/wp\/v2\/media\/957504"}],"wp:attachment":[{"href":"https:\/\/fitnfemale.com\/fr\/wp-json\/wp\/v2\/media?parent=43303"}],"wp:term":[{"taxonomy":"product_brand","embeddable":true,"href":"https:\/\/fitnfemale.com\/fr\/wp-json\/wp\/v2\/product_brand?post=43303"},{"taxonomy":"product_cat","embeddable":true,"href":"https:\/\/fitnfemale.com\/fr\/wp-json\/wp\/v2\/product_cat?post=43303"},{"taxonomy":"product_tag","embeddable":true,"href":"https:\/\/fitnfemale.com\/fr\/wp-json\/wp\/v2\/product_tag?post=43303"}],"curies":[{"name":"wp","href":"https:\/\/api.w.org\/{rel}","templated":true}]}}