{"id":43049,"date":"2018-06-08T19:15:03","date_gmt":"2018-06-08T18:15:03","guid":{"rendered":"https:\/\/fitnfemale.com\/?post_type=product&#038;p=43049"},"modified":"2026-02-07T16:18:54","modified_gmt":"2026-02-07T15:18:54","slug":"bikini-express-bundle","status":"publish","type":"product","link":"https:\/\/fitnfemale.com\/fr\/produit\/bikini-express-bundle\/","title":{"rendered":"Bikini Express Bundle"},"content":{"rendered":"<div class=\"img has-hover img-details x md-x lg-x y md-y lg-y\" id=\"image_408278263\">\n\t\t\t\t\t\t\t\t<div class=\"img-inner dark\" >\n\t\t\t<img decoding=\"async\" width=\"1020\" height=\"569\" src=\"https:\/\/fitnfemale.com\/wp-content\/uploads\/bikiniexpress-closeup-8.jpg\" class=\"attachment-large size-large\" alt=\"Gros plan de Bikini Express\" srcset=\"https:\/\/fitnfemale.com\/wp-content\/uploads\/bikiniexpress-closeup-8.jpg 1376w, https:\/\/fitnfemale.com\/wp-content\/uploads\/bikiniexpress-closeup-8-717x400.jpg 717w, https:\/\/fitnfemale.com\/wp-content\/uploads\/bikiniexpress-closeup-8-768x429.jpg 768w, https:\/\/fitnfemale.com\/wp-content\/uploads\/bikiniexpress-closeup-8-18x10.jpg 18w, https:\/\/fitnfemale.com\/wp-content\/uploads\/bikiniexpress-closeup-8-1000x558.jpg 1000w\" sizes=\"(max-width: 1020px) 100vw, 1020px\" \/>\t\t\t\t\t\t\n\t\t\t\t\t<\/div>\n\t\t\t\t\t\t\t\t\n<style>\n#image_408278263 {\n  width: 100%;\n}\n<\/style>\n\t<\/div>\n\t\n<p>Le bundle Bikini Express est le compagnon id\u00e9al pour un \u00e9t\u00e9 r\u00e9ussi. Profite de l'occasion et commence d\u00e8s maintenant !<\/p>\n<ul>\n<li class=\"bullet-star\">Des produits adapt\u00e9s les uns aux autres, combin\u00e9s \u00e0 des directives nutritionnelles individuelles<\/li>\n<li class=\"bullet-star\">Plan calorique, sp\u00e9cialement con\u00e7u pour toi<\/li>\n<li class=\"bullet-star\">Plan de recettes, y compris directives alimentaires<\/li>\n<li class=\"bullet-star\">Conseils d'entra\u00eenement efficaces (effort minimal, r\u00e9sultat maximal) ax\u00e9s sur la combustion des graisses, les fesses et le ventre<\/li>\n<\/ul>\n<div class=\"message-box relative dark\" style=\"padding-top:15px;padding-bottom:15px;\"><div class=\"message-box-bg-image bg-fill fill\" ><\/div><div class=\"message-box-bg-overlay bg-fill fill\" style=\"background-color:rgb(194, 156, 160);\"><\/div><div class=\"container relative\"><div class=\"inner last-reset\">\n<div class=\"row align-middle align-center\"  id=\"row-716102849\">\n\n\t<div id=\"col-1372702773\" class=\"col small-12 large-12\"  >\n\t\t\t\t<div class=\"col-inner\"  >\n\t\t\t\n\t\t\t\n<p>D\u00e8s que tu auras finalis\u00e9 ton achat, tu recevras automatiquement un questionnaire par e-mail. Afin de pouvoir le personnaliser pour toi, nous te demandons de le remplir et de nous le renvoyer le plus rapidement possible.<\/p>\n\t\t<\/div>\n\t\t\t\t\t<\/div>\n\n\t\n<\/div>\n<\/div><\/div><\/div>\n\t<div id=\"gap-916594695\" class=\"gap-element clearfix\" style=\"display:block; height:auto;\">\n\t\t\n<style>\n#gap-916594695 {\n  padding-top: 11px;\n}\n<\/style>\n\t<\/div>\n\t\n<div class=\"accordion\">\n\t<div id=\"accordion-4294048987\" class=\"accordion-item\">\n\t\t<a id=\"accordion-4294048987-label\" class=\"accordion-title plain\" href=\"#accordion-item-zus\u00e4tzliche-informationen\" aria-expanded=\"false\" aria-controls=\"accordion-4294048987-content\">\n\t\t\t<button class=\"toggle\" aria-label=\"Basculer\"><i class=\"icon-angle-down\" aria-hidden=\"true\"><\/i><\/button>\n\t\t\t<span>Informations compl\u00e9mentaires<\/span>\n\t\t<\/a>\n\t\t<div id=\"accordion-4294048987-content\" class=\"accordion-inner\" aria-labelledby=\"accordion-4294048987-label\">\n\t\t\t\n<ul>\n<li>Une fois que tu nous as envoy\u00e9 tes coordonn\u00e9es, le plan te sera envoy\u00e9 par voie \u00e9lectronique. Veuillez noter que les plans et les eBooks sont exclus du droit de r\u00e9tractation.<\/li>\n<li>Actuellement, le plan n'est disponible qu'en allemand.<\/li>\n<li>Si tu d\u00e9cides de renoncer \u00e0 l'achat du bikini bundle, tu seras factur\u00e9 40.00 euros\/francs suisses pour le plan, qui ne peuvent pas \u00eatre rembours\u00e9s.<\/li>\n<li>Imm\u00e9diatement apr\u00e8s l'achat, tu recevras un e-mail contenant des questions sur ton point de d\u00e9part, n\u00e9cessaires \u00e0 l'\u00e9valuation de tes besoins \u00e9nerg\u00e9tiques. Le paquet contient une m\u00e9thode pour obtenir des r\u00e9sultats le plus rapidement possible.<\/li>\n<li>Le paquet contient une m\u00e9thode (solution) pour obtenir des r\u00e9sultats le plus rapidement possible. Pour un plan d'alimentation et\/ou un plan d'entra\u00eenement complet, nous vous recommandons les produits \".<a href=\"\/fr\/shop\/votre-nutrition-plan\/\">Ton plan alimentaire<\/a>\" ou \"<a href=\"\/fr\/shop\/get-maigre-formation-nutrition-plan\/\">Obtenir le plan Lean<\/a>\u201e&quot;.<\/li>\n<\/ul>\n\t\t<\/div>\n\t<\/div>\n\t\n\t<div id=\"accordion-2394328761\" class=\"accordion-item\">\n\t\t<a id=\"accordion-2394328761-label\" class=\"accordion-title plain\" href=\"#accordion-item-ziele\" aria-expanded=\"false\" aria-controls=\"accordion-2394328761-content\">\n\t\t\t<button class=\"toggle\" aria-label=\"Basculer\"><i class=\"icon-angle-down\" aria-hidden=\"true\"><\/i><\/button>\n\t\t\t<span>Objectifs<\/span>\n\t\t<\/a>\n\t\t<div id=\"accordion-2394328761-content\" class=\"accordion-inner\" aria-labelledby=\"accordion-2394328761-label\">\n\t\t\t\n<p>Le bundle Bikini Express a pour objectif de te faire sentir bien dans ton propre corps. Bien que la dur\u00e9e de 3 \u00e0 4 semaines soit courte, en fonction de la base de d\u00e9part, tu obtiendras \u00e0 coup s\u00fbr une am\u00e9lioration de ta condition physique. Le plan est con\u00e7u de mani\u00e8re \u00e0 pouvoir \u00eatre suivi en parall\u00e8le \u00e0 une activit\u00e9 professionnelle. Il n'est pas n\u00e9cessaire de compter les calories de mani\u00e8re rigide, mais il est important que tu respectes les horaires propos\u00e9s pour les repas et l'entra\u00eenement. Tu ne dois pas t'affamer, mais tu dois manger consciemment et sainement, \u00e0 l'exception d'un seul \"cheatday\" par semaine.<\/p>\n\t\t<\/div>\n\t<\/div>\n\t\n\t<div id=\"accordion-202725960\" class=\"accordion-item\">\n\t\t<a id=\"accordion-202725960-label\" class=\"accordion-title plain\" href=\"#accordion-item-individueller-plan-in-pdf-form\" aria-expanded=\"false\" aria-controls=\"accordion-202725960-content\">\n\t\t\t<button class=\"toggle\" aria-label=\"Basculer\"><i class=\"icon-angle-down\" aria-hidden=\"true\"><\/i><\/button>\n\t\t\t<span>Plan individuel sous forme de PDF<\/span>\n\t\t<\/a>\n\t\t<div id=\"accordion-202725960-content\" class=\"accordion-inner\" aria-labelledby=\"accordion-202725960-label\">\n\t\t\t\n<p>Tu re\u00e7ois les documents par mail (PDF), donc sous forme \u00e9lectronique. Comme le plan contient des parties individuelles, tu recevras le plan au plus tard 12h apr\u00e8s la r\u00e9ception des produits.<\/p>\n\t\t<\/div>\n\t<\/div>\n\t\n<\/div>","protected":false},"excerpt":{"rendered":"<h2>Ensemble Bikini Express \u2013 Votre alli\u00e9 pour un corps de r\u00eave cet \u00e9t\u00e9.<\/h2>\n<h4>Ce pack associe des produits intelligemment coordonn\u00e9s \u00e0 un plan de nutrition et d&#039;entra\u00eenement personnalis\u00e9 \u2013 id\u00e9al pour les femmes qui souhaitent d\u00e9marrer rapidement et obtenir des r\u00e9sultats visibles.<\/h4>\n<ul>\n<li class=\"bullet-arrow\"><strong><i class=\"fas fa-sync-alt\" style=\"margin-right: 6px;\"><\/i>Combinaison parfaitement coordonn\u00e9e :<\/strong> Les produits et le r\u00e9gime alimentaire sont parfaitement coordonn\u00e9s \u2013 pour un effet maximal sans d\u00e9tours.<\/li>\n<li class=\"bullet-arrow\"><strong><i class=\"fas fa-utensils\" style=\"margin-right: 6px;\"><\/i>Plan calorique individuel :<\/strong> Personnalis\u00e9 selon vos objectifs, votre niveau d&#039;activit\u00e9 et vos pr\u00e9f\u00e9rences \u2013 fini les devinettes et la faim.<\/li>\n<li class=\"bullet-arrow\"><strong><i class=\"fas fa-clipboard-list\" style=\"margin-right: 6px;\"><\/i>Plan de revenus et directives :<\/strong> Structur\u00e9, pratique au quotidien et facile \u00e0 mettre en \u0153uvre \u2013 votre guide clair pour plus de routine et de r\u00e9sultats.<\/li>\n<li class=\"bullet-arrow\"><strong><i class=\"fas fa-fire-alt\" style=\"margin-right: 6px;\"><\/i>Conseils d&#039;entra\u00eenement efficaces\u00a0:<\/strong> Cibler la combustion des graisses, le ventre et les fesses \u2013 un minimum d&#039;effort pour un maximum d&#039;effet.<\/li>\n<\/ul>","protected":false},"featured_media":954127,"comment_status":"open","ping_status":"closed","template":"","meta":{"slim_seo":{"title":"Ensemble Bikini Express - FitNFemale\u00ae","description":"Pack Bikini Express \u2013 Votre raccourci vers un corps de r\u00eave pour l&#039;\u00e9t\u00e9. Ce pack combine des produits astucieusement coordonn\u00e9s avec un programme personnalis\u00e9 de nutrition et de remise en forme."}},"product_brand":[],"product_cat":[317,311,6671],"product_tag":[],"class_list":{"0":"post-43049","1":"product","2":"type-product","3":"status-publish","4":"has-post-thumbnail","6":"product_cat-abnehmen","7":"product_cat-bundle","8":"product_cat-topdeals","9":"pa_anwendungsbereiche-weightloss","10":"pa_anwendungsbereiche-meal-replacement","11":"pa_anwendungsbereiche-shaping","12":"pa_anwendungsbereiche-metabolism","13":"pa_schwangerschaft-nicht-geeignet","14":"pa_stillzeit-nicht-geeignet","15":"pa_vegan-nein","17":"first","18":"instock","19":"sale","20":"featured","21":"downloadable","22":"taxable","23":"shipping-taxable","24":"purchasable","25":"product-type-bundle"},"bundled_by":[],"bundle_stock_status":"instock","bundle_stock_quantity":41,"bundle_virtual":false,"bundle_layout":"default","bundle_add_to_cart_form_location":"default","bundle_editable_in_cart":false,"bundle_sold_individually_context":"product","bundle_item_grouping":"parent","bundle_min_size":"","bundle_max_size":"","bundle_price":{"price":{"min":{"incl_tax":"131.4","excl_tax":"128.070175"},"max":{"incl_tax":"131.4","excl_tax":"128.070175"}},"regular_price":{"min":{"incl_tax":"131.4","excl_tax":"128.070175"},"max":{"incl_tax":"131.4","excl_tax":"128.070175"}}},"bundled_items":[{"bundled_item_id":593,"product_id":43303,"menu_order":0,"quantity_min":1,"quantity_max":1,"quantity_default":1,"priced_individually":false,"shipped_individually":false,"override_title":true,"title":"Shape Me Shake","override_description":true,"description":"Shake prot\u00e9in\u00e9 pour votre routine minceur","optional":false,"hide_thumbnail":false,"discount":"","override_variations":false,"allowed_variations":[],"override_default_variation_attributes":false,"default_variation_attributes":[],"single_product_visibility":"visible","cart_visibility":"hidden","order_visibility":"visible","single_product_price_visibility":"visible","cart_price_visibility":"visible","order_price_visibility":"visible","stock_status":"in_stock"},{"bundled_item_id":596,"product_id":678396,"menu_order":1,"quantity_min":1,"quantity_max":1,"quantity_default":1,"priced_individually":false,"shipped_individually":false,"override_title":true,"title":"All you need Shake","override_description":true,"description":"Un smoothie repas rapide quand vous avez besoin de quelque chose de simple.","optional":false,"hide_thumbnail":false,"discount":"","override_variations":false,"allowed_variations":[],"override_default_variation_attributes":false,"default_variation_attributes":[],"single_product_visibility":"visible","cart_visibility":"hidden","order_visibility":"visible","single_product_price_visibility":"visible","cart_price_visibility":"visible","order_price_visibility":"visible","stock_status":"in_stock"},{"bundled_item_id":619,"product_id":5032,"menu_order":2,"quantity_min":1,"quantity_max":1,"quantity_default":1,"priced_individually":false,"shipped_individually":false,"override_title":true,"title":"Br\u00fblure rose - Fusion douce","override_description":true,"description":"Votre coup de pouce avant l&#039;entra\u00eenement pour plus de concentration et de motivation.","optional":false,"hide_thumbnail":false,"discount":"","override_variations":false,"allowed_variations":[],"override_default_variation_attributes":false,"default_variation_attributes":[],"single_product_visibility":"visible","cart_visibility":"hidden","order_visibility":"visible","single_product_price_visibility":"visible","cart_price_visibility":"visible","order_price_visibility":"visible","stock_status":"in_stock"},{"bundled_item_id":676,"product_id":337831,"menu_order":3,"quantity_min":1,"quantity_max":1,"quantity_default":1,"priced_individually":false,"shipped_individually":false,"override_title":true,"title":"Feu rose","override_description":true,"description":"","optional":false,"hide_thumbnail":false,"discount":"","override_variations":false,"allowed_variations":[],"override_default_variation_attributes":false,"default_variation_attributes":[],"single_product_visibility":"visible","cart_visibility":"hidden","order_visibility":"visible","single_product_price_visibility":"visible","cart_price_visibility":"visible","order_price_visibility":"visible","stock_status":"in_stock"},{"bundled_item_id":677,"product_id":4994,"menu_order":4,"quantity_min":1,"quantity_max":1,"quantity_default":1,"priced_individually":false,"shipped_individually":false,"override_title":true,"title":"Om\u00e9ga 3","override_description":true,"description":"","optional":false,"hide_thumbnail":false,"discount":"","override_variations":false,"allowed_variations":[],"override_default_variation_attributes":false,"default_variation_attributes":[],"single_product_visibility":"visible","cart_visibility":"hidden","order_visibility":"visible","single_product_price_visibility":"visible","cart_price_visibility":"visible","order_price_visibility":"visible","stock_status":"in_stock"},{"bundled_item_id":628,"product_id":5004,"menu_order":5,"quantity_min":1,"quantity_max":1,"quantity_default":1,"priced_individually":false,"shipped_individually":false,"override_title":true,"title":"Shaker Black Beauty","override_description":true,"description":"Gratuit \u2013 m\u00e9langez, buvez, passez \u00e0 autre chose.","optional":false,"hide_thumbnail":false,"discount":"","override_variations":false,"allowed_variations":[],"override_default_variation_attributes":false,"default_variation_attributes":[],"single_product_visibility":"visible","cart_visibility":"hidden","order_visibility":"visible","single_product_price_visibility":"visible","cart_price_visibility":"visible","order_price_visibility":"visible","stock_status":"in_stock"},{"bundled_item_id":88,"product_id":52311,"menu_order":6,"quantity_min":1,"quantity_max":1,"quantity_default":1,"priced_individually":false,"shipped_individually":true,"override_title":true,"title":"Plan Bikini Express personnalis\u00e9","override_description":true,"description":"Votre plan de mise en \u0153uvre \u2013 clair, simple, r\u00e9alisable.","optional":false,"hide_thumbnail":false,"discount":"","override_variations":false,"allowed_variations":[],"override_default_variation_attributes":false,"default_variation_attributes":[],"single_product_visibility":"visible","cart_visibility":"hidden","order_visibility":"visible","single_product_price_visibility":"hidden","cart_price_visibility":"hidden","order_price_visibility":"hidden","stock_status":"in_stock"}],"bundle_sell_ids":[],"gallery_images":[953944,953941,953507,953495,953943,953313,953724,953178,953921,938480],"_links":{"self":[{"href":"https:\/\/fitnfemale.com\/fr\/wp-json\/wp\/v2\/product\/43049","targetHints":{"allow":["GET"]}}],"collection":[{"href":"https:\/\/fitnfemale.com\/fr\/wp-json\/wp\/v2\/product"}],"about":[{"href":"https:\/\/fitnfemale.com\/fr\/wp-json\/wp\/v2\/types\/product"}],"replies":[{"embeddable":true,"href":"https:\/\/fitnfemale.com\/fr\/wp-json\/wp\/v2\/comments?post=43049"}],"wp:featuredmedia":[{"embeddable":true,"href":"https:\/\/fitnfemale.com\/fr\/wp-json\/wp\/v2\/media\/954127"}],"wp:attachment":[{"href":"https:\/\/fitnfemale.com\/fr\/wp-json\/wp\/v2\/media?parent=43049"}],"wp:term":[{"taxonomy":"product_brand","embeddable":true,"href":"https:\/\/fitnfemale.com\/fr\/wp-json\/wp\/v2\/product_brand?post=43049"},{"taxonomy":"product_cat","embeddable":true,"href":"https:\/\/fitnfemale.com\/fr\/wp-json\/wp\/v2\/product_cat?post=43049"},{"taxonomy":"product_tag","embeddable":true,"href":"https:\/\/fitnfemale.com\/fr\/wp-json\/wp\/v2\/product_tag?post=43049"}],"curies":[{"name":"wp","href":"https:\/\/api.w.org\/{rel}","templated":true}]}}