{"id":348815,"date":"2019-10-08T09:47:37","date_gmt":"2019-10-08T08:47:37","guid":{"rendered":"https:\/\/fitnfemale.com\/?post_type=product&#038;p=348815"},"modified":"2023-02-23T09:53:14","modified_gmt":"2023-02-23T08:53:14","slug":"reset-your-body-bundle","status":"publish","type":"product","link":"https:\/\/fitnfemale.com\/fr\/produit\/reset-your-body-bundle\/","title":{"rendered":"Reset your Body"},"content":{"rendered":"<ul>\n<li class=\"bullet-star\">Plan des recettes<\/li>\n<li class=\"bullet-star\">Liste d'achats - aliments qui soutiennent et influencent positivement le \"reset\".<\/li>\n<\/ul>\n<p>L'objectif du<strong> Reset your Body<\/strong> L'objectif du 2\u00e8me paquet est de donner au corps un nouveau d\u00e9part en mati\u00e8re de flore intestinale, de digestion et de m\u00e9tabolisme. C'est aussi dans notre intestin que se d\u00e9cide si nous pouvons maintenir notre poids ou prendre du poids : c'est l\u00e0 que vivent les micro-organismes qui influencent fondamentalement le nombre de calories que nous absorbons dans notre alimentation et\/ou qui sont transform\u00e9es en graisses. Ce n'est pas seulement la quantit\u00e9 de nourriture que nous consommons qui d\u00e9termine si nous sommes gros ou maigres. Ce qui se passe ensuite \u00e0 l'int\u00e9rieur de notre corps avec les aliments et les boissons ing\u00e9r\u00e9s est presque aussi d\u00e9cisif. Des billions de microbes dans nos intestins aident en grande partie l'intestin \u00e0 dig\u00e9rer les aliments.<\/p>\n<p>Tu recevras les documents par e-mail (PDF), donc sous forme \u00e9lectronique.<\/p>\n<div class=\"accordion\">\n\t<div id=\"accordion-2122991584\" class=\"accordion-item\">\n\t\t<a id=\"accordion-2122991584-label\" class=\"accordion-title plain\" href=\"#accordion-item-zus\u00e4tzliche-informationen\" aria-expanded=\"false\" aria-controls=\"accordion-2122991584-content\">\n\t\t\t<button class=\"toggle\" aria-label=\"Basculer\"><i class=\"icon-angle-down\" aria-hidden=\"true\"><\/i><\/button>\n\t\t\t<span>Informations compl\u00e9mentaires<\/span>\n\t\t<\/a>\n\t\t<div id=\"accordion-2122991584-content\" class=\"accordion-inner\" aria-labelledby=\"accordion-2122991584-label\">\n\t\t\t\n<ul>\n<li>Le plan te sera envoy\u00e9 par voie \u00e9lectronique apr\u00e8s que tu nous auras fait parvenir tes coordonn\u00e9es. Les plans et les livres \u00e9lectroniques sont exclus du droit de r\u00e9tractation.<\/li>\n<li>Le plan n'est actuellement disponible qu'en allemand.<\/li>\n<li>Si tu souhaites annuler l'achat des produits Reset your Body apr\u00e8s les avoir re\u00e7us, nous te facturerons tout de m\u00eame 40.00 euros\/francs suisses pour le plan, qui ne peuvent pas \u00eatre rembours\u00e9s.<\/li>\n<\/ul>\n\t\t<\/div>\n\t<\/div>\n\t\n<\/div>","protected":false},"excerpt":{"rendered":"<h2>Pr\u00eat pour une remise \u00e0 z\u00e9ro ?<\/h2>\n<h4>Reset your Body se compose de 6 produits de qualit\u00e9, d'un plan de prise, d'une liste d'achats et d'informations importantes sur le th\u00e8me \"maigrir avec l'intestin\".<\/h4>\n<p>Des produits parfaitement adapt\u00e9s les uns aux autres, combin\u00e9s \u00e0 des directives nutritionnelles individuelles, font de ce bundle un top-seller.<\/p>","protected":false},"featured_media":698176,"comment_status":"open","ping_status":"closed","template":"","meta":{"slim_seo":{"title":"R\u00e9initialisez votre corps - FitNFemale\u00ae","description":"Pr\u00eat(e) pour une remise \u00e0 z\u00e9ro ? Le programme \u00ab\u00a0Reset your Body\u00a0\u00bb comprend 6 produits de haute qualit\u00e9, un plan de dosage, une liste de courses et des informations importantes sur\u2026"}},"product_brand":[],"product_cat":[317,311],"product_tag":[],"class_list":{"0":"post-348815","1":"product","2":"type-product","3":"status-publish","4":"has-post-thumbnail","6":"product_cat-abnehmen","7":"product_cat-bundle","8":"pa_anwendungsbereiche-better-digestion","9":"pa_anwendungsbereiche-energy","10":"pa_anwendungsbereiche-health","11":"pa_anwendungsbereiche-weightloss","12":"pa_anwendungsbereiche-immune-system","13":"pa_anwendungsbereiche-metabolism","14":"pa_marke-fitnfemale","15":"pa_misc-glutenfree","16":"pa_misc-lactosefree","17":"pa_nutritionfactinfo-nofat","18":"pa_nutritionfactinfo-glutenfree","19":"pa_nutritionfactinfo-lactosefree","20":"pa_nutritionfactinfo-probiotika","21":"pa_schwangerschaft-geeignet","22":"pa_stillzeit-geeignet","23":"pa_vegan-nein","25":"first","26":"instock","27":"sale","28":"featured","29":"downloadable","30":"taxable","31":"shipping-taxable","32":"product-type-bundle"},"bundled_by":[],"bundle_stock_status":"insufficientstock","bundle_stock_quantity":0,"bundle_virtual":false,"bundle_layout":"default","bundle_add_to_cart_form_location":"default","bundle_editable_in_cart":false,"bundle_sold_individually_context":"product","bundle_item_grouping":"parent","bundle_min_size":"","bundle_max_size":"","bundle_price":{"price":{"min":{"incl_tax":"74.55","excl_tax":"72.660819"},"max":{"incl_tax":"74.55","excl_tax":"72.660819"}},"regular_price":{"min":{"incl_tax":"93.2","excl_tax":"90.838207"},"max":{"incl_tax":"93.2","excl_tax":"90.838207"}}},"bundled_items":[{"bundled_item_id":186,"product_id":336558,"menu_order":0,"quantity_min":1,"quantity_max":1,"quantity_default":1,"priced_individually":false,"shipped_individually":false,"override_title":false,"title":"Women's Biotics","override_description":true,"description":"","optional":false,"hide_thumbnail":false,"discount":"","override_variations":false,"allowed_variations":[514772],"override_default_variation_attributes":false,"default_variation_attributes":[],"single_product_visibility":"visible","cart_visibility":"visible","order_visibility":"visible","single_product_price_visibility":"visible","cart_price_visibility":"visible","order_price_visibility":"visible","stock_status":"in_stock"},{"bundled_item_id":486,"product_id":540344,"menu_order":1,"quantity_min":1,"quantity_max":1,"quantity_default":1,"priced_individually":false,"shipped_individually":false,"override_title":false,"title":"Biotics Supermix","override_description":false,"description":"","optional":false,"hide_thumbnail":false,"discount":"","override_variations":false,"allowed_variations":[],"override_default_variation_attributes":false,"default_variation_attributes":[],"single_product_visibility":"visible","cart_visibility":"visible","order_visibility":"visible","single_product_price_visibility":"visible","cart_price_visibility":"visible","order_price_visibility":"visible","stock_status":"in_stock"},{"bundled_item_id":187,"product_id":231225,"menu_order":2,"quantity_min":1,"quantity_max":1,"quantity_default":1,"priced_individually":false,"shipped_individually":false,"override_title":false,"title":"Citrate de magn\u00e9sium - hautement dos\u00e9","override_description":true,"description":"","optional":false,"hide_thumbnail":false,"discount":"","override_variations":false,"allowed_variations":[],"override_default_variation_attributes":false,"default_variation_attributes":[],"single_product_visibility":"visible","cart_visibility":"visible","order_visibility":"visible","single_product_price_visibility":"visible","cart_price_visibility":"visible","order_price_visibility":"visible","stock_status":"in_stock"},{"bundled_item_id":253,"product_id":4994,"menu_order":3,"quantity_min":1,"quantity_max":1,"quantity_default":1,"priced_individually":false,"shipped_individually":false,"override_title":false,"title":"Om\u00e9ga 3","override_description":true,"description":"","optional":false,"hide_thumbnail":false,"discount":"","override_variations":false,"allowed_variations":[],"override_default_variation_attributes":false,"default_variation_attributes":[],"single_product_visibility":"visible","cart_visibility":"visible","order_visibility":"visible","single_product_price_visibility":"visible","cart_price_visibility":"visible","order_price_visibility":"visible","stock_status":"in_stock"},{"bundled_item_id":296,"product_id":415538,"menu_order":4,"quantity_min":1,"quantity_max":1,"quantity_default":1,"priced_individually":false,"shipped_individually":false,"override_title":false,"title":"Gouttes de vitamine D3 - Forte dose","override_description":true,"description":"","optional":false,"hide_thumbnail":false,"discount":"","override_variations":false,"allowed_variations":[],"override_default_variation_attributes":false,"default_variation_attributes":[],"single_product_visibility":"visible","cart_visibility":"visible","order_visibility":"visible","single_product_price_visibility":"visible","cart_price_visibility":"visible","order_price_visibility":"visible","stock_status":"out_of_stock"},{"bundled_item_id":444,"product_id":149453,"menu_order":5,"quantity_min":1,"quantity_max":1,"quantity_default":1,"priced_individually":false,"shipped_individually":false,"override_title":false,"title":"Gourde rose 750ml","override_description":true,"description":"","optional":false,"hide_thumbnail":false,"discount":"","override_variations":false,"allowed_variations":[],"override_default_variation_attributes":false,"default_variation_attributes":[],"single_product_visibility":"visible","cart_visibility":"visible","order_visibility":"visible","single_product_price_visibility":"visible","cart_price_visibility":"visible","order_price_visibility":"visible","stock_status":"in_stock"}],"bundle_sell_ids":[],"gallery_images":[],"_links":{"self":[{"href":"https:\/\/fitnfemale.com\/fr\/wp-json\/wp\/v2\/product\/348815","targetHints":{"allow":["GET"]}}],"collection":[{"href":"https:\/\/fitnfemale.com\/fr\/wp-json\/wp\/v2\/product"}],"about":[{"href":"https:\/\/fitnfemale.com\/fr\/wp-json\/wp\/v2\/types\/product"}],"replies":[{"embeddable":true,"href":"https:\/\/fitnfemale.com\/fr\/wp-json\/wp\/v2\/comments?post=348815"}],"wp:featuredmedia":[{"embeddable":true,"href":"https:\/\/fitnfemale.com\/fr\/wp-json\/wp\/v2\/media\/698176"}],"wp:attachment":[{"href":"https:\/\/fitnfemale.com\/fr\/wp-json\/wp\/v2\/media?parent=348815"}],"wp:term":[{"taxonomy":"product_brand","embeddable":true,"href":"https:\/\/fitnfemale.com\/fr\/wp-json\/wp\/v2\/product_brand?post=348815"},{"taxonomy":"product_cat","embeddable":true,"href":"https:\/\/fitnfemale.com\/fr\/wp-json\/wp\/v2\/product_cat?post=348815"},{"taxonomy":"product_tag","embeddable":true,"href":"https:\/\/fitnfemale.com\/fr\/wp-json\/wp\/v2\/product_tag?post=348815"}],"curies":[{"name":"wp","href":"https:\/\/api.w.org\/{rel}","templated":true}]}}