{"id":337831,"date":"2019-09-26T10:14:09","date_gmt":"2019-09-26T09:14:09","guid":{"rendered":"https:\/\/fitnfemale.com\/?post_type=product&#038;p=337831"},"modified":"2026-04-11T18:01:07","modified_gmt":"2026-04-11T17:01:07","slug":"fatburner-pink-fire","status":"publish","type":"product","link":"https:\/\/fitnfemale.com\/fr\/produit\/fatburner-pink-fire\/","title":{"rendered":"Pink Fire \u2013 Fatburner"},"content":{"rendered":"<div class=\"img has-hover img-details x md-x lg-x y md-y lg-y\" id=\"image_267955322\">\n\t\t\t\t\t\t\t\t<div class=\"img-inner dark\" >\n\t\t\t<img decoding=\"async\" width=\"1020\" height=\"569\" src=\"https:\/\/fitnfemale.com\/wp-content\/uploads\/pinkfire-closeup4.webp\" class=\"attachment-large size-large\" alt=\"Gros plan de Pinkfire4\" srcset=\"https:\/\/fitnfemale.com\/wp-content\/uploads\/pinkfire-closeup4.webp 1376w, https:\/\/fitnfemale.com\/wp-content\/uploads\/pinkfire-closeup4-717x400.webp 717w, https:\/\/fitnfemale.com\/wp-content\/uploads\/pinkfire-closeup4-768x429.webp 768w, https:\/\/fitnfemale.com\/wp-content\/uploads\/pinkfire-closeup4-18x10.webp 18w, https:\/\/fitnfemale.com\/wp-content\/uploads\/pinkfire-closeup4-1000x558.webp 1000w\" sizes=\"(max-width: 1020px) 100vw, 1020px\" \/>\t\t\t\t\t\t\n\t\t\t\t\t<\/div>\n\t\t\t\t\t\t\t\t\n<style>\n#image_267955322 {\n  width: 100%;\n}\n<\/style>\n\t<\/div>\n\t\n<ul>\n<li class=\"bullet-star\">D\u00e9couvrez la diversit\u00e9 des extraits de plantes naturelles, y compris l'orange am\u00e8re, le th\u00e9 vert et le Garcinia Cambogia, traditionnellement utilis\u00e9s.<\/li>\n<li class=\"bullet-star\">Notre formule contient un spectre complet de vitamines B, notamment de la thiamine, de la riboflavine et de la niacine, reconnues pour contribuer \u00e0 une production d&#039;\u00e9nergie normale et r\u00e9duire la fatigue.<\/li>\n<li class=\"bullet-star\">Le chrome est un composant important d&#039;une alimentation \u00e9quilibr\u00e9e et contribue au maintien d&#039;une glyc\u00e9mie normale.<\/li>\n<li class=\"bullet-star\">L'acide alpha-lipo\u00efque, un composant naturel des processus cellulaires.<\/li>\n<li class=\"bullet-star\">Simplifiez votre routine : Une seule capsule par jour peut enrichir votre quotidien.<\/li>\n<\/ul>\n<div class=\"accordion\">\n\t<div id=\"accordion-624301107\" class=\"accordion-item\">\n\t\t<a id=\"accordion-624301107-label\" class=\"accordion-title plain\" aria-expanded=\"false\" aria-controls=\"accordion-624301107-content\">\n\t\t\t<button class=\"toggle\" aria-label=\"Basculer\"><i class=\"icon-angle-down\" aria-hidden=\"true\"><\/i><\/button>\n\t\t\t<span>D\u00e9tail : Le r\u00f4le synergique de nos nutriments<\/span>\n\t\t<\/a>\n\t\t<div id=\"accordion-624301107-content\" class=\"accordion-inner\" aria-labelledby=\"accordion-624301107-label\">\n\t\t\t\n<ul>\n<li class=\"bullet-arrow translation-block\">Thiamine (B1) : Contribue \u00e0 une fonction cardiaque normale et \u00e0 un m\u00e9tabolisme \u00e9nerg\u00e9tique normal.<\/li>\n<li class=\"bullet-arrow translation-block\">Riboflavine (B2) : Aide au m\u00e9tabolisme \u00e9nerg\u00e9tique normal et \u00e0 r\u00e9duire la fatigue.<\/li>\n<li class=\"bullet-arrow translation-block\">Niacine (B3) : Contribue \u00e0 r\u00e9duire la fatigue et \u00e0 un m\u00e9tabolisme \u00e9nerg\u00e9tique normal.<\/li>\n<li class=\"bullet-arrow translation-block\">Acide pantoth\u00e9nique (B5) : Aide au m\u00e9tabolisme \u00e9nerg\u00e9tique normal et \u00e0 r\u00e9duire la fatigue.<\/li>\n<li class=\"bullet-arrow translation-block\">Vitamine B6 : Soutient la fonction normale du syst\u00e8me nerveux et immunitaire, r\u00e9duisant la fatigue.<\/li>\n<li class=\"bullet-arrow translation-block\">Biotine (B7) : Contribue \u00e0 un m\u00e9tabolisme \u00e9nerg\u00e9tique normal et au maintien de cheveux normaux et de la peau.<\/li>\n<li class=\"bullet-arrow translation-block\">Acide folique (B9) : Joue un r\u00f4le dans la division cellulaire et contribue \u00e0 la formation normale du sang et \u00e0 r\u00e9duire la fatigue.<\/li>\n<li class=\"bullet-arrow translation-block\">Vitamine B12 : Soutient la fonction normale du syst\u00e8me nerveux et un m\u00e9tabolisme \u00e9nerg\u00e9tique normal.<\/li>\n<\/ul>\n\t\t<\/div>\n\t<\/div>\n\t\n\t<div id=\"accordion-3732528599\" class=\"accordion-item\">\n\t\t<a id=\"accordion-3732528599-label\" class=\"accordion-title plain\" href=\"#accordion-item-inhaltsstoffe\" aria-expanded=\"false\" aria-controls=\"accordion-3732528599-content\">\n\t\t\t<button class=\"toggle\" aria-label=\"Basculer\"><i class=\"icon-angle-down\" aria-hidden=\"true\"><\/i><\/button>\n\t\t\t<span>Ingr\u00e9dients<\/span>\n\t\t<\/a>\n\t\t<div id=\"accordion-3732528599-content\" class=\"accordion-inner\" aria-labelledby=\"accordion-3732528599-label\">\n\t\t\t\n<table class=\"ffnf-clean-table\">\n<thead>\n<tr>\n<th>Ingr\u00e9dients<\/th>\n<th>Portion (1 capsule)<\/th>\n<th>% NRV*<\/th>\n<\/tr>\n<\/thead>\n<tbody>\n<tr>\n<td>caf\u00e9ine<\/td>\n<td>100 mg<\/td>\n<td>\u2013<\/td>\n<\/tr>\n<tr>\n<td>Extrait d&#039;orange am\u00e8re<br \/>\u2013 dont la syn\u00e9phrine<\/td>\n<td>100 mg<br \/>10 mg<\/td>\n<td>\u2013<\/td>\n<\/tr>\n<tr>\n<td>extrait d&#039;ortie indienne<br \/>\u2013 dont la forskoline<\/td>\n<td>50 mg<br \/>10 mg<\/td>\n<td>\u2013<\/td>\n<\/tr>\n<tr>\n<td>extrait de Garcinia Cambogia<br \/>\u2013 dont l\u2019acide hydroxycitrique<\/td>\n<td>50 mg<br \/>30 mg<\/td>\n<td>\u2013<\/td>\n<\/tr>\n<tr>\n<td>extrait de caf\u00e9 vert<br \/>\u2013 dont l\u2019acide chlorog\u00e9nique<\/td>\n<td>50 mg<br \/>25 mg<\/td>\n<td>\u2013<\/td>\n<\/tr>\n<tr>\n<td>Acide alpha-lipo\u00efque<\/td>\n<td>50 mg<\/td>\n<td>\u2013<\/td>\n<\/tr>\n<tr>\n<td>extrait de poivre de Cayenne<br \/>\u2013 dont la capsa\u00efcine<\/td>\n<td>50 mg<br \/>5 mg<\/td>\n<td>\u2013<\/td>\n<\/tr>\n<tr>\n<td>extrait de poivre noir<br \/>\u2013 dont la pip\u00e9rine<\/td>\n<td>5,3 mg<br \/>5 mg<\/td>\n<td>\u2013<\/td>\n<\/tr>\n<tr>\n<td>chrome<\/td>\n<td>100 \u00b5g<\/td>\n<td>250 %<\/td>\n<\/tr>\n<tr>\n<td>Vitamine B1<\/td>\n<td>1,1 mg<\/td>\n<td>100 %<\/td>\n<\/tr>\n<tr>\n<td>Vitamine B2<\/td>\n<td>1,4 mg<\/td>\n<td>100 %<\/td>\n<\/tr>\n<tr>\n<td>Niacine (B3)<\/td>\n<td>16 mg<\/td>\n<td>100 %<\/td>\n<\/tr>\n<tr>\n<td>Acide pantoth\u00e9nique (B5)<\/td>\n<td>6 mg<\/td>\n<td>100 %<\/td>\n<\/tr>\n<tr>\n<td>Vitamine B6<\/td>\n<td>1,4 mg<\/td>\n<td>100 %<\/td>\n<\/tr>\n<tr>\n<td>Biotine (B7)<\/td>\n<td>50 \u00b5g<\/td>\n<td>100 %<\/td>\n<\/tr>\n<tr>\n<td>Acide folique (B9)<\/td>\n<td>200 \u00b5g<\/td>\n<td>100 %<\/td>\n<\/tr>\n<tr>\n<td>Vitamine B12<\/td>\n<td>2,5 \u00b5g<\/td>\n<td>100 %<\/td>\n<\/tr>\n<\/tbody>\n<\/table>\n\t\t<\/div>\n\t<\/div>\n\t\n<\/div>","protected":false},"excerpt":{"rendered":"<h2>Notre combinaison innovante de 17 ingr\u00e9dients actifs. Vous soutient pour \u00eatre actif et \u00e9nergique tout au long de la journ\u00e9e.<\/h2>\n<h4>Avec une capsule par jour, vous ressentez la puissance d'une composition unique : remplie d'ingr\u00e9dients soigneusement s\u00e9lectionn\u00e9s et pr\u00e9cieux, incluant de la caf\u00e9ine et des extraits de plantes naturels, Pink Fire vous offre un coup de pouce \u00e9nerg\u00e9tique sans provoquer de l'agitation.<\/h4>","protected":false},"featured_media":943259,"comment_status":"open","ping_status":"closed","template":"","meta":{"slim_seo":{"title":"Pink Fire - Br\u00fbleur de graisses - FitNFemale\u00ae","description":"Notre formule innovante \u00e0 base de 17 ingr\u00e9dients vous aide \u00e0 rester actif et plein d&#039;\u00e9nergie tout au long de la journ\u00e9e. Une seule capsule par jour suffit pour ressentir les bienfaits de\u2026"}},"product_brand":[],"product_cat":[6364,317,1052],"product_tag":[],"class_list":{"0":"post-337831","1":"product","2":"type-product","3":"status-publish","4":"has-post-thumbnail","6":"product_cat-promo-30","7":"product_cat-abnehmen","8":"product_cat-fatburner","9":"pa_anwendungsbereiche-energy","10":"pa_anwendungsbereiche-weightloss","11":"pa_anwendungsbereiche-shaping","12":"pa_anwendungsbereiche-metabolism","13":"pa_marke-fitnfemale","14":"pa_misc-aspartamfree","15":"pa_misc-glutenfree","16":"pa_misc-lactosefree","17":"pa_schwangerschaft-nicht-geeignet","18":"pa_stillzeit-nicht-geeignet","19":"pa_vegan-nein","21":"first","22":"instock","23":"taxable","24":"shipping-taxable","25":"purchasable","26":"product-type-simple"},"bundled_by":["685988","786594","43049","5018"],"bundle_stock_status":"instock","bundle_stock_quantity":42,"bundle_virtual":false,"bundle_layout":"","bundle_add_to_cart_form_location":"","bundle_editable_in_cart":false,"bundle_sold_individually_context":"","bundle_item_grouping":"","bundle_min_size":"","bundle_max_size":"","bundle_price":[],"bundled_items":[],"bundle_sell_ids":[],"gallery_images":[953178,954088,954086,953176,953179],"_links":{"self":[{"href":"https:\/\/fitnfemale.com\/fr\/wp-json\/wp\/v2\/product\/337831","targetHints":{"allow":["GET"]}}],"collection":[{"href":"https:\/\/fitnfemale.com\/fr\/wp-json\/wp\/v2\/product"}],"about":[{"href":"https:\/\/fitnfemale.com\/fr\/wp-json\/wp\/v2\/types\/product"}],"replies":[{"embeddable":true,"href":"https:\/\/fitnfemale.com\/fr\/wp-json\/wp\/v2\/comments?post=337831"}],"wp:featuredmedia":[{"embeddable":true,"href":"https:\/\/fitnfemale.com\/fr\/wp-json\/wp\/v2\/media\/943259"}],"wp:attachment":[{"href":"https:\/\/fitnfemale.com\/fr\/wp-json\/wp\/v2\/media?parent=337831"}],"wp:term":[{"taxonomy":"product_brand","embeddable":true,"href":"https:\/\/fitnfemale.com\/fr\/wp-json\/wp\/v2\/product_brand?post=337831"},{"taxonomy":"product_cat","embeddable":true,"href":"https:\/\/fitnfemale.com\/fr\/wp-json\/wp\/v2\/product_cat?post=337831"},{"taxonomy":"product_tag","embeddable":true,"href":"https:\/\/fitnfemale.com\/fr\/wp-json\/wp\/v2\/product_tag?post=337831"}],"curies":[{"name":"wp","href":"https:\/\/api.w.org\/{rel}","templated":true}]}}