{"id":336809,"date":"2019-09-25T08:27:29","date_gmt":"2019-09-25T07:27:29","guid":{"rendered":"https:\/\/fitnfemale.com\/?post_type=product&#038;p=336809"},"modified":"2026-04-09T09:11:40","modified_gmt":"2026-04-09T08:11:40","slug":"time-to-sleep-keep-calm-relax","status":"publish","type":"product","link":"https:\/\/fitnfemale.com\/fr\/produit\/time-to-sleep-keep-calm-relax\/","title":{"rendered":"Time to Sleep"},"content":{"rendered":"<ul>\n<li class=\"bullet-star\">Formule pour un bon sommeil<\/li>\n<li class=\"bullet-star\">Go\u00fbt d\u00e9licieux et doux de baies<\/li>\n<li class=\"bullet-star\">L-glutamine \u00e0 haute dose \u2013 id\u00e9ale pour une r\u00e9g\u00e9n\u00e9ration rapide<\/li>\n<li class=\"bullet-star\">GABA (Acide Gamma-Aminobutyrique)<\/li>\n<li class=\"bullet-star\">Pas de graisse, pas de sucre et presque pas de calories<\/li>\n<li class=\"bullet-star\">1 mg de m\u00e9latonine pour un endormissement plus rapide ou une r\u00e9duction des \u00e9ventuelles sensations de d\u00e9calage horaire<\/li>\n<\/ul>\n<div class=\"accordion\">\n\t<div id=\"accordion-3404810977\" class=\"accordion-item\">\n\t\t<a id=\"accordion-3404810977-label\" class=\"accordion-title plain active\" href=\"#accordion-item-inhaltsstoffe\" aria-expanded=\"true\" aria-controls=\"accordion-3404810977-content\">\n\t\t\t<button class=\"toggle\" aria-label=\"Basculer\"><i class=\"icon-angle-down\" aria-hidden=\"true\"><\/i><\/button>\n\t\t\t<span>Ingr\u00e9dients<\/span>\n\t\t<\/a>\n\t\t<div id=\"accordion-3404810977-content\" class=\"accordion-inner\" style=\"display: block;\" aria-labelledby=\"accordion-3404810977-label\">\n\t\t\t\n<div class=\"row\"  id=\"row-1638138035\">\n\n\t<div id=\"col-1545976761\" class=\"col small-12 large-12\"  >\n\t\t\t\t<div class=\"col-inner text-center\" style=\"background-color:rgb(243, 162, 195);\" >\n\t\t\t\n\t\t\t\n\t<div class=\"img has-hover x md-x lg-x y md-y lg-y\" id=\"image_921503261\">\n\t\t\t\t\t\t\t\t<div class=\"img-inner dark\" >\n\t\t\t<img decoding=\"async\" width=\"800\" height=\"800\" src=\"https:\/\/fitnfemale.com\/wp-content\/uploads\/timetosleep1-800x800.jpg\" class=\"attachment-large size-large\" alt=\"Timetosleep1\" srcset=\"https:\/\/fitnfemale.com\/wp-content\/uploads\/timetosleep1-800x800.jpg 800w, https:\/\/fitnfemale.com\/wp-content\/uploads\/timetosleep1-200x200.jpg 200w, https:\/\/fitnfemale.com\/wp-content\/uploads\/timetosleep1.jpg 1000w, https:\/\/fitnfemale.com\/wp-content\/uploads\/timetosleep1-400x400.jpg 400w, https:\/\/fitnfemale.com\/wp-content\/uploads\/timetosleep1-280x280.jpg 280w, https:\/\/fitnfemale.com\/wp-content\/uploads\/timetosleep1-768x768.jpg 768w, https:\/\/fitnfemale.com\/wp-content\/uploads\/timetosleep1-12x12.jpg 12w, https:\/\/fitnfemale.com\/wp-content\/uploads\/timetosleep1-130x130.jpg 130w, https:\/\/fitnfemale.com\/wp-content\/uploads\/timetosleep1-510x510.jpg 510w, https:\/\/fitnfemale.com\/wp-content\/uploads\/timetosleep1-150x150.jpg 150w\" sizes=\"(max-width: 800px) 100vw, 800px\" \/>\t\t\t\t\t\t\n\t\t\t\t\t<\/div>\n\t\t\t\t\t\t\t\t\n<style>\n#image_921503261 {\n  width: 74%;\n}\n<\/style>\n\t<\/div>\n\t\n\t\t<\/div>\n\t\t\t\t\t<\/div>\n\n\t\n\n<style>\n#row-1638138035 > .col > .col-inner {\n  background-color: rgb(243, 162, 195);\n}\n<\/style>\n<\/div>\n\t\t<\/div>\n\t<\/div>\n\t\n\t<div id=\"accordion-1614255486\" class=\"accordion-item\">\n\t\t<a id=\"accordion-1614255486-label\" class=\"accordion-title plain\" href=\"#accordion-item-n\u00e4hrwerte\" aria-expanded=\"false\" aria-controls=\"accordion-1614255486-content\">\n\t\t\t<button class=\"toggle\" aria-label=\"Basculer\"><i class=\"icon-angle-down\" aria-hidden=\"true\"><\/i><\/button>\n\t\t\t<span>Valeurs nutritives<\/span>\n\t\t<\/a>\n\t\t<div id=\"accordion-1614255486-content\" class=\"accordion-inner\" aria-labelledby=\"accordion-1614255486-label\">\n\t\t\t\n<div class=\"row\"  id=\"row-1922736745\">\n\n\t<div id=\"col-433990755\" class=\"col small-12 large-12\"  >\n\t\t\t\t<div class=\"col-inner text-center\" style=\"background-color:rgb(243, 162, 195);\" >\n\t\t\t\n\t\t\t\n\t<div class=\"img has-hover x md-x lg-x y md-y lg-y\" id=\"image_1293372044\">\n\t\t\t\t\t\t\t\t<div class=\"img-inner dark\" >\n\t\t\t<img decoding=\"async\" width=\"800\" height=\"800\" src=\"https:\/\/fitnfemale.com\/wp-content\/uploads\/timetosleep2-800x800.jpg\" class=\"attachment-large size-large\" alt=\"Timetosleep2\" srcset=\"https:\/\/fitnfemale.com\/wp-content\/uploads\/timetosleep2-800x800.jpg 800w, https:\/\/fitnfemale.com\/wp-content\/uploads\/timetosleep2-200x200.jpg 200w, https:\/\/fitnfemale.com\/wp-content\/uploads\/timetosleep2.jpg 1000w, https:\/\/fitnfemale.com\/wp-content\/uploads\/timetosleep2-400x400.jpg 400w, https:\/\/fitnfemale.com\/wp-content\/uploads\/timetosleep2-280x280.jpg 280w, https:\/\/fitnfemale.com\/wp-content\/uploads\/timetosleep2-768x768.jpg 768w, https:\/\/fitnfemale.com\/wp-content\/uploads\/timetosleep2-12x12.jpg 12w, https:\/\/fitnfemale.com\/wp-content\/uploads\/timetosleep2-130x130.jpg 130w, https:\/\/fitnfemale.com\/wp-content\/uploads\/timetosleep2-510x510.jpg 510w, https:\/\/fitnfemale.com\/wp-content\/uploads\/timetosleep2-150x150.jpg 150w\" sizes=\"(max-width: 800px) 100vw, 800px\" \/>\t\t\t\t\t\t\n\t\t\t\t\t<\/div>\n\t\t\t\t\t\t\t\t\n<style>\n#image_1293372044 {\n  width: 74%;\n}\n<\/style>\n\t<\/div>\n\t\n\t\t<\/div>\n\t\t\t\t\t<\/div>\n\n\t\n\n<style>\n#row-1922736745 > .col > .col-inner {\n  background-color: rgb(243, 162, 195);\n}\n<\/style>\n<\/div>\n\t\t<\/div>\n\t<\/div>\n\t\n\t<div id=\"accordion-1871626644\" class=\"accordion-item\">\n\t\t<a id=\"accordion-1871626644-label\" class=\"accordion-title plain\" href=\"#accordion-item-mehr-produktbilder\" aria-expanded=\"false\" aria-controls=\"accordion-1871626644-content\">\n\t\t\t<button class=\"toggle\" aria-label=\"Basculer\"><i class=\"icon-angle-down\" aria-hidden=\"true\"><\/i><\/button>\n\t\t\t<span>Plus d&#039;images du produit<\/span>\n\t\t<\/a>\n\t\t<div id=\"accordion-1871626644-content\" class=\"accordion-inner\" aria-labelledby=\"accordion-1871626644-label\">\n\t\t\t\n\n  \n    <div class=\"row large-columns-4 medium-columns-3 small-columns-2\" >\n  <div class=\"gallery-col col\" >\n          <div class=\"col-inner\">\n            <a class=\"image-lightbox lightbox-gallery\" href=\"https:\/\/fitnfemale.com\/wp-content\/uploads\/time-to-sleep-back-800x800.jpg\" title=\"\">            <div class=\"box has-hover gallery-box box-default\">\n              <div class=\"box-image\" >\n                <img decoding=\"async\" width=\"400\" height=\"400\" src=\"https:\/\/fitnfemale.com\/wp-content\/uploads\/time-to-sleep-back-400x400.jpg\" class=\"attachment-medium size-medium\" alt=\"Il est temps de dormir.\" ids=\"336825,336824,336823,336822\" style=\"default\" lightbox_image_size=\"large\" srcset=\"https:\/\/fitnfemale.com\/wp-content\/uploads\/time-to-sleep-back-400x400.jpg 400w, https:\/\/fitnfemale.com\/wp-content\/uploads\/time-to-sleep-back-510x510.jpg 510w, https:\/\/fitnfemale.com\/wp-content\/uploads\/time-to-sleep-back-200x200.jpg 200w, https:\/\/fitnfemale.com\/wp-content\/uploads\/time-to-sleep-back-280x280.jpg 280w, https:\/\/fitnfemale.com\/wp-content\/uploads\/time-to-sleep-back-768x768.jpg 768w, https:\/\/fitnfemale.com\/wp-content\/uploads\/time-to-sleep-back-800x800.jpg 800w, https:\/\/fitnfemale.com\/wp-content\/uploads\/time-to-sleep-back-130x130.jpg 130w, https:\/\/fitnfemale.com\/wp-content\/uploads\/time-to-sleep-back-150x150.jpg 150w, https:\/\/fitnfemale.com\/wp-content\/uploads\/time-to-sleep-back.jpg 1000w\" sizes=\"(max-width: 400px) 100vw, 400px\" \/>                                                              <\/div>\n              <div class=\"box-text text-left\" >\n                 <p><\/p>\n              <\/div>\n            <\/div>\n            <\/a>          <\/div>\n         <\/div><div class=\"gallery-col col\" >\n          <div class=\"col-inner\">\n            <a class=\"image-lightbox lightbox-gallery\" href=\"https:\/\/fitnfemale.com\/wp-content\/uploads\/time-to-sleep-back2-800x800.jpg\" title=\"\">            <div class=\"box has-hover gallery-box box-default\">\n              <div class=\"box-image\" >\n                <img decoding=\"async\" width=\"400\" height=\"400\" src=\"https:\/\/fitnfemale.com\/wp-content\/uploads\/time-to-sleep-back2-400x400.jpg\" class=\"attachment-medium size-medium\" alt=\"Il est temps de se rendormir 2\" ids=\"336825,336824,336823,336822\" style=\"default\" lightbox_image_size=\"large\" srcset=\"https:\/\/fitnfemale.com\/wp-content\/uploads\/time-to-sleep-back2-400x400.jpg 400w, https:\/\/fitnfemale.com\/wp-content\/uploads\/time-to-sleep-back2-510x510.jpg 510w, https:\/\/fitnfemale.com\/wp-content\/uploads\/time-to-sleep-back2-200x200.jpg 200w, https:\/\/fitnfemale.com\/wp-content\/uploads\/time-to-sleep-back2-280x280.jpg 280w, https:\/\/fitnfemale.com\/wp-content\/uploads\/time-to-sleep-back2-768x768.jpg 768w, https:\/\/fitnfemale.com\/wp-content\/uploads\/time-to-sleep-back2-800x800.jpg 800w, https:\/\/fitnfemale.com\/wp-content\/uploads\/time-to-sleep-back2-130x130.jpg 130w, https:\/\/fitnfemale.com\/wp-content\/uploads\/time-to-sleep-back2-150x150.jpg 150w, https:\/\/fitnfemale.com\/wp-content\/uploads\/time-to-sleep-back2.jpg 1000w\" sizes=\"(max-width: 400px) 100vw, 400px\" \/>                                                              <\/div>\n              <div class=\"box-text text-left\" >\n                 <p><\/p>\n              <\/div>\n            <\/div>\n            <\/a>          <\/div>\n         <\/div><div class=\"gallery-col col\" >\n          <div class=\"col-inner\">\n            <a class=\"image-lightbox lightbox-gallery\" href=\"https:\/\/fitnfemale.com\/wp-content\/uploads\/time-to-sleep-back3-800x800.jpg\" title=\"\">            <div class=\"box has-hover gallery-box box-default\">\n              <div class=\"box-image\" >\n                <img decoding=\"async\" width=\"400\" height=\"400\" src=\"https:\/\/fitnfemale.com\/wp-content\/uploads\/time-to-sleep-back3-400x400.jpg\" class=\"attachment-medium size-medium\" alt=\"Il est temps de dormir 3\" ids=\"336825,336824,336823,336822\" style=\"default\" lightbox_image_size=\"large\" srcset=\"https:\/\/fitnfemale.com\/wp-content\/uploads\/time-to-sleep-back3-400x400.jpg 400w, https:\/\/fitnfemale.com\/wp-content\/uploads\/time-to-sleep-back3-510x510.jpg 510w, https:\/\/fitnfemale.com\/wp-content\/uploads\/time-to-sleep-back3-200x200.jpg 200w, https:\/\/fitnfemale.com\/wp-content\/uploads\/time-to-sleep-back3-280x280.jpg 280w, https:\/\/fitnfemale.com\/wp-content\/uploads\/time-to-sleep-back3-768x768.jpg 768w, https:\/\/fitnfemale.com\/wp-content\/uploads\/time-to-sleep-back3-800x800.jpg 800w, https:\/\/fitnfemale.com\/wp-content\/uploads\/time-to-sleep-back3-130x130.jpg 130w, https:\/\/fitnfemale.com\/wp-content\/uploads\/time-to-sleep-back3-150x150.jpg 150w, https:\/\/fitnfemale.com\/wp-content\/uploads\/time-to-sleep-back3.jpg 1000w\" sizes=\"(max-width: 400px) 100vw, 400px\" \/>                                                              <\/div>\n              <div class=\"box-text text-left\" >\n                 <p><\/p>\n              <\/div>\n            <\/div>\n            <\/a>          <\/div>\n         <\/div><div class=\"gallery-col col\" >\n          <div class=\"col-inner\">\n            <a class=\"image-lightbox lightbox-gallery\" href=\"https:\/\/fitnfemale.com\/wp-content\/uploads\/time-to-sleep-back4-800x800.jpg\" title=\"\">            <div class=\"box has-hover gallery-box box-default\">\n              <div class=\"box-image\" >\n                <img decoding=\"async\" width=\"400\" height=\"400\" src=\"https:\/\/fitnfemale.com\/wp-content\/uploads\/time-to-sleep-back4-400x400.jpg\" class=\"attachment-medium size-medium\" alt=\"Il est temps de se rendormir 4\" ids=\"336825,336824,336823,336822\" style=\"default\" lightbox_image_size=\"large\" srcset=\"https:\/\/fitnfemale.com\/wp-content\/uploads\/time-to-sleep-back4-400x400.jpg 400w, https:\/\/fitnfemale.com\/wp-content\/uploads\/time-to-sleep-back4-510x510.jpg 510w, https:\/\/fitnfemale.com\/wp-content\/uploads\/time-to-sleep-back4-200x200.jpg 200w, https:\/\/fitnfemale.com\/wp-content\/uploads\/time-to-sleep-back4-280x280.jpg 280w, https:\/\/fitnfemale.com\/wp-content\/uploads\/time-to-sleep-back4-768x768.jpg 768w, https:\/\/fitnfemale.com\/wp-content\/uploads\/time-to-sleep-back4-800x800.jpg 800w, https:\/\/fitnfemale.com\/wp-content\/uploads\/time-to-sleep-back4-130x130.jpg 130w, https:\/\/fitnfemale.com\/wp-content\/uploads\/time-to-sleep-back4-150x150.jpg 150w, https:\/\/fitnfemale.com\/wp-content\/uploads\/time-to-sleep-back4.jpg 1000w\" sizes=\"(max-width: 400px) 100vw, 400px\" \/>                                                              <\/div>\n              <div class=\"box-text text-left\" >\n                 <p><\/p>\n              <\/div>\n            <\/div>\n            <\/a>          <\/div>\n         <\/div><\/div>\n\t\t<\/div>\n\t<\/div>\n\t\n<\/div>","protected":false},"excerpt":{"rendered":"<h2>Good Sleep and Relax Drink pour une r\u00e9cup\u00e9ration rapide<\/h2>\n<h4>est une poudre \u00e0 boire qui peut \u00eatre prise avant d'aller se coucher ou en cas de stress. Gr\u00e2ce \u00e0 ses ingr\u00e9dients de haute qualit\u00e9 et \u00e9prouv\u00e9s tels que le GABA, la L-glutamine, la m\u00e9latonine, le magn\u00e9sium, l'inositol et la L-th\u00e9anine, elle aide ton corps \u00e0 se d\u00e9tendre, \u00e0 se calmer et \u00e0 mieux s'endormir et dormir. Apr\u00e8s une s\u00e9ance d'entra\u00eenement intense ou une journ\u00e9e fatigante, un sommeil r\u00e9parateur est tr\u00e8s important pour la r\u00e9cup\u00e9ration. TIME TO SLEEP est le d\u00e9veloppement du produit KEEP CALM &amp; RELAX. Tous ceux qui ont d\u00e9j\u00e0 appr\u00e9ci\u00e9 le produit pr\u00e9c\u00e9dent vont adorer ce produit Sleep &amp; Recover !<\/h4>","protected":false},"featured_media":633259,"comment_status":"open","ping_status":"closed","template":"","meta":{"slim_seo":{"title":"Time to Sleep - FitNFemale\u00ae","description":"Une boisson pour bien dormir et se d\u00e9tendre, favorisant une r\u00e9cup\u00e9ration rapide. TIME TO SLEEP est une poudre \u00e0 boire qui peut \u00eatre consomm\u00e9e avant le coucher ou en cas de stress."}},"product_brand":[],"product_cat":[6365,401],"product_tag":[],"class_list":{"0":"post-336809","1":"product","2":"type-product","3":"status-publish","4":"has-post-thumbnail","6":"product_cat-promo-20","7":"product_cat-health","8":"pa_anwendungsbereiche-recovery","9":"pa_anwendungsbereiche-sleep-regeneration","10":"pa_marke-fitnfemale","11":"pa_misc-aspartamfree","12":"pa_misc-glutenfree","13":"pa_misc-lactosefree","14":"pa_misc-vegetarian","15":"pa_nutritionfactinfo-nofat","16":"pa_nutritionfactinfo-nocarbs","17":"pa_nutritionfactinfo-lactosefree","18":"pa_nutritionfactinfo-lowcalories","19":"pa_nutritionfactinfo-nosugar","20":"pa_schwangerschaft-nicht-geeignet","21":"pa_stillzeit-nicht-geeignet","22":"pa_vegan-ja","24":"first","25":"outofstock","26":"taxable","27":"shipping-taxable","28":"purchasable","29":"product-type-variable","30":"has-default-attributes"},"bundled_by":[],"bundle_stock_status":"outofstock","bundle_stock_quantity":null,"bundle_virtual":false,"bundle_layout":"","bundle_add_to_cart_form_location":"","bundle_editable_in_cart":false,"bundle_sold_individually_context":"","bundle_item_grouping":"","bundle_min_size":"","bundle_max_size":"","bundle_price":[],"bundled_items":[],"bundle_sell_ids":[],"gallery_images":[407253,571454,576050],"_links":{"self":[{"href":"https:\/\/fitnfemale.com\/fr\/wp-json\/wp\/v2\/product\/336809","targetHints":{"allow":["GET"]}}],"collection":[{"href":"https:\/\/fitnfemale.com\/fr\/wp-json\/wp\/v2\/product"}],"about":[{"href":"https:\/\/fitnfemale.com\/fr\/wp-json\/wp\/v2\/types\/product"}],"replies":[{"embeddable":true,"href":"https:\/\/fitnfemale.com\/fr\/wp-json\/wp\/v2\/comments?post=336809"}],"wp:featuredmedia":[{"embeddable":true,"href":"https:\/\/fitnfemale.com\/fr\/wp-json\/wp\/v2\/media\/633259"}],"wp:attachment":[{"href":"https:\/\/fitnfemale.com\/fr\/wp-json\/wp\/v2\/media?parent=336809"}],"wp:term":[{"taxonomy":"product_brand","embeddable":true,"href":"https:\/\/fitnfemale.com\/fr\/wp-json\/wp\/v2\/product_brand?post=336809"},{"taxonomy":"product_cat","embeddable":true,"href":"https:\/\/fitnfemale.com\/fr\/wp-json\/wp\/v2\/product_cat?post=336809"},{"taxonomy":"product_tag","embeddable":true,"href":"https:\/\/fitnfemale.com\/fr\/wp-json\/wp\/v2\/product_tag?post=336809"}],"curies":[{"name":"wp","href":"https:\/\/api.w.org\/{rel}","templated":true}]}}