{"id":336566,"date":"2019-09-24T20:26:20","date_gmt":"2019-09-24T19:26:20","guid":{"rendered":"https:\/\/fitnfemale.com\/?post_type=product&#038;p=336566"},"modified":"2026-04-11T00:11:56","modified_gmt":"2026-04-10T23:11:56","slug":"stay-in-balance-basenpulver","status":"publish","type":"product","link":"https:\/\/fitnfemale.com\/fr\/produit\/stay-in-balance-basenpulver\/","title":{"rendered":"Rester en \u00e9quilibre"},"content":{"rendered":"<h3>AVANTAGES DE LA POUDRE BASIQUE<\/h3>\n<ul>\n<li class=\"bullet-checkmark\">En \u00e9liminant et en neutralisant les acides dans le corps, l'\u00e9quilibre acido-basique naturel peut \u00eatre soutenu.<\/li>\n<li class=\"bullet-checkmark\">Le citrate de magn\u00e9sium et le gluconate de zinc qu'il contient peuvent contribuer \u00e0 \u00e9liminer les poisons (\u00e9galement appel\u00e9s toxines) des cellules.<\/li>\n<li class=\"bullet-checkmark\">Peut contribuer \u00e0 soutenir la perte de poids. La prise de produits \u00e0 l'action alcaline peut soutenir le corps dans ses efforts pour pr\u00e9venir ou r\u00e9duire l'ob\u00e9sit\u00e9.<\/li>\n<\/ul>\n<div class=\"accordion\">\n\t<div id=\"accordion-3407024661\" class=\"accordion-item\">\n\t\t<a id=\"accordion-3407024661-label\" class=\"accordion-title plain\" href=\"#accordion-item-die-perfekte-einnahme-von-basenpulver\" aria-expanded=\"false\" aria-controls=\"accordion-3407024661-content\">\n\t\t\t<button class=\"toggle\" aria-label=\"Basculer\"><i class=\"icon-angle-down\" aria-hidden=\"true\"><\/i><\/button>\n\t\t\t<span>La prise parfaite de poudre basique<\/span>\n\t\t<\/a>\n\t\t<div id=\"accordion-3407024661-content\" class=\"accordion-inner\" aria-labelledby=\"accordion-3407024661-label\">\n\t\t\t\n<ul>\n<li class=\"bullet-arrow\">La poudre basique Stay in Balance doit toujours \u00eatre prise en dehors des repas.<\/li>\n<li class=\"bullet-arrow\">La prise doit toujours se faire au moins 30 minutes avant un repas et <strong>3 <\/strong>heures apr\u00e8s un repas.<\/li>\n<li class=\"bullet-arrow\">M\u00e9langer une portion (= 1 cuill\u00e8re de mesure) avec 200 ml d'eau. Ou bien directement dans la bouche et rincer avec de l'eau.<\/li>\n<\/ul>\n<p><small><i class=\"fa fa-info-circle\" style=\"color: #7fd0d8;\"><\/i> En raison de sa forte teneur en min\u00e9raux, il est normal que la poudre ne se dissolve pas compl\u00e8tement.<\/small><\/p>\n\t\t<\/div>\n\t<\/div>\n\t\n\t<div id=\"accordion-133220553\" class=\"accordion-item\">\n\t\t<a id=\"accordion-133220553-label\" class=\"accordion-title plain\" href=\"#accordion-item-weitere-produktbilder\" aria-expanded=\"false\" aria-controls=\"accordion-133220553-content\">\n\t\t\t<button class=\"toggle\" aria-label=\"Basculer\"><i class=\"icon-angle-down\" aria-hidden=\"true\"><\/i><\/button>\n\t\t\t<span>Plus d'images de produits<\/span>\n\t\t<\/a>\n\t\t<div id=\"accordion-133220553-content\" class=\"accordion-inner\" aria-labelledby=\"accordion-133220553-label\">\n\t\t\t\n<div class=\"row\"  id=\"row-1397109397\">\n\n\t<div id=\"col-1990301271\" class=\"col small-12 large-12\"  >\n\t\t\t\t<div class=\"col-inner\"  >\n\t\t\t\n\t\t\t\n\n  \n    <div class=\"row large-columns-4 medium-columns-3 small-columns-2\" >\n  <div class=\"gallery-col col\" >\n          <div class=\"col-inner\">\n            <a class=\"image-lightbox lightbox-gallery\" href=\"https:\/\/fitnfemale.com\/wp-content\/uploads\/stay-in-balance-back-1-800x800.jpg\" title=\"\">            <div class=\"box has-hover gallery-box box-normal\">\n              <div class=\"box-image\" >\n                <img decoding=\"async\" width=\"400\" height=\"400\" src=\"https:\/\/fitnfemale.com\/wp-content\/uploads\/stay-in-balance-back-1-400x400.jpg\" class=\"attachment-medium size-medium\" alt=\"Gardez l&#039;\u00e9quilibre\" ids=\"336818,336816,336815,336814\" style=\"normal\" lightbox_image_size=\"large\" text_padding=\"0px 0px 0px 0px\" srcset=\"https:\/\/fitnfemale.com\/wp-content\/uploads\/stay-in-balance-back-1-400x400.jpg 400w, https:\/\/fitnfemale.com\/wp-content\/uploads\/stay-in-balance-back-1-510x510.jpg 510w, https:\/\/fitnfemale.com\/wp-content\/uploads\/stay-in-balance-back-1-200x200.jpg 200w, https:\/\/fitnfemale.com\/wp-content\/uploads\/stay-in-balance-back-1-280x280.jpg 280w, https:\/\/fitnfemale.com\/wp-content\/uploads\/stay-in-balance-back-1-768x768.jpg 768w, https:\/\/fitnfemale.com\/wp-content\/uploads\/stay-in-balance-back-1-800x800.jpg 800w, https:\/\/fitnfemale.com\/wp-content\/uploads\/stay-in-balance-back-1-130x130.jpg 130w, https:\/\/fitnfemale.com\/wp-content\/uploads\/stay-in-balance-back-1-150x150.jpg 150w, https:\/\/fitnfemale.com\/wp-content\/uploads\/stay-in-balance-back-1.jpg 1000w\" sizes=\"(max-width: 400px) 100vw, 400px\" \/>                                                              <\/div>\n              <div class=\"box-text text-left\" style=\"padding:0px 0px 0px 0px;\">\n                 <p><\/p>\n              <\/div>\n            <\/div>\n            <\/a>          <\/div>\n         <\/div><div class=\"gallery-col col\" >\n          <div class=\"col-inner\">\n            <a class=\"image-lightbox lightbox-gallery\" href=\"https:\/\/fitnfemale.com\/wp-content\/uploads\/stay-in-balance-back3-1-800x800.jpg\" title=\"\">            <div class=\"box has-hover gallery-box box-normal\">\n              <div class=\"box-image\" >\n                <img decoding=\"async\" width=\"400\" height=\"400\" src=\"https:\/\/fitnfemale.com\/wp-content\/uploads\/stay-in-balance-back3-1-400x400.jpg\" class=\"attachment-medium size-medium\" alt=\"Gardez l&#039;\u00e9quilibre en arri\u00e8re3\" ids=\"336818,336816,336815,336814\" style=\"normal\" lightbox_image_size=\"large\" text_padding=\"0px 0px 0px 0px\" srcset=\"https:\/\/fitnfemale.com\/wp-content\/uploads\/stay-in-balance-back3-1-400x400.jpg 400w, https:\/\/fitnfemale.com\/wp-content\/uploads\/stay-in-balance-back3-1-510x510.jpg 510w, https:\/\/fitnfemale.com\/wp-content\/uploads\/stay-in-balance-back3-1-200x200.jpg 200w, https:\/\/fitnfemale.com\/wp-content\/uploads\/stay-in-balance-back3-1-280x280.jpg 280w, https:\/\/fitnfemale.com\/wp-content\/uploads\/stay-in-balance-back3-1-768x768.jpg 768w, https:\/\/fitnfemale.com\/wp-content\/uploads\/stay-in-balance-back3-1-800x800.jpg 800w, https:\/\/fitnfemale.com\/wp-content\/uploads\/stay-in-balance-back3-1-130x130.jpg 130w, https:\/\/fitnfemale.com\/wp-content\/uploads\/stay-in-balance-back3-1-150x150.jpg 150w, https:\/\/fitnfemale.com\/wp-content\/uploads\/stay-in-balance-back3-1.jpg 1000w\" sizes=\"(max-width: 400px) 100vw, 400px\" \/>                                                              <\/div>\n              <div class=\"box-text text-left\" style=\"padding:0px 0px 0px 0px;\">\n                 <p><\/p>\n              <\/div>\n            <\/div>\n            <\/a>          <\/div>\n         <\/div><div class=\"gallery-col col\" >\n          <div class=\"col-inner\">\n            <a class=\"image-lightbox lightbox-gallery\" href=\"https:\/\/fitnfemale.com\/wp-content\/uploads\/stay-in-balance-back4-1-800x800.jpg\" title=\"\">            <div class=\"box has-hover gallery-box box-normal\">\n              <div class=\"box-image\" >\n                <img decoding=\"async\" width=\"400\" height=\"400\" src=\"https:\/\/fitnfemale.com\/wp-content\/uploads\/stay-in-balance-back4-1-400x400.jpg\" class=\"attachment-medium size-medium\" alt=\"Gardez l&#039;\u00e9quilibre en arri\u00e8re4\" ids=\"336818,336816,336815,336814\" style=\"normal\" lightbox_image_size=\"large\" text_padding=\"0px 0px 0px 0px\" srcset=\"https:\/\/fitnfemale.com\/wp-content\/uploads\/stay-in-balance-back4-1-400x400.jpg 400w, https:\/\/fitnfemale.com\/wp-content\/uploads\/stay-in-balance-back4-1-510x510.jpg 510w, https:\/\/fitnfemale.com\/wp-content\/uploads\/stay-in-balance-back4-1-200x200.jpg 200w, https:\/\/fitnfemale.com\/wp-content\/uploads\/stay-in-balance-back4-1-280x280.jpg 280w, https:\/\/fitnfemale.com\/wp-content\/uploads\/stay-in-balance-back4-1-768x768.jpg 768w, https:\/\/fitnfemale.com\/wp-content\/uploads\/stay-in-balance-back4-1-800x800.jpg 800w, https:\/\/fitnfemale.com\/wp-content\/uploads\/stay-in-balance-back4-1-130x130.jpg 130w, https:\/\/fitnfemale.com\/wp-content\/uploads\/stay-in-balance-back4-1-150x150.jpg 150w, https:\/\/fitnfemale.com\/wp-content\/uploads\/stay-in-balance-back4-1.jpg 1000w\" sizes=\"(max-width: 400px) 100vw, 400px\" \/>                                                              <\/div>\n              <div class=\"box-text text-left\" style=\"padding:0px 0px 0px 0px;\">\n                 <p><\/p>\n              <\/div>\n            <\/div>\n            <\/a>          <\/div>\n         <\/div><div class=\"gallery-col col\" >\n          <div class=\"col-inner\">\n            <a class=\"image-lightbox lightbox-gallery\" href=\"https:\/\/fitnfemale.com\/wp-content\/uploads\/stay-in-balance-back5-1-800x800.jpg\" title=\"\">            <div class=\"box has-hover gallery-box box-normal\">\n              <div class=\"box-image\" >\n                <img decoding=\"async\" width=\"400\" height=\"400\" src=\"https:\/\/fitnfemale.com\/wp-content\/uploads\/stay-in-balance-back5-1-400x400.jpg\" class=\"attachment-medium size-medium\" alt=\"Gardez l&#039;\u00e9quilibre en arri\u00e8re5\" ids=\"336818,336816,336815,336814\" style=\"normal\" lightbox_image_size=\"large\" text_padding=\"0px 0px 0px 0px\" srcset=\"https:\/\/fitnfemale.com\/wp-content\/uploads\/stay-in-balance-back5-1-400x400.jpg 400w, https:\/\/fitnfemale.com\/wp-content\/uploads\/stay-in-balance-back5-1-510x510.jpg 510w, https:\/\/fitnfemale.com\/wp-content\/uploads\/stay-in-balance-back5-1-200x200.jpg 200w, https:\/\/fitnfemale.com\/wp-content\/uploads\/stay-in-balance-back5-1-280x280.jpg 280w, https:\/\/fitnfemale.com\/wp-content\/uploads\/stay-in-balance-back5-1-768x768.jpg 768w, https:\/\/fitnfemale.com\/wp-content\/uploads\/stay-in-balance-back5-1-800x800.jpg 800w, https:\/\/fitnfemale.com\/wp-content\/uploads\/stay-in-balance-back5-1-130x130.jpg 130w, https:\/\/fitnfemale.com\/wp-content\/uploads\/stay-in-balance-back5-1-150x150.jpg 150w, https:\/\/fitnfemale.com\/wp-content\/uploads\/stay-in-balance-back5-1.jpg 1000w\" sizes=\"(max-width: 400px) 100vw, 400px\" \/>                                                              <\/div>\n              <div class=\"box-text text-left\" style=\"padding:0px 0px 0px 0px;\">\n                 <p><\/p>\n              <\/div>\n            <\/div>\n            <\/a>          <\/div>\n         <\/div><\/div>\n\t\t<\/div>\n\t\t\t\t\t<\/div>\n\n\t\n\n<style>\n#row-1397109397 > .col > .col-inner {\n  padding: 0px 10px 0px 10px;\n}\n<\/style>\n<\/div>\n\t\t<\/div>\n\t<\/div>\n\t\n\t<div id=\"accordion-3538935272\" class=\"accordion-item\">\n\t\t<a id=\"accordion-3538935272-label\" class=\"accordion-title plain\" href=\"#accordion-item-passe-wenn-n\u00f6tig-deine-dosierung-an\" aria-expanded=\"false\" aria-controls=\"accordion-3538935272-content\">\n\t\t\t<button class=\"toggle\" aria-label=\"Basculer\"><i class=\"icon-angle-down\" aria-hidden=\"true\"><\/i><\/button>\n\t\t\t<span>Ajuste ton dosage si n\u00e9cessaire<\/span>\n\t\t<\/a>\n\t\t<div id=\"accordion-3538935272-content\" class=\"accordion-inner\" aria-labelledby=\"accordion-3538935272-label\">\n\t\t\t\n<p>Si tu consommes une poudre basique pour la premi\u00e8re fois, il se peut que ton corps ait du mal \u00e0 absorber toute la portion en une seule fois. \u00c9coute donc ton corps. R\u00e9duis la quantit\u00e9 journali\u00e8re et augmente-la lentement jusqu'\u00e0 ce que tu puisses supporter une portion enti\u00e8re.<\/p>\n\t\t<\/div>\n\t<\/div>\n\t\n\t<div id=\"accordion-102654469\" class=\"accordion-item\">\n\t\t<a id=\"accordion-102654469-label\" class=\"accordion-title plain\" href=\"#accordion-item-stay-in-balance-kombiniert-mit-anderen-produkten\" aria-expanded=\"false\" aria-controls=\"accordion-102654469-content\">\n\t\t\t<button class=\"toggle\" aria-label=\"Basculer\"><i class=\"icon-angle-down\" aria-hidden=\"true\"><\/i><\/button>\n\t\t\t<span>Stay in Balance combin\u00e9 avec d'autres produits<\/span>\n\t\t<\/a>\n\t\t<div id=\"accordion-102654469-content\" class=\"accordion-inner\" aria-labelledby=\"accordion-102654469-label\">\n\t\t\t\n<p>Stay in Balance peut \u00eatre combin\u00e9 avec les produits FitnFemale ou \u00eatre pris. Pendant la prise, tu dois toutefois \u00e9viter les autres produits \u00e0 forte teneur en magn\u00e9sium, car ils peuvent avoir un effet laxatif.<\/p>\n<p><strong>Un bon choix pour une prise compl\u00e9mentaire :<br \/>\n<\/strong><\/p>\n\t\n  \n    <div class=\"row large-columns-4 medium-columns-3 small-columns-2 row-small slider row-slider slider-nav-reveal slider-nav-push\"  data-flickity-options='{&quot;imagesLoaded&quot;: true, &quot;groupCells&quot;: &quot;100%&quot;, &quot;dragThreshold&quot; : 5, &quot;cellAlign&quot;: &quot;left&quot;,&quot;wrapAround&quot;: true,&quot;prevNextButtons&quot;: true,&quot;percentPosition&quot;: true,&quot;pageDots&quot;: false, &quot;rightToLeft&quot;: false, &quot;autoPlay&quot; : false}' >\n\n  \n\t     <div class=\"col\" >\n\t\t\t\t\t\t<div class=\"col-inner\">\n\t\t\t\t\t\t\n<div class=\"badge-container absolute left top z-1\">\n\n<\/div>\n\t\t\t\t\t\t<div class=\"product-small box has-hover box-normal box-text-bottom\">\n\t\t\t\t\t\t\t<div class=\"box-image\" >\n\t\t\t\t\t\t\t\t<div class=\"\" >\n\t\t\t\t\t\t\t\t\t<a href=\"https:\/\/fitnfemale.com\/fr\/produit\/womens-biotics-probiotika\/\" aria-label=\"Women&#039;s Biotics\">\n\t\t\t\t\t\t\t\t\t\t<img decoding=\"async\" width=\"247\" height=\"296\" src=\"https:\/\/fitnfemale.com\/wp-content\/uploads\/womensbiotics-closeup2-247x296.webp\" class=\"show-on-hover absolute fill hide-for-small back-image\" alt=\"Gros plan de Womensbiotics2\" aria-hidden=\"true\" \/><img decoding=\"async\" width=\"247\" height=\"296\" src=\"https:\/\/fitnfemale.com\/wp-content\/uploads\/womensbiotics-247x296.webp\" class=\"attachment-woocommerce_thumbnail size-woocommerce_thumbnail\" alt=\"La biotique f\u00e9minine\" \/>\t\t\t\t\t\t\t\t\t<\/a>\n\t\t\t\t\t\t\t\t\t\t\t\t\t\t\t\t\t\t \t\t\t\t\t\t\t\t<\/div>\n\t\t\t\t\t\t\t\t<div class=\"image-tools top right show-on-hover\">\n\t\t\t\t\t\t\t\t\t\t\t\t\t\t\t\t\t<\/div>\n\t\t\t\t\t\t\t\t\t\t\t\t\t\t\t\t\t<div class=\"image-tools grid-tools text-center hide-for-small bottom hover-slide-in show-on-hover\">\n\t\t\t\t\t\t\t\t\t\t\t\t\t\t\t\t\t\t\t<\/div>\n\t\t\t\t\t\t\t\t\t\t\t\t\t\t\t\t\t\t\t\t\t\t\t<\/div>\n\n\t\t\t\t\t\t\t<div class=\"box-text text-center\" >\n\t\t\t\t\t\t\t\t<div class=\"title-wrapper\"><p class=\"name product-title woocommerce-loop-product__title\"><a href=\"https:\/\/fitnfemale.com\/fr\/produit\/womens-biotics-probiotika\/\" class=\"woocommerce-LoopProduct-link woocommerce-loop-product__link\">Women\u2019s Biotics<\/a><\/p><\/div><div class=\"price-wrapper\">\n\t<span class=\"price\"><span class=\"wcpbc-price wcpbc-price-336558\" data-product-id=\"336558\"><span class=\"woocommerce-Price-amount amount\"><bdi><span class=\"woocommerce-Price-currencySymbol\">\u20ac<\/span>\u00a027.90<\/bdi><\/span> <small class=\"woocommerce-price-suffix\">TVA incluse<\/small><\/span><\/span>\n<\/div>\t\t\t\t\t\t\t<\/div>\n\t\t\t\t\t\t<\/div>\n\t\t\t\t\t\t<\/div>\n\t\t\t\t\t<\/div><div class=\"col\" >\n\t\t\t\t\t\t<div class=\"col-inner\">\n\t\t\t\t\t\t\n<div class=\"badge-container absolute left top z-1\">\n\n<\/div>\n\t\t\t\t\t\t<div class=\"product-small box has-hover box-normal box-text-bottom\">\n\t\t\t\t\t\t\t<div class=\"box-image\" >\n\t\t\t\t\t\t\t\t<div class=\"\" >\n\t\t\t\t\t\t\t\t\t<a href=\"https:\/\/fitnfemale.com\/fr\/produit\/l-carnitine-greentea\/\" aria-label=\"L-Carnitine + Greentea\">\n\t\t\t\t\t\t\t\t\t\t<img decoding=\"async\" width=\"247\" height=\"296\" src=\"https:\/\/fitnfemale.com\/wp-content\/uploads\/lcarnitin-greentea-closeup6-247x296.webp\" class=\"show-on-hover absolute fill hide-for-small back-image\" alt=\"Gros plan sur du th\u00e9 vert \u00e0 la L-carnitine 6\" aria-hidden=\"true\" \/><img decoding=\"async\" width=\"247\" height=\"296\" src=\"https:\/\/fitnfemale.com\/wp-content\/uploads\/l-carnitin-greentea2-1-247x296.webp\" class=\"attachment-woocommerce_thumbnail size-woocommerce_thumbnail\" alt=\"L-carnitine th\u00e9 vert2 (1)\" \/>\t\t\t\t\t\t\t\t\t<\/a>\n\t\t\t\t\t\t\t\t\t\t\t\t\t\t\t\t\t\t \t\t\t\t\t\t\t\t<\/div>\n\t\t\t\t\t\t\t\t<div class=\"image-tools top right show-on-hover\">\n\t\t\t\t\t\t\t\t\t\t\t\t\t\t\t\t\t<\/div>\n\t\t\t\t\t\t\t\t\t\t\t\t\t\t\t\t\t<div class=\"image-tools grid-tools text-center hide-for-small bottom hover-slide-in show-on-hover\">\n\t\t\t\t\t\t\t\t\t\t\t\t\t\t\t\t\t\t\t<\/div>\n\t\t\t\t\t\t\t\t\t\t\t\t\t\t\t\t\t\t\t\t\t\t\t<\/div>\n\n\t\t\t\t\t\t\t<div class=\"box-text text-center\" >\n\t\t\t\t\t\t\t\t<div class=\"title-wrapper\"><p class=\"name product-title woocommerce-loop-product__title\"><a href=\"https:\/\/fitnfemale.com\/fr\/produit\/l-carnitine-greentea\/\" class=\"woocommerce-LoopProduct-link woocommerce-loop-product__link\">L-Carnitine + Greentea<\/a><\/p><\/div><div class=\"price-wrapper\">\n\t<span class=\"price\"><span class=\"woocommerce-Price-amount amount\"><bdi><span class=\"woocommerce-Price-currencySymbol\">\u20ac<\/span>\u00a019.90<\/bdi><\/span> <small class=\"woocommerce-price-suffix\">TVA incluse<\/small><\/span>\n<\/div>\t\t\t\t\t\t\t<\/div>\n\t\t\t\t\t\t<\/div>\n\t\t\t\t\t\t<\/div>\n\t\t\t\t\t<\/div><div class=\"col\" >\n\t\t\t\t\t\t<div class=\"col-inner\">\n\t\t\t\t\t\t\n<div class=\"badge-container absolute left top z-1\">\n\n<\/div>\n\t\t\t\t\t\t<div class=\"product-small box has-hover box-normal box-text-bottom\">\n\t\t\t\t\t\t\t<div class=\"box-image\" >\n\t\t\t\t\t\t\t\t<div class=\"\" >\n\t\t\t\t\t\t\t\t\t<a href=\"https:\/\/fitnfemale.com\/fr\/produit\/omega-3\/\" aria-label=\"Om\u00e9ga 3\">\n\t\t\t\t\t\t\t\t\t\t<img decoding=\"async\" width=\"247\" height=\"296\" src=\"https:\/\/fitnfemale.com\/wp-content\/uploads\/omega3softoilcaps-247x296.webp\" class=\"show-on-hover absolute fill hide-for-small back-image\" alt=\"G\u00e9lules d&#039;huile molle Omega3\" aria-hidden=\"true\" \/><img decoding=\"async\" width=\"247\" height=\"296\" src=\"https:\/\/fitnfemale.com\/wp-content\/uploads\/omega3shop25-1-247x296.webp\" class=\"attachment-woocommerce_thumbnail size-woocommerce_thumbnail\" alt=\"Omega3shop25 (1)\" \/>\t\t\t\t\t\t\t\t\t<\/a>\n\t\t\t\t\t\t\t\t\t\t\t\t\t\t\t\t\t\t \t\t\t\t\t\t\t\t<\/div>\n\t\t\t\t\t\t\t\t<div class=\"image-tools top right show-on-hover\">\n\t\t\t\t\t\t\t\t\t\t\t\t\t\t\t\t\t<\/div>\n\t\t\t\t\t\t\t\t\t\t\t\t\t\t\t\t\t<div class=\"image-tools grid-tools text-center hide-for-small bottom hover-slide-in show-on-hover\">\n\t\t\t\t\t\t\t\t\t\t\t\t\t\t\t\t\t\t\t<\/div>\n\t\t\t\t\t\t\t\t\t\t\t\t\t\t\t\t\t\t\t\t\t\t\t<\/div>\n\n\t\t\t\t\t\t\t<div class=\"box-text text-center\" >\n\t\t\t\t\t\t\t\t<div class=\"title-wrapper\"><p class=\"name product-title woocommerce-loop-product__title\"><a href=\"https:\/\/fitnfemale.com\/fr\/produit\/omega-3\/\" class=\"woocommerce-LoopProduct-link woocommerce-loop-product__link\">Om\u00e9ga 3<\/a><\/p><\/div><div class=\"price-wrapper\">\n\t<span class=\"price\"><span class=\"woocommerce-Price-amount amount\"><bdi><span class=\"woocommerce-Price-currencySymbol\">\u20ac<\/span>\u00a018.90<\/bdi><\/span> <small class=\"woocommerce-price-suffix\">TVA incluse<\/small><\/span>\n<\/div>\t\t\t\t\t\t\t<\/div>\n\t\t\t\t\t\t<\/div>\n\t\t\t\t\t\t<\/div>\n\t\t\t\t\t<\/div><div class=\"col\" >\n\t\t\t\t\t\t<div class=\"col-inner\">\n\t\t\t\t\t\t\n<div class=\"badge-container absolute left top z-1\">\n\n<\/div>\n\t\t\t\t\t\t<div class=\"product-small box has-hover box-normal box-text-bottom\">\n\t\t\t\t\t\t\t<div class=\"box-image\" >\n\t\t\t\t\t\t\t\t<div class=\"\" >\n\t\t\t\t\t\t\t\t\t<a href=\"https:\/\/fitnfemale.com\/fr\/produit\/fatburner-pink-fire\/\" aria-label=\"Pink Fire - Br\u00fbleur de graisse\">\n\t\t\t\t\t\t\t\t\t\t<img decoding=\"async\" width=\"247\" height=\"296\" src=\"https:\/\/fitnfemale.com\/wp-content\/uploads\/pink-fire-11-1-247x296.webp\" class=\"show-on-hover absolute fill hide-for-small back-image\" alt=\"Feu rose 11\" aria-hidden=\"true\" \/><img decoding=\"async\" width=\"247\" height=\"296\" src=\"https:\/\/fitnfemale.com\/wp-content\/uploads\/pinkfire-shop-1-247x296.webp\" class=\"attachment-woocommerce_thumbnail size-woocommerce_thumbnail\" alt=\"Boutique Pinkfire (1)\" \/>\t\t\t\t\t\t\t\t\t<\/a>\n\t\t\t\t\t\t\t\t\t\t\t\t\t\t\t\t\t\t \t\t\t\t\t\t\t\t<\/div>\n\t\t\t\t\t\t\t\t<div class=\"image-tools top right show-on-hover\">\n\t\t\t\t\t\t\t\t\t\t\t\t\t\t\t\t\t<\/div>\n\t\t\t\t\t\t\t\t\t\t\t\t\t\t\t\t\t<div class=\"image-tools grid-tools text-center hide-for-small bottom hover-slide-in show-on-hover\">\n\t\t\t\t\t\t\t\t\t\t\t\t\t\t\t\t\t\t\t<\/div>\n\t\t\t\t\t\t\t\t\t\t\t\t\t\t\t\t\t\t\t\t\t\t\t<\/div>\n\n\t\t\t\t\t\t\t<div class=\"box-text text-center\" >\n\t\t\t\t\t\t\t\t<div class=\"title-wrapper\"><p class=\"name product-title woocommerce-loop-product__title\"><a href=\"https:\/\/fitnfemale.com\/fr\/produit\/fatburner-pink-fire\/\" class=\"woocommerce-LoopProduct-link woocommerce-loop-product__link\">Pink Fire \u2013 Fatburner<\/a><\/p><\/div><div class=\"price-wrapper\">\n\t<span class=\"price\"><span class=\"woocommerce-Price-amount amount\"><bdi><span class=\"woocommerce-Price-currencySymbol\">\u20ac<\/span>\u00a026.90<\/bdi><\/span> <small class=\"woocommerce-price-suffix\">TVA incluse<\/small><\/span>\n<\/div>\t\t\t\t\t\t\t<\/div>\n\t\t\t\t\t\t<\/div>\n\t\t\t\t\t\t<\/div>\n\t\t\t\t\t<\/div><div class=\"col\" >\n\t\t\t\t\t\t<div class=\"col-inner\">\n\t\t\t\t\t\t\n<div class=\"badge-container absolute left top z-1\">\n\n<\/div>\n\t\t\t\t\t\t<div class=\"product-small box has-hover box-normal box-text-bottom\">\n\t\t\t\t\t\t\t<div class=\"box-image\" >\n\t\t\t\t\t\t\t\t<div class=\"\" >\n\t\t\t\t\t\t\t\t\t<a href=\"https:\/\/fitnfemale.com\/fr\/produit\/whey-isolate\/\" aria-label=\"Isolat de lactos\u00e9rum pour femmes\">\n\t\t\t\t\t\t\t\t\t\t<img decoding=\"async\" width=\"247\" height=\"296\" src=\"https:\/\/fitnfemale.com\/wp-content\/uploads\/wheyisolate-closeup-5-247x296.webp\" class=\"show-on-hover absolute fill hide-for-small back-image\" alt=\"isolat de lactos\u00e9rum en gros plan\" aria-hidden=\"true\" \/><img decoding=\"async\" width=\"247\" height=\"296\" src=\"https:\/\/fitnfemale.com\/wp-content\/uploads\/womens-whey-isolate25-247x296.jpg\" class=\"attachment-woocommerce_thumbnail size-woocommerce_thumbnail\" alt=\"isolat de lactos\u00e9rum pour femmes 25\" \/>\t\t\t\t\t\t\t\t\t<\/a>\n\t\t\t\t\t\t\t\t\t\t\t\t\t\t\t\t\t\t \t\t\t\t\t\t\t\t<\/div>\n\t\t\t\t\t\t\t\t<div class=\"image-tools top right show-on-hover\">\n\t\t\t\t\t\t\t\t\t\t\t\t\t\t\t\t\t<\/div>\n\t\t\t\t\t\t\t\t\t\t\t\t\t\t\t\t\t<div class=\"image-tools grid-tools text-center hide-for-small bottom hover-slide-in show-on-hover\">\n\t\t\t\t\t\t\t\t\t\t\t\t\t\t\t\t\t\t\t<\/div>\n\t\t\t\t\t\t\t\t\t\t\t\t\t\t\t\t\t\t\t\t\t\t\t<\/div>\n\n\t\t\t\t\t\t\t<div class=\"box-text text-center\" >\n\t\t\t\t\t\t\t\t<div class=\"title-wrapper\"><p class=\"name product-title woocommerce-loop-product__title\"><a href=\"https:\/\/fitnfemale.com\/fr\/produit\/whey-isolate\/\" class=\"woocommerce-LoopProduct-link woocommerce-loop-product__link\">Women's Whey Isolate<\/a><\/p><\/div><div class=\"price-wrapper\">\n\t<span class=\"price\"><span class=\"wcpbc-price wcpbc-price-33575\" data-product-id=\"33575\"><span class=\"woocommerce-Price-amount amount\"><bdi><span class=\"woocommerce-Price-currencySymbol\">\u20ac<\/span>\u00a027.90<\/bdi><\/span> <small class=\"woocommerce-price-suffix\">TVA incluse<\/small><\/span><\/span>\n<\/div>\t\t\t\t\t\t\t<\/div>\n\t\t\t\t\t\t<\/div>\n\t\t\t\t\t\t<\/div>\n\t\t\t\t\t<\/div><\/div>\n\t\t<\/div>\n\t<\/div>\n\t\n<\/div>","protected":false},"excerpt":{"rendered":"<h2>Acidose ou d\u00e9s\u00e9quilibre ? Pas de probl\u00e8me, avec Stay in Balance, tu retrouveras ton \u00e9quilibre en peu de temps.<\/h2>\n<h4>Un produit basique moderne avec une combinaison d'oligo-\u00e9l\u00e9ments basiques &amp; de sels min\u00e9raux qui peut aider \u00e0 soutenir l'\u00e9quilibre acido-basique. <\/h4>\n<p>Le magn\u00e9sium et le calcium assument des fonctions importantes pour les os et les dents et soutiennent la fonction musculaire normale.<\/p>\n<ul>\n<li class=\"bullet-star\">Oligo-\u00e9l\u00e9ments &amp; sels min\u00e9raux de haute qualit\u00e9<\/li>\n<li class=\"bullet-star\">Sans gluten, sans lactose et v\u00e9g\u00e9talien !<\/li>\n<li class=\"bullet-star\">Fabriqu\u00e9 en Allemagne<\/li>\n<li class=\"bullet-star\">Un d\u00e9licieux go\u00fbt l\u00e9ger et rafra\u00eechissant de past\u00e8que<\/li>\n<li class=\"bullet-star\">Pour m\u00e9langer une boisson<\/li>\n<li class=\"bullet-star\">Sans gluten, sans lactose et v\u00e9g\u00e9talien !<\/li>\n<\/ul>","protected":false},"featured_media":698364,"comment_status":"open","ping_status":"closed","template":"","meta":{"slim_seo":{"title":"Women's Whey Isolate - FitNFemale\u00ae","description":"Fait av\u00e9r\u00e9\u00a0: on s\u2019en tient aux bonnes choses, et ce shake en fait partie. Optimisez vos performances sportives avec l\u2019isolat de whey pour femmes. Sa formule \u00e0 base d\u2019isolat de prot\u00e9ines 97% en fait partie."}},"product_brand":[],"product_cat":[6361,317,619,401],"product_tag":[],"class_list":{"0":"post-336566","1":"product","2":"type-product","3":"status-publish","4":"has-post-thumbnail","6":"product_cat-promo-60","7":"product_cat-abnehmen","8":"product_cat-fitness-drink","9":"product_cat-health","10":"pa_anwendungsbereiche-better-digestion","11":"pa_anwendungsbereiche-health","12":"pa_marke-fitnfemale","13":"pa_misc-glutenfree","14":"pa_misc-lactosefree","15":"pa_misc-vegetarian","16":"pa_nutritionfactinfo-glutenfree","17":"pa_nutritionfactinfo-nocarbs","18":"pa_nutritionfactinfo-lowcalories","19":"pa_schwangerschaft-geeignet","20":"pa_stillzeit-geeignet","21":"pa_vegan-ja","23":"first","24":"outofstock","25":"featured","26":"taxable","27":"shipping-taxable","28":"purchasable","29":"product-type-variable","30":"has-default-attributes"},"bundled_by":["627259"],"bundle_stock_status":"outofstock","bundle_stock_quantity":null,"bundle_virtual":false,"bundle_layout":"","bundle_add_to_cart_form_location":"","bundle_editable_in_cart":false,"bundle_sold_individually_context":"","bundle_item_grouping":"","bundle_min_size":"","bundle_max_size":"","bundle_price":[],"bundled_items":[],"bundle_sell_ids":[],"gallery_images":[589122,673691,407254,571466],"_links":{"self":[{"href":"https:\/\/fitnfemale.com\/fr\/wp-json\/wp\/v2\/product\/336566","targetHints":{"allow":["GET"]}}],"collection":[{"href":"https:\/\/fitnfemale.com\/fr\/wp-json\/wp\/v2\/product"}],"about":[{"href":"https:\/\/fitnfemale.com\/fr\/wp-json\/wp\/v2\/types\/product"}],"replies":[{"embeddable":true,"href":"https:\/\/fitnfemale.com\/fr\/wp-json\/wp\/v2\/comments?post=336566"}],"wp:featuredmedia":[{"embeddable":true,"href":"https:\/\/fitnfemale.com\/fr\/wp-json\/wp\/v2\/media\/698364"}],"wp:attachment":[{"href":"https:\/\/fitnfemale.com\/fr\/wp-json\/wp\/v2\/media?parent=336566"}],"wp:term":[{"taxonomy":"product_brand","embeddable":true,"href":"https:\/\/fitnfemale.com\/fr\/wp-json\/wp\/v2\/product_brand?post=336566"},{"taxonomy":"product_cat","embeddable":true,"href":"https:\/\/fitnfemale.com\/fr\/wp-json\/wp\/v2\/product_cat?post=336566"},{"taxonomy":"product_tag","embeddable":true,"href":"https:\/\/fitnfemale.com\/fr\/wp-json\/wp\/v2\/product_tag?post=336566"}],"curies":[{"name":"wp","href":"https:\/\/api.w.org\/{rel}","templated":true}]}}