{"id":336558,"date":"2019-09-24T20:02:30","date_gmt":"2019-09-24T19:02:30","guid":{"rendered":"https:\/\/fitnfemale.com\/?post_type=product&#038;p=336558"},"modified":"2026-04-12T09:11:32","modified_gmt":"2026-04-12T08:11:32","slug":"womens-biotics-probiotika","status":"publish","type":"product","link":"https:\/\/fitnfemale.com\/fr\/produit\/womens-biotics-probiotika\/","title":{"rendered":"Women\u2019s Biotics"},"content":{"rendered":"<div class=\"img has-hover img-details x md-x lg-x y md-y lg-y\" id=\"image_475311604\">\n\t\t\t\t\t\t\t\t<div class=\"img-inner dark\" >\n\t\t\t<img decoding=\"async\" width=\"1020\" height=\"569\" src=\"https:\/\/fitnfemale.com\/wp-content\/uploads\/womensbiotics-closeup6.webp\" class=\"attachment-large size-large\" alt=\"Gros plan sur Womensbiotics6\" srcset=\"https:\/\/fitnfemale.com\/wp-content\/uploads\/womensbiotics-closeup6.webp 1376w, https:\/\/fitnfemale.com\/wp-content\/uploads\/womensbiotics-closeup6-717x400.webp 717w, https:\/\/fitnfemale.com\/wp-content\/uploads\/womensbiotics-closeup6-768x429.webp 768w, https:\/\/fitnfemale.com\/wp-content\/uploads\/womensbiotics-closeup6-18x10.webp 18w, https:\/\/fitnfemale.com\/wp-content\/uploads\/womensbiotics-closeup6-1000x558.webp 1000w\" sizes=\"(max-width: 1020px) 100vw, 1020px\" \/>\t\t\t\t\t\t\n\t\t\t\t\t<\/div>\n\t\t\t\t\t\t\t\t\n<style>\n#image_475311604 {\n  width: 100%;\n}\n<\/style>\n\t<\/div>\n\t\n<ul>\n<li class=\"bullet-star\">Sp\u00e9cialement formul\u00e9 pour les femmes : Optimis\u00e9 pour r\u00e9pondre aux besoins nutritionnels sp\u00e9cifiques des femmes.<\/li>\n<li class=\"bullet-star\">Composition unique : Une combinaison soigneusement s\u00e9lectionn\u00e9e d'ingr\u00e9dients pour une efficacit\u00e9 optimale.<\/li>\n<li class=\"bullet-star\">Best-seller : \u00c9prouv\u00e9 et appr\u00e9ci\u00e9 par de nombreux clients satisfaits.<\/li>\n<li class=\"bullet-star\">Meilleure solubilit\u00e9 dans l'eau : Facile \u00e0 m\u00e9langer et agr\u00e9able au go\u00fbt.<\/li>\n<li class=\"bullet-star\">La solution sans stress et d\u00e9licieuse : Une mani\u00e8re d\u00e9licieuse de soutenir votre bien-\u00eatre.<\/li>\n<\/ul>\n\t<div id=\"gap-1481525358\" class=\"gap-element clearfix show-for-medium\" style=\"display:block; height:auto;\">\n\t\t\n<style>\n#gap-1481525358 {\n  padding-top: 30px;\n}\n<\/style>\n\t<\/div>\n\t\n<p>Les probiotiques contribuent au maintien d'une flore intestinale saine. Une flore intestinale saine soutient le bien-\u00eatre g\u00e9n\u00e9ral et peut aider \u00e0 maintenir une digestion normale.<\/p>\n\n\t<section class=\"section\" id=\"section_2012071666\">\n\t\t<div class=\"section-bg fill\" >\n\t\t\t\t\t\t\t\t\t\n\t\t\t\n\n\t\t<\/div>\n\n\t\t\n\n\t\t<div class=\"section-content relative\">\n\t\t\t\n<div class=\"row\"  id=\"row-1164471530\">\n\n\t<div id=\"col-1836671989\" class=\"col medium-5 small-12 large-5\"  >\n\t\t\t\t<div class=\"col-inner\"  >\n\t\t\t\n\t\t\t\n<h3 class=\"uppercase\">Avantages d'une flore intestinale saine<\/h3>\n<ul>\n<li class=\"bullet-arrow\">Favorise la digestion<\/li>\n<li class=\"bullet-arrow\">Moins de ballonnements<\/li>\n<li class=\"bullet-arrow\">Soutien au contr\u00f4le du poids<\/li>\n<li class=\"bullet-arrow\">Bien-\u00eatre g\u00e9n\u00e9ral<\/li>\n<li class=\"bullet-arrow\">R\u00e9duction des fringales<\/li>\n<li class=\"bullet-arrow\">Soutien de la sant\u00e9 de la peau<\/li>\n<\/ul>\n\t\t<\/div>\n\t\t\t\t\n<style>\n#col-1836671989 > .col-inner {\n  padding: 0 0px 0px 0px;\n  margin: 0 0px 0px 0px;\n}\n<\/style>\n\t<\/div>\n\n\t\n\n\t<div id=\"col-1876838170\" class=\"col medium-7 small-12 large-7\"  >\n\t\t\t\t<div class=\"col-inner\"  >\n\t\t\t\n\t\t\t\n\n  <div class=\"banner has-hover has-video\" id=\"banner-958612499\">\n          <div class=\"banner-inner fill\">\n        <div class=\"banner-bg fill\" >\n                        \t<div class=\"video-overlay no-click fill visible\"><\/div>\n\t<video class=\"video-bg fill visible\" preload playsinline autoplay muted loop>\n\t\t<source src=\"https:\/\/fitnfemale.com\/wp-content\/uploads\/BioticGif.mp4\" type=\"video\/mp4\">\t<\/video>\n                        \n                    <\/div>\n\t\t\n        <div class=\"banner-layers container\">\n            <div class=\"fill banner-link\"><\/div>            \n        <\/div>\n      <\/div>\n\n            \n<style>\n#banner-958612499 {\n  padding-top: 99.99%;\n}\n@media (min-width:550px) {\n  #banner-958612499 {\n    padding-top: 500px;\n  }\n}\n<\/style>\n  <\/div>\n\n\n\t<div id=\"gap-1550553414\" class=\"gap-element clearfix\" style=\"display:block; height:auto;\">\n\t\t\n<style>\n#gap-1550553414 {\n  padding-top: 30px;\n}\n<\/style>\n\t<\/div>\n\t\n\t\t<\/div>\n\t\t\t\t\n<style>\n#col-1876838170 > .col-inner {\n  padding: 0 0px 0px 0px;\n  margin: 0 0px 0px 0px;\n  border-radius: 10px;\n}\n<\/style>\n\t<\/div>\n\n\t\n\n<style>\n#row-1164471530 > .col > .col-inner {\n  padding: 50px 0px 0px 0px;\n}\n<\/style>\n<\/div>\n\t\t<\/div>\n\n\t\t\n<style>\n#section_2012071666 {\n  padding-top: 10px;\n  padding-bottom: 10px;\n  background-color: rgb(252, 237, 238);\n}\n<\/style>\n\t<\/section>\n\t\n<div class=\"accordion\">\n\t<div id=\"accordion-3543717471\" class=\"accordion-item\">\n\t\t<a id=\"accordion-3543717471-label\" class=\"accordion-title plain\" href=\"#accordion-item-inhaltsstoffe\" aria-expanded=\"false\" aria-controls=\"accordion-3543717471-content\">\n\t\t\t<button class=\"toggle\" aria-label=\"Basculer\"><i class=\"icon-angle-down\" aria-hidden=\"true\"><\/i><\/button>\n\t\t\t<span>Ingr\u00e9dients<\/span>\n\t\t<\/a>\n\t\t<div id=\"accordion-3543717471-content\" class=\"accordion-inner\" aria-labelledby=\"accordion-3543717471-label\">\n\t\t\t\n<table class=\"ffnf-clean-table\">\n<thead>\n<tr>\n<th>Ingr\u00e9dients<\/th>\n<th>Portion (10 g)<\/th>\n<\/tr>\n<\/thead>\n<tbody>\n<tr>\n<td>cultures probiotiques<\/td>\n<td>10 milliards d&#039;UFC<\/td>\n<\/tr>\n<tr>\n<td>Inuline<\/td>\n<td>7,4 g<\/td>\n<\/tr>\n<tr>\n<td>L-glutamine<\/td>\n<td>1,0 g<\/td>\n<\/tr>\n<tr>\n<td>molybd\u00e8ne<\/td>\n<td>50,2 \u00b5g<\/td>\n<\/tr>\n<tr>\n<td>l\u00e9cithine de tournesol<\/td>\n<td>1,0 g<\/td>\n<\/tr>\n<tr>\n<td>Lactase (7 500 FCC-U)<\/td>\n<td>0,3 g<\/td>\n<\/tr>\n<\/tbody>\n<\/table>\n\t\t<\/div>\n\t<\/div>\n\t\n\t<div id=\"accordion-3626502296\" class=\"accordion-item\">\n\t\t<a id=\"accordion-3626502296-label\" class=\"accordion-title plain\" href=\"#accordion-item-n\u00e4hrwerte\" aria-expanded=\"false\" aria-controls=\"accordion-3626502296-content\">\n\t\t\t<button class=\"toggle\" aria-label=\"Basculer\"><i class=\"icon-angle-down\" aria-hidden=\"true\"><\/i><\/button>\n\t\t\t<span>Valeurs nutritives<\/span>\n\t\t<\/a>\n\t\t<div id=\"accordion-3626502296-content\" class=\"accordion-inner\" aria-labelledby=\"accordion-3626502296-label\">\n\t\t\t\n<table class=\"ffnf-clean-table\">\n<thead>\n<tr>\n<th>Valeurs nutritives<\/th>\n<th>Portion (10 g)<\/th>\n<\/tr>\n<\/thead>\n<tbody>\n<tr>\n<td>\u00c9nergie<\/td>\n<td>124 kJ \/ 30 kcal<\/td>\n<\/tr>\n<tr>\n<td>Graisse<br \/>- dont acides gras satur\u00e9s<\/td>\n<td>0,9 g<br \/>&lt; 0,1 g<\/td>\n<\/tr>\n<tr>\n<td class=\"translation-block\">Glucides<br>\u2013 dont sucres<\/td>\n<td>1,0 g<br \/>0,7 g<\/td>\n<\/tr>\n<tr>\n<td>Fibres alimentaires<\/td>\n<td>6,5 g<\/td>\n<\/tr>\n<tr>\n<td>Prot\u00e9ines<\/td>\n<td>1,2 g<\/td>\n<\/tr>\n<tr>\n<td>Sel<\/td>\n<td>&lt; 0,1 g<\/td>\n<\/tr>\n<\/tbody>\n<\/table>\n\t\t<\/div>\n\t<\/div>\n\t\n\t<div id=\"accordion-2376312796\" class=\"accordion-item\">\n\t\t<a id=\"accordion-2376312796-label\" class=\"accordion-title plain\" href=\"#accordion-item-probiotika-kulturen\" aria-expanded=\"false\" aria-controls=\"accordion-2376312796-content\">\n\t\t\t<button class=\"toggle\" aria-label=\"Basculer\"><i class=\"icon-angle-down\" aria-hidden=\"true\"><\/i><\/button>\n\t\t\t<span>cultures probiotiques<\/span>\n\t\t<\/a>\n\t\t<div id=\"accordion-2376312796-content\" class=\"accordion-inner\" aria-labelledby=\"accordion-2376312796-label\">\n\t\t\t\n<table class=\"ffnf-clean-table\">\n<thead>\n<tr>\n<th>cultures probiotiques<\/th>\n<th>Portion (10 g)<\/th>\n<\/tr>\n<\/thead>\n<tbody>\n<tr>\n<td>Lactobacillus acidophilus<\/td>\n<td>2,3 milliards d&#039;UFC<\/td>\n<\/tr>\n<tr>\n<td>Bifidobacterium longum<\/td>\n<td>2,3 milliards d&#039;UFC<\/td>\n<\/tr>\n<tr>\n<td>Lactobacillus casei<\/td>\n<td>2,3 milliards d&#039;UFC<\/td>\n<\/tr>\n<tr>\n<td>Bifidobacterium lactis<\/td>\n<td>0,8 milliard d&#039;UFC<\/td>\n<\/tr>\n<tr>\n<td>Bifidobacterium breve<\/td>\n<td>0,8 milliard d&#039;UFC<\/td>\n<\/tr>\n<tr>\n<td>Lactococcus lactis susp. lactis<\/td>\n<td>0,8 milliard d&#039;UFC<\/td>\n<\/tr>\n<tr>\n<td>Bifidobacterium bifidum<\/td>\n<td>0,8 milliard d&#039;UFC<\/td>\n<\/tr>\n<\/tbody>\n<\/table>\n\t\t<\/div>\n\t<\/div>\n\t\n\t<div id=\"accordion-4230340308\" class=\"accordion-item\">\n\t\t<a id=\"accordion-4230340308-label\" class=\"accordion-title plain\" href=\"#accordion-item-was-ist-laktase?\" aria-expanded=\"false\" aria-controls=\"accordion-4230340308-content\">\n\t\t\t<button class=\"toggle\" aria-label=\"Basculer\"><i class=\"icon-angle-down\" aria-hidden=\"true\"><\/i><\/button>\n\t\t\t<span>Qu'est-ce que la lactase ?<\/span>\n\t\t<\/a>\n\t\t<div id=\"accordion-4230340308-content\" class=\"accordion-inner\" aria-labelledby=\"accordion-4230340308-label\">\n\t\t\t\n<p>La lactase est une enzyme responsable, entre autres, de la d\u00e9composition du sucre du lait (lactose). La lactase favorise donc la digestion des produits laitiers.<\/p>\n\t\t<\/div>\n\t<\/div>\n\t\n\t<div id=\"accordion-3531073574\" class=\"accordion-item\">\n\t\t<a id=\"accordion-3531073574-label\" class=\"accordion-title plain\" href=\"#accordion-item-was-bedeutet-aktivierungszeit?\" aria-expanded=\"false\" aria-controls=\"accordion-3531073574-content\">\n\t\t\t<button class=\"toggle\" aria-label=\"Basculer\"><i class=\"icon-angle-down\" aria-hidden=\"true\"><\/i><\/button>\n\t\t\t<span>Que signifie le temps d'activation ?<\/span>\n\t\t<\/a>\n\t\t<div id=\"accordion-3531073574-content\" class=\"accordion-inner\" aria-labelledby=\"accordion-3531073574-label\">\n\t\t\t\n<p>Il est judicieux de laisser reposer la boisson pr\u00e9par\u00e9e pendant 10 minutes avant de la consommer. Ainsi, les bact\u00e9ries intestinales qu'elle contient peuvent se d\u00e9velopper de mani\u00e8re optimale.<\/p>\n\t\t<\/div>\n\t<\/div>\n\t\n\t<div id=\"accordion-1592973789\" class=\"accordion-item\">\n\t\t<a id=\"accordion-1592973789-label\" class=\"accordion-title plain\" href=\"#accordion-item-allgemeines-zu-darmbakterien\" aria-expanded=\"false\" aria-controls=\"accordion-1592973789-content\">\n\t\t\t<button class=\"toggle\" aria-label=\"Basculer\"><i class=\"icon-angle-down\" aria-hidden=\"true\"><\/i><\/button>\n\t\t\t<span>G\u00e9n\u00e9ralit\u00e9s sur les bact\u00e9ries intestinales<\/span>\n\t\t<\/a>\n\t\t<div id=\"accordion-1592973789-content\" class=\"accordion-inner\" aria-labelledby=\"accordion-1592973789-label\">\n\t\t\t\n<p>Beaucoup de gens associent encore les bact\u00e9ries \u00e0 quelque chose de n\u00e9gatif et pensent que toutes les bact\u00e9ries sont nuisibles. Si ces m\u00eames personnes savaient qu'un humain moyen est compos\u00e9 d'environ 1,5 kilogramme de bact\u00e9ries, elles en seraient probablement d\u00e9go\u00fbt\u00e9es. Ces bact\u00e9ries, qui comptent en tout 400-500 esp\u00e8ces diff\u00e9rentes, sont loin d'\u00eatre toutes nuisibles pour nous.<\/p>\n<p>Une grande partie de ces bact\u00e9ries vivent dans notre intestin et jouent un r\u00f4le essentiel dans notre bien-\u00eatre. \u00c9galement appel\u00e9es flore intestinale, elles accomplissent de nombreuses t\u00e2ches importantes, comme la digestion des aliments. Sans notre flore intestinale, nous ne pourrions absorber qu&#039;une fraction des nutriments dont nous avons besoin. De plus, ces \u201e bonnes \u201c bact\u00e9ries emp\u00eachent la prolif\u00e9ration incontr\u00f4l\u00e9e de bact\u00e9ries potentiellement nocives dans l&#039;intestin.<\/p>\n<p>Il est important de maintenir une flore intestinale \u00e9quilibr\u00e9e. Soutenir sa flore intestinale est particuli\u00e8rement crucial apr\u00e8s un traitement antibiotique, car les antibiotiques ne font pas la distinction entre les bact\u00e9ries b\u00e9n\u00e9fiques et les bact\u00e9ries nocives. Avant de vous expliquer comment soutenir votre flore intestinale, il est important de savoir reconna\u00eetre les sympt\u00f4mes d&#039;un d\u00e9s\u00e9quilibre.<\/p>\n<p>Tu trouveras plus d'informations sur le sujet dans l'article sp\u00e9cialis\u00e9 <a href=\"https:\/\/fitnfemale.com\/fr\/darmgesundheit-die-besten-strategien-fuer-einen-gesunden-darm\/\" target=\"_blank\" rel=\"noopener noreferrer\">Sant\u00e9 intestinale - Les meilleures strat\u00e9gies pour un intestin sain<\/a><\/p>\n\t\t<\/div>\n\t<\/div>\n\t\n\t<div id=\"accordion-2128349396\" class=\"accordion-item\">\n\t\t<a id=\"accordion-2128349396-label\" class=\"accordion-title plain\" href=\"#accordion-item-die-perfekte-einnahme-von-women&#039;s-biotics\" aria-expanded=\"false\" aria-controls=\"accordion-2128349396-content\">\n\t\t\t<button class=\"toggle\" aria-label=\"Basculer\"><i class=\"icon-angle-down\" aria-hidden=\"true\"><\/i><\/button>\n\t\t\t<span>La prise parfaite de Women's Biotics<\/span>\n\t\t<\/a>\n\t\t<div id=\"accordion-2128349396-content\" class=\"accordion-inner\" aria-labelledby=\"accordion-2128349396-label\">\n\t\t\t\n\t<div class=\"img has-hover x md-x lg-x y md-y lg-y\" id=\"image_747786079\">\n\t\t\t\t\t\t\t\t<div class=\"img-inner dark\" >\n\t\t\t<img decoding=\"async\" width=\"1020\" height=\"569\" src=\"https:\/\/fitnfemale.com\/wp-content\/uploads\/womensbiotics-closeup5.webp\" class=\"attachment-large size-large\" alt=\"Gros plan sur Womensbiotics5\" srcset=\"https:\/\/fitnfemale.com\/wp-content\/uploads\/womensbiotics-closeup5.webp 1376w, https:\/\/fitnfemale.com\/wp-content\/uploads\/womensbiotics-closeup5-717x400.webp 717w, https:\/\/fitnfemale.com\/wp-content\/uploads\/womensbiotics-closeup5-768x429.webp 768w, https:\/\/fitnfemale.com\/wp-content\/uploads\/womensbiotics-closeup5-18x10.webp 18w, https:\/\/fitnfemale.com\/wp-content\/uploads\/womensbiotics-closeup5-1000x558.webp 1000w\" sizes=\"(max-width: 1020px) 100vw, 1020px\" \/>\t\t\t\t\t\t\n\t\t\t\t\t<\/div>\n\t\t\t\t\t\t\t\t\n<style>\n#image_747786079 {\n  width: 100%;\n}\n<\/style>\n\t<\/div>\n\t\n<ul>\n<li class=\"bullet-star\">Women's Biotics doit toujours \u00eatre pris en dehors des repas, de pr\u00e9f\u00e9rence le matin, au lever, \u00e0 jeun.<\/li>\n<li class=\"bullet-star\">Apr\u00e8s la prise, il faut attendre au moins 30 minutes avant le prochain repas.<\/li>\n<li class=\"bullet-star\">La prise avant le sommeil est une alternative \u00e0 la prise matinale. Dans ce cas, il faut veiller \u00e0 ce que le dernier repas remonte \u00e0 2 ou 3 heures.<\/li>\n<li class=\"bullet-star\">Respecter le temps d'activation de 10 minutes (voir d\u00e9tails ci-dessus)<\/li>\n<\/ul>\n\t\t<\/div>\n\t<\/div>\n\t\n<\/div>\n\t<div id=\"gap-1494580011\" class=\"gap-element clearfix hide-for-small\" style=\"display:block; height:auto;\">\n\t\t\n<style>\n#gap-1494580011 {\n  padding-top: 0px;\n}\n@media (min-width:550px) {\n  #gap-1494580011 {\n    padding-top: 30px;\n  }\n}\n<\/style>\n\t<\/div>\n\t\n<div class=\"row align-equal align-center\"  id=\"row-722033830\">\n\n\t<div id=\"col-1352771483\" class=\"col medium-8 small-12 large-8\"  >\n\t\t\t\t<div class=\"col-inner text-center\"  >\n\t\t\t\n\t\t\t\n\t<div id=\"text-2847180479\" class=\"text\">\n\t\t\n<h4 class=\"uppercase\">Pourquoi des probiotiques, pourquoi Women's Biotics ?<\/h4>\n\t\t\n<style>\n#text-2847180479 {\n  font-size: 1.1rem;\n  line-height: 1.5;\n  text-align: center;\n}\n@media (min-width:550px) {\n  #text-2847180479 {\n    text-align: center;\n  }\n}\n<\/style>\n\t<\/div>\n\t\n<div style=\"position: relative; padding-top: 125%;\"><iframe style=\"border: none; position: absolute; top: 0; left: 0; height: 100%; width: 100%;\" src=\"https:\/\/customer-8lijnwgk5zjwtm39.cloudflarestream.com\/f2b260e01ad34a7700e2d8941193fd22\/iframe?poster=https%3A%2F%2Fcustomer-8lijnwgk5zjwtm39.cloudflarestream.com%2Ff2b260e01ad34a7700e2d8941193fd22%2Fthumbnails%2Fthumbnail.jpg%3Ftime%3D%26height%3D600\" allowfullscreen=\"allowfullscreen\"><\/iframe><\/div>\n\t\t<\/div>\n\t\t\t\t\n<style>\n#col-1352771483 > .col-inner {\n  padding: 20px 0px 20px 0px;\n}\n@media (min-width:550px) {\n  #col-1352771483 > .col-inner {\n    padding: 20px 50px 20px 50px;\n  }\n}\n<\/style>\n\t<\/div>\n\n\t\n\n<style>\n#row-722033830 > .col > .col-inner {\n  padding: 20px 20px 20px 20px;\n  background-color: rgb(252, 237, 238);\n}\n<\/style>\n<\/div>","protected":false},"excerpt":{"rendered":"<h2>C'est avec une bonne intuition que l'on prend les meilleures d\u00e9cisions.<\/h2>\n<h4>Notre intestin joue un r\u00f4le crucial dans notre corps et contribue \u00e0 notre bien-\u00eatre g\u00e9n\u00e9ral.<\/h4>\n<ul>\n<li class=\"bullet-star\">Favorise la digestion : Notre m\u00e9lange contient 10 milliards de cultures probiotiques par portion.<\/li>\n<li class=\"bullet-star\">Enzyme lactase pour une meilleure tol\u00e9rance des produits laitiers.<\/li>\n<li class=\"bullet-star\">Soutient la sant\u00e9 intestinale : Chaque portion contient 64 % de fibres qui peuvent contribuer \u00e0 une alimentation \u00e9quilibr\u00e9e.<\/li>\n<li class=\"bullet-star\">Choix sain : V\u00e9g\u00e9talien, sans gluten et sans lactose, ce qui en fait une excellente option pour une alimentation \u00e9quilibr\u00e9e.<\/li>\n<li class=\"bullet-star\">\u00c9cologique : Emballage 100 % recyclable pour un avenir plus durable.<\/li>\n<\/ul>","protected":false},"featured_media":955288,"comment_status":"open","ping_status":"closed","template":"","meta":{"slim_seo":{"title":"Biotics pour femmes - FitNFemale\u00ae","description":"Les meilleures d\u00e9cisions se prennent souvent en suivant son intuition. Notre intestin joue un r\u00f4le important dans l&#039;organisme et contribue \u00e0 notre bien-\u00eatre g\u00e9n\u00e9ral."}},"product_brand":[],"product_cat":[6364,317,6629,619,401],"product_tag":[],"class_list":{"0":"post-336558","1":"product","2":"type-product","3":"status-publish","4":"has-post-thumbnail","6":"product_cat-promo-30","7":"product_cat-abnehmen","8":"product_cat-basic","9":"product_cat-fitness-drink","10":"product_cat-health","11":"pa_anwendungsbereiche-better-digestion","12":"pa_anwendungsbereiche-weightloss","13":"pa_anwendungsbereiche-skin-hair-nails","14":"pa_anwendungsbereiche-immune-system","15":"pa_anwendungsbereiche-metabolism","16":"pa_marke-fitnfemale","17":"pa_misc-glutenfree","18":"pa_misc-lactosefree","19":"pa_misc-vegetarian","20":"pa_schwangerschaft-geeignet","21":"pa_stillzeit-geeignet","22":"pa_vegan-ja","24":"first","25":"instock","26":"featured","27":"taxable","28":"shipping-taxable","29":"purchasable","30":"product-type-variable","31":"has-default-attributes"},"bundled_by":["348815","545696","627259"],"bundle_stock_status":"instock","bundle_stock_quantity":null,"bundle_virtual":false,"bundle_layout":"","bundle_add_to_cart_form_location":"","bundle_editable_in_cart":false,"bundle_sold_individually_context":"","bundle_item_grouping":"","bundle_min_size":"","bundle_max_size":"","bundle_price":[],"bundled_items":[],"bundle_sell_ids":[],"gallery_images":[955292,955293,908759,955297,955298,906980,955294,955296],"_links":{"self":[{"href":"https:\/\/fitnfemale.com\/fr\/wp-json\/wp\/v2\/product\/336558","targetHints":{"allow":["GET"]}}],"collection":[{"href":"https:\/\/fitnfemale.com\/fr\/wp-json\/wp\/v2\/product"}],"about":[{"href":"https:\/\/fitnfemale.com\/fr\/wp-json\/wp\/v2\/types\/product"}],"replies":[{"embeddable":true,"href":"https:\/\/fitnfemale.com\/fr\/wp-json\/wp\/v2\/comments?post=336558"}],"wp:featuredmedia":[{"embeddable":true,"href":"https:\/\/fitnfemale.com\/fr\/wp-json\/wp\/v2\/media\/955288"}],"wp:attachment":[{"href":"https:\/\/fitnfemale.com\/fr\/wp-json\/wp\/v2\/media?parent=336558"}],"wp:term":[{"taxonomy":"product_brand","embeddable":true,"href":"https:\/\/fitnfemale.com\/fr\/wp-json\/wp\/v2\/product_brand?post=336558"},{"taxonomy":"product_cat","embeddable":true,"href":"https:\/\/fitnfemale.com\/fr\/wp-json\/wp\/v2\/product_cat?post=336558"},{"taxonomy":"product_tag","embeddable":true,"href":"https:\/\/fitnfemale.com\/fr\/wp-json\/wp\/v2\/product_tag?post=336558"}],"curies":[{"name":"wp","href":"https:\/\/api.w.org\/{rel}","templated":true}]}}