{"id":33575,"date":"2018-04-24T13:03:38","date_gmt":"2018-04-24T12:03:38","guid":{"rendered":"https:\/\/fitnfemale.com\/?post_type=product&#038;p=33575"},"modified":"2026-04-11T00:14:46","modified_gmt":"2026-04-10T23:14:46","slug":"whey-isolate","status":"publish","type":"product","link":"https:\/\/fitnfemale.com\/fr\/produit\/whey-isolate\/","title":{"rendered":"Women's Whey Isolate"},"content":{"rendered":"<div class=\"box has-hover   has-hover box-overlay dark box-text-bottom\" >\n\n\t\t<div class=\"box-image\" >\n\t\t\t<a href=\"http:\/\/img-details\" >\t\t\t<div class=\"\" >\n\t\t\t\t<img decoding=\"async\" width=\"1376\" height=\"768\" src=\"https:\/\/fitnfemale.com\/wp-content\/uploads\/wheyisolate-closeup-15.jpg\" class=\"attachment- size-\" alt=\"isolat de lactos\u00e9rum en gros plan\" srcset=\"https:\/\/fitnfemale.com\/wp-content\/uploads\/wheyisolate-closeup-15.jpg 1376w, https:\/\/fitnfemale.com\/wp-content\/uploads\/wheyisolate-closeup-15-717x400.jpg 717w, https:\/\/fitnfemale.com\/wp-content\/uploads\/wheyisolate-closeup-15-768x429.jpg 768w, https:\/\/fitnfemale.com\/wp-content\/uploads\/wheyisolate-closeup-15-18x10.jpg 18w, https:\/\/fitnfemale.com\/wp-content\/uploads\/wheyisolate-closeup-15-1000x558.jpg 1000w\" sizes=\"(max-width: 1376px) 100vw, 1376px\" \/>\t\t\t\t<div class=\"overlay\" style=\"background-color:1\"><\/div>\t\t\t\t\t\t\t<\/div>\n\t\t\t<\/a>\t\t<\/div>\n\n\t\t<div class=\"box-text text-center\" >\n\t\t\t<div class=\"box-text-inner\">\n\t\t\t\t\n<h2 class=\"uppercase\">Pourquoi l'isolat de whey natif pur est-il meilleur ?<\/h2>\n\t\t\t<\/div>\n\t\t<\/div>\n\t<\/div>\n\t\n<p class=\"translation-block\">As-tu d\u00e9j\u00e0 entendu parler de la prot\u00e9ine de lactos\u00e9rum ? Elle provient du lactos\u00e9rum, un sous-produit de la fabrication du fromage. Mais toutes les prot\u00e9ines de lactos\u00e9rum ne se valent pas. <strong>Le Pure Native Whey Isolate est fabriqu\u00e9 \u00e0 partir de lactos\u00e9rum pur, sans ajout d'enzymes, de cultures de d\u00e9marrage ou d'acides.<\/strong> Cela signifie qu'il est exempt de substances inutiles et qu'il a un niveau d'acide lactique plus bas.<\/p>\n<p class=\"translation-block\">Mais ce n'est pas tout. <strong>Nous veillons \u00e0 ce que le lait utilis\u00e9 pour le Pure Native Whey Isolate provienne de vaches en bonne sant\u00e9 et soit rigoureusement test\u00e9 pour d\u00e9tecter les hormones synth\u00e9tiques et les antibiotiques.<\/strong> Gr\u00e2ce \u00e0 la microfiltration et \u00e0 l'ultrafiltration, la structure des prot\u00e9ines du lait reste intacte.<\/p>\n<p class=\"translation-block\">Le r\u00e9sultat est une <strong>poudre de prot\u00e9ine de haute qualit\u00e9 qui t'aide \u00e0 r\u00e9pondre \u00e0 tes besoins quotidiens en prot\u00e9ines.<\/strong> Avec une teneur minimale en graisses et en lactose, sans OGM, antibiotiques et autres substances inutiles. Et avec un go\u00fbt excellent et une facilit\u00e9 de m\u00e9lange, elle te simplifie la vie tout en prenant soin de ta sant\u00e9.<\/p>\n<div class=\"accordion\">\n\t<div id=\"accordion-4200456895\" class=\"accordion-item\">\n\t\t<a id=\"accordion-4200456895-label\" class=\"accordion-title plain\" href=\"#accordion-item-n\u00e4hrwerte\" aria-expanded=\"false\" aria-controls=\"accordion-4200456895-content\">\n\t\t\t<button class=\"toggle\" aria-label=\"Basculer\"><i class=\"icon-angle-down\" aria-hidden=\"true\"><\/i><\/button>\n\t\t\t<span>Valeurs nutritives<\/span>\n\t\t<\/a>\n\t\t<div id=\"accordion-4200456895-content\" class=\"accordion-inner\" aria-labelledby=\"accordion-4200456895-label\">\n\t\t\t\n\t<div class=\"img has-hover x md-x lg-x y md-y lg-y\" id=\"image_466111487\">\n\t\t\t\t\t\t\t\t<div class=\"img-inner dark\" >\n\t\t\t<img decoding=\"async\" width=\"1433\" height=\"642\" src=\"https:\/\/fitnfemale.com\/wp-content\/uploads\/isolate-facts1.jpg\" class=\"attachment-original size-original\" alt=\"Isoler les faits1\" srcset=\"https:\/\/fitnfemale.com\/wp-content\/uploads\/isolate-facts1.jpg 1433w, https:\/\/fitnfemale.com\/wp-content\/uploads\/isolate-facts1-1000x448.jpg 1000w, https:\/\/fitnfemale.com\/wp-content\/uploads\/isolate-facts1-800x358.jpg 800w, https:\/\/fitnfemale.com\/wp-content\/uploads\/isolate-facts1-1400x627.jpg 1400w, https:\/\/fitnfemale.com\/wp-content\/uploads\/isolate-facts1-768x344.jpg 768w, https:\/\/fitnfemale.com\/wp-content\/uploads\/isolate-facts1-18x8.jpg 18w\" sizes=\"(max-width: 1433px) 100vw, 1433px\" \/>\t\t\t\t\t\t\n\t\t\t\t\t<\/div>\n\t\t\t\t\t\t\t\t\n<style>\n#image_466111487 {\n  width: 100%;\n}\n@media (min-width:550px) {\n  #image_466111487 {\n    width: 100%;\n  }\n}\n<\/style>\n\t<\/div>\n\t\n\t\t<\/div>\n\t<\/div>\n\t\n<\/div>","protected":false},"excerpt":{"rendered":"<h2>Fait : On reste fid\u00e8le aux bonnes choses - et ce shake en fait partie<\/h2>\n<h4>Maximise tes succ\u00e8s de fitness avec le Women's Whey Isolate. Avec sa formule \u00e0 97% de prot\u00e9ines isol\u00e9es, il offre un apport \u00e9lev\u00e9 en prot\u00e9ines, id\u00e9al pour tes objectifs de fitness.<\/h4>\n<ul>\n<li class=\"bullet-star\"><strong>Concentration maximale de prot\u00e9ines :<\/strong> Prot\u00e9ine d'isolat 97% pour une efficacit\u00e9 maximale<\/li>\n<li class=\"bullet-star\"><strong>Faible teneur en graisses et en glucides :<\/strong> Id\u00e9al pour une alimentation \u00e9quilibr\u00e9e<\/li>\n<li class=\"bullet-star translation-block\"><strong>Profil amin\u00e9 optimal :<\/strong> Pour une alimentation \u00e9quilibr\u00e9e et un soutien \u00e0 la forme physique<\/li>\n<li class=\"bullet-star translation-block\"><strong>Convient \u00e0 tous :<\/strong> Sans gluten et faible en lactose pour ceux qui ont des besoins alimentaires sp\u00e9cifiques<\/li>\n<li class=\"bullet-star translation-block\"><strong>D\u00e9licieux go\u00fbt :<\/strong> Disponible en 3 saveurs d\u00e9licieuses \u00e0 d\u00e9guster avec de l'eau ou du lait<\/li>\n<li class=\"bullet-star translation-block\"><strong>Dissolution facile :<\/strong> Avec peu de mousse et une excellente solubilit\u00e9<\/li>\n<li class=\"bullet-star translation-block\"><strong>Excellente qualit\u00e9 :<\/strong> Fabriqu\u00e9 \u00e0 partir de mati\u00e8res premi\u00e8res s\u00e9lectionn\u00e9es aupr\u00e8s des meilleurs fournisseurs<\/li>\n<\/ul>","protected":false},"featured_media":955143,"comment_status":"open","ping_status":"closed","template":"","meta":{"slim_seo":{"title":"Women's Whey Isolate - FitNFemale\u00ae","description":"Fait av\u00e9r\u00e9\u00a0: on s\u2019en tient aux bonnes choses, et ce shake en fait partie. Optimisez vos performances sportives avec l\u2019isolat de whey pour femmes. Sa formule \u00e0 base d\u2019isolat de prot\u00e9ines 97% en fait partie."}},"product_brand":[],"product_cat":[6366,317,1047,394],"product_tag":[],"class_list":{"0":"post-33575","1":"product","2":"type-product","3":"status-publish","4":"has-post-thumbnail","6":"product_cat-promo-10","7":"product_cat-abnehmen","8":"product_cat-fit-strong","9":"product_cat-fitness-shake","10":"pa_anwendungsbereiche-for-your-workout","11":"pa_anwendungsbereiche-muskelversorgung","12":"pa_anwendungsbereiche-shaping","13":"pa_marke-fitnfemale","14":"pa_misc-aspartamfree","15":"pa_misc-glutenfree","16":"pa_misc-vegetarian","17":"pa_nutritionfactinfo-highprotein","18":"pa_nutritionfactinfo-lowcarb","19":"pa_nutritionfactinfo-lowfat","20":"pa_nutritionfactinfo-low-lactose","21":"pa_nutritionfactinfo-lowsugar","22":"pa_schwangerschaft-geeignet","23":"pa_stillzeit-geeignet","24":"pa_vegan-nein","26":"first","27":"instock","28":"featured","29":"taxable","30":"shipping-taxable","31":"purchasable","32":"product-type-variable","33":"has-default-attributes"},"bundled_by":["470906","606937","627104","663238","738321","786591"],"bundle_stock_status":"instock","bundle_stock_quantity":null,"bundle_virtual":false,"bundle_layout":"","bundle_add_to_cart_form_location":"","bundle_editable_in_cart":false,"bundle_sold_individually_context":"","bundle_item_grouping":"","bundle_min_size":"","bundle_max_size":"","bundle_price":[],"bundled_items":[],"bundle_sell_ids":[],"gallery_images":[955146,955147,955150,955149,906744,955148,955172,955144,955145],"_links":{"self":[{"href":"https:\/\/fitnfemale.com\/fr\/wp-json\/wp\/v2\/product\/33575","targetHints":{"allow":["GET"]}}],"collection":[{"href":"https:\/\/fitnfemale.com\/fr\/wp-json\/wp\/v2\/product"}],"about":[{"href":"https:\/\/fitnfemale.com\/fr\/wp-json\/wp\/v2\/types\/product"}],"replies":[{"embeddable":true,"href":"https:\/\/fitnfemale.com\/fr\/wp-json\/wp\/v2\/comments?post=33575"}],"wp:featuredmedia":[{"embeddable":true,"href":"https:\/\/fitnfemale.com\/fr\/wp-json\/wp\/v2\/media\/955143"}],"wp:attachment":[{"href":"https:\/\/fitnfemale.com\/fr\/wp-json\/wp\/v2\/media?parent=33575"}],"wp:term":[{"taxonomy":"product_brand","embeddable":true,"href":"https:\/\/fitnfemale.com\/fr\/wp-json\/wp\/v2\/product_brand?post=33575"},{"taxonomy":"product_cat","embeddable":true,"href":"https:\/\/fitnfemale.com\/fr\/wp-json\/wp\/v2\/product_cat?post=33575"},{"taxonomy":"product_tag","embeddable":true,"href":"https:\/\/fitnfemale.com\/fr\/wp-json\/wp\/v2\/product_tag?post=33575"}],"curies":[{"name":"wp","href":"https:\/\/api.w.org\/{rel}","templated":true}]}}