{"id":288960,"date":"2019-08-12T19:23:15","date_gmt":"2019-08-12T18:23:15","guid":{"rendered":"https:\/\/fitnfemale.com\/?post_type=product&#038;p=288960"},"modified":"2026-04-07T18:00:54","modified_gmt":"2026-04-07T17:00:54","slug":"trinkflasche-eat-sleep-squat-repeat","status":"publish","type":"product","link":"https:\/\/fitnfemale.com\/fr\/produit\/trinkflasche-eat-sleep-squat-repeat\/","title":{"rendered":"Eat. Sleep. Squat. Repeat. Gourde"},"content":{"rendered":"","protected":false},"excerpt":{"rendered":"<h2>Ton fid\u00e8le compagnon en blanc, m\u00eame les jours de rigueur.<\/h2>\n<h4>Gourde pratique pour la gym et les d\u00e9placements.<\/h4>\n<p> 100 % Convient pour les aliments et 100 % ne contient pas de plastifiants dangereux avec une capacit\u00e9 de 750 ml.<\/p>","protected":false},"featured_media":719562,"comment_status":"open","ping_status":"closed","template":"","meta":{"slim_seo":{"title":"Eat. Sleep. Squat. Repeat. Trinkflasche - FitNFemale\u00ae","description":"Votre fid\u00e8le compagnon blanc, m\u00eame lors des journ\u00e9es difficiles. Gourde pratique pour la salle de sport et les d\u00e9placements. 100 % compatible avec les aliments et sans substances nocives."}},"product_brand":[],"product_cat":[6361,6629,283,6217],"product_tag":[],"class_list":{"0":"post-288960","1":"product","2":"type-product","3":"status-publish","4":"has-post-thumbnail","6":"product_cat-promo-60","7":"product_cat-basic","8":"product_cat-equipment","9":"product_cat-trinkflaschen","10":"pa_anwendungsbereiche-for-your-workout","11":"pa_anwendungsbereiche-workout-bottle","12":"pa_anwendungsbereiche-shaking","13":"pa_marke-fitnfemale","14":"pa_misc-bpafree","16":"first","17":"outofstock","18":"taxable","19":"shipping-taxable","20":"purchasable","21":"product-type-simple"},"bundled_by":["627259"],"bundle_stock_status":"outofstock","bundle_stock_quantity":1,"bundle_virtual":false,"bundle_layout":"","bundle_add_to_cart_form_location":"","bundle_editable_in_cart":false,"bundle_sold_individually_context":"","bundle_item_grouping":"","bundle_min_size":"","bundle_max_size":"","bundle_price":[],"bundled_items":[],"bundle_sell_ids":[],"gallery_images":[288964,517334,410620],"_links":{"self":[{"href":"https:\/\/fitnfemale.com\/fr\/wp-json\/wp\/v2\/product\/288960","targetHints":{"allow":["GET"]}}],"collection":[{"href":"https:\/\/fitnfemale.com\/fr\/wp-json\/wp\/v2\/product"}],"about":[{"href":"https:\/\/fitnfemale.com\/fr\/wp-json\/wp\/v2\/types\/product"}],"replies":[{"embeddable":true,"href":"https:\/\/fitnfemale.com\/fr\/wp-json\/wp\/v2\/comments?post=288960"}],"wp:featuredmedia":[{"embeddable":true,"href":"https:\/\/fitnfemale.com\/fr\/wp-json\/wp\/v2\/media\/719562"}],"wp:attachment":[{"href":"https:\/\/fitnfemale.com\/fr\/wp-json\/wp\/v2\/media?parent=288960"}],"wp:term":[{"taxonomy":"product_brand","embeddable":true,"href":"https:\/\/fitnfemale.com\/fr\/wp-json\/wp\/v2\/product_brand?post=288960"},{"taxonomy":"product_cat","embeddable":true,"href":"https:\/\/fitnfemale.com\/fr\/wp-json\/wp\/v2\/product_cat?post=288960"},{"taxonomy":"product_tag","embeddable":true,"href":"https:\/\/fitnfemale.com\/fr\/wp-json\/wp\/v2\/product_tag?post=288960"}],"curies":[{"name":"wp","href":"https:\/\/api.w.org\/{rel}","templated":true}]}}