{"id":265691,"date":"2019-07-20T19:12:37","date_gmt":"2019-07-20T18:12:37","guid":{"rendered":"https:\/\/fitnfemale.com\/?post_type=product&#038;p=265691"},"modified":"2026-04-07T18:01:01","modified_gmt":"2026-04-07T17:01:01","slug":"eat-sleep-squat-repeat-shaker","status":"publish","type":"product","link":"https:\/\/fitnfemale.com\/fr\/produit\/eat-sleep-squat-repeat-shaker\/","title":{"rendered":"Eat. Sleep. Squat. Repeat. Shaker"},"content":{"rendered":"","protected":false},"excerpt":{"rendered":"<h2>Le shaker qui fait bien plus que simplement m\u00e9langer<\/h2>\n<h4>Manger. Dormir. Squatter. Recommencer. \ud83d\udc96 Ce shaker est bien plus qu&#039;un simple accessoire pratique\u00a0: il affirme votre style de vie sportif. \u00c9l\u00e9gant, fonctionnel et id\u00e9al pour votre sac de sport\u00a0!<\/h4>\n<ul>\n<li class=\"bullet-star\">\u00c9tanche et s\u00fbre \u2013 pas une goutte ne se r\u00e9pandra, m\u00eame lors des entra\u00eenements les plus intenses.<\/li>\n<li class=\"bullet-star\">Fabriqu\u00e9 en Europe \u2013 robuste, durable et \u00e9l\u00e9gant.<\/li>\n<li class=\"bullet-star\">100 % Sans BPA et apte au contact alimentaire \u2013 pour votre sant\u00e9.<\/li>\n<li class=\"bullet-star\">Compatible lave-vaisselle \u2013 pour un nettoyage facile et sans effort.<\/li>\n<\/ul>\n<p>Ce shaker est fabriqu\u00e9 dans un mat\u00e9riau durable de haute qualit\u00e9 et poss\u00e8de un bouchon \u00e0 vis s\u00e9curis\u00e9. Id\u00e9al avant ou apr\u00e8s l&#039;entra\u00eenement, ou tout simplement comme accessoire rose d\u00e9coratif au quotidien.<\/p>","protected":false},"featured_media":944041,"comment_status":"open","ping_status":"closed","template":"","meta":{"slim_seo":{"title":"Manger. Dormir. S&#039;accroupir. Recommencer. Shaker - FitNFemale\u00ae","description":"Le shaker qui fait bien plus que m\u00e9langer. Mangez. Dormez. Faites des squats. Recommencez. \ud83d\udc96 Ce shaker est plus qu&#039;un simple accessoire pratique\u00a0: il affirme votre style de vie sportif."}},"product_brand":[],"product_cat":[6362,6629,283,6215],"product_tag":[],"class_list":{"0":"post-265691","1":"product","2":"type-product","3":"status-publish","4":"has-post-thumbnail","6":"product_cat-promo-50","7":"product_cat-basic","8":"product_cat-equipment","9":"product_cat-shaker-equipment","10":"pa_anwendungsbereiche-for-your-workout","11":"pa_anwendungsbereiche-workout-bottle","12":"pa_marke-fitnfemale","13":"pa_misc-bpafree","15":"first","16":"outofstock","17":"taxable","18":"shipping-taxable","19":"purchasable","20":"product-type-simple"},"bundled_by":["663238"],"bundle_stock_status":"outofstock","bundle_stock_quantity":2,"bundle_virtual":false,"bundle_layout":"","bundle_add_to_cart_form_location":"","bundle_editable_in_cart":false,"bundle_sold_individually_context":"","bundle_item_grouping":"","bundle_min_size":"","bundle_max_size":"","bundle_price":[],"bundled_items":[],"bundle_sell_ids":[],"gallery_images":[844893,909471,909430,909426],"_links":{"self":[{"href":"https:\/\/fitnfemale.com\/fr\/wp-json\/wp\/v2\/product\/265691","targetHints":{"allow":["GET"]}}],"collection":[{"href":"https:\/\/fitnfemale.com\/fr\/wp-json\/wp\/v2\/product"}],"about":[{"href":"https:\/\/fitnfemale.com\/fr\/wp-json\/wp\/v2\/types\/product"}],"replies":[{"embeddable":true,"href":"https:\/\/fitnfemale.com\/fr\/wp-json\/wp\/v2\/comments?post=265691"}],"wp:featuredmedia":[{"embeddable":true,"href":"https:\/\/fitnfemale.com\/fr\/wp-json\/wp\/v2\/media\/944041"}],"wp:attachment":[{"href":"https:\/\/fitnfemale.com\/fr\/wp-json\/wp\/v2\/media?parent=265691"}],"wp:term":[{"taxonomy":"product_brand","embeddable":true,"href":"https:\/\/fitnfemale.com\/fr\/wp-json\/wp\/v2\/product_brand?post=265691"},{"taxonomy":"product_cat","embeddable":true,"href":"https:\/\/fitnfemale.com\/fr\/wp-json\/wp\/v2\/product_cat?post=265691"},{"taxonomy":"product_tag","embeddable":true,"href":"https:\/\/fitnfemale.com\/fr\/wp-json\/wp\/v2\/product_tag?post=265691"}],"curies":[{"name":"wp","href":"https:\/\/api.w.org\/{rel}","templated":true}]}}