{"id":217135,"date":"2019-06-01T10:53:57","date_gmt":"2019-06-01T09:53:57","guid":{"rendered":"https:\/\/fitnfemale.com\/?post_type=product&#038;p=217135"},"modified":"2026-04-07T18:12:36","modified_gmt":"2026-04-07T17:12:36","slug":"train","status":"publish","type":"product","link":"https:\/\/fitnfemale.com\/fr\/produit\/train\/","title":{"rendered":"TRAIN \u2013 Avantage"},"content":{"rendered":"<p>Exploite ton plein potentiel avec Train Benefit \u2013 le partenaire ultime pour ta routine d'entra\u00eenement. Nous avons sp\u00e9cialement con\u00e7u Train Benefit pour soutenir non seulement tes muscles, mais ton corps entier pendant et apr\u00e8s des entra\u00eenements intensifs.<\/p>\n<p><strong>Points forts de Train Benefit<\/strong><\/p>\n<ul>\n<li class=\"bullet-star translation-block\"><strong>Formule EAA ultra micronis\u00e9e<\/strong> : Fournit aux muscles des acides amin\u00e9s essentiels que le corps ne peut pas produire lui-m\u00eame.<\/li>\n<li class=\"bullet-star translation-block\"><strong>Magn\u00e9sium (Citrate)<\/strong> : Soutient l'\u00e9quilibre \u00e9lectrolytique et la fonction normale du syst\u00e8me nerveux.<\/li>\n<li class=\"bullet-star translation-block\"><strong>Faible teneur en calories<\/strong> : Seulement 6 calories pour 100 ml de boisson.<\/li>\n<\/ul>\n<p><strong>Plus que de simples acides amin\u00e9s<\/strong><\/p>\n<ul>\n<li class=\"bullet-star translation-block\"><strong>Apport nutritionnel complet<\/strong> : Un m\u00e9lange parfait des neuf acides amin\u00e9s essentiels soutient la construction musculaire et acc\u00e9l\u00e8re la r\u00e9g\u00e9n\u00e9ration.<\/li>\n<li class=\"bullet-star translation-block\"><strong>\u00c9quilibre \u00e9lectrolytique<\/strong> : Maintenez votre performance en pr\u00e9servant votre hydratation, m\u00eame lors d'un entra\u00eenement intensif.<\/li>\n<li class=\"bullet-star translation-block\"><strong>Magn\u00e9sium pour les muscles<\/strong> : Contribue \u00e0 une fonction musculaire normale et r\u00e9duit la fatigue.<\/li>\n<li class=\"bullet-star translation-block\"><strong>Nutriments essentiels pour le syst\u00e8me immunitaire<\/strong> : Une combinaison choisie de vitamines contribue au fonctionnement normal du syst\u00e8me immunitaire.<\/li>\n<\/ul>\n<p>D\u00e9couvrez comment Train Benefit transforme votre entra\u00eenement et vous aide \u00e0 atteindre vos objectifs !<\/p>\n<p>&nbsp;<\/p>\n<div class=\"accordion\">\n\t<div id=\"accordion-244239945\" class=\"accordion-item\">\n\t\t<a id=\"accordion-244239945-label\" class=\"accordion-title plain\" href=\"#accordion-item-n\u00e4hrwerte\" aria-expanded=\"false\" aria-controls=\"accordion-244239945-content\">\n\t\t\t<button class=\"toggle\" aria-label=\"Basculer\"><i class=\"icon-angle-down\" aria-hidden=\"true\"><\/i><\/button>\n\t\t\t<span>Valeurs nutritives<\/span>\n\t\t<\/a>\n\t\t<div id=\"accordion-244239945-content\" class=\"accordion-inner\" aria-labelledby=\"accordion-244239945-label\">\n\t\t\t\n\t<div class=\"img has-hover x md-x lg-x y md-y lg-y\" id=\"image_626125463\">\n\t\t\t\t\t\t\t\t<div class=\"img-inner dark\" >\n\t\t\t<img decoding=\"async\" width=\"1020\" height=\"456\" src=\"https:\/\/fitnfemale.com\/wp-content\/uploads\/facts-train-benefit.jpg\" class=\"attachment-large size-large\" alt=\"Informations sur les avantages du train\" srcset=\"https:\/\/fitnfemale.com\/wp-content\/uploads\/facts-train-benefit.jpg 1199w, https:\/\/fitnfemale.com\/wp-content\/uploads\/facts-train-benefit-1000x447.jpg 1000w, https:\/\/fitnfemale.com\/wp-content\/uploads\/facts-train-benefit-800x358.jpg 800w, https:\/\/fitnfemale.com\/wp-content\/uploads\/facts-train-benefit-768x343.jpg 768w, https:\/\/fitnfemale.com\/wp-content\/uploads\/facts-train-benefit-18x8.jpg 18w\" sizes=\"(max-width: 1020px) 100vw, 1020px\" \/>\t\t\t\t\t\t\n\t\t\t\t\t<\/div>\n\t\t\t\t\t\t\t\t\n<style>\n#image_626125463 {\n  width: 86%;\n}\n<\/style>\n\t<\/div>\n\t\n\t\t<\/div>\n\t<\/div>\n\t\n<\/div>","protected":false},"excerpt":{"rendered":"<h2>Maximise ta performance avec Train Benefit ! D\u00e9couvre la puissance synergique des EAAs ultrafins, des \u00e9lectrolytes et des nutriments essentiels dans une formule tout-en-un.<\/h2>\n<p>Nos EAA hautement d\u00e9velopp\u00e9s, combin\u00e9s avec du magn\u00e9sium et des extraits naturels, sont votre cl\u00e9 pour atteindre de nouveaux sommets d'entra\u00eenement. Profitez de la d\u00e9licieuse saveur mangue-passion, qui transforme chaque s\u00e9ance d'entra\u00eenement en une exp\u00e9rience fruit\u00e9e.<br \/>\nId\u00e9al pour les phases de r\u00e9gime et de renforcement \u2013 Ton entra\u00eenement m\u00e9rite ce coup de pouce !<\/p>","protected":false},"featured_media":916175,"comment_status":"open","ping_status":"closed","template":"","meta":{"slim_seo":{"title":"ENTRA\u00ceNEMENT - Avantage - FitNFemale\u00ae","description":"Maximise ta performance avec Train Benefit ! D\u00e9couvre la puissance synergique des EAAs ultrafins, des \u00e9lectrolytes et des nutriments essentiels dans une formule tout-en-un."}},"product_brand":[],"product_cat":[6364,317,6629,1047,619,401],"product_tag":[],"class_list":{"0":"post-217135","1":"product","2":"type-product","3":"status-publish","4":"has-post-thumbnail","6":"product_cat-promo-30","7":"product_cat-abnehmen","8":"product_cat-basic","9":"product_cat-fit-strong","10":"product_cat-fitness-drink","11":"product_cat-health","12":"pa_anwendungsbereiche-for-your-workout","13":"pa_anwendungsbereiche-muskelversorgung","14":"pa_marke-fitnfemale","15":"pa_misc-aspartamfree","16":"pa_misc-glutenfree","17":"pa_misc-vegetarian","18":"pa_nutritionfactinfo-highprotein","19":"pa_nutritionfactinfo-lactosefree","20":"pa_nutritionfactinfo-lowcalories","21":"pa_nutritionfactinfo-lowcarb","22":"pa_nutritionfactinfo-lowfat","23":"pa_nutritionfactinfo-lowsugar","24":"pa_schwangerschaft-geeignet","25":"pa_stillzeit-geeignet","27":"first","28":"outofstock","29":"taxable","30":"shipping-taxable","31":"purchasable","32":"product-type-variable","33":"has-default-attributes"},"bundled_by":["5439","606937","627104"],"bundle_stock_status":"outofstock","bundle_stock_quantity":null,"bundle_virtual":false,"bundle_layout":"","bundle_add_to_cart_form_location":"","bundle_editable_in_cart":false,"bundle_sold_individually_context":"","bundle_item_grouping":"","bundle_min_size":"","bundle_max_size":"","bundle_price":[],"bundled_items":[],"bundle_sell_ids":[],"gallery_images":[810118,907979,847192,799265,842418,811868,814961,847189],"_links":{"self":[{"href":"https:\/\/fitnfemale.com\/fr\/wp-json\/wp\/v2\/product\/217135","targetHints":{"allow":["GET"]}}],"collection":[{"href":"https:\/\/fitnfemale.com\/fr\/wp-json\/wp\/v2\/product"}],"about":[{"href":"https:\/\/fitnfemale.com\/fr\/wp-json\/wp\/v2\/types\/product"}],"replies":[{"embeddable":true,"href":"https:\/\/fitnfemale.com\/fr\/wp-json\/wp\/v2\/comments?post=217135"}],"wp:featuredmedia":[{"embeddable":true,"href":"https:\/\/fitnfemale.com\/fr\/wp-json\/wp\/v2\/media\/916175"}],"wp:attachment":[{"href":"https:\/\/fitnfemale.com\/fr\/wp-json\/wp\/v2\/media?parent=217135"}],"wp:term":[{"taxonomy":"product_brand","embeddable":true,"href":"https:\/\/fitnfemale.com\/fr\/wp-json\/wp\/v2\/product_brand?post=217135"},{"taxonomy":"product_cat","embeddable":true,"href":"https:\/\/fitnfemale.com\/fr\/wp-json\/wp\/v2\/product_cat?post=217135"},{"taxonomy":"product_tag","embeddable":true,"href":"https:\/\/fitnfemale.com\/fr\/wp-json\/wp\/v2\/product_tag?post=217135"}],"curies":[{"name":"wp","href":"https:\/\/api.w.org\/{rel}","templated":true}]}}