{"id":150323,"date":"2019-03-26T20:49:32","date_gmt":"2019-03-26T19:49:32","guid":{"rendered":"https:\/\/fitnfemale.com\/?post_type=product&#038;p=150323"},"modified":"2026-04-13T15:16:08","modified_gmt":"2026-04-13T14:16:08","slug":"womens-magic-mix","status":"publish","type":"product","link":"https:\/\/fitnfemale.com\/fr\/produit\/womens-magic-mix\/","title":{"rendered":"Women's Magic Mix"},"content":{"rendered":"<div class=\"img has-hover img-details x md-x lg-x y md-y lg-y\" id=\"image_1513706123\">\n\t\t\t\t\t\t\t\t<div class=\"img-inner dark\" >\n\t\t\t<img decoding=\"async\" width=\"1020\" height=\"569\" src=\"https:\/\/fitnfemale.com\/wp-content\/uploads\/magicmix-closeup7.jpg\" class=\"attachment-large size-large\" alt=\"Gros plan sur Magicmix 7\" srcset=\"https:\/\/fitnfemale.com\/wp-content\/uploads\/magicmix-closeup7.jpg 1376w, https:\/\/fitnfemale.com\/wp-content\/uploads\/magicmix-closeup7-717x400.jpg 717w, https:\/\/fitnfemale.com\/wp-content\/uploads\/magicmix-closeup7-768x429.jpg 768w, https:\/\/fitnfemale.com\/wp-content\/uploads\/magicmix-closeup7-18x10.jpg 18w, https:\/\/fitnfemale.com\/wp-content\/uploads\/magicmix-closeup7-1000x558.jpg 1000w\" sizes=\"(max-width: 1020px) 100vw, 1020px\" \/>\t\t\t\t\t\t\n\t\t\t\t\t<\/div>\n\t\t\t\t\t\t\t\t\n<style>\n#image_1513706123 {\n  width: 100%;\n}\n<\/style>\n\t<\/div>\n\t\n<p>Pourquoi le Magic Mix Women's devrait \u00eatre votre nouveau compagnon quotidien:<\/p>\n<ul>\n<li class=\"bullet-star translation-block\"><strong>Sp\u00e9cialement pour les femmes:<\/strong> Parfaitement adapt\u00e9 \u00e0 vos besoins nutritionnels et \u00e0 vos objectifs de gestion de poids.<\/li>\n<li class=\"bullet-star translation-block\"><strong>Glucomannane:<\/strong> Favorise la sensation de sati\u00e9t\u00e9 dans le cadre de votre r\u00e9gime contr\u00f4l\u00e9 en calories.<\/li>\n<li class=\"bullet-star translation-block\"><strong>Grande dose, jusqu'\u00e0 50 portions quotidiennes:<\/strong> Durable et \u00e9conomique.<\/li>\n<li class=\"bullet-star translation-block\"><strong>Composition unique:<\/strong> Seulement les meilleurs ingr\u00e9dients pour votre bien-\u00eatre. Contient des min\u00e9raux essentiels ainsi que des vitamines qui peuvent contribuer \u00e0 maintenir une belle peau, des cheveux sains et des ongles solides.<\/li>\n<li class=\"bullet-star translation-block\"><strong>Meilleure vente::<\/strong>  Populaire aupr\u00e8s des femmes partout !<\/li>\n<li class=\"bullet-star translation-block\"><strong>Excellente solubilit\u00e9 dans l'eau:<\/strong> Facile \u00e0 pr\u00e9parer, sans stress et d\u00e9licieux.<\/li>\n<li class=\"bullet-star translation-block\"><strong>D\u00e9couvrez le secret d'une beaut\u00e9 rayonnante:<\/strong>  La beaut\u00e9 vient de l'int\u00e9rieur, et nous sommes l\u00e0 pour vous aider.<\/li>\n<li class=\"bullet-star translation-block\"><strong>Meilleur go\u00fbt garanti:<\/strong> Venez d\u00e9couvrir par vous-m\u00eame notre go\u00fbt irr\u00e9sistible.<\/li>\n<li class=\"bullet-star translation-block\"><strong>Faible en graisses, sans gluten, v\u00e9gan, sans lactose:<\/strong> S'adapte parfaitement \u00e0 tous les styles de vie.<\/li>\n<li class=\"bullet-star translation-block\"><strong>Riche en ingr\u00e9dients pr\u00e9cieux:<\/strong> Seulement le meilleur pour votre corps.<\/li>\n<\/ul>\n\t<div class=\"img has-hover x md-x lg-x y md-y lg-y\" id=\"image_1929078517\">\n\t\t\t\t\t\t\t\t<div class=\"img-inner dark\" >\n\t\t\t<img decoding=\"async\" width=\"1020\" height=\"569\" src=\"https:\/\/fitnfemale.com\/wp-content\/uploads\/magicmix-closeup14.jpg\" class=\"attachment-large size-large\" alt=\"Gros plan sur Magicmix 14\" srcset=\"https:\/\/fitnfemale.com\/wp-content\/uploads\/magicmix-closeup14.jpg 1376w, https:\/\/fitnfemale.com\/wp-content\/uploads\/magicmix-closeup14-717x400.jpg 717w, https:\/\/fitnfemale.com\/wp-content\/uploads\/magicmix-closeup14-768x429.jpg 768w, https:\/\/fitnfemale.com\/wp-content\/uploads\/magicmix-closeup14-18x10.jpg 18w, https:\/\/fitnfemale.com\/wp-content\/uploads\/magicmix-closeup14-1000x558.jpg 1000w\" sizes=\"(max-width: 1020px) 100vw, 1020px\" \/>\t\t\t\t\t\t\n\t\t\t\t\t<\/div>\n\t\t\t\t\t\t\t\t\n<style>\n#image_1929078517 {\n  width: 100%;\n}\n<\/style>\n\t<\/div>\n\t\n<div class=\"accordion\">\n\t<div id=\"accordion-2705158816\" class=\"accordion-item\">\n\t\t<a id=\"accordion-2705158816-label\" class=\"accordion-title plain\" href=\"#accordion-item-inhaltsstoffe\" aria-expanded=\"false\" aria-controls=\"accordion-2705158816-content\">\n\t\t\t<button class=\"toggle\" aria-label=\"Basculer\"><i class=\"icon-angle-down\" aria-hidden=\"true\"><\/i><\/button>\n\t\t\t<span>Ingr\u00e9dients<\/span>\n\t\t<\/a>\n\t\t<div id=\"accordion-2705158816-content\" class=\"accordion-inner\" aria-labelledby=\"accordion-2705158816-label\">\n\t\t\t\n<table class=\"ffnf-clean-table\">\n<thead>\n<tr>\n<th>Ingr\u00e9dients<\/th>\n<th>Portion (6 g)<\/th>\n<\/tr>\n<\/thead>\n<tbody>\n<tr>\n<td>Inuline<\/td>\n<td>700 mg<\/td>\n<\/tr>\n<tr>\n<td>L-carnitine<\/td>\n<td>518 mg<\/td>\n<\/tr>\n<tr>\n<td>Glucomannane<\/td>\n<td>300 mg<\/td>\n<\/tr>\n<tr>\n<td>extrait de guarana<br \/>\u2013 dont la caf\u00e9ine<\/td>\n<td>273 mg<br \/>60 mg<\/td>\n<\/tr>\n<tr>\n<td>extrait de Garcinia Cambogia<br \/>\u2013 dont HCA<\/td>\n<td>50 mg<br \/>30 mg<\/td>\n<\/tr>\n<tr>\n<td>Extrait de Th\u00e9 Vert<br \/>\u2013 dont l\u2019EGCG<\/td>\n<td>50 mg<br \/>22,5 mg<\/td>\n<\/tr>\n<tr>\n<td>Acide alpha-lipo\u00efque<\/td>\n<td>25 mg<\/td>\n<\/tr>\n<tr>\n<td>Vitamine D<\/td>\n<td>20 \u00b5g<\/td>\n<\/tr>\n<tr>\n<td>Vitamine K<\/td>\n<td>60 \u00b5g<\/td>\n<\/tr>\n<tr>\n<td>Biotine (B7)<\/td>\n<td>2500 \u00b5g<\/td>\n<\/tr>\n<tr>\n<td>Acide pantoth\u00e9nique (B5)<\/td>\n<td>6 mg<\/td>\n<\/tr>\n<tr>\n<td>acide folique<\/td>\n<td>300 \u00b5g<\/td>\n<\/tr>\n<tr>\n<td>calcium<\/td>\n<td>400 mg<\/td>\n<\/tr>\n<tr>\n<td>magn\u00e9sium<\/td>\n<td>200 mg<\/td>\n<\/tr>\n<tr>\n<td>Fer<\/td>\n<td>4,2 mg<\/td>\n<\/tr>\n<tr>\n<td>zinc<\/td>\n<td>3 mg<\/td>\n<\/tr>\n<tr>\n<td>cuivre<\/td>\n<td>0,3 mg<\/td>\n<\/tr>\n<tr>\n<td>mangan\u00e8se<\/td>\n<td>0,6 mg<\/td>\n<\/tr>\n<tr>\n<td>s\u00e9l\u00e9nium<\/td>\n<td>16,5 \u00b5g<\/td>\n<\/tr>\n<tr>\n<td>chrome<\/td>\n<td>12 \u00b5g<\/td>\n<\/tr>\n<tr>\n<td>molybd\u00e8ne<\/td>\n<td>15 \u00b5g<\/td>\n<\/tr>\n<tr>\n<td>iode<\/td>\n<td>70 \u00b5g<\/td>\n<\/tr>\n<\/tbody>\n<\/table>\n\t\t<\/div>\n\t<\/div>\n\t\n\t<div id=\"accordion-3328515875\" class=\"accordion-item\">\n\t\t<a id=\"accordion-3328515875-label\" class=\"accordion-title plain\" href=\"#accordion-item-was-ist-glucomannan?\" aria-expanded=\"false\" aria-controls=\"accordion-3328515875-content\">\n\t\t\t<button class=\"toggle\" aria-label=\"Basculer\"><i class=\"icon-angle-down\" aria-hidden=\"true\"><\/i><\/button>\n\t\t\t<span>Qu'est-ce que le glucomannane ?<\/span>\n\t\t<\/a>\n\t\t<div id=\"accordion-3328515875-content\" class=\"accordion-inner\" aria-labelledby=\"accordion-3328515875-label\">\n\t\t\t\n\t<div class=\"img has-hover x md-x lg-x y md-y lg-y\" id=\"image_2130037370\">\n\t\t\t\t\t\t\t\t<div class=\"img-inner dark\" >\n\t\t\t<img decoding=\"async\" width=\"1020\" height=\"583\" src=\"https:\/\/fitnfemale.com\/wp-content\/uploads\/gluccomanan-sattmacher-konjak-pflanze.jpg\" class=\"attachment-large size-large\" alt=\"Le glucomanane, un agent sati\u00e9tog\u00e8ne, est produit par la plante de konjac.\" srcset=\"https:\/\/fitnfemale.com\/wp-content\/uploads\/gluccomanan-sattmacher-konjak-pflanze.jpg 1344w, https:\/\/fitnfemale.com\/wp-content\/uploads\/gluccomanan-sattmacher-konjak-pflanze-700x400.jpg 700w, https:\/\/fitnfemale.com\/wp-content\/uploads\/gluccomanan-sattmacher-konjak-pflanze-768x439.jpg 768w, https:\/\/fitnfemale.com\/wp-content\/uploads\/gluccomanan-sattmacher-konjak-pflanze-18x10.jpg 18w, https:\/\/fitnfemale.com\/wp-content\/uploads\/gluccomanan-sattmacher-konjak-pflanze-1000x571.jpg 1000w\" sizes=\"(max-width: 1020px) 100vw, 1020px\" \/>\t\t\t\t\t\t\n\t\t\t\t\t<\/div>\n\t\t\t\t\t\t\t\t\n<style>\n#image_2130037370 {\n  width: 100%;\n}\n<\/style>\n\t<\/div>\n\t\n<p>Le glucomannane est une substance extraite de la racine de konjac, \u00e9galement connue sous le nom de langue du diable. Chimiquement, le glucomannane est une substance similaire \u00e0 l'amidon, compos\u00e9e de cha\u00eenes complexes de glucides. Dans le cadre d'un r\u00e9gime hypocalorique, la consommation de glucomannane peut contribuer \u00e0 la perte de poids. L'effet b\u00e9n\u00e9fique se manifeste avec une prise quotidienne de 3 g de glucomannane en trois portions de 1 g chacune, accompagn\u00e9es de 1 \u00e0 2 verres d'eau avant les repas. Il est important de ne pas d\u00e9passer la quantit\u00e9 recommand\u00e9e. La prise de glucomannane sans un apport suffisant en liquides peut causer un risque de suffocation, surtout chez les personnes ayant des difficult\u00e9s \u00e0 avaler ou une consommation insuffisante de liquides.<\/p>\n\t\t<\/div>\n\t<\/div>\n\t\n\t<div id=\"accordion-3392409419\" class=\"accordion-item\">\n\t\t<a id=\"accordion-3392409419-label\" class=\"accordion-title plain\" href=\"#accordion-item-glucomannan-als-idealer-sattmacher\" aria-expanded=\"false\" aria-controls=\"accordion-3392409419-content\">\n\t\t\t<button class=\"toggle\" aria-label=\"Basculer\"><i class=\"icon-angle-down\" aria-hidden=\"true\"><\/i><\/button>\n\t\t\t<span>Le glucomannane, un aliment rassasiant id\u00e9al<\/span>\n\t\t<\/a>\n\t\t<div id=\"accordion-3392409419-content\" class=\"accordion-inner\" aria-labelledby=\"accordion-3392409419-label\">\n\t\t\t\n<p>L'\u00e9norme capacit\u00e9 de r\u00e9tention d'eau de la fibre alimentaire fait que le glucomannane gonfle dans le tractus gastro-intestinal apr\u00e8s son ingestion. La substance absorbe alors l'eau et se transforme en une masse g\u00e9latineuse dont le volume peut facilement \u00eatre multipli\u00e9 par dix. En raison de l'augmentation du volume et de la consistance de la masse, la sensation de sati\u00e9t\u00e9 se produit beaucoup plus rapidement, de sorte que tu manges nettement moins. De plus, la sensation de sati\u00e9t\u00e9 dure \u00e9galement plus longtemps.<\/p>\n\t\t<\/div>\n\t<\/div>\n\t\n<\/div>","protected":false},"excerpt":{"rendered":"<h2>Belle de l'int\u00e9rieur \u2013 Ton m\u00e9lange quotidien pour une mine \u00e9clatante et un bien-\u00eatre total !<\/h2>\n<h4>Sp\u00e9cialement con\u00e7u pour les femmes, notre Magic Mix combine des ingr\u00e9dients de haute qualit\u00e9 avec la fibre naturelle glucomannane, r\u00e9put\u00e9e pour contribuer \u00e0 la perte de poids dans le cadre d'un r\u00e9gime hypocalorique, en aidant \u00e0 prolonger la sensation de sati\u00e9t\u00e9.<\/h4>","protected":false},"featured_media":943434,"comment_status":"open","ping_status":"closed","template":"","meta":{"slim_seo":{"title":"M\u00e9lange magique pour femmes - FitNFemale\u00ae","description":"Belle de l&#039;int\u00e9rieur \u2013 votre m\u00e9lange quotidien pour une apparence radieuse et un bien-\u00eatre optimal ! Sp\u00e9cialement con\u00e7u pour les femmes, notre Magic Mix associe des ingr\u00e9dients de haute qualit\u00e9."}},"product_brand":[],"product_cat":[6363,317,6629,619,401],"product_tag":[],"class_list":{"0":"post-150323","1":"product","2":"type-product","3":"status-publish","4":"has-post-thumbnail","6":"product_cat-promo-40","7":"product_cat-abnehmen","8":"product_cat-basic","9":"product_cat-fitness-drink","10":"product_cat-health","11":"pa_anwendungsbereiche-energy","12":"pa_anwendungsbereiche-skin-hair-nails","13":"pa_anwendungsbereiche-immune-system","14":"pa_anwendungsbereiche-sattmacher","15":"pa_anwendungsbereiche-metabolism","16":"pa_marke-fitnfemale","17":"pa_misc-glutenfree","18":"pa_misc-lactosefree","19":"pa_misc-vegetarian","20":"pa_nutritionfactinfo-nofat","21":"pa_nutritionfactinfo-nocarbs","22":"pa_nutritionfactinfo-lactosefree","23":"pa_nutritionfactinfo-lowcalories","24":"pa_nutritionfactinfo-lowfat","25":"pa_nutritionfactinfo-lowsugar","26":"pa_schwangerschaft-nicht-geeignet","27":"pa_stillzeit-nicht-geeignet","28":"pa_vegan-ja","30":"first","31":"instock","32":"featured","33":"taxable","34":"shipping-taxable","35":"purchasable","36":"product-type-variable","37":"has-default-attributes"},"bundled_by":["470906","627268"],"bundle_stock_status":"instock","bundle_stock_quantity":null,"bundle_virtual":false,"bundle_layout":"","bundle_add_to_cart_form_location":"","bundle_editable_in_cart":false,"bundle_sold_individually_context":"","bundle_item_grouping":"","bundle_min_size":"","bundle_max_size":"","bundle_price":[],"bundled_items":[],"bundle_sell_ids":[],"gallery_images":[954134,907546,954138,954137,943785,954135],"_links":{"self":[{"href":"https:\/\/fitnfemale.com\/fr\/wp-json\/wp\/v2\/product\/150323","targetHints":{"allow":["GET"]}}],"collection":[{"href":"https:\/\/fitnfemale.com\/fr\/wp-json\/wp\/v2\/product"}],"about":[{"href":"https:\/\/fitnfemale.com\/fr\/wp-json\/wp\/v2\/types\/product"}],"replies":[{"embeddable":true,"href":"https:\/\/fitnfemale.com\/fr\/wp-json\/wp\/v2\/comments?post=150323"}],"wp:featuredmedia":[{"embeddable":true,"href":"https:\/\/fitnfemale.com\/fr\/wp-json\/wp\/v2\/media\/943434"}],"wp:attachment":[{"href":"https:\/\/fitnfemale.com\/fr\/wp-json\/wp\/v2\/media?parent=150323"}],"wp:term":[{"taxonomy":"product_brand","embeddable":true,"href":"https:\/\/fitnfemale.com\/fr\/wp-json\/wp\/v2\/product_brand?post=150323"},{"taxonomy":"product_cat","embeddable":true,"href":"https:\/\/fitnfemale.com\/fr\/wp-json\/wp\/v2\/product_cat?post=150323"},{"taxonomy":"product_tag","embeddable":true,"href":"https:\/\/fitnfemale.com\/fr\/wp-json\/wp\/v2\/product_tag?post=150323"}],"curies":[{"name":"wp","href":"https:\/\/api.w.org\/{rel}","templated":true}]}}