{"id":149466,"date":"2019-03-23T17:54:39","date_gmt":"2019-03-23T16:54:39","guid":{"rendered":"https:\/\/fitnfemale.com\/?post_type=product&#038;p=149466"},"modified":"2026-04-07T18:01:56","modified_gmt":"2026-04-07T17:01:56","slug":"mini-shaker-premium-3","status":"publish","type":"product","link":"https:\/\/fitnfemale.com\/fr\/produit\/mini-shaker-premium-3\/","title":{"rendered":"Mini shaker Premium"},"content":{"rendered":"<div id=\"text-1292454986\" class=\"text\">\n\t\t\n<h2>Petit et maniable, avec le petit plus !<\/h2>\n\t\t\n<style>\n#text-1292454986 {\n  font-size: 1.25rem;\n}\n<\/style>\n\t<\/div>\n\t\n<h4>Le Mini Shaker Premium est id\u00e9al si tu souhaites emporter tes compl\u00e9ments alimentaires s\u00e9par\u00e9ment.<\/h4>\n<\/p>\n<p>Il est ainsi possible de transporter jusqu'\u00e0 300 ml de liquide dans le grand compartiment et 150 ml de poudre suppl\u00e9mentaire (p. ex. prot\u00e9ines, cr\u00e9atine, booster pre workout) dans un deuxi\u00e8me compartiment. Tu peux ainsi pr\u00e9parer ton shake \u00e0 tout moment.<\/p>\n<ul>\n<li class=\"bullet-star\">Compartiment de rangement inf\u00e9rieur sp\u00e9cial de 150 ml pour les prot\u00e9ines en poudre et les comprim\u00e9s, \u00e9quip\u00e9 d'une fermeture \u00e0 ba\u00efonnette<\/li>\n<li class=\"bullet-star\">Design populaire en forme de vague, anti-fuite<\/li>\n<li class=\"bullet-star\">plastique sans BPA et sans toxines<\/li>\n<\/ul>","protected":false},"excerpt":{"rendered":"<p>Mini shaker premium avec compartiment \u00e0 poudre suppl\u00e9mentaire<\/p>","protected":false},"featured_media":719533,"comment_status":"open","ping_status":"closed","template":"","meta":{"slim_seo":{"title":"Mini Shaker Premium - FitNFemale\u00ae","description":"Mini shaker premium avec compartiment \u00e0 poudre suppl\u00e9mentaire"}},"product_brand":[],"product_cat":[6364,283,6022],"product_tag":[],"class_list":{"0":"post-149466","1":"product","2":"type-product","3":"status-publish","4":"has-post-thumbnail","6":"product_cat-promo-30","7":"product_cat-equipment","8":"product_cat-shaker","9":"pa_anwendungsbereiche-shaking","10":"pa_marke-fitnfemale","11":"pa_misc-bpafree","13":"first","14":"outofstock","15":"taxable","16":"shipping-taxable","17":"purchasable","18":"product-type-simple"},"bundled_by":["5439"],"bundle_stock_status":"outofstock","bundle_stock_quantity":1,"bundle_virtual":false,"bundle_layout":"","bundle_add_to_cart_form_location":"","bundle_editable_in_cart":false,"bundle_sold_individually_context":"","bundle_item_grouping":"","bundle_min_size":"","bundle_max_size":"","bundle_price":[],"bundled_items":[],"bundle_sell_ids":[],"gallery_images":[408134],"_links":{"self":[{"href":"https:\/\/fitnfemale.com\/fr\/wp-json\/wp\/v2\/product\/149466","targetHints":{"allow":["GET"]}}],"collection":[{"href":"https:\/\/fitnfemale.com\/fr\/wp-json\/wp\/v2\/product"}],"about":[{"href":"https:\/\/fitnfemale.com\/fr\/wp-json\/wp\/v2\/types\/product"}],"replies":[{"embeddable":true,"href":"https:\/\/fitnfemale.com\/fr\/wp-json\/wp\/v2\/comments?post=149466"}],"wp:featuredmedia":[{"embeddable":true,"href":"https:\/\/fitnfemale.com\/fr\/wp-json\/wp\/v2\/media\/719533"}],"wp:attachment":[{"href":"https:\/\/fitnfemale.com\/fr\/wp-json\/wp\/v2\/media?parent=149466"}],"wp:term":[{"taxonomy":"product_brand","embeddable":true,"href":"https:\/\/fitnfemale.com\/fr\/wp-json\/wp\/v2\/product_brand?post=149466"},{"taxonomy":"product_cat","embeddable":true,"href":"https:\/\/fitnfemale.com\/fr\/wp-json\/wp\/v2\/product_cat?post=149466"},{"taxonomy":"product_tag","embeddable":true,"href":"https:\/\/fitnfemale.com\/fr\/wp-json\/wp\/v2\/product_tag?post=149466"}],"curies":[{"name":"wp","href":"https:\/\/api.w.org\/{rel}","templated":true}]}}