{"id":149464,"date":"2019-03-23T17:41:20","date_gmt":"2019-03-23T16:41:20","guid":{"rendered":"https:\/\/fitnfemale.com\/?post_type=product&#038;p=149464"},"modified":"2026-04-07T18:01:55","modified_gmt":"2026-04-07T17:01:55","slug":"pillenbox-pink-mit-5-faechern","status":"publish","type":"product","link":"https:\/\/fitnfemale.com\/fr\/produit\/pillenbox-pink-mit-5-faechern\/","title":{"rendered":"Bo\u00eete \u00e0 pilules avec 5 compartiments"},"content":{"rendered":"","protected":false},"excerpt":{"rendered":"<h2>Maniable &amp; pratique pour les petits assistants<\/h2>\n<h4>Bo\u00eete \u00e0 pilules pratique avec 5 compartiments. La solution id\u00e9ale pour tes besoins quotidiens en comprim\u00e9s et g\u00e9lules !<\/h4>\n<p> Sans BPA et lavable au lave-vaisselle.<\/p>","protected":false},"featured_media":149465,"comment_status":"open","ping_status":"closed","template":"","meta":{"slim_seo":{"title":"Pillenbox mit 5 F\u00e4chern - FitNFemale\u00ae","description":"Pratique et indispensable pour vos petits assistants ! Un pilulier pratique \u00e0 5 compartiments. La solution id\u00e9ale pour ranger comprim\u00e9s et g\u00e9lules au quotidien ! Sans BPA"}},"product_brand":[],"product_cat":[6362,283],"product_tag":[],"class_list":{"0":"post-149464","1":"product","2":"type-product","3":"status-publish","4":"has-post-thumbnail","6":"product_cat-promo-50","7":"product_cat-equipment","8":"pa_anwendungsbereiche-for-your-workout","9":"pa_marke-fitnfemale","10":"pa_misc-bpafree","12":"first","13":"outofstock","14":"taxable","15":"shipping-taxable","16":"purchasable","17":"product-type-simple"},"bundled_by":[],"bundle_stock_status":"outofstock","bundle_stock_quantity":2,"bundle_virtual":false,"bundle_layout":"","bundle_add_to_cart_form_location":"","bundle_editable_in_cart":false,"bundle_sold_individually_context":"","bundle_item_grouping":"","bundle_min_size":"","bundle_max_size":"","bundle_price":[],"bundled_items":[],"bundle_sell_ids":[],"gallery_images":[486479,408135,568098],"_links":{"self":[{"href":"https:\/\/fitnfemale.com\/fr\/wp-json\/wp\/v2\/product\/149464","targetHints":{"allow":["GET"]}}],"collection":[{"href":"https:\/\/fitnfemale.com\/fr\/wp-json\/wp\/v2\/product"}],"about":[{"href":"https:\/\/fitnfemale.com\/fr\/wp-json\/wp\/v2\/types\/product"}],"replies":[{"embeddable":true,"href":"https:\/\/fitnfemale.com\/fr\/wp-json\/wp\/v2\/comments?post=149464"}],"wp:featuredmedia":[{"embeddable":true,"href":"https:\/\/fitnfemale.com\/fr\/wp-json\/wp\/v2\/media\/149465"}],"wp:attachment":[{"href":"https:\/\/fitnfemale.com\/fr\/wp-json\/wp\/v2\/media?parent=149464"}],"wp:term":[{"taxonomy":"product_brand","embeddable":true,"href":"https:\/\/fitnfemale.com\/fr\/wp-json\/wp\/v2\/product_brand?post=149464"},{"taxonomy":"product_cat","embeddable":true,"href":"https:\/\/fitnfemale.com\/fr\/wp-json\/wp\/v2\/product_cat?post=149464"},{"taxonomy":"product_tag","embeddable":true,"href":"https:\/\/fitnfemale.com\/fr\/wp-json\/wp\/v2\/product_tag?post=149464"}],"curies":[{"name":"wp","href":"https:\/\/api.w.org\/{rel}","templated":true}]}}