{"id":149458,"date":"2019-03-23T17:34:12","date_gmt":"2019-03-23T16:34:12","guid":{"rendered":"https:\/\/fitnfemale.com\/?post_type=product&#038;p=149458"},"modified":"2026-04-07T18:01:53","modified_gmt":"2026-04-07T17:01:53","slug":"trinkflasche-blanc-750ml","status":"publish","type":"product","link":"https:\/\/fitnfemale.com\/fr\/produit\/trinkflasche-blanc-750ml\/","title":{"rendered":"Gourde blanche 750ml"},"content":{"rendered":"","protected":false},"excerpt":{"rendered":"<h2>Gourde pratique pour la gym et les d\u00e9placements.<\/h2>\n<h4>100 % Convient pour les aliments et 100 % ne contient pas de plastifiants dangereux avec une capacit\u00e9 de 750 ml.<\/h4>","protected":false},"featured_media":719568,"comment_status":"open","ping_status":"closed","template":"","meta":{"slim_seo":{"title":"Trinkflasche Weiss 750ml - FitNFemale\u00ae","description":"Gourde pratique pour la salle de sport et les d\u00e9placements. 100 % adapt\u00e9e au contact alimentaire et sans plastifiants nocifs, d&#039;une capacit\u00e9 de 750 ml."}},"product_brand":[],"product_cat":[6363,6629,283,6217],"product_tag":[],"class_list":{"0":"post-149458","1":"product","2":"type-product","3":"status-publish","4":"has-post-thumbnail","6":"product_cat-promo-40","7":"product_cat-basic","8":"product_cat-equipment","9":"product_cat-trinkflaschen","10":"pa_anwendungsbereiche-for-your-workout","11":"pa_anwendungsbereiche-workout-bottle","12":"pa_marke-fitnfemale","13":"pa_misc-bpafree","15":"first","16":"outofstock","17":"taxable","18":"shipping-taxable","19":"purchasable","20":"product-type-simple"},"bundled_by":[],"bundle_stock_status":"outofstock","bundle_stock_quantity":0,"bundle_virtual":false,"bundle_layout":"","bundle_add_to_cart_form_location":"","bundle_editable_in_cart":false,"bundle_sold_individually_context":"","bundle_item_grouping":"","bundle_min_size":"","bundle_max_size":"","bundle_price":[],"bundled_items":[],"bundle_sell_ids":[],"gallery_images":[606288,407602,410438,606292],"_links":{"self":[{"href":"https:\/\/fitnfemale.com\/fr\/wp-json\/wp\/v2\/product\/149458","targetHints":{"allow":["GET"]}}],"collection":[{"href":"https:\/\/fitnfemale.com\/fr\/wp-json\/wp\/v2\/product"}],"about":[{"href":"https:\/\/fitnfemale.com\/fr\/wp-json\/wp\/v2\/types\/product"}],"replies":[{"embeddable":true,"href":"https:\/\/fitnfemale.com\/fr\/wp-json\/wp\/v2\/comments?post=149458"}],"wp:featuredmedia":[{"embeddable":true,"href":"https:\/\/fitnfemale.com\/fr\/wp-json\/wp\/v2\/media\/719568"}],"wp:attachment":[{"href":"https:\/\/fitnfemale.com\/fr\/wp-json\/wp\/v2\/media?parent=149458"}],"wp:term":[{"taxonomy":"product_brand","embeddable":true,"href":"https:\/\/fitnfemale.com\/fr\/wp-json\/wp\/v2\/product_brand?post=149458"},{"taxonomy":"product_cat","embeddable":true,"href":"https:\/\/fitnfemale.com\/fr\/wp-json\/wp\/v2\/product_cat?post=149458"},{"taxonomy":"product_tag","embeddable":true,"href":"https:\/\/fitnfemale.com\/fr\/wp-json\/wp\/v2\/product_tag?post=149458"}],"curies":[{"name":"wp","href":"https:\/\/api.w.org\/{rel}","templated":true}]}}