{"id":149453,"date":"2019-03-23T17:10:06","date_gmt":"2019-03-23T16:10:06","guid":{"rendered":"https:\/\/fitnfemale.com\/?post_type=product&#038;p=149453"},"modified":"2026-04-07T18:01:54","modified_gmt":"2026-04-07T17:01:54","slug":"trinkflasche-pink-750ml","status":"publish","type":"product","link":"https:\/\/fitnfemale.com\/fr\/produit\/trinkflasche-pink-750ml\/","title":{"rendered":"Gourde rose 750ml"},"content":{"rendered":"<div class=\"img has-hover img-details x md-x lg-x y md-y lg-y\" id=\"image_475406648\">\n\t\t\t\t\t\t\t\t<div class=\"img-inner dark\" >\n\t\t\t<img decoding=\"async\" width=\"1020\" height=\"569\" src=\"https:\/\/fitnfemale.com\/wp-content\/uploads\/trinkflasche-fitnfemale-closeup-10.webp\" class=\"attachment-large size-large\" alt=\"Gros plan d&#039;une bouteille d&#039;eau en forme de femme\" srcset=\"https:\/\/fitnfemale.com\/wp-content\/uploads\/trinkflasche-fitnfemale-closeup-10.webp 1376w, https:\/\/fitnfemale.com\/wp-content\/uploads\/trinkflasche-fitnfemale-closeup-10-717x400.webp 717w, https:\/\/fitnfemale.com\/wp-content\/uploads\/trinkflasche-fitnfemale-closeup-10-768x429.webp 768w, https:\/\/fitnfemale.com\/wp-content\/uploads\/trinkflasche-fitnfemale-closeup-10-18x10.webp 18w, https:\/\/fitnfemale.com\/wp-content\/uploads\/trinkflasche-fitnfemale-closeup-10-1000x558.webp 1000w\" sizes=\"(max-width: 1020px) 100vw, 1020px\" \/>\t\t\t\t\t\t\n\t\t\t\t\t<\/div>\n\t\t\t\t\t\t\t\t\n<style>\n#image_475406648 {\n  width: 100%;\n}\n<\/style>\n\t<\/div>","protected":false},"excerpt":{"rendered":"<h2>Votre symbole rose pour toutes vos sorties<\/h2>\n<h4>Que ce soit \u00e0 la salle de sport, \u00e0 l&#039;universit\u00e9 ou en ville, cette bouteille vous accompagnera partout. \ud83d\udc96 L\u00e9g\u00e8re, robuste et d&#039;une contenance de 750 ml, elle est id\u00e9ale pour les journ\u00e9es bien remplies.<\/h4>\n<ul>\n<li class=\"bullet-star\">Capacit\u00e9 de 750 ml \u2013 hydrate-toi bien !<\/li>\n<li class=\"bullet-star\">Ultral\u00e9g\u00e8re et pratique \u2013 parfaite pour le sport et la vie quotidienne.<\/li>\n<li class=\"bullet-star\">100 % Sans BPA et apte au contact alimentaire \u2013 parce que vous le valez bien.<\/li>\n<li class=\"bullet-star\">Fabriqu\u00e9 en Europe \u2013 durable, de haute qualit\u00e9 et avec une finition haut de gamme.<\/li>\n<li class=\"bullet-star\">Bouchon sport \u00e9tanche \u2013 buvez en un clic.<\/li>\n<\/ul>\n<p>L&#039;\u00e9dition rose est bien plus qu&#039;une simple gourde\u00a0: c&#039;est un indispensable FitnFemale. Elle se glisse partout\u00a0: dans n&#039;importe quel sac, avec n&#039;importe quelle tenue de sport, et s&#039;adapte \u00e0 votre style de vie. \ud83d\udc85 Disponible d\u00e8s maintenant \u00e0 prix sp\u00e9cial \u2013 jusqu&#039;\u00e0 \u00e9puisement des stocks\u00a0!<\/p>","protected":false},"featured_media":953929,"comment_status":"closed","ping_status":"closed","template":"","meta":{"slim_seo":{"title":"Trinkflasche Pink 750ml - FitNFemale\u00ae","description":"Votre gourde rose tendance, o\u00f9 que vous soyez. Salle de sport, fac ou ville\u00a0: elle vous accompagne partout. \ud83d\udc96 L\u00e9g\u00e8re, robuste et d&#039;une contenance de 750\u00a0ml, elle est id\u00e9ale.,"}},"product_brand":[],"product_cat":[6362,6629,283,6217],"product_tag":[],"class_list":{"0":"post-149453","1":"product","2":"type-product","3":"status-publish","4":"has-post-thumbnail","6":"product_cat-promo-50","7":"product_cat-basic","8":"product_cat-equipment","9":"product_cat-trinkflaschen","10":"pa_anwendungsbereiche-for-your-workout","11":"pa_anwendungsbereiche-workout-bottle","12":"pa_marke-fitnfemale","13":"pa_misc-bpafree","15":"first","16":"instock","17":"taxable","18":"shipping-taxable","19":"purchasable","20":"product-type-simple"},"bundled_by":["627104","348815"],"bundle_stock_status":"instock","bundle_stock_quantity":20,"bundle_virtual":false,"bundle_layout":"","bundle_add_to_cart_form_location":"","bundle_editable_in_cart":false,"bundle_sold_individually_context":"","bundle_item_grouping":"","bundle_min_size":"","bundle_max_size":"","bundle_price":[],"bundled_items":[],"bundle_sell_ids":[],"gallery_images":[953928,953923,953925,953927,953924,953922],"_links":{"self":[{"href":"https:\/\/fitnfemale.com\/fr\/wp-json\/wp\/v2\/product\/149453","targetHints":{"allow":["GET"]}}],"collection":[{"href":"https:\/\/fitnfemale.com\/fr\/wp-json\/wp\/v2\/product"}],"about":[{"href":"https:\/\/fitnfemale.com\/fr\/wp-json\/wp\/v2\/types\/product"}],"replies":[{"embeddable":true,"href":"https:\/\/fitnfemale.com\/fr\/wp-json\/wp\/v2\/comments?post=149453"}],"wp:featuredmedia":[{"embeddable":true,"href":"https:\/\/fitnfemale.com\/fr\/wp-json\/wp\/v2\/media\/953929"}],"wp:attachment":[{"href":"https:\/\/fitnfemale.com\/fr\/wp-json\/wp\/v2\/media?parent=149453"}],"wp:term":[{"taxonomy":"product_brand","embeddable":true,"href":"https:\/\/fitnfemale.com\/fr\/wp-json\/wp\/v2\/product_brand?post=149453"},{"taxonomy":"product_cat","embeddable":true,"href":"https:\/\/fitnfemale.com\/fr\/wp-json\/wp\/v2\/product_cat?post=149453"},{"taxonomy":"product_tag","embeddable":true,"href":"https:\/\/fitnfemale.com\/fr\/wp-json\/wp\/v2\/product_tag?post=149453"}],"curies":[{"name":"wp","href":"https:\/\/api.w.org\/{rel}","templated":true}]}}