{"id":112191,"date":"2018-11-25T12:53:45","date_gmt":"2018-11-25T11:53:45","guid":{"rendered":"https:\/\/fitnfemale.com\/?post_type=product&#038;p=112191"},"modified":"2026-04-10T12:01:47","modified_gmt":"2026-04-10T11:01:47","slug":"vegan-fibre","status":"publish","type":"product","link":"https:\/\/fitnfemale.com\/fr\/produit\/vegan-fibre\/","title":{"rendered":"Fibre v\u00e9g\u00e9talienne"},"content":{"rendered":"<p>HIGHLIGHTS<\/p>\n<ul>\n<li class=\"bullet-star\">100% V\u00e9g\u00e9talien<\/li>\n<li class=\"bullet-star\">Fibres pour soutenir l'activit\u00e9 intestinale<\/li>\n<li class=\"bullet-star\">Excellente source de fibres naturelles<\/li>\n<li class=\"bullet-star\">Les fibres de seigle contribuent \u00e0 une fonction intestinale normale<\/li>\n<\/ul>","protected":false},"excerpt":{"rendered":"<h2>Fibre v\u00e9g\u00e9talienne <\/strong>\u2013 Poudre de fibres alimentaires naturelles et v\u00e9g\u00e9taliennes, \u00e0 base de fibres de pomme et de seigle.<\/p>\n<h2>\n<h4>Les fibres de pomme et de seigle font partie de la famille des fibres alimentaires. Les fibres de pomme sont des fibres naturelles avec une couleur, un ar\u00f4me et un go\u00fbt caract\u00e9ristiques. Les fibres de seigle, quant \u00e0 elles, sont obtenues par la mouture des enveloppes des grains de seigle. L'apport en fibres est essentiel pour notre corps. Les fibres de seigle soutiennent la fonction intestinale. L'OMS (Organisation mondiale de la sant\u00e9) recommande un apport quotidien de fibres de 20 \u00e0 40 g pour les adultes.<\/h4>","protected":false},"featured_media":112203,"comment_status":"open","ping_status":"closed","template":"","meta":{"slim_seo":{"title":"Fibres v\u00e9g\u00e9taliennes - FitNFemale\u00ae","description":"Fibres v\u00e9g\u00e9tales - Poudre de fibres alimentaires naturelles et v\u00e9g\u00e9tales, compos\u00e9e de fibres de pomme et de seigle. Les fibres de pomme et de seigle appartiennent \u00e0 la famille des fibres alimentaires. Fibres de pomme"}},"product_brand":[],"product_cat":[401,5810],"product_tag":[],"class_list":{"0":"post-112191","1":"product","2":"type-product","3":"status-publish","4":"has-post-thumbnail","6":"product_cat-health","7":"product_cat-vegan","8":"pa_anwendungsbereiche-better-digestion","9":"pa_anwendungsbereiche-energy","10":"pa_anwendungsbereiche-health","11":"pa_anwendungsbereiche-shaping","12":"pa_anwendungsbereiche-metabolism","13":"pa_marke-fitnfemale","14":"pa_misc-aspartamfree","15":"pa_misc-glutenfree","16":"pa_misc-lactosefree","17":"pa_misc-vegetarian","18":"pa_nutritionfactinfo-high-fiber","19":"pa_nutritionfactinfo-nofat","20":"pa_nutritionfactinfo-nocarbs","21":"pa_nutritionfactinfo-lactosefree","22":"pa_nutritionfactinfo-lowcalories","23":"pa_schwangerschaft-geeignet","24":"pa_stillzeit-geeignet","25":"pa_vegan-ja","27":"first","28":"outofstock","29":"taxable","30":"shipping-taxable","31":"purchasable","32":"product-type-simple"},"bundled_by":["116790"],"bundle_stock_status":"outofstock","bundle_stock_quantity":0,"bundle_virtual":false,"bundle_layout":"","bundle_add_to_cart_form_location":"","bundle_editable_in_cart":false,"bundle_sold_individually_context":"","bundle_item_grouping":"","bundle_min_size":"","bundle_max_size":"","bundle_price":[],"bundled_items":[],"bundle_sell_ids":[],"gallery_images":[91708,91709,112205,112206],"_links":{"self":[{"href":"https:\/\/fitnfemale.com\/fr\/wp-json\/wp\/v2\/product\/112191","targetHints":{"allow":["GET"]}}],"collection":[{"href":"https:\/\/fitnfemale.com\/fr\/wp-json\/wp\/v2\/product"}],"about":[{"href":"https:\/\/fitnfemale.com\/fr\/wp-json\/wp\/v2\/types\/product"}],"replies":[{"embeddable":true,"href":"https:\/\/fitnfemale.com\/fr\/wp-json\/wp\/v2\/comments?post=112191"}],"wp:featuredmedia":[{"embeddable":true,"href":"https:\/\/fitnfemale.com\/fr\/wp-json\/wp\/v2\/media\/112203"}],"wp:attachment":[{"href":"https:\/\/fitnfemale.com\/fr\/wp-json\/wp\/v2\/media?parent=112191"}],"wp:term":[{"taxonomy":"product_brand","embeddable":true,"href":"https:\/\/fitnfemale.com\/fr\/wp-json\/wp\/v2\/product_brand?post=112191"},{"taxonomy":"product_cat","embeddable":true,"href":"https:\/\/fitnfemale.com\/fr\/wp-json\/wp\/v2\/product_cat?post=112191"},{"taxonomy":"product_tag","embeddable":true,"href":"https:\/\/fitnfemale.com\/fr\/wp-json\/wp\/v2\/product_tag?post=112191"}],"curies":[{"name":"wp","href":"https:\/\/api.w.org\/{rel}","templated":true}]}}