{"id":104131,"date":"2018-11-21T19:31:09","date_gmt":"2018-11-21T18:31:09","guid":{"rendered":"https:\/\/fitnfemale.com\/?post_type=product&#038;p=104131"},"modified":"2026-04-10T14:01:46","modified_gmt":"2026-04-10T13:01:46","slug":"girl-boss-shaker","status":"publish","type":"product","link":"https:\/\/fitnfemale.com\/fr\/produit\/girl-boss-shaker\/","title":{"rendered":"Girl Boss Shaker"},"content":{"rendered":"","protected":false},"excerpt":{"rendered":"<h2>Pour les vraies femmes entrepreneures \u2013 Secouez-vous comme si vous le pensiez vraiment<\/h2>\n<h4>Que ce soit \u00e0 la salle de sport, au bureau ou en d\u00e9placement\u00a0: avec ce shaker, affirmez votre style. Fonctionnalit\u00e9 et \u00e9l\u00e9gance r\u00e9unies.<\/h4>\n<ul>\n<li class=\"bullet-star\">\u00c9tanche et durable \u2013 vous avez d\u00e9j\u00e0 assez \u00e0 faire, votre shaker doit simplement durer.<\/li>\n<li class=\"bullet-star\">Fabriqu\u00e9 en Europe \u2013 pour une qualit\u00e9 sur laquelle vous pouvez compter.<\/li>\n<li class=\"bullet-star\">100 % Sans BPA et apte au contact alimentaire \u2013 parce que votre corps m\u00e9rite ce qu&#039;il y a de mieux.<\/li>\n<li class=\"bullet-star\">Compatible lave-vaisselle \u2013 nettoyez-le comme un pro.<\/li>\n<\/ul>\n<p>Son \u00e9l\u00e9gant coloris vert olive incarne \u00e0 merveille l&#039;\u00e9mancipation f\u00e9minine. Prot\u00e9ines, boissons pr\u00e9-entra\u00eenement ou smoothie pr\u00e9f\u00e9r\u00e9\u00a0: ce shaker est \u00e0 la hauteur de toutes vos envies.<\/p>","protected":false},"featured_media":944038,"comment_status":"open","ping_status":"closed","template":"","meta":{"slim_seo":{"title":"Girl Boss Shaker - FitNFemale\u00ae","description":"Pour les vraies femmes d&#039;affaires \u2013 secouez-le avec assurance ! Que ce soit \u00e0 la salle de sport, au bureau ou en d\u00e9placement : avec ce shaker, vous montrez qui commande. L&#039;alliance parfaite de la fonctionnalit\u00e9 et du style."}},"product_brand":[],"product_cat":[6361,283,6215,6671],"product_tag":[],"class_list":{"0":"post-104131","1":"product","2":"type-product","3":"status-publish","4":"has-post-thumbnail","6":"product_cat-promo-60","7":"product_cat-equipment","8":"product_cat-shaker-equipment","9":"product_cat-topdeals","10":"pa_anwendungsbereiche-for-your-workout","11":"pa_anwendungsbereiche-shaking","12":"pa_marke-fitnfemale","13":"pa_misc-bpafree","15":"first","16":"instock","17":"taxable","18":"shipping-taxable","19":"purchasable","20":"product-type-simple"},"bundled_by":["627227","738226"],"bundle_stock_status":"instock","bundle_stock_quantity":336,"bundle_virtual":false,"bundle_layout":"","bundle_add_to_cart_form_location":"","bundle_editable_in_cart":false,"bundle_sold_individually_context":"","bundle_item_grouping":"","bundle_min_size":"","bundle_max_size":"","bundle_price":[],"bundled_items":[],"bundle_sell_ids":[],"gallery_images":[953915,953913,953912,953914],"_links":{"self":[{"href":"https:\/\/fitnfemale.com\/fr\/wp-json\/wp\/v2\/product\/104131","targetHints":{"allow":["GET"]}}],"collection":[{"href":"https:\/\/fitnfemale.com\/fr\/wp-json\/wp\/v2\/product"}],"about":[{"href":"https:\/\/fitnfemale.com\/fr\/wp-json\/wp\/v2\/types\/product"}],"replies":[{"embeddable":true,"href":"https:\/\/fitnfemale.com\/fr\/wp-json\/wp\/v2\/comments?post=104131"}],"wp:featuredmedia":[{"embeddable":true,"href":"https:\/\/fitnfemale.com\/fr\/wp-json\/wp\/v2\/media\/944038"}],"wp:attachment":[{"href":"https:\/\/fitnfemale.com\/fr\/wp-json\/wp\/v2\/media?parent=104131"}],"wp:term":[{"taxonomy":"product_brand","embeddable":true,"href":"https:\/\/fitnfemale.com\/fr\/wp-json\/wp\/v2\/product_brand?post=104131"},{"taxonomy":"product_cat","embeddable":true,"href":"https:\/\/fitnfemale.com\/fr\/wp-json\/wp\/v2\/product_cat?post=104131"},{"taxonomy":"product_tag","embeddable":true,"href":"https:\/\/fitnfemale.com\/fr\/wp-json\/wp\/v2\/product_tag?post=104131"}],"curies":[{"name":"wp","href":"https:\/\/api.w.org\/{rel}","templated":true}]}}