{"id":784411,"date":"2023-01-25T08:13:35","date_gmt":"2023-01-25T07:13:35","guid":{"rendered":"https:\/\/fitnfemale.com\/?page_id=784411"},"modified":"2026-03-14T09:03:02","modified_gmt":"2026-03-14T08:03:02","slug":"collagen","status":"publish","type":"page","link":"https:\/\/fitnfemale.com\/fr\/collagen\/","title":{"rendered":"Collag\u00e8ne"},"content":{"rendered":"\n  <div class=\"banner has-hover\" id=\"banner-1618454040\">\n          <div class=\"banner-inner fill\">\n        <div class=\"banner-bg fill\" >\n            <img decoding=\"async\" width=\"2300\" height=\"1293\" src=\"https:\/\/fitnfemale.com\/wp-content\/uploads\/collagen-duo-shaker-header3-1.webp\" class=\"bg attachment-original size-original\" alt=\"Collagen duo shaker header3 (1)\" \/>                        <div class=\"overlay\"><\/div>            \n                    <\/div>\n\t\t\n        <div class=\"banner-layers container\">\n            <div class=\"fill banner-link\"><\/div>            \n   <div id=\"text-box-912414072\" class=\"text-box banner-layer x50 md-x90 lg-x90 y90 md-y60 lg-y60 res-text\">\n                                <div class=\"text-box-content text dark\">\n              \n              <div class=\"text-inner text-center\">\n                  \n<h3 class=\"lead\">Finde dein perfektes Collagen bei FitNFemale<\/h3>\n              <\/div>\n           <\/div>\n                            \n<style>\n#text-box-912414072 {\n  width: 87%;\n}\n#text-box-912414072 .text-box-content {\n  font-size: 100%;\n}\n@media (min-width:550px) {\n  #text-box-912414072 {\n    width: 34%;\n  }\n}\n<\/style>\n    <\/div>\n \n        <\/div>\n      <\/div>\n\n            \n<style>\n#banner-1618454040 {\n  padding-top: 120%;\n}\n#banner-1618454040 .overlay {\n  background-color: rgba(0,0,0,.5);\n}\n#banner-1618454040 .banner-bg img {\n  object-position: 50% 77%;\n}\n@media (min-width:550px) {\n  #banner-1618454040 {\n    padding-top: 45%;\n  }\n  #banner-1618454040 .overlay {\n    background-color: rgba(0,0,0,.5);\n  }\n}\n<\/style>\n  <\/div>\n\n\n\n  <div class=\"banner has-hover has-parallax\" id=\"banner-1235458061\">\n          <div class=\"banner-inner fill\">\n        <div class=\"banner-bg fill\" data-parallax=\"-3\" data-parallax-container=\".banner\" data-parallax-background>\n                                                \n                    <\/div>\n\t\t\n        <div class=\"banner-layers container\">\n            <div class=\"fill banner-link\"><\/div>            \n   <div id=\"text-box-1744640856\" class=\"text-box banner-layer x50 md-x95 lg-x95 y95 md-y50 lg-y50 res-text\">\n                     <div data-animate=\"fadeInLeft\">           <div class=\"text-box-content text dark\">\n              \n              <div class=\"text-inner text-center\">\n                  \n\t<div id=\"text-2229890427\" class=\"text\">\n\t\t\n<p class=\"uppercase\">Collagen Supermix<\/p>\n\t\t\n<style>\n#text-2229890427 {\n  color: rgb(0,0,0);\n}\n#text-2229890427 > * {\n  color: rgb(0,0,0);\n}\n<\/style>\n\t<\/div>\n\t\n<h3 class=\"lead\"><strong>F\u00fcr strahlende Haut &#038; stressfreies Leben.<\/strong><\/h3>\n<p>Suchst du eine umfassende L\u00f6sung f\u00fcr Haut, Haare, Gelenke und Knochen? Unser Collagen Supermix ist die Antwort. Plus: Er hilft gegen Stress!<\/p>\n<a href=\"\/produkt\/collagen-supermix\/\" class=\"button white expand\" style=\"border-radius:99px;\">\n\t<i class=\"icon-angle-right\" aria-hidden=\"true\"><\/i>\t<span>collagen supermix<\/span>\n\t<\/a>\n\n              <\/div>\n           <\/div>\n       <\/div>                     \n<style>\n#text-box-1744640856 {\n  width: 86%;\n}\n#text-box-1744640856 .text-box-content {\n  font-size: 100%;\n}\n@media (min-width:550px) {\n  #text-box-1744640856 {\n    width: 41%;\n  }\n}\n<\/style>\n    <\/div>\n \n\t<div class=\"img has-hover x50 md-x5 lg-x5 y0 md-y95 lg-y95\" id=\"image_154585800\">\n\t\t<a class=\"\" href=\"\/produkt\/collagen-supermix\/\" >\t\t\t\t\t\t<div class=\"img-inner dark\" >\n\t\t\t<img decoding=\"async\" width=\"800\" height=\"800\" src=\"https:\/\/fitnfemale.com\/wp-content\/uploads\/collagen-supermix-shop.png\" class=\"attachment-original size-original\" alt=\"Collagen Supermix Shop\" srcset=\"https:\/\/fitnfemale.com\/wp-content\/uploads\/collagen-supermix-shop.png 800w, https:\/\/fitnfemale.com\/wp-content\/uploads\/collagen-supermix-shop-200x200.png 200w, https:\/\/fitnfemale.com\/wp-content\/uploads\/collagen-supermix-shop-510x510.png 510w, https:\/\/fitnfemale.com\/wp-content\/uploads\/collagen-supermix-shop-400x400.png 400w, https:\/\/fitnfemale.com\/wp-content\/uploads\/collagen-supermix-shop-280x280.png 280w, https:\/\/fitnfemale.com\/wp-content\/uploads\/collagen-supermix-shop-768x768.png 768w, https:\/\/fitnfemale.com\/wp-content\/uploads\/collagen-supermix-shop-12x12.png 12w, https:\/\/fitnfemale.com\/wp-content\/uploads\/collagen-supermix-shop-120x120.png 120w\" sizes=\"(max-width: 800px) 100vw, 800px\" \/>\t\t\t\t\t\t\n\t\t\t\t\t<\/div>\n\t\t\t\t\t\t<\/a>\t\t\n<style>\n#image_154585800 {\n  width: 47%;\n}\n@media (min-width:550px) {\n  #image_154585800 {\n    width: 34%;\n  }\n}\n<\/style>\n\t<\/div>\n\t\n        <\/div>\n      <\/div>\n\n            \n<style>\n#banner-1235458061 {\n  padding-top: 408px;\n  background-color: rgb(219, 143, 179);\n}\n#banner-1235458061 .overlay {\n  background-color: rgba(0, 0, 0, 0.3);\n}\n#banner-1235458061 .banner-bg img {\n  object-position: 35% 23%;\n}\n@media (min-width:550px) {\n  #banner-1235458061 {\n    padding-top: 540px;\n  }\n}\n<\/style>\n  <\/div>\n\n\n\n  <div class=\"banner has-hover has-parallax\" id=\"banner-148315099\">\n          <div class=\"banner-inner fill\">\n        <div class=\"banner-bg fill\" data-parallax=\"-3\" data-parallax-container=\".banner\" data-parallax-background>\n                                                \n                    <\/div>\n\t\t\n        <div class=\"banner-layers container\">\n            <div class=\"fill banner-link\"><\/div>            \n\t<div class=\"img has-hover x50 md-x5 lg-x5 y0 md-y50 lg-y50\" id=\"image_741340665\">\n\t\t<a class=\"\" href=\"\/produkt\/collagen-energy\/\" >\t\t\t\t\t\t<div class=\"img-inner dark\" >\n\t\t\t<img decoding=\"async\" width=\"800\" height=\"800\" src=\"https:\/\/fitnfemale.com\/wp-content\/uploads\/aura-transparent.png\" class=\"attachment-original size-original\" alt=\"Aura transparent\" srcset=\"https:\/\/fitnfemale.com\/wp-content\/uploads\/aura-transparent.png 800w, https:\/\/fitnfemale.com\/wp-content\/uploads\/aura-transparent-400x400.png 400w, https:\/\/fitnfemale.com\/wp-content\/uploads\/aura-transparent-280x280.png 280w, https:\/\/fitnfemale.com\/wp-content\/uploads\/aura-transparent-768x768.png 768w, https:\/\/fitnfemale.com\/wp-content\/uploads\/aura-transparent-12x12.png 12w, https:\/\/fitnfemale.com\/wp-content\/uploads\/aura-transparent-200x200.png 200w, https:\/\/fitnfemale.com\/wp-content\/uploads\/aura-transparent-120x120.png 120w\" sizes=\"(max-width: 800px) 100vw, 800px\" \/>\t\t\t\t\t\t\n\t\t\t\t\t<\/div>\n\t\t\t\t\t\t<\/a>\t\t\n<style>\n#image_741340665 {\n  width: 47%;\n}\n@media (min-width:550px) {\n  #image_741340665 {\n    width: 29%;\n  }\n}\n<\/style>\n\t<\/div>\n\t\n   <div id=\"text-box-931748498\" class=\"text-box banner-layer x50 md-x95 lg-x95 y95 md-y25 lg-y25 res-text\">\n                     <div data-animate=\"fadeInLeft\">           <div class=\"text-box-content text dark\">\n              \n              <div class=\"text-inner text-center\">\n                  \n\t<div id=\"text-2844075032\" class=\"text\">\n\t\t\n<p class=\"uppercase\">AURA supermix<\/p>\n\t\t\n<style>\n#text-2844075032 {\n  color: rgb(0,0,0);\n}\n#text-2844075032 > * {\n  color: rgb(0,0,0);\n}\n<\/style>\n\t<\/div>\n\t\n<h3 class=\"lead\"><strong>Matcha kann viel. AURA kann mehr.<\/strong><\/h3>\n<p>Ein Matcha-Supermix zum Anr\u00fchren \u2013 mit Hyaluron, Kollagen, Vitamin C, Zink &#038; L-Theanin als fein abgestimmtes Blend.<\/p>\n<a href=\"https:\/produkt\/aura-supermix-matcha\/\" class=\"button white expand\" style=\"border-radius:99px;\">\n\t<i class=\"icon-angle-right\" aria-hidden=\"true\"><\/i>\t<span>AURA SUPERMIX<\/span>\n\t<\/a>\n\n              <\/div>\n           <\/div>\n       <\/div>                     \n<style>\n#text-box-931748498 {\n  width: 82%;\n}\n#text-box-931748498 .text-box-content {\n  font-size: 100%;\n}\n@media (min-width:550px) {\n  #text-box-931748498 {\n    width: 41%;\n  }\n}\n<\/style>\n    <\/div>\n \n        <\/div>\n      <\/div>\n\n            \n<style>\n#banner-148315099 {\n  padding-top: 423px;\n  background-color: rgb(205, 189, 171);\n}\n#banner-148315099 .banner-bg img {\n  object-position: 60% 16%;\n}\n@media (min-width:550px) {\n  #banner-148315099 {\n    padding-top: 540px;\n  }\n}\n<\/style>\n  <\/div>\n\n\n\n  <div class=\"banner has-hover has-parallax\" id=\"banner-583336886\">\n          <div class=\"banner-inner fill\">\n        <div class=\"banner-bg fill\" data-parallax=\"-3\" data-parallax-container=\".banner\" data-parallax-background>\n                                                \n                    <\/div>\n\t\t\n        <div class=\"banner-layers container\">\n            <div class=\"fill banner-link\"><\/div>            \n\t<div class=\"img has-hover x50 md-x5 lg-x5 y0 md-y50 lg-y50\" id=\"image_457053214\">\n\t\t<a class=\"\" href=\"\/produkt\/collagen-energy\/\" >\t\t\t\t\t\t<div class=\"img-inner dark\" >\n\t\t\t<img decoding=\"async\" width=\"800\" height=\"800\" src=\"https:\/\/fitnfemale.com\/wp-content\/uploads\/collagen-energy-blank2-shop.png\" class=\"attachment-original size-original\" alt=\"Collagen Energy Blank2 Shop\" srcset=\"https:\/\/fitnfemale.com\/wp-content\/uploads\/collagen-energy-blank2-shop.png 800w, https:\/\/fitnfemale.com\/wp-content\/uploads\/collagen-energy-blank2-shop-200x200.png 200w, https:\/\/fitnfemale.com\/wp-content\/uploads\/collagen-energy-blank2-shop-510x510.png 510w, https:\/\/fitnfemale.com\/wp-content\/uploads\/collagen-energy-blank2-shop-400x400.png 400w, https:\/\/fitnfemale.com\/wp-content\/uploads\/collagen-energy-blank2-shop-280x280.png 280w, https:\/\/fitnfemale.com\/wp-content\/uploads\/collagen-energy-blank2-shop-768x768.png 768w, https:\/\/fitnfemale.com\/wp-content\/uploads\/collagen-energy-blank2-shop-12x12.png 12w, https:\/\/fitnfemale.com\/wp-content\/uploads\/collagen-energy-blank2-shop-120x120.png 120w\" sizes=\"(max-width: 800px) 100vw, 800px\" \/>\t\t\t\t\t\t\n\t\t\t\t\t<\/div>\n\t\t\t\t\t\t<\/a>\t\t\n<style>\n#image_457053214 {\n  width: 47%;\n}\n@media (min-width:550px) {\n  #image_457053214 {\n    width: 34%;\n  }\n}\n<\/style>\n\t<\/div>\n\t\n   <div id=\"text-box-632354715\" class=\"text-box banner-layer x50 md-x95 lg-x95 y95 md-y25 lg-y25 res-text\">\n                     <div data-animate=\"fadeInLeft\">           <div class=\"text-box-content text dark\">\n              \n              <div class=\"text-inner text-center\">\n                  \n\t<div id=\"text-1467299738\" class=\"text\">\n\t\t\n<p class=\"uppercase\">Collagen Energy<\/p>\n\t\t\n<style>\n#text-1467299738 {\n  color: rgb(0,0,0);\n}\n#text-1467299738 > * {\n  color: rgb(0,0,0);\n}\n<\/style>\n\t<\/div>\n\t\n<h3 class=\"lead\"><strong>Energie &#038; Sch\u00f6nheit in einem Drink.<\/strong><\/h3>\n<p>Brauchst du einen Energie-Kick und m\u00f6chtest gleichzeitig deine Sch\u00f6nheit pflegen? Dann ist Collagen Energy genau das Richtige f\u00fcr dich!<\/p>\n<a href=\"\/produkt\/collagen-energy\/\" class=\"button white expand\" style=\"border-radius:99px;\">\n\t<i class=\"icon-angle-right\" aria-hidden=\"true\"><\/i>\t<span>collagen energy<\/span>\n\t<\/a>\n\n              <\/div>\n           <\/div>\n       <\/div>                     \n<style>\n#text-box-632354715 {\n  width: 82%;\n}\n#text-box-632354715 .text-box-content {\n  font-size: 100%;\n}\n@media (min-width:550px) {\n  #text-box-632354715 {\n    width: 41%;\n  }\n}\n<\/style>\n    <\/div>\n \n        <\/div>\n      <\/div>\n\n            \n<style>\n#banner-583336886 {\n  padding-top: 423px;\n  background-color: rgb(200, 140, 158);\n}\n#banner-583336886 .banner-bg img {\n  object-position: 60% 16%;\n}\n@media (min-width:550px) {\n  #banner-583336886 {\n    padding-top: 540px;\n  }\n}\n<\/style>\n  <\/div>\n\n\n\n  <div class=\"banner has-hover show-for-medium hide-for-small has-parallax\" id=\"banner-1637284158\">\n          <div class=\"banner-inner fill\">\n        <div class=\"banner-bg fill\" data-parallax=\"-3\" data-parallax-container=\".banner\" data-parallax-background>\n                                    <div class=\"overlay\"><\/div>            \n                    <\/div>\n\t\t\n        <div class=\"banner-layers container\">\n            <div class=\"fill banner-link\"><\/div>            \n   <div id=\"text-box-144846031\" class=\"text-box banner-layer x50 md-x50 lg-x50 y50 md-y50 lg-y50 res-text\">\n              <div data-parallax=\"2\" data-parallax-fade=\"true\">                  <div class=\"text-box-content text dark\">\n              \n              <div class=\"text-inner text-center\">\n                  \n<h3 class=\"uppercase\"><strong>Join Our Newsletter<\/strong><\/h3>\n<p>Lorem ipsum dolor sit amet, consectetuer adipiscing elit, sed diam nonummy nibh euismod tincidunt ut laoreet dolore magna aliquam erat volutpat.<\/p>\n[contact-form-7 id=&#8220;7042&#8243;]\n              <\/div>\n           <\/div>\n              <\/div>              \n<style>\n#text-box-144846031 {\n  width: 93%;\n}\n#text-box-144846031 .text-box-content {\n  font-size: 100%;\n}\n@media (min-width:550px) {\n  #text-box-144846031 {\n    width: 60%;\n  }\n}\n<\/style>\n    <\/div>\n \n        <\/div>\n      <\/div>\n\n            \n<style>\n#banner-1637284158 {\n  padding-top: 450px;\n}\n#banner-1637284158 .overlay {\n  background-color: rgba(0, 0, 0, 0.63);\n}\n<\/style>\n  <\/div>\n\n\n\n  <div class=\"banner has-hover has-parallax\" id=\"banner-1142981843\">\n          <div class=\"banner-inner fill\">\n        <div class=\"banner-bg fill\" data-parallax=\"-3\" data-parallax-container=\".banner\" data-parallax-background>\n                                                \n                    <\/div>\n\t\t\n        <div class=\"banner-layers container\">\n            <div class=\"fill banner-link\"><\/div>            \n   <div id=\"text-box-1001202393\" class=\"text-box banner-layer x50 md-x95 lg-x95 y95 md-y50 lg-y50 res-text\">\n                     <div data-animate=\"fadeInLeft\">           <div class=\"text-box-content text dark\">\n              \n              <div class=\"text-inner text-center\">\n                  \n\t<div id=\"text-3169285449\" class=\"text\">\n\t\t\n<p class=\"uppercase\">Collagen Smart Shake<\/p>\n\t\t\n<style>\n#text-3169285449 {\n  color: rgb(0,0,0);\n}\n#text-3169285449 > * {\n  color: rgb(0,0,0);\n}\n<\/style>\n\t<\/div>\n\t\n<h3 class=\"lead\"><strong>Sch\u00f6nheit, Fitness &#038; gute Verdauung in einem.<\/strong><\/h3>\n<p>Ein Allrounder f\u00fcr das \u00e4u\u00dfere und innere Wohlbefinden! Ideal, wenn du einen Shake m\u00f6chtest, der dich nicht nur sch\u00f6n, sondern auch fit macht und deine Verdauung unterst\u00fctzt.<\/p>\n<a href=\"\/produkt\/collagen-smart-shake\/\" class=\"button white expand\" style=\"border-radius:99px;\">\n\t<i class=\"icon-angle-right\" aria-hidden=\"true\"><\/i>\t<span>SMART COLLAGEN SHAKE<\/span>\n\t<\/a>\n\n              <\/div>\n           <\/div>\n       <\/div>                     \n<style>\n#text-box-1001202393 {\n  width: 80%;\n}\n#text-box-1001202393 .text-box-content {\n  font-size: 100%;\n}\n@media (min-width:550px) {\n  #text-box-1001202393 {\n    width: 41%;\n  }\n}\n<\/style>\n    <\/div>\n \n\t<div class=\"img has-hover x50 md-x5 lg-x5 y0 md-y95 lg-y95\" id=\"image_2017150837\">\n\t\t<a class=\"\" href=\"\/produkt\/collagen-smart-shake\/\" >\t\t\t\t\t\t<div class=\"img-inner dark\" >\n\t\t\t<img decoding=\"async\" width=\"2000\" height=\"2000\" src=\"https:\/\/fitnfemale.com\/wp-content\/uploads\/smartcollagen-3d-blank.png\" class=\"attachment-original size-original\" alt=\"Smartcollagen 3d blank\" srcset=\"https:\/\/fitnfemale.com\/wp-content\/uploads\/smartcollagen-3d-blank.png 2000w, https:\/\/fitnfemale.com\/wp-content\/uploads\/smartcollagen-3d-blank-400x400.png 400w, https:\/\/fitnfemale.com\/wp-content\/uploads\/smartcollagen-3d-blank-800x800.png 800w, https:\/\/fitnfemale.com\/wp-content\/uploads\/smartcollagen-3d-blank-280x280.png 280w, https:\/\/fitnfemale.com\/wp-content\/uploads\/smartcollagen-3d-blank-768x768.png 768w, https:\/\/fitnfemale.com\/wp-content\/uploads\/smartcollagen-3d-blank-1536x1536.png 1536w, https:\/\/fitnfemale.com\/wp-content\/uploads\/smartcollagen-3d-blank-12x12.png 12w, https:\/\/fitnfemale.com\/wp-content\/uploads\/smartcollagen-3d-blank-1000x1000.png 1000w, https:\/\/fitnfemale.com\/wp-content\/uploads\/smartcollagen-3d-blank-200x200.png 200w, https:\/\/fitnfemale.com\/wp-content\/uploads\/smartcollagen-3d-blank-120x120.png 120w\" sizes=\"(max-width: 2000px) 100vw, 2000px\" \/>\t\t\t\t\t\t\n\t\t\t\t\t<\/div>\n\t\t\t\t\t\t<\/a>\t\t\n<style>\n#image_2017150837 {\n  width: 47%;\n}\n@media (min-width:550px) {\n  #image_2017150837 {\n    width: 37%;\n  }\n}\n<\/style>\n\t<\/div>\n\t\n        <\/div>\n      <\/div>\n\n            \n<style>\n#banner-1142981843 {\n  padding-top: 446px;\n  background-color: rgb(205, 189, 171);\n}\n#banner-1142981843 .overlay {\n  background-color: rgba(0, 0, 0, 0.3);\n}\n#banner-1142981843 .banner-bg img {\n  object-position: 35% 23%;\n}\n@media (min-width:550px) {\n  #banner-1142981843 {\n    padding-top: 540px;\n  }\n}\n<\/style>\n  <\/div>\n\n\n\n  <div class=\"banner has-hover\" id=\"banner-769584804\">\n          <div class=\"banner-inner fill\">\n        <div class=\"banner-bg fill\" >\n                                                \n                    <\/div>\n\t\t\n        <div class=\"banner-layers container\">\n            <div class=\"fill banner-link\"><\/div>            \n   <div id=\"text-box-1353256347\" class=\"text-box banner-layer x50 md-x95 lg-x95 y95 md-y50 lg-y50 res-text\">\n                     <div data-animate=\"fadeInLeft\">           <div class=\"text-box-content text dark\">\n              \n              <div class=\"text-inner text-center\">\n                  \n\t<div id=\"text-1346960165\" class=\"text\">\n\t\t\n<p class=\"uppercase\">Gainer Goddess<\/p>\n\t\t\n<style>\n#text-1346960165 {\n  color: rgb(0,0,0);\n}\n#text-1346960165 > * {\n  color: rgb(0,0,0);\n}\n<\/style>\n\t<\/div>\n\t\n<h3 class=\"lead\"><strong>Gesund zunehmen &#038; sich stark f\u00fchlen.<\/strong><\/h3>\n<p>Zielst du auf eine gesunde Gewichtszunahme ab und m\u00f6chtest dabei strahlend aussehen? Gainer Goddess bietet genau das \u2013 f\u00fcr k\u00f6rperliche und geistige St\u00e4rke.<\/p>\n<a href=\"\/produkt\/gainer-goddess\/\" class=\"button white expand\" style=\"border-radius:99px;\">\n\t<i class=\"icon-angle-right\" aria-hidden=\"true\"><\/i>\t<span>GAINER GODDESS<\/span>\n\t<\/a>\n\n              <\/div>\n           <\/div>\n       <\/div>                     \n<style>\n#text-box-1353256347 {\n  width: 80%;\n}\n#text-box-1353256347 .text-box-content {\n  font-size: 100%;\n}\n@media (min-width:550px) {\n  #text-box-1353256347 {\n    width: 41%;\n  }\n}\n<\/style>\n    <\/div>\n \n\t<div class=\"img has-hover x50 md-x5 lg-x5 y0 md-y95 lg-y95\" id=\"image_74403730\">\n\t\t<a class=\"\" href=\"\/produkt\/gainer-goddess\/\" >\t\t\t\t\t\t<div class=\"img-inner dark\" style=\"margin:0px 0px 0px 0px;\">\n\t\t\t<img decoding=\"async\" width=\"1200\" height=\"1200\" src=\"https:\/\/fitnfemale.com\/wp-content\/uploads\/gainergoddess-blank.png\" class=\"attachment-original size-original\" alt=\"Gainergoddess blank\" srcset=\"https:\/\/fitnfemale.com\/wp-content\/uploads\/gainergoddess-blank.png 1200w, https:\/\/fitnfemale.com\/wp-content\/uploads\/gainergoddess-blank-400x400.png 400w, https:\/\/fitnfemale.com\/wp-content\/uploads\/gainergoddess-blank-800x800.png 800w, https:\/\/fitnfemale.com\/wp-content\/uploads\/gainergoddess-blank-280x280.png 280w, https:\/\/fitnfemale.com\/wp-content\/uploads\/gainergoddess-blank-768x768.png 768w, https:\/\/fitnfemale.com\/wp-content\/uploads\/gainergoddess-blank-12x12.png 12w, https:\/\/fitnfemale.com\/wp-content\/uploads\/gainergoddess-blank-1000x1000.png 1000w, https:\/\/fitnfemale.com\/wp-content\/uploads\/gainergoddess-blank-200x200.png 200w, https:\/\/fitnfemale.com\/wp-content\/uploads\/gainergoddess-blank-120x120.png 120w\" sizes=\"(max-width: 1200px) 100vw, 1200px\" \/>\t\t\t\t\t\t\n\t\t\t\t\t<\/div>\n\t\t\t\t\t\t<\/a>\t\t\n<style>\n#image_74403730 {\n  width: 48%;\n}\n@media (min-width:550px) {\n  #image_74403730 {\n    width: 37%;\n  }\n}\n<\/style>\n\t<\/div>\n\t\n        <\/div>\n      <\/div>\n\n            \n<style>\n#banner-769584804 {\n  padding-top: 408px;\n  background-color: rgb(182, 118, 133);\n}\n#banner-769584804 .overlay {\n  background-color: rgba(0, 0, 0, 0.3);\n}\n@media (min-width:550px) {\n  #banner-769584804 {\n    padding-top: 540px;\n  }\n}\n<\/style>\n  <\/div>\n\n\n\n  <div class=\"banner has-hover show-for-medium hide-for-small\" id=\"banner-1407589532\">\n          <div class=\"banner-inner fill\">\n        <div class=\"banner-bg fill\" >\n                                    <div class=\"overlay\"><\/div>            \n                    <\/div>\n\t\t\n        <div class=\"banner-layers container\">\n            <div class=\"fill banner-link\"><\/div>            \n   <div id=\"text-box-1527329830\" class=\"text-box banner-layer x50 md-x50 lg-x50 y50 md-y50 lg-y50 res-text\">\n              <div data-parallax=\"2\" data-parallax-fade=\"true\">                  <div class=\"text-box-content text dark\">\n              \n              <div class=\"text-inner text-center\">\n                  \n<h3 class=\"uppercase\"><strong>SPEZIAL-RABATT<\/strong><\/h3>\n<p>Verwende den Code SURPRISE f\u00fcr einen erhalte einen Spezialrabatt und bis zu 4 Giveaways pro Bestellung.<\/p>\n<div id=\"timer-300433338\" class=\"ux-timer dark\" data-text-plural=\"s\" data-text-hour=\"hour\" data-text-day=\"day\" data-text-week=\"week\" data-text-min=\"min\" data-text-sec=\"sec\" data-text-hour-p=\"\" data-text-day-p=\"\" data-text-week-p=\"\" data-text-min-p=\"\" data-text-sec-p=\"\" data-countdown=\"2021\/12\/31 18:00\"><span>&nbsp;<div class=\"loading-spin dark centered\"><\/div><strong>&nbsp;<\/strong><\/span><\/div>\n<style>\n#timer-300433338 {\n  font-size: 300%;\n}\n#timer-300433338 span {\n  background-color: rgba(0, 0, 0, 0.06);\n}\n<\/style>\n\n<a class=\"button white\" style=\"border-radius:99px;\">\n\t\t<span>Shop Now<\/span>\n\t<\/a>\n\n              <\/div>\n           <\/div>\n              <\/div>              \n<style>\n#text-box-1527329830 {\n  width: 79%;\n}\n#text-box-1527329830 .text-box-content {\n  font-size: 100%;\n}\n@media (min-width:550px) {\n  #text-box-1527329830 {\n    width: 60%;\n  }\n}\n<\/style>\n    <\/div>\n \n        <\/div>\n      <\/div>\n\n            \n<style>\n#banner-1407589532 {\n  padding-top: 500px;\n}\n#banner-1407589532 .overlay {\n  background-color: rgba(0, 185, 179, 0.91);\n}\n<\/style>\n  <\/div>\n\n\n","protected":false},"excerpt":{"rendered":"","protected":false},"author":1,"featured_media":0,"parent":0,"menu_order":0,"comment_status":"closed","ping_status":"closed","template":"page-transparent-header-light.php","meta":{"slim_seo":{"title":"Collag\u00e8ne - FitNFemale\u00ae","description":"Trouvez le collag\u00e8ne id\u00e9al avec FitNFemale Collagen Supermix pour une peau \u00e9clatante et une vie sans stress. Vous recherchez une solution compl\u00e8te pour la peau, les cheveux et les gels\u00a0?"},"footnotes":""},"class_list":["post-784411","page","type-page","status-publish","hentry"],"_links":{"self":[{"href":"https:\/\/fitnfemale.com\/fr\/wp-json\/wp\/v2\/pages\/784411","targetHints":{"allow":["GET"]}}],"collection":[{"href":"https:\/\/fitnfemale.com\/fr\/wp-json\/wp\/v2\/pages"}],"about":[{"href":"https:\/\/fitnfemale.com\/fr\/wp-json\/wp\/v2\/types\/page"}],"author":[{"embeddable":true,"href":"https:\/\/fitnfemale.com\/fr\/wp-json\/wp\/v2\/users\/1"}],"replies":[{"embeddable":true,"href":"https:\/\/fitnfemale.com\/fr\/wp-json\/wp\/v2\/comments?post=784411"}],"version-history":[{"count":0,"href":"https:\/\/fitnfemale.com\/fr\/wp-json\/wp\/v2\/pages\/784411\/revisions"}],"wp:attachment":[{"href":"https:\/\/fitnfemale.com\/fr\/wp-json\/wp\/v2\/media?parent=784411"}],"curies":[{"name":"wp","href":"https:\/\/api.w.org\/{rel}","templated":true}]}}