{"id":746576,"date":"2023-05-25T13:05:31","date_gmt":"2023-05-25T12:05:31","guid":{"rendered":"https:\/\/fitnfemale.com\/?page_id=746576"},"modified":"2023-05-25T16:57:29","modified_gmt":"2023-05-25T15:57:29","slug":"warteliste","status":"publish","type":"page","link":"https:\/\/fitnfemale.com\/fr\/warteliste\/","title":{"rendered":"Liste d'attente"},"content":{"rendered":"<div id=\"gap-1835601863\" class=\"gap-element clearfix\" style=\"display:block; height:auto;\">\n\t\t\n<style>\n#gap-1835601863 {\n  padding-top: 30px;\n}\n<\/style>\n\t<\/div>\n\t\n<div class=\"container section-title-container\" ><h3 class=\"section-title section-title-center\"><b aria-hidden=\"true\"><\/b><span class=\"section-title-main\" >PINK BURN - FUSION LISSE<\/span><b aria-hidden=\"true\"><\/b><\/h3><\/div>\n<div class=\"row\"  id=\"row-728089651\">\n\n\t<div id=\"col-587088663\" class=\"col medium-5 small-12 large-5\"  >\n\t\t\t\t<div class=\"col-inner\"  >\n\t\t\t\n\t\t\t\n\t<div class=\"img has-hover x md-x lg-x y md-y lg-y\" id=\"image_1301118884\">\n\t\t\t\t\t\t\t\t<div class=\"img-inner dark\" >\n\t\t\t<img decoding=\"async\" width=\"800\" height=\"800\" src=\"https:\/\/fitnfemale.com\/wp-content\/uploads\/pink-burn-night-2023-shop-optimiert-800x800.jpg\" class=\"attachment-large size-large\" alt=\"Boutique optimis\u00e9e pour Pink Burn Night 2023\" srcset=\"https:\/\/fitnfemale.com\/wp-content\/uploads\/pink-burn-night-2023-shop-optimiert-800x800.jpg 800w, https:\/\/fitnfemale.com\/wp-content\/uploads\/pink-burn-night-2023-shop-optimiert-200x200.jpg 200w, https:\/\/fitnfemale.com\/wp-content\/uploads\/pink-burn-night-2023-shop-optimiert-510x510.jpg 510w, https:\/\/fitnfemale.com\/wp-content\/uploads\/pink-burn-night-2023-shop-optimiert-400x400.jpg 400w, https:\/\/fitnfemale.com\/wp-content\/uploads\/pink-burn-night-2023-shop-optimiert-280x280.jpg 280w, https:\/\/fitnfemale.com\/wp-content\/uploads\/pink-burn-night-2023-shop-optimiert-768x768.jpg 768w, https:\/\/fitnfemale.com\/wp-content\/uploads\/pink-burn-night-2023-shop-optimiert-12x12.jpg 12w, https:\/\/fitnfemale.com\/wp-content\/uploads\/pink-burn-night-2023-shop-optimiert-120x120.jpg 120w, https:\/\/fitnfemale.com\/wp-content\/uploads\/pink-burn-night-2023-shop-optimiert.jpg 868w\" sizes=\"(max-width: 800px) 100vw, 800px\" \/>\t\t\t\t\t\t\n\t\t\t\t\t<\/div>\n\t\t\t\t\t\t\t\t\n<style>\n#image_1301118884 {\n  width: 100%;\n}\n<\/style>\n\t<\/div>\n\t\n\t\t<\/div>\n\t\t\t\t\t<\/div>\n\n\t\n\n\t<div id=\"col-1178002571\" class=\"col medium-7 small-12 large-7\"  >\n\t\t\t\t<div class=\"col-inner\"  >\n\t\t\t\n\t\t\t\n<div class=\"row\"  id=\"row-774147533\">\n\n\t<div id=\"col-1070175164\" class=\"col small-12 large-12\"  >\n\t\t\t\t<div class=\"col-inner\" style=\"background-color:#f1e5e6;\" >\n\t\t\t\n\t\t\t\n\n\t\t<\/div>\n\t\t\t\t\n<style>\n#col-1070175164 > .col-inner {\n  padding: 20px 20px 0px 20px;\n  border-radius: 19px;\n}\n<\/style>\n\t<\/div>\n\n\t\n<\/div>\n<p>Nous sommes heureux de t'annoncer qu'une nouvelle version de notre best-seller Pink Burn sera bient\u00f4t disponible sur le march\u00e9 - \"Smooth Fusion\" \u00e0 la mangue s\u00e9duisante et sans b\u00eata-alanine. Cette nouveaut\u00e9 excitante est presque \u00e0 port\u00e9e de main, et nous sommes impatients de la partager avec toi.<\/p>\n<p>Smooth Fusion conserve la haute qualit\u00e9 et l'efficacit\u00e9 auxquelles tu es habitu\u00e9 avec Pink Burn - <span style=\"color: #282828;\"><strong>mais cette version ne contient pas de b\u00eata-alanine.<\/strong><\/span>.<\/p>\n<p>Pour \u00eatre s\u00fbr de ne pas rater le lancement, nous t'offrons la possibilit\u00e9 de t'inscrire sur notre liste d'attente. D\u00e8s que Smooth Fusion sera disponible, tu seras imm\u00e9diatement averti(e) afin d'\u00eatre parmi les premiers \u00e0 essayer ce nouveau produit passionnant.<\/p>\n\t\t<\/div>\n\t\t\t\t\t<\/div>\n\n\t\n<\/div>","protected":false},"excerpt":{"rendered":"","protected":false},"author":1,"featured_media":0,"parent":0,"menu_order":0,"comment_status":"closed","ping_status":"closed","template":"page-blank.php","meta":{"slim_seo":{"title":"Warteliste - FitNFemale\u00ae","description":"PINK BURN - SMOOTH FUSION Nous sommes heureux d&#039;annoncer la sortie prochaine d&#039;une nouvelle version de notre best-seller Pink Burn : \" Smooth Fusion \".\""},"footnotes":""},"class_list":["post-746576","page","type-page","status-publish","hentry"],"_links":{"self":[{"href":"https:\/\/fitnfemale.com\/fr\/wp-json\/wp\/v2\/pages\/746576","targetHints":{"allow":["GET"]}}],"collection":[{"href":"https:\/\/fitnfemale.com\/fr\/wp-json\/wp\/v2\/pages"}],"about":[{"href":"https:\/\/fitnfemale.com\/fr\/wp-json\/wp\/v2\/types\/page"}],"author":[{"embeddable":true,"href":"https:\/\/fitnfemale.com\/fr\/wp-json\/wp\/v2\/users\/1"}],"replies":[{"embeddable":true,"href":"https:\/\/fitnfemale.com\/fr\/wp-json\/wp\/v2\/comments?post=746576"}],"version-history":[{"count":0,"href":"https:\/\/fitnfemale.com\/fr\/wp-json\/wp\/v2\/pages\/746576\/revisions"}],"wp:attachment":[{"href":"https:\/\/fitnfemale.com\/fr\/wp-json\/wp\/v2\/media?parent=746576"}],"curies":[{"name":"wp","href":"https:\/\/api.w.org\/{rel}","templated":true}]}}