{"id":736774,"date":"2023-04-23T09:18:47","date_gmt":"2023-04-23T08:18:47","guid":{"rendered":"https:\/\/fitnfemale.com\/?page_id=736774"},"modified":"2025-12-22T11:59:14","modified_gmt":"2025-12-22T10:59:14","slug":"booster","status":"publish","type":"page","link":"https:\/\/fitnfemale.com\/fr\/booster\/","title":{"rendered":"Booster"},"content":{"rendered":"\n  <div class=\"banner has-hover\" id=\"banner-1078674462\">\n          <div class=\"banner-inner fill\">\n        <div class=\"banner-bg fill\" >\n            <img decoding=\"async\" width=\"2214\" height=\"1245\" src=\"https:\/\/fitnfemale.com\/wp-content\/uploads\/pinkburn-closeup-header.webp\" class=\"bg attachment-original size-original\" alt=\"Pinkburn closeup header\" \/>                        <div class=\"overlay\"><\/div>            \n                    <\/div>\n\t\t\n        <div class=\"banner-layers container\">\n            <div class=\"fill banner-link\"><\/div>            \n   <div id=\"text-box-865407415\" class=\"text-box banner-layer x50 md-x95 lg-x95 y75 md-y70 lg-y70 res-text\">\n                     <div data-animate=\"fadeInLeft\">           <div class=\"text-box-content text dark\">\n              \n              <div class=\"text-inner text-center\">\n                  \n\t<div id=\"text-2096263853\" class=\"text\">\n\t\t\n<h4 class=\"uppercase\">Entdecke unsere Booster, ma\u00dfgeschneidert f\u00fcr jedes Fitnessziel<\/h4>\n\t\t\n<style>\n#text-2096263853 {\n  font-size: 0.75rem;\n  color: rgb(255,255,255);\n}\n#text-2096263853 > * {\n  color: rgb(255,255,255);\n}\n@media (min-width:550px) {\n  #text-2096263853 {\n    font-size: 1.4rem;\n  }\n}\n<\/style>\n\t<\/div>\n\t\n\t<div id=\"text-2131733748\" class=\"text hide-for-small\">\n\t\t\n<p>Ob Energie, Fettverbrennung oder Appetitkontrolle \u2013 finde den perfekten Begleiter, um deine innere Powerfrau zu entfesseln. Lass dich jetzt inspirieren!<\/p>\n\t\t\n<style>\n#text-2131733748 {\n  font-size: 1rem;\n  color: rgb(255,255,255);\n}\n#text-2131733748 > * {\n  color: rgb(255,255,255);\n}\n<\/style>\n\t<\/div>\n\t\n              <\/div>\n           <\/div>\n       <\/div>                     \n<style>\n#text-box-865407415 {\n  width: 98%;\n}\n#text-box-865407415 .text-box-content {\n  font-size: 100%;\n}\n@media (min-width:550px) {\n  #text-box-865407415 {\n    width: 41%;\n  }\n}\n<\/style>\n    <\/div>\n \n        <\/div>\n      <\/div>\n\n            \n<style>\n#banner-1078674462 {\n  padding-top: 120%;\n}\n#banner-1078674462 .overlay {\n  background-color: rgba(0, 0, 0, 0.25);\n}\n#banner-1078674462 .banner-bg img {\n  object-position: 30% 100%;\n}\n@media (min-width:550px) {\n  #banner-1078674462 {\n    padding-top: 45%;\n  }\n  #banner-1078674462 .overlay {\n    background-color: rgba(0, 0, 0, 0.233);\n  }\n}\n<\/style>\n  <\/div>\n\n\n\n  <div class=\"banner has-hover has-parallax\" id=\"banner-1080798249\">\n          <div class=\"banner-inner fill\">\n        <div class=\"banner-bg fill\" data-parallax=\"-3\" data-parallax-container=\".banner\" data-parallax-background>\n                                                \n                    <\/div>\n\t\t\n        <div class=\"banner-layers container\">\n            <div class=\"fill banner-link\"><\/div>            \n   <div id=\"text-box-664347195\" class=\"text-box banner-layer x50 md-x95 lg-x95 y95 md-y50 lg-y50 res-text\">\n                     <div data-animate=\"fadeInLeft\">           <div class=\"text-box-content text dark\">\n              \n              <div class=\"text-inner text-center\">\n                  \n<h3 class=\"uppercase\"><strong>Energie und Fettverbrennung f\u00fcr dein intensives Training<\/strong><\/h3>\n<p>Maximiere dein Training mit Pink Burn, dem 2-in-1 Fatburner und Workout Booster. Erlebe schnelle Ergebnisse dank 23 abgestimmten Wirkstoffen, 200mg Koffein und ausgewogenem Elektrolythaushalt. Nur 20 Kalorien pro Portion!<\/p>\n<a href=\"\/produkt\/pink-burn-2-in-1-fatburner-booster\/\" class=\"button white is-larger expand\" style=\"border-radius:99px;\">\n\t<i class=\"icon-angle-right\" aria-hidden=\"true\"><\/i>\t<span>Pink burn<\/span>\n\t<\/a>\n\n              <\/div>\n           <\/div>\n       <\/div>                     \n<style>\n#text-box-664347195 {\n  width: 80%;\n}\n#text-box-664347195 .text-box-content {\n  font-size: 100%;\n}\n@media (min-width:550px) {\n  #text-box-664347195 {\n    width: 41%;\n  }\n}\n<\/style>\n    <\/div>\n \n\t<div class=\"img has-hover x50 md-x5 lg-x5 y5 md-y50 lg-y50\" id=\"image_1324317144\">\n\t\t<a class=\"\" href=\"\/produkt\/pink-burn-2-in-1-fatburner-booster\/\" >\t\t\t\t\t\t<div class=\"img-inner dark\" >\n\t\t\t<img decoding=\"async\" width=\"800\" height=\"800\" src=\"https:\/\/fitnfemale.com\/wp-content\/uploads\/pinkburn.png\" class=\"attachment-original size-original\" alt=\"Pinkburn\" srcset=\"https:\/\/fitnfemale.com\/wp-content\/uploads\/pinkburn.png 800w, https:\/\/fitnfemale.com\/wp-content\/uploads\/pinkburn-200x200.png 200w, https:\/\/fitnfemale.com\/wp-content\/uploads\/pinkburn-510x510.png 510w, https:\/\/fitnfemale.com\/wp-content\/uploads\/pinkburn-400x400.png 400w, https:\/\/fitnfemale.com\/wp-content\/uploads\/pinkburn-280x280.png 280w, https:\/\/fitnfemale.com\/wp-content\/uploads\/pinkburn-768x768.png 768w, https:\/\/fitnfemale.com\/wp-content\/uploads\/pinkburn-12x12.png 12w, https:\/\/fitnfemale.com\/wp-content\/uploads\/pinkburn-120x120.png 120w\" sizes=\"(max-width: 800px) 100vw, 800px\" \/>\t\t\t\t\t\t\n\t\t\t\t\t<\/div>\n\t\t\t\t\t\t<\/a>\t\t\n<style>\n#image_1324317144 {\n  width: 47%;\n}\n@media (min-width:550px) {\n  #image_1324317144 {\n    width: 23%;\n  }\n}\n<\/style>\n\t<\/div>\n\t\n        <\/div>\n      <\/div>\n\n            \n<style>\n#banner-1080798249 {\n  padding-top: 468px;\n  background-color: rgb(219, 143, 179);\n}\n#banner-1080798249 .overlay {\n  background-color: rgba(0, 0, 0, 0.3);\n}\n#banner-1080798249 .banner-bg img {\n  object-position: 35% 23%;\n}\n@media (min-width:550px) {\n  #banner-1080798249 {\n    padding-top: 540px;\n  }\n}\n<\/style>\n  <\/div>\n\n\n\n  <div class=\"banner has-hover has-parallax\" id=\"banner-600594360\">\n          <div class=\"banner-inner fill\">\n        <div class=\"banner-bg fill\" data-parallax=\"-3\" data-parallax-container=\".banner\" data-parallax-background>\n                                                \n                    <\/div>\n\t\t\n        <div class=\"banner-layers container\">\n            <div class=\"fill banner-link\"><\/div>            \n   <div id=\"text-box-88242599\" class=\"text-box banner-layer x50 md-x95 lg-x95 y95 md-y50 lg-y50 res-text\">\n                     <div data-animate=\"fadeInLeft\">           <div class=\"text-box-content text dark\">\n              \n              <div class=\"text-inner text-center\">\n                  \n<h3 class=\"uppercase\"><strong>Abendliche Power: Fatburner, Booster &amp; Appetitkontrolle in einem<\/strong><\/h3>\n<p>Lass den Tag hinter dir und power dich aus mit Pink Burn Night, dem koffeinfreien 3-in-1 Booster f\u00fcr sp\u00e4te Workouts. Unterst\u00fctzt Fettverbrennung, Trainingsintensit\u00e4t und Appetitkontrolle, w\u00e4hrend es ein S\u00e4ttigungsgef\u00fchl f\u00f6rdert.<\/p>\n<a href=\"\/produkt\/pink-burn-night-edition\/\" class=\"button white is-larger expand\" style=\"border-radius:99px;\">\n\t<i class=\"icon-angle-right\" aria-hidden=\"true\"><\/i>\t<span>Pink burn - Night Edition<\/span>\n\t<\/a>\n\n              <\/div>\n           <\/div>\n       <\/div>                     \n<style>\n#text-box-88242599 {\n  width: 80%;\n}\n#text-box-88242599 .text-box-content {\n  font-size: 100%;\n}\n@media (min-width:550px) {\n  #text-box-88242599 {\n    width: 41%;\n  }\n}\n<\/style>\n    <\/div>\n \n\t<div class=\"img has-hover x50 md-x5 lg-x5 y5 md-y80 lg-y80\" id=\"image_2051972888\">\n\t\t<a class=\"\" href=\"\/produkt\/pink-burn-night-edition\/\" >\t\t\t\t\t\t<div class=\"img-inner dark\" >\n\t\t\t<img decoding=\"async\" width=\"800\" height=\"800\" src=\"https:\/\/fitnfemale.com\/wp-content\/uploads\/pinkburn-night-1.png\" class=\"attachment-original size-original\" alt=\"Pinkburn night\" srcset=\"https:\/\/fitnfemale.com\/wp-content\/uploads\/pinkburn-night-1.png 800w, https:\/\/fitnfemale.com\/wp-content\/uploads\/pinkburn-night-1-200x200.png 200w, https:\/\/fitnfemale.com\/wp-content\/uploads\/pinkburn-night-1-510x510.png 510w, https:\/\/fitnfemale.com\/wp-content\/uploads\/pinkburn-night-1-400x400.png 400w, https:\/\/fitnfemale.com\/wp-content\/uploads\/pinkburn-night-1-280x280.png 280w, https:\/\/fitnfemale.com\/wp-content\/uploads\/pinkburn-night-1-768x768.png 768w, https:\/\/fitnfemale.com\/wp-content\/uploads\/pinkburn-night-1-12x12.png 12w, https:\/\/fitnfemale.com\/wp-content\/uploads\/pinkburn-night-1-120x120.png 120w\" sizes=\"(max-width: 800px) 100vw, 800px\" \/>\t\t\t\t\t\t\n\t\t\t\t\t<\/div>\n\t\t\t\t\t\t<\/a>\t\t\n<style>\n#image_2051972888 {\n  width: 47%;\n}\n@media (min-width:550px) {\n  #image_2051972888 {\n    width: 23%;\n  }\n}\n<\/style>\n\t<\/div>\n\t\n        <\/div>\n      <\/div>\n\n            \n<style>\n#banner-600594360 {\n  padding-top: 468px;\n  background-color: rgb(29, 29, 31);\n}\n#banner-600594360 .overlay {\n  background-color: rgba(0, 0, 0, 0.3);\n}\n#banner-600594360 .banner-bg img {\n  object-position: 35% 23%;\n}\n@media (min-width:550px) {\n  #banner-600594360 {\n    padding-top: 540px;\n  }\n}\n<\/style>\n  <\/div>\n\n\n\n  <div class=\"banner has-hover has-parallax\" id=\"banner-1121576240\">\n          <div class=\"banner-inner fill\">\n        <div class=\"banner-bg fill\" data-parallax=\"-3\" data-parallax-container=\".banner\" data-parallax-background>\n                                                \n                    <\/div>\n\t\t\n        <div class=\"banner-layers container\">\n            <div class=\"fill banner-link\"><\/div>            \n\t<div class=\"img has-hover x50 md-x5 lg-x5 y5 md-y50 lg-y50\" id=\"image_1694340682\">\n\t\t<a class=\"\" href=\"\/produkt\/pink-rush-muscle-tone\/\" >\t\t\t\t\t\t<div class=\"img-inner dark\" >\n\t\t\t<img decoding=\"async\" width=\"800\" height=\"800\" src=\"https:\/\/fitnfemale.com\/wp-content\/uploads\/pinkrush.png\" class=\"attachment-original size-original\" alt=\"Pinkrush\" srcset=\"https:\/\/fitnfemale.com\/wp-content\/uploads\/pinkrush.png 800w, https:\/\/fitnfemale.com\/wp-content\/uploads\/pinkrush-200x200.png 200w, https:\/\/fitnfemale.com\/wp-content\/uploads\/pinkrush-510x510.png 510w, https:\/\/fitnfemale.com\/wp-content\/uploads\/pinkrush-400x400.png 400w, https:\/\/fitnfemale.com\/wp-content\/uploads\/pinkrush-280x280.png 280w, https:\/\/fitnfemale.com\/wp-content\/uploads\/pinkrush-768x768.png 768w, https:\/\/fitnfemale.com\/wp-content\/uploads\/pinkrush-12x12.png 12w, https:\/\/fitnfemale.com\/wp-content\/uploads\/pinkrush-120x120.png 120w\" sizes=\"(max-width: 800px) 100vw, 800px\" \/>\t\t\t\t\t\t\n\t\t\t\t\t<\/div>\n\t\t\t\t\t\t<\/a>\t\t\n<style>\n#image_1694340682 {\n  width: 47%;\n}\n@media (min-width:550px) {\n  #image_1694340682 {\n    width: 23%;\n  }\n}\n<\/style>\n\t<\/div>\n\t\n   <div id=\"text-box-984685510\" class=\"text-box banner-layer x50 md-x95 lg-x95 y100 md-y25 lg-y25 res-text\">\n                                <div class=\"text-box-content text dark\">\n              \n              <div class=\"text-inner text-center\">\n                  \n<h3 class=\"uppercase\"><strong>Mehr Energie, mehr Definition \u2013 erreiche dein n\u00e4chstes Level mit Pink Rush<\/strong><\/h3>\n<p>Erreiche neue H\u00f6hen mit Pink Rush, dem ultimativen Pre-Workout Booster speziell f\u00fcr Frauen. Genie\u00dfe sofortige Energie, optimale Kreatindosierung und wertvolle B-Vitamine f\u00fcr atemberaubende Ergebnisse und unwiderstehliche Eleganz.<\/p>\n<a href=\"\/produkt\/pink-rush-muscle-tone\/\" class=\"button white is-larger expand\" style=\"border-radius:99px;\">\n\t<i class=\"icon-angle-right\" aria-hidden=\"true\"><\/i>\t<span>Pink Rush<\/span>\n\t<\/a>\n\n              <\/div>\n           <\/div>\n                            \n<style>\n#text-box-984685510 {\n  width: 82%;\n}\n#text-box-984685510 .text-box-content {\n  font-size: 100%;\n}\n@media (min-width:550px) {\n  #text-box-984685510 {\n    width: 41%;\n  }\n}\n<\/style>\n    <\/div>\n \n        <\/div>\n      <\/div>\n\n            \n<style>\n#banner-1121576240 {\n  padding-top: 468px;\n  background-color: rgb(200, 140, 158);\n}\n#banner-1121576240 .banner-bg img {\n  object-position: 60% 16%;\n}\n@media (min-width:550px) {\n  #banner-1121576240 {\n    padding-top: 540px;\n  }\n}\n<\/style>\n  <\/div>\n\n\n\n  <div class=\"banner has-hover has-parallax\" id=\"banner-1559465166\">\n          <div class=\"banner-inner fill\">\n        <div class=\"banner-bg fill\" data-parallax=\"-3\" data-parallax-container=\".banner\" data-parallax-background>\n                                                \n                    <\/div>\n\t\t\n        <div class=\"banner-layers container\">\n            <div class=\"fill banner-link\"><\/div>            \n\t<div class=\"img has-hover x50 md-x50 lg-x50 y0 md-y50 lg-y50\" id=\"image_539191027\">\n\t\t<a class=\"\" href=\"\/produkt\/pink-rush-muscle-tone\/\" >\t\t\t\t\t\t<div class=\"img-inner dark\" >\n\t\t\t<img decoding=\"async\" width=\"2391\" height=\"2391\" src=\"https:\/\/fitnfemale.com\/wp-content\/uploads\/booster-auswahl-entscheidung.webp\" class=\"attachment-original size-original\" alt=\"Booster auswahl entscheidung\" srcset=\"https:\/\/fitnfemale.com\/wp-content\/uploads\/booster-auswahl-entscheidung.webp 2391w, https:\/\/fitnfemale.com\/wp-content\/uploads\/booster-auswahl-entscheidung-200x200.webp 200w, https:\/\/fitnfemale.com\/wp-content\/uploads\/booster-auswahl-entscheidung-1000x1000.webp 1000w, https:\/\/fitnfemale.com\/wp-content\/uploads\/booster-auswahl-entscheidung-400x400.webp 400w, https:\/\/fitnfemale.com\/wp-content\/uploads\/booster-auswahl-entscheidung-800x800.webp 800w, https:\/\/fitnfemale.com\/wp-content\/uploads\/booster-auswahl-entscheidung-280x280.webp 280w, https:\/\/fitnfemale.com\/wp-content\/uploads\/booster-auswahl-entscheidung-768x768.webp 768w, https:\/\/fitnfemale.com\/wp-content\/uploads\/booster-auswahl-entscheidung-1536x1536.webp 1536w, https:\/\/fitnfemale.com\/wp-content\/uploads\/booster-auswahl-entscheidung-2048x2048.webp 2048w, https:\/\/fitnfemale.com\/wp-content\/uploads\/booster-auswahl-entscheidung-12x12.webp 12w, https:\/\/fitnfemale.com\/wp-content\/uploads\/booster-auswahl-entscheidung-120x120.webp 120w\" sizes=\"(max-width: 2391px) 100vw, 2391px\" \/>\t\t\t\t\t\t\n\t\t\t\t\t<\/div>\n\t\t\t\t\t\t<\/a>\t\t\n<style>\n#image_539191027 {\n  width: 100%;\n}\n@media (min-width:550px) {\n  #image_539191027 {\n    width: 42%;\n  }\n}\n<\/style>\n\t<\/div>\n\t\n        <\/div>\n      <\/div>\n\n            \n<style>\n#banner-1559465166 {\n  padding-top: 468px;\n  background-color: rgb(0,0,0);\n}\n#banner-1559465166 .banner-bg img {\n  object-position: 60% 16%;\n}\n@media (min-width:550px) {\n  #banner-1559465166 {\n    padding-top: 629px;\n  }\n}\n<\/style>\n  <\/div>\n\n\n\n  <div class=\"banner has-hover show-for-medium hide-for-small\" id=\"banner-1450513920\">\n          <div class=\"banner-inner fill\">\n        <div class=\"banner-bg fill\" >\n                                    <div class=\"overlay\"><\/div>            \n                    <\/div>\n\t\t\n        <div class=\"banner-layers container\">\n            <div class=\"fill banner-link\"><\/div>            \n   <div id=\"text-box-715038916\" class=\"text-box banner-layer x50 md-x50 lg-x50 y50 md-y50 lg-y50 res-text\">\n              <div data-parallax=\"2\" data-parallax-fade=\"true\">                  <div class=\"text-box-content text dark\">\n              \n              <div class=\"text-inner text-center\">\n                  \n<h3 class=\"uppercase\"><strong>SPEZIAL-RABATT<\/strong><\/h3>\n<p>Verwende den Code SURPRISE f\u00fcr einen erhalte einen Spezialrabatt und bis zu 4 Giveaways pro Bestellung.<\/p>\n<div id=\"timer-1790608620\" class=\"ux-timer dark\" data-text-plural=\"s\" data-text-hour=\"hour\" data-text-day=\"day\" data-text-week=\"week\" data-text-min=\"min\" data-text-sec=\"sec\" data-text-hour-p=\"\" data-text-day-p=\"\" data-text-week-p=\"\" data-text-min-p=\"\" data-text-sec-p=\"\" data-countdown=\"2021\/12\/31 18:00\"><span>&nbsp;<div class=\"loading-spin dark centered\"><\/div><strong>&nbsp;<\/strong><\/span><\/div>\n<style>\n#timer-1790608620 {\n  font-size: 300%;\n}\n#timer-1790608620 span {\n  background-color: rgba(0, 0, 0, 0.06);\n}\n<\/style>\n\n<a class=\"button white\" style=\"border-radius:99px;\">\n\t\t<span>Shop Now<\/span>\n\t<\/a>\n\n              <\/div>\n           <\/div>\n              <\/div>              \n<style>\n#text-box-715038916 {\n  width: 79%;\n}\n#text-box-715038916 .text-box-content {\n  font-size: 100%;\n}\n@media (min-width:550px) {\n  #text-box-715038916 {\n    width: 60%;\n  }\n}\n<\/style>\n    <\/div>\n \n        <\/div>\n      <\/div>\n\n            \n<style>\n#banner-1450513920 {\n  padding-top: 500px;\n}\n#banner-1450513920 .overlay {\n  background-color: rgba(0, 185, 179, 0.91);\n}\n<\/style>\n  <\/div>\n\n\n\n  <div class=\"banner has-hover show-for-medium hide-for-small has-parallax\" id=\"banner-1710176325\">\n          <div class=\"banner-inner fill\">\n        <div class=\"banner-bg fill\" data-parallax=\"-3\" data-parallax-container=\".banner\" data-parallax-background>\n                                    <div class=\"overlay\"><\/div>            \n                    <\/div>\n\t\t\n        <div class=\"banner-layers container\">\n            <div class=\"fill banner-link\"><\/div>            \n   <div id=\"text-box-29647482\" class=\"text-box banner-layer x50 md-x50 lg-x50 y50 md-y50 lg-y50 res-text\">\n              <div data-parallax=\"2\" data-parallax-fade=\"true\">                  <div class=\"text-box-content text dark\">\n              \n              <div class=\"text-inner text-center\">\n                  \n<h3 class=\"uppercase\"><strong>Join Our Newsletter<\/strong><\/h3>\n<p>Lorem ipsum dolor sit amet, consectetuer adipiscing elit, sed diam nonummy nibh euismod tincidunt ut laoreet dolore magna aliquam erat volutpat.<\/p>\n[contact-form-7 id=&#8220;7042&#8243;]\n              <\/div>\n           <\/div>\n              <\/div>              \n<style>\n#text-box-29647482 {\n  width: 93%;\n}\n#text-box-29647482 .text-box-content {\n  font-size: 100%;\n}\n@media (min-width:550px) {\n  #text-box-29647482 {\n    width: 60%;\n  }\n}\n<\/style>\n    <\/div>\n \n        <\/div>\n      <\/div>\n\n            \n<style>\n#banner-1710176325 {\n  padding-top: 450px;\n}\n#banner-1710176325 .overlay {\n  background-color: rgba(0, 0, 0, 0.63);\n}\n<\/style>\n  <\/div>\n\n\n","protected":false},"excerpt":{"rendered":"","protected":false},"author":1,"featured_media":0,"parent":0,"menu_order":0,"comment_status":"closed","ping_status":"closed","template":"page-transparent-header-light.php","meta":{"slim_seo":{"title":"Booster - FitNFemale\u00ae","description":"D\u00e9couvrez nos compl\u00e9ments alimentaires, adapt\u00e9s \u00e0 chaque objectif fitness. \u00c9nergie, perte de graisse ou contr\u00f4le de l&#039;app\u00e9tit\u00a0: trouvez le partenaire id\u00e9al pour vous aider \u00e0 atteindre vos objectifs."},"footnotes":""},"class_list":["post-736774","page","type-page","status-publish","hentry"],"_links":{"self":[{"href":"https:\/\/fitnfemale.com\/fr\/wp-json\/wp\/v2\/pages\/736774","targetHints":{"allow":["GET"]}}],"collection":[{"href":"https:\/\/fitnfemale.com\/fr\/wp-json\/wp\/v2\/pages"}],"about":[{"href":"https:\/\/fitnfemale.com\/fr\/wp-json\/wp\/v2\/types\/page"}],"author":[{"embeddable":true,"href":"https:\/\/fitnfemale.com\/fr\/wp-json\/wp\/v2\/users\/1"}],"replies":[{"embeddable":true,"href":"https:\/\/fitnfemale.com\/fr\/wp-json\/wp\/v2\/comments?post=736774"}],"version-history":[{"count":0,"href":"https:\/\/fitnfemale.com\/fr\/wp-json\/wp\/v2\/pages\/736774\/revisions"}],"wp:attachment":[{"href":"https:\/\/fitnfemale.com\/fr\/wp-json\/wp\/v2\/media?parent=736774"}],"curies":[{"name":"wp","href":"https:\/\/api.w.org\/{rel}","templated":true}]}}