{"id":726189,"date":"2017-10-13T08:47:58","date_gmt":"2017-10-13T07:47:58","guid":{"rendered":"https:\/\/fitnfemale.com\/?page_id=726189"},"modified":"2023-03-17T09:41:01","modified_gmt":"2023-03-17T08:41:01","slug":"impressum-2","status":"publish","type":"page","link":"https:\/\/fitnfemale.com\/fr\/impressum-2\/","title":{"rendered":"politique d&#039;annulation"},"content":{"rendered":"<section class=\"section\" id=\"section_1850338796\">\n\t\t<div class=\"section-bg fill\" >\n\t\t\t\t\t\t\t\t\t\n\t\t\t\n\t<div class=\"is-border\"\n\t\tstyle=\"border-color:rgb(235, 235, 235);border-width:1px 0px 0px 0px;\">\n\t<\/div>\n\n\t\t<\/div>\n\n\t\t\n\n\t\t<div class=\"section-content relative\">\n\t\t\t\n<div class=\"row\"  id=\"row-955969600\">\n\n\t<div id=\"col-980133535\" class=\"col small-12 large-12\"  >\n\t\t\t\t<div class=\"col-inner\"  >\n\t\t\t\n\t\t\t\n\n\t\t<div class=\"icon-box featured-box icon-box-top text-left\"  style=\"margin:px px px px;\">\n\t\t\t\t<div class=\"icon-box-text last-reset\">\n\t\t\t\t\t\t\t\t\t\n<h1>Information sur le droit de r\u00e9tractation et formulaire de r\u00e9tractation<\/h1>\n<p>Les consommateurs disposent d'un droit de r\u00e9tractation conform\u00e9ment aux dispositions suivantes, le consommateur \u00e9tant toute personne physique qui conclut un acte juridique \u00e0 des fins qui, pour l'essentiel, ne peuvent \u00eatre imput\u00e9es ni \u00e0 son activit\u00e9 commerciale ni \u00e0 son activit\u00e9 professionnelle ind\u00e9pendante :<\/p>\n<h1><strong>A) Information sur le droit de r\u00e9tractation<\/strong><\/h1>\n<h2><strong>- Droit de r\u00e9tractation<\/strong><\/h2>\n<p>Vous avez le droit de vous r\u00e9tracter de ce contrat dans un d\u00e9lai de 14 jours sans donner de raison.<\/p>\n<p>Le d\u00e9lai de r\u00e9tractation est de 14 jours \u00e0 compter de la date \u00e0 laquelle vous, ou un tiers autre que le transporteur et d\u00e9sign\u00e9 par vous, avez pris ou pris possession du dernier produit.<\/p>\n<p>Pour exercer votre droit de r\u00e9tractation, vous devez nous contacter (Fitnessmagnet GmbH<br \/>Zeughausgasse 15 , CH-6300 Zug, Tel : +41 44 500 85 67, E-Mail : support@fitnfemale.com) au moyen d'une d\u00e9claration claire (par exemple une lettre envoy\u00e9e par la poste ou un e-mail) de votre d\u00e9cision de r\u00e9voquer le pr\u00e9sent contrat. Vous pouvez utiliser \u00e0 cet effet le mod\u00e8le de formulaire de r\u00e9tractation ci-joint, qui n'est toutefois pas obligatoire.<\/p>\n<p>Pour que le d\u00e9lai de r\u00e9tractation soit respect\u00e9, il suffit que vous envoyiez la communication relative \u00e0 l'exercice du droit de r\u00e9tractation avant l'expiration du d\u00e9lai de r\u00e9tractation.<\/p>\n<h2><strong>- Cons\u00e9quences de la r\u00e9vocation<\/strong><\/h2>\n<p>En cas de r\u00e9tractation du pr\u00e9sent contrat, nous vous rembourserons tous les paiements re\u00e7us de vous, y compris les frais de livraison (\u00e0 l'exception des frais suppl\u00e9mentaires d\u00e9coulant du fait que vous avez choisi un mode de livraison autre que le mode moins co\u00fbteux de livraison standard propos\u00e9 par nous), sans retard excessif et au plus tard quatorze jours \u00e0 compter de la date \u00e0 laquelle nous aurons \u00e9t\u00e9 inform\u00e9s de votre d\u00e9cision de r\u00e9tractation du pr\u00e9sent contrat. Pour ce remboursement, nous utilisons le m\u00eame moyen de paiement que celui que vous avez utilis\u00e9 pour la transaction initiale, \u00e0 moins qu'il n'en ait \u00e9t\u00e9 express\u00e9ment convenu autrement avec vous ; en aucun cas, des frais ne vous seront factur\u00e9s pour ce remboursement. Nous pouvons refuser le remboursement jusqu'\u00e0 ce que nous ayons r\u00e9cup\u00e9r\u00e9 les marchandises ou jusqu'\u00e0 ce que vous ayez fourni la preuve que vous avez renvoy\u00e9 les marchandises, la date retenue \u00e9tant celle du premier de ces faits.<\/p>\n<p>Vous devez renvoyer ou rendre le bien \u00e0 FitnFemale, CH-9489 Schaan LOG sans retard excessif et, en tout \u00e9tat de cause, au plus tard quatorze jours apr\u00e8s que vous nous aurez communiqu\u00e9 votre d\u00e9cision de r\u00e9tractation du pr\u00e9sent contrat. Si vous le souhaitez, nous pouvons \u00e9galement vous proposer une adresse de renvoi en Autriche. Le d\u00e9lai est respect\u00e9 si vous renvoyez les marchandises avant l'expiration du d\u00e9lai de quatorze jours.<\/p>\n<p>Les frais directs de renvoi des marchandises sont \u00e0 votre charge. Vous ne devez prendre en charge une \u00e9ventuelle perte de valeur des marchandises que si cette perte de valeur est due \u00e0 une manipulation non n\u00e9cessaire pour v\u00e9rifier la nature, les caract\u00e9ristiques et le fonctionnement des marchandises.<\/p>\n<h2><strong>- Exclusion ou extinction pr\u00e9matur\u00e9e du droit de r\u00e9tractation<\/strong><\/h2>\n<p>Le droit de r\u00e9tractation ne s'applique pas aux contrats de fourniture de biens susceptibles de se d\u00e9t\u00e9riorer rapidement ou dont la date de p\u00e9remption serait rapidement d\u00e9pass\u00e9e.<\/p>\n<p>Le droit de r\u00e9tractation expire pr\u00e9matur\u00e9ment pour les contrats de fourniture de biens scell\u00e9s qui ne peuvent \u00eatre renvoy\u00e9s pour des raisons de protection de la sant\u00e9 ou d'hygi\u00e8ne, si leur sceau a \u00e9t\u00e9 retir\u00e9 apr\u00e8s la livraison.<\/p>\n\t\t<\/div>\n\t<\/div>\n\t\n\t\n\t<div id=\"gap-637363375\" class=\"gap-element clearfix\" style=\"display:block; height:auto;\">\n\t\t\n<style>\n#gap-637363375 {\n  padding-top: 30px;\n}\n<\/style>\n\t<\/div>\n\t\n<div class=\"row\"  id=\"row-909271102\">\n\n\t<div id=\"col-1598379549\" class=\"col small-12 large-12\"  >\n\t\t\t\t<div class=\"col-inner\"  >\n\t\t\t\n\t\t\t\n<h1>B) Mod\u00e8le de formulaire de r\u00e9tractation<\/h1>\n<p>Si vous souhaitez annuler le contrat, veuillez remplir ce formulaire et le renvoyer.<\/p>\n<p>\u00c0 l'adresse<\/p>\n<p>FitNFemale \/ Fitnessmagnet GmbH<br \/>Zeughausgasse 15 CH-6300 Zug (Suisse)<br \/>Courrier \u00e9lectronique : info@fitnfemale.com<\/p>\n<p>Par la pr\u00e9sente, je\/nous (*) r\u00e9voque(ons) le contrat que j'ai\/nous avons (*) conclu pour l'achat des marchandises suivantes (*)\/la fourniture du service suivant (*)<\/p>\n<p>\u00a0<\/p>\n<p>Command\u00e9 le (*)\u00a0<\/p>\n<p>re\u00e7u le (*)<\/p>\n<p>\u00a0<\/p>\n<p>Nom du\/des consommateur(s) : <\/p>\n<p>Adresse du\/des consommateur(s) : <\/p>\n<p>Signature du\/des consommateur(s) (uniquement en cas de communication sur papier)<\/p>\n<p>Date<\/p>\n<p>(*) Biffer la mention inutile<\/p>\n\t\t<\/div>\n\t\t\t\t\t<\/div>\n\n\t\n\n<style>\n#row-909271102 > .col > .col-inner {\n  padding: 10px 10px 10px 10px;\n  background-color: rgb(239, 239, 239);\n  border-radius: 6px;\n}\n<\/style>\n<\/div>\n<h1 id=\"rueckgaberecht\">C) Droit de retour de 30 jours<\/h1>\n<p>Ind\u00e9pendamment de votre droit de r\u00e9tractation l\u00e9gal, nous vous accordons volontairement, en tant que consommateur, la promesse de reprise suivante :<\/p>\n<p>Tous les articles de notre boutique peuvent nous \u00eatre retourn\u00e9s dans un d\u00e9lai de 30 jours \u00e0 compter de la r\u00e9ception de la marchandise, \u00e0 condition que celle-ci soit compl\u00e8te et dans un \u00e9tat non utilis\u00e9 et non endommag\u00e9. Si la marchandise a \u00e9t\u00e9 livr\u00e9e dans un emballage de vente, elle doit encore se trouver dans son emballage d'origine. Pour que le d\u00e9lai soit respect\u00e9, il suffit que la marchandise soit envoy\u00e9e \u00e0 temps.<\/p>\n<p>La marchandise doit \u00eatre renvoy\u00e9e \u00e0 :<\/p>\n<p><strong>FitnFemale<br \/><\/strong><strong>CH-9489 Schaan LOG<\/strong><\/p>\n<p><em><small>* Il n'est pas n\u00e9cessaire d'indiquer la rue. Le colis atterrit ainsi directement dans notre entrep\u00f4t.<\/small><\/em><\/p>\n<p>Si vous le souhaitez, nous pouvons \u00e9galement vous envoyer une adresse de retour en Autriche. En cas de recours \u00e0 cette promesse de reprise, nous vous remboursons le prix d'achat que vous avez d\u00e9j\u00e0 pay\u00e9, ainsi que les frais d'envoi. Nous ne prenons pas en charge les frais de retour.<\/p>\n<p>Cette promesse de reprise ne limite pas vos droits l\u00e9gaux et donc pas votre droit de r\u00e9tractation.<\/p>\n<div class=\"row\"  id=\"row-476548246\">\n\n\t<div id=\"col-230247044\" class=\"col small-12 large-12\"  >\n\t\t\t\t<div class=\"col-inner\"  >\n\t\t\t\n\t\t\t\n<p><strong>Remarques g\u00e9n\u00e9rales<\/strong><br \/>Veuillez noter que le respect des conditions suivantes n'est pas une condition pr\u00e9alable \u00e0 l'exercice effectif du droit de r\u00e9tractation.<br \/>- Veuillez \u00e9viter d'endommager ou de salir la marchandise.<br \/>- Veuillez nous retourner la marchandise dans son emballage d'origine, sans l'avoir ouverte, avec tous les accessoires et si possible en port d\u00fb.<\/p>\n\t\t<\/div>\n\t\t\t\t\t<\/div>\n\n\t\n\n<style>\n#row-476548246 > .col > .col-inner {\n  padding: 10px 10px 10px 10px;\n  background-color: rgb(239, 239, 239);\n  border-radius: 6px;\n}\n<\/style>\n<\/div>\n\t\t<\/div>\n\t\t\t\t\t<\/div>\n\n\t\n<\/div>\n\t\t<\/div>\n\n\t\t\n<style>\n#section_1850338796 {\n  padding-top: 47px;\n  padding-bottom: 47px;\n  background-color: rgb(255,255,255);\n}\n<\/style>\n\t<\/section>","protected":false},"excerpt":{"rendered":"","protected":false},"author":1,"featured_media":0,"parent":0,"menu_order":0,"comment_status":"closed","ping_status":"closed","template":"page-blank.php","meta":{"slim_seo":{"title":"Politique d&#039;annulation - FitNFemale\u00ae","description":"Politique d&#039;annulation et formulaire d&#039;annulation Les consommateurs disposent d&#039;un droit de r\u00e9tractation conform\u00e9ment aux dispositions suivantes, un consommateur \u00e9tant toute personne physique qui"},"footnotes":""},"class_list":["post-726189","page","type-page","status-publish","hentry"],"_links":{"self":[{"href":"https:\/\/fitnfemale.com\/fr\/wp-json\/wp\/v2\/pages\/726189","targetHints":{"allow":["GET"]}}],"collection":[{"href":"https:\/\/fitnfemale.com\/fr\/wp-json\/wp\/v2\/pages"}],"about":[{"href":"https:\/\/fitnfemale.com\/fr\/wp-json\/wp\/v2\/types\/page"}],"author":[{"embeddable":true,"href":"https:\/\/fitnfemale.com\/fr\/wp-json\/wp\/v2\/users\/1"}],"replies":[{"embeddable":true,"href":"https:\/\/fitnfemale.com\/fr\/wp-json\/wp\/v2\/comments?post=726189"}],"version-history":[{"count":0,"href":"https:\/\/fitnfemale.com\/fr\/wp-json\/wp\/v2\/pages\/726189\/revisions"}],"wp:attachment":[{"href":"https:\/\/fitnfemale.com\/fr\/wp-json\/wp\/v2\/media?parent=726189"}],"curies":[{"name":"wp","href":"https:\/\/api.w.org\/{rel}","templated":true}]}}