{"id":627953,"date":"2021-11-23T15:57:22","date_gmt":"2021-11-23T14:57:22","guid":{"rendered":"https:\/\/fitnfemale.com\/?page_id=627953"},"modified":"2021-11-23T16:35:02","modified_gmt":"2021-11-23T15:35:02","slug":"promo-sets","status":"publish","type":"page","link":"https:\/\/fitnfemale.com\/fr\/promo-sets\/","title":{"rendered":"Ensembles promotionnels"},"content":{"rendered":"<section class=\"section\" id=\"section_1198806076\">\n\t\t<div class=\"section-bg fill\" >\n\t\t\t\t\t\t\t\t\t<div class=\"effect-sliding-glass bg-effect fill no-click\"><\/div>\n\t\t\t\n\n\t\t<\/div>\n\n\t\t\n\n\t\t<div class=\"section-content relative\">\n\t\t\t\n<div class=\"row row-small\"  id=\"row-491816027\">\n\n\t<div id=\"col-1868565382\" class=\"col small-12 large-12\"  >\n\t\t\t\t<div class=\"col-inner\" style=\"background-color:rgb(0, 0, 0);\" >\n\t\t\t\n\t\t\t\n\t<div id=\"text-869589789\" class=\"text\">\n\t\t\n<h2 class=\"uppercase\"><span style=\"color:#fff\">Ensembles limit\u00e9s du Black Friday<\/span> \u2605<\/h2>\n<h3 class=\"thin-font\">Avantages maximums \u2013 pour une dur\u00e9e limit\u00e9e seulement !<\/h3>\n\t\t\n<style>\n#text-869589789 {\n  text-align: center;\n}\n<\/style>\n\t<\/div>\n\t\n\t\t<\/div>\n\t\t\t\t\n<style>\n#col-1868565382 > .col-inner {\n  padding: 20px 0px 0px 0px;\n}\n<\/style>\n\t<\/div>\n\n\t\n\n\t<div id=\"col-533689847\" class=\"col small-12 large-12\"  >\n\t\t\t\t<div class=\"col-inner\"  >\n\t\t\t\n\t\t\t\n\t\n  \n    <div class=\"row  equalize-box large-columns-4 medium-columns-3 small-columns-2 row-small\" >\n  \n\t     <div class=\"col\" >\n\t\t\t\t\t\t<div class=\"col-inner\">\n\t\t\t\t\t\t\n<div class=\"badge-container absolute left top z-1\">\n<div class=\"callout badge badge-circle\"><div class=\"badge-inner secondary on-sale\"><span class=\"onsale\">%<\/span><\/div><\/div>\n<\/div>\n\t\t\t\t\t\t<div class=\"product-small box has-hover box-push box-text-bottom\">\n\t\t\t\t\t\t\t<div class=\"box-image\" >\n\t\t\t\t\t\t\t\t<div class=\"\" >\n\t\t\t\t\t\t\t\t\t<a href=\"https:\/\/fitnfemale.com\/fr\/produit\/beauty-set-special-7\/\" aria-label=\"Glow Trio\">\n\t\t\t\t\t\t\t\t\t\t<img decoding=\"async\" width=\"247\" height=\"296\" src=\"https:\/\/fitnfemale.com\/wp-content\/uploads\/collagen-trio-2-247x296.jpg\" class=\"show-on-hover absolute fill hide-for-small back-image\" alt=\"trio de collage\" aria-hidden=\"true\" \/><img decoding=\"async\" width=\"247\" height=\"296\" src=\"https:\/\/fitnfemale.com\/wp-content\/uploads\/collagen-trio-shop-247x296.jpg\" class=\"attachment-woocommerce_thumbnail size-woocommerce_thumbnail\" alt=\"Boutique trio collag\u00e8ne\" \/>\t\t\t\t\t\t\t\t\t<\/a>\n\t\t\t\t\t\t\t\t\t\t\t\t\t\t\t\t\t\t \t\t\t\t\t\t\t\t<\/div>\n\t\t\t\t\t\t\t\t<div class=\"image-tools top right show-on-hover\">\n\t\t\t\t\t\t\t\t\t\t\t\t\t\t\t\t\t<\/div>\n\t\t\t\t\t\t\t\t\t\t\t\t\t\t\t\t\t<div class=\"image-tools grid-tools text-center hide-for-small bottom hover-slide-in show-on-hover\">\n\t\t\t\t\t\t\t\t\t\t\t\t\t\t\t\t\t\t\t<\/div>\n\t\t\t\t\t\t\t\t\t\t\t\t\t\t\t\t<div class=\"out-of-stock-label\" data-no-translation=\"\" data-trp-gettext=\"\">Rupture de stock<\/div>\t\t\t\t\t\t\t<\/div>\n\n\t\t\t\t\t\t\t<div class=\"box-text text-center\" >\n\t\t\t\t\t\t\t\t<div class=\"title-wrapper\"><p class=\"name product-title woocommerce-loop-product__title\"><a href=\"https:\/\/fitnfemale.com\/fr\/produit\/beauty-set-special-7\/\" class=\"woocommerce-LoopProduct-link woocommerce-loop-product__link\">Glow Trio<\/a><\/p><\/div><div class=\"price-wrapper\">\n\t<span class=\"price\"><del><span class=\"woocommerce-Price-amount amount\"><bdi><span class=\"woocommerce-Price-currencySymbol\">\u20ac<\/span>\u00a087.70<\/bdi><\/span> <small class=\"woocommerce-price-suffix\">TVA incluse<\/small><\/del>&nbsp;<ins><span class=\"woocommerce-Price-amount amount\"><bdi><span class=\"woocommerce-Price-currencySymbol\">\u20ac<\/span>\u00a074.55<\/bdi><\/span><\/ins> <small class=\"woocommerce-price-suffix\">TVA incluse<\/small><\/span>\n<\/div>\t\t\t\t\t\t\t<\/div>\n\t\t\t\t\t\t<\/div>\n\t\t\t\t\t\t<\/div>\n\t\t\t\t\t<\/div><\/div>\n\t\t<\/div>\n\t\t\t\t\t<\/div>\n\n\t\n<\/div>\n\t\t<\/div>\n\n\t\t\n<style>\n#section_1198806076 {\n  padding-top: 30px;\n  padding-bottom: 30px;\n  background-color: rgb(0,0,0);\n}\n<\/style>\n\t<\/section>\n\t\n\t\n  \n    <div class=\"row  equalize-box large-columns-4 medium-columns-3 small-columns-2 row-small\" >\n  \n\t     <div class=\"col\" >\n\t\t\t\t\t\t<div class=\"col-inner\">\n\t\t\t\t\t\t\n<div class=\"badge-container absolute left top z-1\">\n<div class=\"callout badge badge-circle\"><div class=\"badge-inner secondary on-sale\"><span class=\"onsale\">%<\/span><\/div><\/div>\n<\/div>\n\t\t\t\t\t\t<div class=\"product-small box has-hover box-normal box-text-bottom\">\n\t\t\t\t\t\t\t<div class=\"box-image\" >\n\t\t\t\t\t\t\t\t<div class=\"\" >\n\t\t\t\t\t\t\t\t\t<a href=\"https:\/\/fitnfemale.com\/fr\/produit\/premium-fatburn-kombi\/\" aria-label=\"Shape and Burn Set\">\n\t\t\t\t\t\t\t\t\t\t<img decoding=\"async\" width=\"247\" height=\"296\" src=\"https:\/\/fitnfemale.com\/wp-content\/uploads\/shapeandburnset-closeup8-247x296.webp\" class=\"show-on-hover absolute fill hide-for-small back-image\" alt=\"Gros plan Shapeandburnset8\" aria-hidden=\"true\" \/><img decoding=\"async\" width=\"247\" height=\"296\" src=\"https:\/\/fitnfemale.com\/wp-content\/uploads\/shapeandburn-bundle-1-247x296.webp\" class=\"attachment-woocommerce_thumbnail size-woocommerce_thumbnail\" alt=\"Pack Shapeandburn (1)\" \/>\t\t\t\t\t\t\t\t\t<\/a>\n\t\t\t\t\t\t\t\t\t\t\t\t\t\t\t\t\t\t \t\t\t\t\t\t\t\t<\/div>\n\t\t\t\t\t\t\t\t<div class=\"image-tools top right show-on-hover\">\n\t\t\t\t\t\t\t\t\t\t\t\t\t\t\t\t\t<\/div>\n\t\t\t\t\t\t\t\t\t\t\t\t\t\t\t\t\t<div class=\"image-tools grid-tools text-center hide-for-small bottom hover-slide-in show-on-hover\">\n\t\t\t\t\t\t\t\t\t\t\t\t\t\t\t\t\t\t\t<\/div>\n\t\t\t\t\t\t\t\t\t\t\t\t\t\t\t\t<div class=\"out-of-stock-label\" data-no-translation=\"\" data-trp-gettext=\"\">Rupture de stock<\/div>\t\t\t\t\t\t\t<\/div>\n\n\t\t\t\t\t\t\t<div class=\"box-text text-center\" >\n\t\t\t\t\t\t\t\t<div class=\"title-wrapper\"><p class=\"name product-title woocommerce-loop-product__title\"><a href=\"https:\/\/fitnfemale.com\/fr\/produit\/premium-fatburn-kombi\/\" class=\"woocommerce-LoopProduct-link woocommerce-loop-product__link\">Shape and Burn Set<\/a><\/p><\/div><div class=\"price-wrapper\">\n\t<span class=\"price\"><del><span class=\"woocommerce-Price-amount amount\"><bdi><span class=\"woocommerce-Price-currencySymbol\">\u20ac<\/span>\u00a0114.50<\/bdi><\/span> <small class=\"woocommerce-price-suffix\">TVA incluse<\/small><\/del>&nbsp;<ins><span class=\"woocommerce-Price-amount amount\"><bdi><span class=\"woocommerce-Price-currencySymbol\">\u20ac<\/span>\u00a097.33<\/bdi><\/span><\/ins> <small class=\"woocommerce-price-suffix\">TVA incluse<\/small><\/span>\n<\/div>\t\t\t\t\t\t\t<\/div>\n\t\t\t\t\t\t<\/div>\n\t\t\t\t\t\t<\/div>\n\t\t\t\t\t<\/div><div class=\"col\" >\n\t\t\t\t\t\t<div class=\"col-inner\">\n\t\t\t\t\t\t\n<div class=\"badge-container absolute left top z-1\">\n<div class=\"callout badge badge-circle\"><div class=\"badge-inner secondary on-sale\"><span class=\"onsale\">%<\/span><\/div><\/div>\n<\/div>\n\t\t\t\t\t\t<div class=\"product-small box has-hover box-normal box-text-bottom\">\n\t\t\t\t\t\t\t<div class=\"box-image\" >\n\t\t\t\t\t\t\t\t<div class=\"\" >\n\t\t\t\t\t\t\t\t\t<a href=\"https:\/\/fitnfemale.com\/fr\/produit\/fit-strong-kombi\/\" aria-label=\"Entra\u00eenement Fit &amp; Strong\">\n\t\t\t\t\t\t\t\t\t\t<img decoding=\"async\" width=\"247\" height=\"296\" src=\"https:\/\/fitnfemale.com\/wp-content\/uploads\/fit-strong-bundle-3-247x296.webp\" class=\"show-on-hover absolute fill hide-for-small back-image\" alt=\"Ensemble solide et adapt\u00e9\" aria-hidden=\"true\" \/><img decoding=\"async\" width=\"247\" height=\"296\" src=\"https:\/\/fitnfemale.com\/wp-content\/uploads\/fitstrongbundle1-1-247x296.webp\" class=\"attachment-woocommerce_thumbnail size-woocommerce_thumbnail\" alt=\"Fitstrongbundle1 (1)\" \/>\t\t\t\t\t\t\t\t\t<\/a>\n\t\t\t\t\t\t\t\t\t\t\t\t\t\t\t\t\t\t \t\t\t\t\t\t\t\t<\/div>\n\t\t\t\t\t\t\t\t<div class=\"image-tools top right show-on-hover\">\n\t\t\t\t\t\t\t\t\t\t\t\t\t\t\t\t\t<\/div>\n\t\t\t\t\t\t\t\t\t\t\t\t\t\t\t\t\t<div class=\"image-tools grid-tools text-center hide-for-small bottom hover-slide-in show-on-hover\">\n\t\t\t\t\t\t\t\t\t\t\t\t\t\t\t\t\t\t\t<\/div>\n\t\t\t\t\t\t\t\t\t\t\t\t\t\t\t\t\t\t\t\t\t\t\t<\/div>\n\n\t\t\t\t\t\t\t<div class=\"box-text text-center\" >\n\t\t\t\t\t\t\t\t<div class=\"title-wrapper\"><p class=\"name product-title woocommerce-loop-product__title\"><a href=\"https:\/\/fitnfemale.com\/fr\/produit\/fit-strong-kombi\/\" class=\"woocommerce-LoopProduct-link woocommerce-loop-product__link\">Fit &amp; Strong Workout<\/a><\/p><\/div><div class=\"price-wrapper\">\n\t<span class=\"price\"><del><span class=\"woocommerce-Price-amount amount\"><bdi><span class=\"woocommerce-Price-currencySymbol\">\u20ac<\/span>\u00a085.60<\/bdi><\/span> <small class=\"woocommerce-price-suffix\">TVA incluse<\/small><\/del>&nbsp;<ins><span class=\"woocommerce-Price-amount amount\"><bdi><span class=\"woocommerce-Price-currencySymbol\">\u20ac<\/span>\u00a072.76<\/bdi><\/span><\/ins> <small class=\"woocommerce-price-suffix\">TVA incluse<\/small><\/span>\n<\/div>\t\t\t\t\t\t\t<\/div>\n\t\t\t\t\t\t<\/div>\n\t\t\t\t\t\t<\/div>\n\t\t\t\t\t<\/div><\/div>\n\n\t<section class=\"section show-for-small\" id=\"section_1475492962\">\n\t\t<div class=\"section-bg fill\" >\n\t\t\t\t\t\t\t<div class=\"video-overlay no-click fill visible\"><\/div>\n\t<video class=\"video-bg fill visible\" preload playsinline autoplay muted loop>\n\t\t<source src=\"\/\/dl.dropboxusercontent.com\/s\/bts75m7dirftxb0\/Black-Friday-Square.mp4?raw=1\" type=\"video\/mp4\">\t<\/video>\n\t\t\t<div class=\"effect-sliding-glass bg-effect fill no-click\"><\/div>\n\t\t\t\n\n\t\t<\/div>\n\n\t\t\n\n\t\t<div class=\"section-content relative\">\n\t\t\t\n<div class=\"row row-full-width align-center\"  id=\"row-1638760131\">\n\n\t<div id=\"col-1997713786\" class=\"col medium-5 small-12 large-5\"  >\n\t\t\t\t<div class=\"col-inner\"  >\n\t\t\t\n\t\t\t\n\t\t<\/div>\n\t\t\t\t\t<\/div>\n\n\t\n<\/div>\n\t\t<\/div>\n\n\t\t\n<style>\n#section_1475492962 {\n  padding-top: 185px;\n  padding-bottom: 185px;\n}\n@media (min-width:550px) {\n  #section_1475492962 {\n    padding-top: 223px;\n    padding-bottom: 223px;\n  }\n}\n<\/style>\n\t<\/section>","protected":false},"excerpt":{"rendered":"","protected":false},"author":1,"featured_media":0,"parent":0,"menu_order":0,"comment_status":"closed","ping_status":"closed","template":"page-blank.php","meta":{"slim_seo":{"facebook_image":"https:\/\/fitnfemale.com\/wp-content\/uploads\/linkbl.jpg","title":"R\u00e9initialisez votre corps - FitNFemale\u00ae","description":"Pr\u00eat(e) pour une remise \u00e0 z\u00e9ro ? Le programme \u00ab\u00a0Reset your Body\u00a0\u00bb comprend 6 produits de haute qualit\u00e9, un plan de dosage, une liste de courses et des informations importantes sur\u2026"},"footnotes":""},"class_list":["post-627953","page","type-page","status-publish","hentry"],"_links":{"self":[{"href":"https:\/\/fitnfemale.com\/fr\/wp-json\/wp\/v2\/pages\/627953","targetHints":{"allow":["GET"]}}],"collection":[{"href":"https:\/\/fitnfemale.com\/fr\/wp-json\/wp\/v2\/pages"}],"about":[{"href":"https:\/\/fitnfemale.com\/fr\/wp-json\/wp\/v2\/types\/page"}],"author":[{"embeddable":true,"href":"https:\/\/fitnfemale.com\/fr\/wp-json\/wp\/v2\/users\/1"}],"replies":[{"embeddable":true,"href":"https:\/\/fitnfemale.com\/fr\/wp-json\/wp\/v2\/comments?post=627953"}],"version-history":[{"count":0,"href":"https:\/\/fitnfemale.com\/fr\/wp-json\/wp\/v2\/pages\/627953\/revisions"}],"wp:attachment":[{"href":"https:\/\/fitnfemale.com\/fr\/wp-json\/wp\/v2\/media?parent=627953"}],"curies":[{"name":"wp","href":"https:\/\/api.w.org\/{rel}","templated":true}]}}